{"id":553,"date":"2019-07-15T17:42:53","date_gmt":"2019-07-15T10:42:53","guid":{"rendered":"https:\/\/cuanhom.khowebseotop.vn\/?post_type=product&#038;p=553"},"modified":"2019-07-15T17:59:36","modified_gmt":"2019-07-15T10:59:36","slug":"cua-kinh-cuong-luc-phu-kien-cao-cap","status":"publish","type":"product","link":"https:\/\/webmaibinh.com\/w\/cuanhom2011\/san-pham\/cua-kinh-cuong-luc-phu-kien-cao-cap\/","title":{"rendered":"C\u1eeda k\u00ednh c\u01b0\u1eddng l\u1ef1c + ph\u1ee5 ki\u1ec7n cao c\u1ea5p"},"content":{"rendered":"<p>Xin g\u1eedi \u0111\u1ebfn qu\u00fd kh\u00e1ch l\u1eddi ch\u00e0o tr\u00e2n tr\u1ecdng :<\/p>\n<table border=\"1\">\n<tbody>\n<tr>\n<td width=\"47\">STT<\/td>\n<td width=\"600\"><strong>M\u00f4 T\u1ea3 S\u1ea3n Ph\u1ea9m \u2013 K\u00ednh C\u01b0\u1eddng L\u1ef1c + Ph\u1ee5 Ki\u1ec7n<\/strong><\/td>\n<td width=\"113\">\u0110VT<\/td>\n<td width=\"143\">\u0110\u01a1n Gi\u00e1 \u2013 Vn\u0111<\/td>\n<\/tr>\n<tr>\n<td width=\"47\">1<\/td>\n<td width=\"600\">K\u00ednh C\u01b0\u1eddng L\u1ef1c 8mm \u2013 Ph\u00f4i k\u00ednh s\u1eed d\u1ee5ng Vi\u1ec7t Nh\u1eadt VFG<\/td>\n<td width=\"113\">m2<\/td>\n<td width=\"143\">\u00a0 \u00a0 \u00a0 \u00a0 \u00a0 \u00a0 \u00a0 \u00a0580,000<\/td>\n<\/tr>\n<tr>\n<td width=\"47\">2<\/td>\n<td width=\"600\">K\u00ednh C\u01b0\u1eddng L\u1ef1c 10mm \u2013 Ph\u00f4i k\u00ednh s\u1eed d\u1ee5ng Vi\u1ec7t Nh\u1eadt VFG<\/td>\n<td width=\"113\">m2<\/td>\n<td width=\"143\">\u00a0 \u00a0 \u00a0 \u00a0 \u00a0 \u00a0 \u00a0 \u00a0650,000<\/td>\n<\/tr>\n<tr>\n<td width=\"47\">3<\/td>\n<td width=\"600\">K\u00ednh C\u01b0\u1eddng L\u1ef1c 12mm \u2013 Ph\u00f4i k\u00ednh s\u1eed d\u1ee5ng Vi\u1ec7t Nh\u1eadt VFG<\/td>\n<td width=\"113\">m2<\/td>\n<td width=\"143\">\u00a0 \u00a0 \u00a0 \u00a0 \u00a0 \u00a0 \u00a0 \u00a0750,000<\/td>\n<\/tr>\n<tr>\n<td colspan=\"4\" width=\"902\"><strong>B\u1ed9 Ph\u1ee5 Ki\u1ec7n C\u1eeda K\u00ednh C\u01b0\u1eddng L\u1ef1c<\/strong><\/td>\n<\/tr>\n<tr>\n<td width=\"47\">4<\/td>\n<td width=\"600\">B\u1ed9 Ph\u1ee5 Ki\u1ec7n Cho C\u1eeda 2 C\u00e1nh M\u1edf Quay 180 \u0111\u1ed9.Ph\u1ee5 Ki\u1ec7n VVP Bao G\u1ed3m : B\u1ea3n L\u1ec1 S\u00e0n<br \/>\nK\u1eb9p C\u00e1nh , K\u1eb9p Kh\u00f3a , K\u1eb9p Vu\u00f4ng , Tay N\u1eafm Inox 600mm<\/td>\n<td width=\"113\">b\u1ed9<\/td>\n<td width=\"143\">\u00a0 \u00a0 \u00a0 \u00a0 \u00a0 \u00a0 4,300,000<\/td>\n<\/tr>\n<tr>\n<td width=\"47\">5<\/td>\n<td width=\"600\">B\u1ed9 Ph\u1ee5 Ki\u1ec7n Cho C\u1eeda 1 C\u00e1nh M\u1edf Quay 180 \u0111\u1ed9.Ph\u1ee5 Ki\u1ec7n VVP Bao G\u1ed3m : B\u1ea3n L\u1ec1 S\u00e0n<br \/>\nK\u1eb9p C\u00e1nh , K\u1eb9p Kh\u00f3a , K\u1eb9p Vu\u00f4ng , Tay N\u1eafm Inox 600mm<\/td>\n<td width=\"113\">b\u1ed9<\/td>\n<td width=\"143\">\u00a0 \u00a0 \u00a0 \u00a0 \u00a0 \u00a0 2,900,000<\/td>\n<\/tr>\n<tr>\n<td width=\"47\">6<\/td>\n<td width=\"600\">B\u1ed9 Ph\u1ee5 Ki\u1ec7n Cho C\u1eeda 1 C\u00e1nh M\u1edf L\u00f9a\u00a0 Bao G\u1ed3m :\u00a0 K\u1eb9p Kh\u00f3a \u2013 Kh\u00f3a M\u00f3c \u00c2m T\u01b0\u1eddng , K\u1eb9p Treo . Ray Treo , Tay N\u1eafm Inox 250mm<\/td>\n<td width=\"113\">b\u1ed9<\/td>\n<td width=\"143\">\u00a0 \u00a0 \u00a0 \u00a0 \u00a0 \u00a0 1,900,000<\/td>\n<\/tr>\n<tr>\n<td width=\"47\">7<\/td>\n<td width=\"600\">B\u1ed9 Ph\u1ee5 Ki\u1ec7n Cho C\u1eeda 2 C\u00e1nh M\u1edf L\u00f9a\u00a0 Bao G\u1ed3m :\u00a0 K\u1eb9p Kh\u00f3a \u2013 Kh\u00f3a \u00a0Li\u1ec1n Tay , K\u1eb9p Treo . Ray Treo , Tay N\u1eafm Inox 250mm<\/td>\n<td width=\"113\">b\u1ed9<\/td>\n<td width=\"143\">\u00a0\u00a0\u00a0\u00a0\u00a0\u00a0\u00a0\u00a0\u00a0\u00a0\u00a0 3,200,000<\/td>\n<\/tr>\n<tr>\n<td colspan=\"4\" width=\"902\"><strong>B\u1ed9 Ph\u1ee5 Ki\u1ec7n Cabin Ph\u00f2ng T\u1eafm K\u00ednh<\/strong><\/p>\n<p>&nbsp;<\/td>\n<\/tr>\n<tr>\n<td width=\"47\">8<\/td>\n<td width=\"600\">B\u1ed9 Ph\u1ee5 Ki\u1ec7n Cabin Ph\u00f2ng T\u1eafm K\u00ednh 1 C\u00e1nh M\u1edf Quay 90 \u0111\u1ed9<\/td>\n<td width=\"113\">b\u1ed9<\/td>\n<td width=\"143\">\u00a0 \u00a0 \u00a0 \u00a0 \u00a0 \u00a0 1,900,000<\/td>\n<\/tr>\n<tr>\n<td width=\"47\">9<\/td>\n<td width=\"600\">B\u1ed9 Ph\u1ee5 Ki\u1ec7n Cabin Ph\u00f2ng T\u1eafm K\u00ednh 1 C\u00e1nh M\u1edf Quay 135 \u0111\u1ed9<\/td>\n<td width=\"113\">b\u1ed9<\/td>\n<td width=\"143\">\u00a0 \u00a0 \u00a0 \u00a0 \u00a0 \u00a0 1,900,000<\/td>\n<\/tr>\n<tr>\n<td width=\"47\">10<\/td>\n<td width=\"600\">B\u1ed9 Ph\u1ee5 Ki\u1ec7n Cabin Ph\u00f2ng T\u1eafm K\u00ednh 1 C\u00e1nh M\u1edf L\u00f9a (B\u1ed9 ray k\u00ednh)<\/td>\n<td width=\"113\">b\u1ed9<\/td>\n<td width=\"143\">\u00a0 \u00a0 \u00a0 \u00a0 \u00a0 \u00a0 1,900,000<\/td>\n<\/tr>\n<\/tbody>\n<\/table>\n<p>* B\u00e1o gi\u00e1 n\u00e0y d\u00f9ng l\u00e0m b\u00e1o gi\u00e1 c\u01a1 b\u1ea3n, Gi\u00e1 th\u00e0nh ch\u00ednh th\u1ee9c s\u1ebd \u0111\u01b0\u1ee3c t\u00ednh chi ti\u1ebft theo t\u1eebng thi\u1ebft k\u1ebf th\u1ef1c c\u1ee7a qu\u00fd kh\u00e1ch.<\/p>\n<p>*B\u00e1o gi\u00e1 n\u00e0y c\u00f3 gi\u00e1 tr\u1ecb k\u1ec3 t\u1eeb ng\u00e0y 30 th\u00e1ng 05 n\u0103m 2018 cho \u0111\u1ebfn khi c\u00f3 b\u00e1o gi\u00e1 m\u1edbi.<\/p>\n<p><em>Ghi Ch\u00fa:<del><\/del><\/em><\/p>\n<p>* B\u00e1o gi\u00e1 tr\u00ean ch\u01b0a bao g\u1ed3m thu\u1ebf GTGT 10%.<\/p>\n<p>* B\u00e1o gi\u00e1 tr\u00ean \u0111\u00e3 bao g\u1ed3m ph\u00ed v\u1eadn chuy\u1ec3n v\u00e0 l\u1eafp \u0111\u1eb7t trong ph\u1ea1m vi h\u00e0 n\u1ed9i (Kh\u1ed1i l\u01b0\u1ee3ng &gt;10m2)<\/p>\n<p>* Ph\u1ee5 ki\u1ec7n kim kh\u00ed \u0111\u01b0\u1ee3c b\u1ea3o h\u00e0nh 01 n\u0103m.<\/p>\n","protected":false},"excerpt":{"rendered":"<p>Th\u1eadt tuy\u1ec7t v\u1eddi khi b\u1ea1n s\u1edf h\u1eefu m\u1ed9t t\u00f2a nh\u00e0, hay m\u1ed9t c\u00f4ng tr\u00ecnh x\u00e2y d\u1ef1ng l\u1edbn, v\u00e0 \u0111\u1ec3 l\u00e0m t\u0103ng t\u00ednh th\u1ea9m m\u1ef9 c\u1ee7a c\u00f4ng tr\u00ecnh ng\u01b0\u1eddi ta ngh\u0129 \u0111\u1ebfn ngay h\u1ec7 d\u1ef1ng k\u00ednh, H\u1ec7 d\u1ef1ng k\u00ednh c\u00f3 nhi\u1ec1u lo\u1ea1i tuy nhi\u00ean ch\u00fang t\u00f4i s\u1ebd gi\u1edbi thi\u1ec7u \u0111\u1ebfn qu\u00fd kh\u00e1ch trong m\u1ed9t b\u00e0i vi\u1ebft kh\u00e1c.<\/p>\n","protected":false},"featured_media":554,"comment_status":"open","ping_status":"closed","template":"","meta":[],"_links":{"self":[{"href":"https:\/\/webmaibinh.com\/w\/cuanhom2011\/wp-json\/wp\/v2\/product\/553"}],"collection":[{"href":"https:\/\/webmaibinh.com\/w\/cuanhom2011\/wp-json\/wp\/v2\/product"}],"about":[{"href":"https:\/\/webmaibinh.com\/w\/cuanhom2011\/wp-json\/wp\/v2\/types\/product"}],"replies":[{"embeddable":true,"href":"https:\/\/webmaibinh.com\/w\/cuanhom2011\/wp-json\/wp\/v2\/comments?post=553"}],"wp:featuredmedia":[{"embeddable":true,"href":"https:\/\/webmaibinh.com\/w\/cuanhom2011\/wp-json\/wp\/v2\/media\/554"}],"wp:attachment":[{"href":"https:\/\/webmaibinh.com\/w\/cuanhom2011\/wp-json\/wp\/v2\/media?parent=553"}],"curies":[{"name":"wp","href":"https:\/\/api.w.org\/{rel}","templated":true}]}}