{"id":550,"date":"2019-07-15T17:41:40","date_gmt":"2019-07-15T10:41:40","guid":{"rendered":"https:\/\/cuanhom.khowebseotop.vn\/?post_type=product&#038;p=550"},"modified":"2019-07-15T17:59:52","modified_gmt":"2019-07-15T10:59:52","slug":"cua-nhom-cao-cap-mau-ca-phe-van-go","status":"publish","type":"product","link":"https:\/\/webmaibinh.com\/w\/cuanhom2011\/san-pham\/cua-nhom-cao-cap-mau-ca-phe-van-go\/","title":{"rendered":"C\u1eeda nh\u00f4m cao c\u1ea5p m\u00e0u c\u00e0 ph\u00ea + v\u00e2n g\u1ed7"},"content":{"rendered":"<h1><strong>1. C\u1eeda nh\u00f4m k\u00ednh<\/strong><\/h1>\n<p>S\u1ea3n ph\u1ea9m t\u1eeb nh\u00f4m k\u00ednh r\u1ea5t \u0111a d\u1ea1ng, nh\u01b0ng s\u1ea3n ph\u1ea9m th\u00f4ng d\u1ee5ng v\u00e0 nhi\u1ec1u c\u00f4ng tr\u00ecnh s\u1eed d\u1ee5ng, \u0111\u01b0\u01a1ng ti\u00ean ph\u1ea3i k\u1ec3 \u0111\u1ebfn l\u00e0 c\u1eeda nh\u00f4m k\u00ednh. H\u1ea7u h\u1ebft c\u00e1c t\u00f2a nh\u00e0 chung c\u01b0 hi\u1ec7n nay \u0111\u1ec1u s\u1eed d\u1ee5ng c\u1eeda nh\u00f4m k\u00ednh, c\u00f3 th\u1ec3 n\u00f3i \u0111\u00e2y l\u00e0 m\u1ed9t s\u1ea3n ph\u1ea9m c\u00f3 th\u1ec3 thay th\u1ebf h\u1ea7u h\u1ebft c\u00e1c s\u1ea3n ph\u1ea9m c\u1eeda truy\u1ec1n th\u1ed1ng b\u1eb1ng g\u1ed7, m\u1ed9t s\u1ed1 v\u1ecb tr\u00ed b\u1eaft bu\u1ed9c ph\u1ea3i d\u00f9ng c\u1eeda nh\u00f4m k\u00ednh nh\u01b0 c\u1eeda s\u1ed5 khu chung c\u01b0 ho\u1eb7c m\u1ed9t s\u1ed1 n\u01a1i n\u00ean l\u00e0m c\u1eeda nh\u00f4m k\u00ednh nh\u01b0 c\u1eeda nh\u00e0 t\u1eafm, c\u1eeda ng\u0103n ph\u00f2ng\u2026.<\/p>\n<p>C\u00f3 r\u1ea5t nhi\u1ec1u lo\u1ea1i nh\u00f4m kh\u00e1c nhau tr\u00ean th\u1ecb tr\u01b0\u1eddng, t\u1eeb nh\u1eefng d\u00f2ng nh\u00f4m cao c\u1ea5p nh\u01b0\u00a0<strong>nh\u00f4m xingfa, nh\u00f4m vi\u1ec7t ph\u00e1p hay nh\u00f4m hyundai<\/strong>\u00a0v\u1edbi gi\u00e1 th\u00e0nh cao nh\u01b0ng ch\u1ea5t l\u01b0\u1ee3ng l\u1ea1i r\u1ea5t t\u1ed1t, n\u1ebfu qu\u00fd kh\u00e1ch kh\u00f4ng s\u1eed d\u1ee5ng nh\u1eefng lo\u1ea1i nh\u00f4m n\u00e0y b\u1edfi chi ph\u00ed cao th\u00ec c\u00f3 th\u1ec3 s\u1eed d\u1ee5ng nh\u00f4m th\u01b0\u1eddng m\u00e0 v\u1eabn c\u00f3 th\u1ec3 c\u00f3 \u0111\u1ed9 b\u1ec1n cao.<\/p>\n<h2><strong>2. V\u00e1ch nh\u00f4m k\u00ednh<\/strong><\/h2>\n<p>V\u00e1ch nh\u00f4m k\u00ednh \u0111\u01b0\u1ee3c \u1ee9ng d\u1ee5ng r\u1ed9ng r\u00e3i trong c\u00e1c v\u0103n ph\u00f2ng khi c\u1ea7n chia nh\u1ecf c\u00e1c gian th\u00e0nh c\u00e1c ph\u00f2ng nh\u1ecf \u0111\u1ec3 l\u00e0m vi\u1ec7c thu\u1eadn ti\u1ec7n, ho\u1eb7c \u0111\u1ed1i v\u1edbi gia \u0111\u00ecnh \u0111\u00f4i l\u00fac c\u0169ng chia ph\u00f2ng ho\u1eb7c l\u00e0m v\u00e1ch ng\u0103n \u0111\u1ec3 t\u1ea1o th\u00eam m\u1ed9t ph\u00f2ng t\u00e1ch bi\u1ec7t t\u00f9y v\u00e0o m\u1ee5c \u0111\u00edch c\u1ee7a ng\u01b0\u1eddi s\u1eed d\u1ee5ng.<\/p>\n<p>V\u1edbi s\u1ef1 bi\u1ebfn h\u00f3a c\u1ee7a s\u1ea3n ph\u1ea9m t\u00f9y thu\u1ed9c v\u00e0o y\u00eau c\u1ea7u s\u1eed d\u1ee5ng c\u0169ng nh\u01b0 t\u00ednh th\u1ea9m m\u1ef9, \u0111\u1ed9 b\u1ec1n cao, gi\u00e1 th\u00e0nh r\u1ebb, c\u00e1c c\u00f4ng tr\u00ecnh d\u00e2n d\u1ee5ng hi\u1ec7n nay kh\u00f4ng th\u1ec3 thi\u1ebfu m\u1ed9t s\u1ea3n ph\u1ea9m nh\u01b0 th\u1ebf n\u00e0y.<\/p>\n<h1><strong>3. H\u1ec7 d\u1ef1ng k\u00ednh<\/strong><\/h1>\n<p>Th\u1eadt tuy\u1ec7t v\u1eddi khi b\u1ea1n s\u1edf h\u1eefu m\u1ed9t t\u00f2a nh\u00e0, hay m\u1ed9t c\u00f4ng tr\u00ecnh x\u00e2y d\u1ef1ng l\u1edbn, v\u00e0 \u0111\u1ec3 l\u00e0m t\u0103ng t\u00ednh th\u1ea9m m\u1ef9 c\u1ee7a c\u00f4ng tr\u00ecnh ng\u01b0\u1eddi ta ngh\u0129 \u0111\u1ebfn ngay h\u1ec7 d\u1ef1ng k\u00ednh, H\u1ec7 d\u1ef1ng k\u00ednh c\u00f3 nhi\u1ec1u lo\u1ea1i tuy nhi\u00ean ch\u00fang t\u00f4i s\u1ebd gi\u1edbi thi\u1ec7u \u0111\u1ebfn qu\u00fd kh\u00e1ch trong m\u1ed9t b\u00e0i vi\u1ebft kh\u00e1c.<\/p>\n<p>V\u00e1ch d\u1ef1ng k\u00ednh th\u01b0\u1eddng \u0111\u01b0\u1ee3c s\u1eed d\u1ee5ng trong c\u00e1c c\u00f4ng tr\u00ecnh t\u00f2a nh\u00e0 cao t\u1ea7ng d\u00f9ng \u0111\u1ec3 l\u00e0m v\u0103n ph\u00f2ng hay c\u00e1c cao \u1ed1c, n\u1ebfu nh\u01b0 vi\u1ec7c s\u1eed d\u1ee5ng c\u00e1c c\u1eeda k\u00ednh th\u00f4ng th\u01b0\u1eddng s\u1ebd l\u00e0m x\u1ea5u \u0111i h\u00ecnh \u1ea3nh t\u00f2a nh\u00e0 v\u00e0 kh\u00f4ng th\u1ec3 hi\u1ec7n t\u00ednh chuy\u00ean nghi\u1ec7p c\u1ee7a c\u00f4ng tr\u00ecnh, V\u1edbi kh\u1ea3 n\u0103ng ch\u1ecbu \u0111\u1ed9 b\u1ec1n cao, th\u1ea9m m\u1ef9 \u0111\u1eb9p, h\u1ec7 d\u1ef1ng k\u00ednh th\u1eadt s\u1ef1 mang l\u1ea1i gi\u00e1 tr\u1ecb th\u1ea9m m\u1ef9 cao cho ng\u1eddi s\u1eed d\u1ee5ng.<\/p>\n<h2><strong>4. M\u00e1i k\u00ednh<\/strong><\/h2>\n<p>Hi\u1ec7n nay xu h\u01b0\u1edbng s\u1eed d\u1ee5ng m\u00e1i k\u00ednh cho c\u00e1c c\u00f4ng tr\u00ecnh nh\u00e0 ri\u00eang r\u1ea5t nhi\u1ec1u, m\u00e1i k\u00ednh l\u00e0 n\u01a1i m\u00e0 ng\u01b0\u1eddi s\u1eed d\u1ee5ng mu\u1ed1n l\u1ea5y \u00e1nh s\u00e1ng t\u1ef1 nhi\u00ean b\u00ea ngo\u00e0i v\u00e0o, th\u00f4ng th\u01b0\u1eddng nh\u1eefng m\u00e1i k\u00ednh th\u00ec ng\u01b0\u1eddi ta s\u1ebd s\u1eed d\u1ee5ng h\u1ec7\u00a0<strong>k\u00ednh c\u01b0\u1eddng l\u1ef1c<\/strong>\u00a0(temper glassed)<\/p>\n<p>M\u00e1i k\u00ednh th\u00f4ng th\u01b0\u1eddng \u0111\u01b0\u1ee3c \u0111\u1eb7t tr\u00ean ph\u00f2ng tr\u00ean c\u00f9ng \u0111\u1ec3 l\u1ea5y \u00e1nh s\u00e1ng, ho\u1eb7c c\u0169ng c\u00f3 th\u1ec3 l\u00e0m \u1edf ngo\u00e0i s\u00e2n v\u01b0\u1eddn \u0111\u1ec3 che m\u01b0a \u1edf nh\u01b0ng n\u01a1i ng\u1ed3i h\u00f3ng m\u00e1t.<\/p>\n<h2><strong>5. T\u1ee7 \u0111\u1ef1ng \u0111\u1ed3 b\u1eb1ng nh\u00f4m k\u00ednh<\/strong><\/h2>\n<p>Th\u1eadt ti\u1ec7n l\u1ee3i khi s\u1eed d\u1ee5ng h\u1ec7 t\u1ee7 \u0111\u1ed3 b\u1eb1ng nh\u00f4m k\u00ednh, ch\u1eb3ng h\u1ea1n nh\u01b0 t\u1ee7 thu\u1ed1c, t\u1ee7 k\u1ec7 ch\u1ee9a \u0111i\u1ec7n tho\u1ea1i, hay c\u00e1c t\u1ee7 k\u1ec7 cho c\u00e1c c\u1eeda h\u00e0ng th\u1eddi trang. V\u1edbi s\u1ea3n ph\u1ea9m n\u00e0y kh\u00e1ch h\u00e0ng c\u00f3 th\u1ec3 y\u00ean t\u00e2m s\u1eed d\u1ee5ng m\u00e0 kh\u00f4ng lo b\u1ecb \u1ea9m m\u1ed1c, cong v\u00eanh hay m\u1ed1i m\u1ecdt nh\u01b0 c\u00e1c s\u1ea3n ph\u1ea9m g\u1ed7 th\u00f4ng th\u01b0\u1eddng, M\u1ed9t \u01b0u \u0111i\u1ec3m n\u1eefa khi s\u1eed d\u1ee5ng t\u1ee7 nh\u00f4m k\u00ednh l\u00e0 gi\u00e1 th\u00e0nh r\u1ebb h\u01a1n r\u1ea5t nhi\u1ec1u so v\u1edbi s\u1ea3n ph\u1ea9m l\u00e0m t\u1eeb c\u00e1c ch\u1ea5t li\u1ec7u kh\u00e1c v\u00e0 \u0111\u1ed9 b\u1ec1n th\u1eadm ch\u00ed c\u00f2n h\u01a1n h\u1eb3n.<\/p>\n<p>C\u00f2n r\u1ea5t nhi\u1ec1u s\u1ea3n ph\u1ea9m t\u1eeb nh\u00f4m k\u00ednh kh\u00e1c m\u00e0 ch\u00fang t\u00f4i ch\u01b0a th\u1ec3 gi\u1edbi thi\u1ec7u trong b\u00e0i vi\u1ebft n\u00e0y ngay \u0111\u01b0\u1ee3c, qu\u00fd kh\u00e1ch n\u00e0o c\u00f3 nh\u1eefng \u00fd t\u01b0\u1edfng v\u00e0 gi\u1ea3i ph\u00e1p mu\u1ed1n s\u1eed d\u1ee5ng h\u1ec7 nh\u00f4m k\u00ednh cho kh\u00f4ng gian gia \u0111\u00ecnh m\u00ecnh c\u00f3 th\u1ec3 li\u00ean h\u1ec7 v\u1edbi ch\u00fang t\u00f4i, ch\u00fang t\u00f4i s\u1ebd \u0111\u1ebfn t\u1eadn n\u01a1i \u0111\u1ec3 t\u01b0 v\u1ea5n v\u00e0 \u0111\u01b0a gia \u00fd t\u01b0\u1edfng k\u1ebft h\u1ee3p c\u00f9ng v\u1edbi t\u00ednh n\u0103ng h\u1ee3p l\u00fd.<\/p>\n","protected":false},"excerpt":{"rendered":"<p>C\u00f3 r\u1ea5t nhi\u1ec1u lo\u1ea1i nh\u00f4m kh\u00e1c nhau tr\u00ean th\u1ecb tr\u01b0\u1eddng, t\u1eeb nh\u1eefng d\u00f2ng nh\u00f4m cao c\u1ea5p nh\u01b0\u00a0<strong>nh\u00f4m xingfa, nh\u00f4m vi\u1ec7t ph\u00e1p hay nh\u00f4m hyundai<\/strong>\u00a0v\u1edbi gi\u00e1 th\u00e0nh cao nh\u01b0ng ch\u1ea5t l\u01b0\u1ee3ng l\u1ea1i r\u1ea5t t\u1ed1t, n\u1ebfu qu\u00fd kh\u00e1ch kh\u00f4ng s\u1eed d\u1ee5ng nh\u1eefng lo\u1ea1i nh\u00f4m n\u00e0y b\u1edfi chi ph\u00ed cao th\u00ec c\u00f3 th\u1ec3 s\u1eed d\u1ee5ng nh\u00f4m th\u01b0\u1eddng m\u00e0 v\u1eabn c\u00f3 th\u1ec3 c\u00f3 \u0111\u1ed9 b\u1ec1n cao.<\/p>\n","protected":false},"featured_media":552,"comment_status":"open","ping_status":"closed","template":"","meta":[],"_links":{"self":[{"href":"https:\/\/webmaibinh.com\/w\/cuanhom2011\/wp-json\/wp\/v2\/product\/550"}],"collection":[{"href":"https:\/\/webmaibinh.com\/w\/cuanhom2011\/wp-json\/wp\/v2\/product"}],"about":[{"href":"https:\/\/webmaibinh.com\/w\/cuanhom2011\/wp-json\/wp\/v2\/types\/product"}],"replies":[{"embeddable":true,"href":"https:\/\/webmaibinh.com\/w\/cuanhom2011\/wp-json\/wp\/v2\/comments?post=550"}],"wp:featuredmedia":[{"embeddable":true,"href":"https:\/\/webmaibinh.com\/w\/cuanhom2011\/wp-json\/wp\/v2\/media\/552"}],"wp:attachment":[{"href":"https:\/\/webmaibinh.com\/w\/cuanhom2011\/wp-json\/wp\/v2\/media?parent=550"}],"curies":[{"name":"wp","href":"https:\/\/api.w.org\/{rel}","templated":true}]}}