{"id":546,"date":"2019-07-15T17:37:48","date_gmt":"2019-07-15T10:37:48","guid":{"rendered":"https:\/\/cuanhom.khowebseotop.vn\/?post_type=product&#038;p=546"},"modified":"2019-07-15T18:14:34","modified_gmt":"2019-07-15T11:14:34","slug":"cua-nhom-xingfa-mo-truot","status":"publish","type":"product","link":"https:\/\/webmaibinh.com\/w\/cuanhom2011\/san-pham\/cua-nhom-xingfa-mo-truot\/","title":{"rendered":"C\u1eeda nh\u00f4m Xingfa m\u1edf tr\u01b0\u1ee3t cao c\u1ea5p h\u00e0ng thi\u1ebft k\u1ebf"},"content":{"rendered":"<p>L\u1eddi \u0110\u1ea7u Ti\u00ean Thi\u1ec7n \u00c2nWindow xin g\u1eedi l\u1eddi c\u1ea3m \u01a1n s\u00e2u s\u1eafc \u0111\u1ebfn to\u00e0n th\u1ec3 qu\u00fd Kh\u00e1ch H\u00e0ng \u0111\u00e3 \u1ee7ng h\u1ed9 cho Thi\u1ec7n \u00c2n trong su\u1ed1t th\u1eddi gian qua v\u00e0 g\u00f3p ph\u1ea7n cho s\u1ef1 ph\u00e1t tri\u1ec3n c\u1ee7a Thi\u1ec7n \u00c2n Thi\u1ec7n \u00c2n t\u1ef1 h\u00e0o v\u1ec1 con s\u1ed1 95% Kh\u00e1ch h\u00e0ng \u0111\u00e3 h\u00e0i l\u00f2ng khi s\u1eed d\u1ee5ng s\u1ea3n ph\u1ea9m v\u00e0 d\u1ecbch v\u1ee5 c\u1ee7a Thi\u1ec7n \u00c2n. Ch\u00fang t\u00f4i lu\u00f4n hi\u1ec3u t\u1ea7m quan tr\u1ecdng quan c\u1ee7a \u0111i\u1ec1u \u0111\u00f3 \u00a0v\u00e0 lu\u00f4n c\u1ed1 g\u1eafng n\u1ed7 l\u1ef1c duy tr\u00ec v\u00e0 ph\u00e1t tri\u1ec3n th\u00e0nh qu\u1ea3 \u2026<\/p>\n","protected":false},"excerpt":{"rendered":"<p>\u2013 Kh\u00f4ng cong v\u00eanh ho\u1eb7c co ng\u00f3t nh\u01b0 m\u1ed9t s\u1ed1 s\u1ea3n ph\u1ea9m kh\u00e1c.<br \/>\n\u2013 C\u00f3 th\u1ec3 thay th\u1ebf c\u00e1c h\u1ec7 th\u1ed1ng c\u1eeda, v\u00e1ch l\u00e0m b\u1eb1ng g\u1ed7 truy\u1ec1n th\u1ed1ng.<br \/>\n\u2013 Ch\u1ecbu \u0111\u01b0\u1ee3c th\u1eddi ti\u1ebft hay khi h\u1eadu n\u00f3ng \u1ea9m m\u01b0a nhi\u1ec1u t\u1ea1i Vi\u1ec7t Nam<br \/>\n\u2013 S\u1ea3n ph\u1ea9m \u0111\u01b0\u1ee3c thi\u1ebft k\u1ebf theo y\u00eau c\u1ea7u, \u0111a d\u1ea1ng v\u1ec1 ch\u1ee7ng lo\u1ea1i v\u00e0 m\u00e0u s\u1eafc kh\u00e1c nhau.<br \/>\n\u2013 C\u00f3 th\u1ec3 l\u1ea5y \u00e1nh s\u00e1ng t\u1ef1 nhi\u00ean \u1edf nh\u1eefng n\u01a1i m\u00e0 kh\u00e1ch h\u00e0ng y\u00eau c\u1ea7u.<br \/>\n\u2013 C\u00f3 \u0111\u1ed9 b\u1ec1n v\u00e0 t\u00ednh th\u1ea9m m\u1ef9 cao.<\/p>\n","protected":false},"featured_media":547,"comment_status":"open","ping_status":"closed","template":"","meta":[],"_links":{"self":[{"href":"https:\/\/webmaibinh.com\/w\/cuanhom2011\/wp-json\/wp\/v2\/product\/546"}],"collection":[{"href":"https:\/\/webmaibinh.com\/w\/cuanhom2011\/wp-json\/wp\/v2\/product"}],"about":[{"href":"https:\/\/webmaibinh.com\/w\/cuanhom2011\/wp-json\/wp\/v2\/types\/product"}],"replies":[{"embeddable":true,"href":"https:\/\/webmaibinh.com\/w\/cuanhom2011\/wp-json\/wp\/v2\/comments?post=546"}],"wp:featuredmedia":[{"embeddable":true,"href":"https:\/\/webmaibinh.com\/w\/cuanhom2011\/wp-json\/wp\/v2\/media\/547"}],"wp:attachment":[{"href":"https:\/\/webmaibinh.com\/w\/cuanhom2011\/wp-json\/wp\/v2\/media?parent=546"}],"curies":[{"name":"wp","href":"https:\/\/api.w.org\/{rel}","templated":true}]}}