{"id":55,"date":"2019-07-08T10:27:02","date_gmt":"2019-07-08T03:27:02","guid":{"rendered":"https:\/\/cuanhom.khowebseotop.vn\/?page_id=55"},"modified":"2020-05-09T09:09:01","modified_gmt":"2020-05-09T02:09:01","slug":"lien-he","status":"publish","type":"page","link":"https:\/\/webmaibinh.com\/w\/cuanhom2011\/lien-he\/","title":{"rendered":"Li\u00ean h\u1ec7"},"content":{"rendered":"<p style=\"text-align: center;\">C\u1eeda \u0111\u1eb9p Adoor l\u00e0 th\u01b0\u01a1ng hi\u1ec7u c\u1eeda \u0111\u00e3 \u0111\u01b0\u1ee3c 5000+ kh\u00e1ch h\u00e0ng y\u00eau th\u00edch tin d\u00f9ng.<br \/>\nAdoor c\u00f3 h\u1ec7 th\u1ed1ng showroom 3 mi\u1ec1n t\u1ed5 qu\u1ed1c: H\u00e0 N\u1ed9i, H\u00e0 T\u0129nh, \u0110\u00e0 N\u1eb5ng, Nha Trang, S\u00e0i G\u00f2n lu\u00f4n s\u1eb5n s\u00e0ng cung c\u1ea5p gi\u1ea3i ph\u00e1p c\u1eeda t\u1ed1t nh\u1ea5t cho ng\u00f4i nh\u00e0 kh\u00e1ch h\u00e0ng.<\/p>\n<div class=\"row\"  id=\"row-462471869\">\n\n\t<div id=\"col-1820870718\" class=\"col medium-6 small-12 large-6\"  >\n\t\t<div class=\"col-inner\"  >\n\t\t\t\n\t\t\t\n<p><iframe src=\"https:\/\/www.google.com\/maps\/embed?pb=!1m18!1m12!1m3!1d3918.8951647747363!2d106.63615131462117!3d10.819334261359117!2m3!1f0!2f0!3f0!3m2!1i1024!2i768!4f13.1!3m3!1m2!1s0x317529667c77fcdd%3A0x39f60dd29f004faf!2zMi84NSBQaOG6oW0gVsSDbiBC4bqhY2gsIFBoxrDhu51uZyAxNSwgVMOibiBCw6xuaCwgSOG7kyBDaMOtIE1pbmgsIFZp4buHdCBOYW0!5e0!3m2!1svi!2s!4v1568732176587!5m2!1svi!2s\" width=\"100%\" height=\"250\" frameborder=\"0\" style=\"border:0;\" allowfullscreen=\"\"><\/iframe><\/p>\n\t\t<\/div>\n\t\t\t<\/div>\n\n\t\n\n\t<div id=\"col-1477939943\" class=\"col medium-6 small-12 large-6\"  >\n\t\t<div class=\"col-inner\"  >\n\t\t\t\n\t\t\t\n<div class=\"address-heading\">\n<h1>Gia c\u00f4ng c\u1eeda \u0111\u1eb9p S\u00e0i G\u00f2n<\/h1>\n<p><strong>UY T\u00cdN &#8211; CH\u1ea4T L\u01af\u1ee2NG T\u1ea0O TH\u00c0NH C\u00d4NG<\/strong><\/p>\n<\/div>\n<table border=\"0\" width=\"100%\" cellspacing=\"0\" cellpadding=\"0\">\n<tbody>\n<tr>\n<td width=\"30\"><img loading=\"lazy\" src=\"\/wp-content\/uploads\/2019\/07\/map-icon.jpg\" alt=\"\" width=\"21\" height=\"25\" \/><\/td>\n<td><span style=\"font-size: 95%;\"><span style=\"font-weight: 400;\">Ph\u1ea1m V\u0103n B\u1ea1ch, P. 15, Q. T\u00e2n B\u00ecnh, Tp. HCM<\/span><\/span><\/td>\n<\/tr>\n<tr>\n<td><img loading=\"lazy\" src=\"\/wp-content\/uploads\/2019\/07\/hotline-icon.jpg\" alt=\"\" width=\"21\" height=\"25\" \/><\/td>\n<td><span style=\"font-weight: 400;\">0999.999.999<\/span><\/td>\n<\/tr>\n<tr>\n<td><img loading=\"lazy\" src=\"\/wp-content\/uploads\/2019\/07\/email.jpg\" alt=\"\" width=\"21\" height=\"25\" \/><\/td>\n<td><a href=\"#\"><span style=\"font-weight: 400;\">email@gmail.com<\/span><\/a><\/td>\n<\/tr>\n<tr>\n<td><img loading=\"lazy\" src=\"\/wp-content\/uploads\/2019\/07\/global-icon.jpg\" alt=\"\" width=\"21\" height=\"25\" \/><\/td>\n<td><a href=\"#\"><span style=\"font-weight: 400;\">www.tenweb.vn<\/span><\/a><\/td>\n<\/tr>\n<\/tbody>\n<\/table>\n\t\t<\/div>\n\t\t\t<\/div>\n\n\t\n<\/div>\n","protected":false},"excerpt":{"rendered":"<p>C\u1eeda \u0111\u1eb9p Adoor l\u00e0 th\u01b0\u01a1ng hi\u1ec7u c\u1eeda \u0111\u00e3 \u0111\u01b0\u1ee3c 5000+ kh\u00e1ch h\u00e0ng y\u00eau th\u00edch tin d\u00f9ng. Adoor c\u00f3 h\u1ec7 th\u1ed1ng showroom 3 mi\u1ec1n t\u1ed5 qu\u1ed1c: H\u00e0 N\u1ed9i, H\u00e0 T\u0129nh, \u0110\u00e0 N\u1eb5ng, Nha Trang, S\u00e0i G\u00f2n lu\u00f4n s\u1eb5n s\u00e0ng cung c\u1ea5p gi\u1ea3i ph\u00e1p c\u1eeda t\u1ed1t nh\u1ea5t cho ng\u00f4i nh\u00e0 kh\u00e1ch h\u00e0ng.<\/p>\n","protected":false},"author":2,"featured_media":0,"parent":0,"menu_order":0,"comment_status":"closed","ping_status":"closed","template":"page-blank-title-center.php","meta":[],"_links":{"self":[{"href":"https:\/\/webmaibinh.com\/w\/cuanhom2011\/wp-json\/wp\/v2\/pages\/55"}],"collection":[{"href":"https:\/\/webmaibinh.com\/w\/cuanhom2011\/wp-json\/wp\/v2\/pages"}],"about":[{"href":"https:\/\/webmaibinh.com\/w\/cuanhom2011\/wp-json\/wp\/v2\/types\/page"}],"author":[{"embeddable":true,"href":"https:\/\/webmaibinh.com\/w\/cuanhom2011\/wp-json\/wp\/v2\/users\/2"}],"replies":[{"embeddable":true,"href":"https:\/\/webmaibinh.com\/w\/cuanhom2011\/wp-json\/wp\/v2\/comments?post=55"}],"version-history":[{"count":4,"href":"https:\/\/webmaibinh.com\/w\/cuanhom2011\/wp-json\/wp\/v2\/pages\/55\/revisions"}],"predecessor-version":[{"id":665,"href":"https:\/\/webmaibinh.com\/w\/cuanhom2011\/wp-json\/wp\/v2\/pages\/55\/revisions\/665"}],"wp:attachment":[{"href":"https:\/\/webmaibinh.com\/w\/cuanhom2011\/wp-json\/wp\/v2\/media?parent=55"}],"curies":[{"name":"wp","href":"https:\/\/api.w.org\/{rel}","templated":true}]}}