{"id":48,"date":"2020-01-24T03:13:38","date_gmt":"2020-01-24T03:13:38","guid":{"rendered":"http:\/\/demo33.muathemewordpress.net\/?page_id=48"},"modified":"2020-01-25T08:19:29","modified_gmt":"2020-01-25T08:19:29","slug":"ban-le-san","status":"publish","type":"page","link":"https:\/\/webmaibinh.com\/w\/cuanhom12011\/ban-le-san\/","title":{"rendered":"B\u1ea3n l\u1ec1 s\u00e0n"},"content":{"rendered":"<p><strong>Nguy\u00ean l\u00fd ho\u1ea1t \u0111\u1ed9ng c\u1ee7a b\u1ea3n l\u1ec1 s\u00e0n\u00a0<\/strong>l\u00e0 h\u00e3m l\u1ef1c gi\u1ea3m d\u1ea7n \u0111\u1ec1u b\u1eb1ng d\u1ea7u. V\u00ec v\u1eady, khi l\u1ef1a ch\u1ecdn b\u1ea3n l\u1ec1 c\u1ea7n h\u1ebft s\u1ee9c l\u01b0u \u00fd \u0111\u1ebfn t\u1ea3i tr\u1ecdng c\u1ee7a c\u1eeda v\u00e0 c\u00f4ng su\u1ea5t c\u1ee7a b\u1ea3n l\u1ec1. N\u1ebfu l\u1ef1a ch\u1ecdn sai b\u1ea3n l\u1ec1 th\u00ec s\u1ebd g\u00e2y ra hi\u1ec7n t\u01b0\u1ee3ng\u00a0<b>b\u1ea3n l\u1ec1 c\u1eeda k\u00ednh b\u1ecb qu\u00e1 t\u1ea3i<\/b>\u00a0d\u1eabn \u0111\u1ebfn c\u1eeda k\u00ednh nhanh b\u1ecb h\u1ecfng, b\u1ecb x\u1ec7 c\u00e1nh hay th\u1eadm ch\u00ed t\u1ec7 h\u01a1n n\u1eefa l\u00e0 c\u00e1nh c\u1eeda th\u1ee7y l\u1ef1c b\u1ecb g\u00e3y c\u00e1nh.<\/p>\n<p><img loading=\"lazy\" class=\"size-medium wp-image-506 aligncenter\" src=\"http:\/\/demo33.muathemewordpress.net\/wp-content\/uploads\/2020\/01\/dovodchiki-dlya-vhodnyh-dverej-9-599x400.jpg\" alt=\"\" width=\"599\" height=\"400\" srcset=\"https:\/\/webmaibinh.com\/w\/cuanhom12011\/wp-content\/uploads\/2020\/01\/dovodchiki-dlya-vhodnyh-dverej-9-599x400.jpg 599w, https:\/\/webmaibinh.com\/w\/cuanhom12011\/wp-content\/uploads\/2020\/01\/dovodchiki-dlya-vhodnyh-dverej-9-768x513.jpg 768w, https:\/\/webmaibinh.com\/w\/cuanhom12011\/wp-content\/uploads\/2020\/01\/dovodchiki-dlya-vhodnyh-dverej-9-600x401.jpg 600w, https:\/\/webmaibinh.com\/w\/cuanhom12011\/wp-content\/uploads\/2020\/01\/dovodchiki-dlya-vhodnyh-dverej-9.jpg 850w\" sizes=\"(max-width: 599px) 100vw, 599px\" \/><\/p>\n<p>M\u1eb7t kh\u00e1c, b\u1ea3n l\u1ec1 c\u1eeda k\u00ednh l\u00e0 b\u1ed9 ph\u1eadn c\u00f3 th\u1ec3 gi\u00fap c\u1eeda k\u00ednh m\u1edf 90\u00b0 v\u1ec1 c\u1ea3 2 ph\u00eda, h\u01a1n n\u1eefa t\u1ea1i \u0111i\u1ec3m \u201ck\u1ecbch\u201d th\u00ec c\u00f3 \u0111i\u1ec3m ch\u1ed1t \u0111\u1ec3 gi\u1eef c\u1eeda kh\u00f4ng t\u1ef1 \u201ctr\u00f4i\u201d v\u1ec1 \u0111i\u1ec3m \u201c\u0111\u00f3ng\u201d. Ngo\u00e0i ra, m\u1ed9t s\u1ed1 lo\u1ea1i b\u1ea3n l\u1ec1 c\u1eeda k\u00ednh c\u01b0\u1eddng l\u1ef1c c\u00f2n c\u00f3 kh\u1ea3 n\u0103ng t\u1ef1 h\u00fat khi \u0111\u1ebfn g\u1ea7n \u0111i\u1ec3m \u0111\u00f3ng, \u0111\u1ea3m b\u1ea3o cho 2 c\u00e1nh c\u1eeda k\u00ednh c\u00f3 kh\u1ea3 n\u0103ng kh\u00edt l\u1ea1i v\u1edbi nhau.<\/p>\n<p>*\u00a0<strong>EURO SPACE<\/strong>\u00a0s\u1eed d\u1ee5ng c\u00e1c th\u01b0\u01a1ng hi\u1ec7u b\u1ea3n l\u1ec1 s\u00e0n ch\u1ea5t l\u01b0\u1ee3ng cao nh\u01b0:\u00a0<strong>B\u1ea3n l\u1ec1 s\u00e0n VVP, b\u1ea3n l\u1ec1 s\u00e0n HAFELE, B\u1ea3n l\u1ec1 s\u00e0n GMT,<\/strong>\u2026 ch\u1ea5t l\u01b0\u1ee3ng\u00a0\u0111\u1ea3m b\u1ea3o v\u00e0 an to\u00e0n cho ng\u01b0\u1eddi d\u00f9ng.<\/p>\n<p><img loading=\"lazy\" class=\"size-medium wp-image-505 aligncenter\" src=\"http:\/\/demo33.muathemewordpress.net\/wp-content\/uploads\/2020\/01\/ban-le-san-Eu-1-566x400.jpeg\" alt=\"\" width=\"566\" height=\"400\" srcset=\"https:\/\/webmaibinh.com\/w\/cuanhom12011\/wp-content\/uploads\/2020\/01\/ban-le-san-Eu-1-566x400.jpeg 566w, https:\/\/webmaibinh.com\/w\/cuanhom12011\/wp-content\/uploads\/2020\/01\/ban-le-san-Eu-1-1132x800.jpeg 1132w, https:\/\/webmaibinh.com\/w\/cuanhom12011\/wp-content\/uploads\/2020\/01\/ban-le-san-Eu-1-768x543.jpeg 768w, https:\/\/webmaibinh.com\/w\/cuanhom12011\/wp-content\/uploads\/2020\/01\/ban-le-san-Eu-1-600x424.jpeg 600w, https:\/\/webmaibinh.com\/w\/cuanhom12011\/wp-content\/uploads\/2020\/01\/ban-le-san-Eu-1.jpeg 1200w\" sizes=\"(max-width: 566px) 100vw, 566px\" \/><\/p>\n<p><strong>* Ph\u1ee5 ki\u1ec7n \u0111i k\u00e8m:<\/strong><\/p>\n<p>&#8211; K\u1eb9p g\u00f3c c\u1eeda<\/p>\n<p>&#8211; K\u1eb9p k\u00ednh c\u1eeda<\/p>\n<p>&#8211; Kh\u00f3a c\u1eeda<\/p>\n<p>&#8211; B\u1ea3n l\u1ec1 c\u1eeda<\/p>\n<p>&#8211; Tay n\u1eafm c\u1eeda<\/p>\n<p>&#8211; K\u1eb9p xoay d\u01b0\u1edbi s\u00e0n<\/p>\n<p>&nbsp;<\/p>\n<p><strong>* \u01afu \u0111i\u1ec3m c\u1eeda k\u00ednh c\u01b0\u1eddng l\u1ef1c b\u1ea3n l\u1ec1 s\u00e0n:<\/strong><\/p>\n<p>&#8211; C\u00f3 kh\u1ea3 n\u0103ng m\u1edf 90<sup>0<\/sup>\u00a0v\u1ec1 c\u1ea3 2 ph\u00eda.<\/p>\n<p>&#8211; T\u1ef1 \u0111\u1ed9ng \u0111\u00f3ng l\u1ea1i khi kh\u00f4ng c\u00f3 t\u00e1c d\u1ee5ng l\u1ef1c, \u00eam \u00e1i v\u00e0 kh\u00f4ng g\u00e2y ti\u1ebfng \u1ed3n.<\/p>\n<p>&#8211; B\u1ea3n l\u1ec1 s\u00e0n c\u00f3 s\u1ee9c t\u1ea3i tr\u1ecdng l\u1edbn v\u00ec v\u1eady s\u1ebd n\u00e2ng \u0111\u1ee1 to\u00e0n b\u1ed9 c\u00e1nh c\u1eeda \u0111\u1eb7c bi\u1ec7t l\u00e0 c\u00e1c c\u00e1nh c\u1eeda to, c\u1eeda tr\u1ecdng t\u1ea3i n\u1eb7ng.<\/p>\n<p>&#8211; Kh\u00f4ng c\u1ea7n s\u1eed d\u1ee5ng khung bao, t\u1ea1o c\u1ea3m gi\u00e1c hi\u1ec7n \u0111\u1ea1i.<\/p>\n<p>&#8211; Kh\u00f4ng h\u1ea1n ch\u1ebf t\u1ea7m nh\u00ecn, t\u1ea1o m\u1ed9t kh\u00f4ng gian m\u1edf sang tr\u1ecdng v\u00e0 l\u1ecbch s\u1ef1.<\/p>\n<p>&#8211; H\u1ee9ng tr\u1ecdn \u00e1nh s\u00e1ng t\u1ef1 nhi\u00ean v\u00e0o b\u00ean trong, l\u00e0m ti\u1ebft ki\u1ec7m \u0111i\u1ec7n n\u0103ng.<\/p>\n<p>&nbsp;<\/p>\n<p><strong>C\u1eeda b\u1ea3n l\u1ec1 s\u00e0n<\/strong>\u00a0\u0111\u01b0\u1ee3c s\u1eed d\u1ee5ng ph\u1ed5 bi\u1ebfn t\u1ea1i c\u00e1c c\u1eeda h\u00e0ng, khu trung t\u00e2m th\u01b0\u01a1ng m\u1ea1i, nh\u00e0 \u1edf, nh\u00e0 ph\u1ed1, v\u0103n ph\u00f2ng, si\u00eau th\u1ecb&#8230; c\u00f3 b\u1ea3n ch\u1ea5t l\u00e0 c\u1eeda k\u00ednh c\u01b0\u1eddng l\u1ef1c v\u1edbi b\u1ea3n l\u1ec1 \u0111\u01b0\u1ee3c thi\u1ebft k\u1ebf, b\u1ed1 tr\u00ed n\u1eb1m s\u00e2u d\u01b0\u1edbi m\u1eb7t \u0111\u1ea5t, s\u00e0n nh\u00e0.<\/p>\n<p>&nbsp;<\/p>\n<p>V\u1edbi \u0111\u1ed9 d\u00e0y c\u1ee7a k\u00ednh t\u00f9y ch\u1ecdn t\u1eeb\u00a0 10,12,15mm\u2026 ch\u1eafc ch\u1eafn, gi\u1ea3m ti\u1ebfng \u1ed3n \u0111\u1ed3ng th\u1eddi c\u0169ng gi\u00fap cho kh\u00f4ng gian tr\u1edf n\u00ean sang tr\u1ecdng v\u00e0 th\u00f4ng tho\u00e1ng h\u01a1n v\u1edbi \u00e1nh s\u00e1ng t\u1ef1 nhi\u00ean.<\/p>\n","protected":false},"excerpt":{"rendered":"<p>Nguy\u00ean l\u00fd ho\u1ea1t \u0111\u1ed9ng c\u1ee7a b\u1ea3n l\u1ec1 s\u00e0n\u00a0l\u00e0 h\u00e3m l\u1ef1c gi\u1ea3m d\u1ea7n \u0111\u1ec1u b\u1eb1ng d\u1ea7u. V\u00ec v\u1eady, khi l\u1ef1a ch\u1ecdn b\u1ea3n l\u1ec1 c\u1ea7n h\u1ebft s\u1ee9c l\u01b0u \u00fd \u0111\u1ebfn t\u1ea3i tr\u1ecdng c\u1ee7a c\u1eeda v\u00e0 c\u00f4ng su\u1ea5t c\u1ee7a b\u1ea3n l\u1ec1. N\u1ebfu l\u1ef1a ch\u1ecdn sai b\u1ea3n l\u1ec1 th\u00ec s\u1ebd g\u00e2y ra hi\u1ec7n t\u01b0\u1ee3ng\u00a0b\u1ea3n l\u1ec1 c\u1eeda k\u00ednh b\u1ecb qu\u00e1 [&#8230;]\n","protected":false},"author":1,"featured_media":0,"parent":0,"menu_order":0,"comment_status":"closed","ping_status":"closed","template":"","meta":[],"_links":{"self":[{"href":"https:\/\/webmaibinh.com\/w\/cuanhom12011\/wp-json\/wp\/v2\/pages\/48"}],"collection":[{"href":"https:\/\/webmaibinh.com\/w\/cuanhom12011\/wp-json\/wp\/v2\/pages"}],"about":[{"href":"https:\/\/webmaibinh.com\/w\/cuanhom12011\/wp-json\/wp\/v2\/types\/page"}],"author":[{"embeddable":true,"href":"https:\/\/webmaibinh.com\/w\/cuanhom12011\/wp-json\/wp\/v2\/users\/1"}],"replies":[{"embeddable":true,"href":"https:\/\/webmaibinh.com\/w\/cuanhom12011\/wp-json\/wp\/v2\/comments?post=48"}],"version-history":[{"count":3,"href":"https:\/\/webmaibinh.com\/w\/cuanhom12011\/wp-json\/wp\/v2\/pages\/48\/revisions"}],"predecessor-version":[{"id":508,"href":"https:\/\/webmaibinh.com\/w\/cuanhom12011\/wp-json\/wp\/v2\/pages\/48\/revisions\/508"}],"wp:attachment":[{"href":"https:\/\/webmaibinh.com\/w\/cuanhom12011\/wp-json\/wp\/v2\/media?parent=48"}],"curies":[{"name":"wp","href":"https:\/\/api.w.org\/{rel}","templated":true}]}}