{"id":46,"date":"2020-01-24T03:13:21","date_gmt":"2020-01-24T03:13:21","guid":{"rendered":"http:\/\/demo33.muathemewordpress.net\/?page_id=46"},"modified":"2020-01-25T08:17:58","modified_gmt":"2020-01-25T08:17:58","slug":"vach-kinh","status":"publish","type":"page","link":"https:\/\/webmaibinh.com\/w\/cuanhom12011\/vach-kinh\/","title":{"rendered":"V\u00e1ch k\u00ednh"},"content":{"rendered":"<p>V\u00e1ch k\u00ednh l\u00e0 d\u00f2ng s\u1ea3n ph\u1ea9m v\u00e1ch ng\u0103n \u0111\u01b0\u1ee3c thi\u1ebft k\u1ebf v\u1edbi kh\u1ed1i m\u00e0u trong su\u1ed1t, tinh khi\u1ebft, trong v\u00e0 sang. L\u00e0 gi\u1ea3i ph\u00e1p m\u1edbi thay th\u1ebf cho ph\u01b0\u01a1ng ph\u00e1p trang tr\u00ed truy\u1ec1n th\u1ed1ng nh\u01b0 t\u01b0\u1eddng g\u1ea1ch &#8211; v\u00e1ch g\u1ed7,\u00a0 gi\u00fap t\u0103ng t\u00ednh th\u1ea9m m\u1ef9 t\u1ea1o s\u1ef1\u00a0<strong>T\u01b0\u01a1i m\u1edbi &#8211; Hi\u1ec7n \u0111\u1ea1i &#8211; Sang tr\u1ecdng.<\/strong><\/p>\n<p>K\u00ednh v\u1edbi c\u00f4ng ngh\u1ec7 s\u1ea3n xu\u1ea5t ti\u00ean ti\u1ebfn, \u0111\u01b0\u1ee3c t\u00f4i luy\u1ec7n ch\u1ecbu l\u1ef1c r\u1ea5t t\u1ed1t, ch\u1ed1ng \u0111\u01b0\u1ee3c nh\u1eefng va \u0111\u1eadp m\u1ea1nh g\u00e2y v\u1ee1 k\u00ednh.<\/p>\n<p>V\u00e1ch k\u00ednh \u0111\u01b0\u1ee3c s\u1eed d\u1ee5ng h\u1ec7 nh\u00f4m cao c\u1ea5p nh\u01b0 nh\u00f4m Xingfa Guangdong, nh\u00f4m HONDALEX\u00a0( l\u00e0 c\u00e1c thanh nh\u00f4m ch\u1ecbu l\u1ef1c t\u1ed1t v\u1edbi k\u1ebft c\u1ea5u v\u1eefng ch\u1eafc) v\u00e0 \u0111\u01b0\u1ee3c k\u1ebft n\u1ed1i v\u1edbi m\u1ed9t h\u1ec7 m\u1eb7t k\u00ednh c\u01b0\u1eddng l\u1ef1c ( c\u00f3 th\u1ec3 d\u00f9ng k\u00ednh d\u00e1n an to\u00e0n, k\u00ednh c\u01b0\u1eddng l\u1ef1c, v\u1edbi c\u00e1c m\u00e0u s\u1eafc sang tr\u1ecdng hay k\u00ednh ph\u1ea3n quang\u2026).<\/p>\n<p><img loading=\"lazy\" class=\"aligncenter wp-image-503 size-medium\" src=\"http:\/\/demo33.muathemewordpress.net\/wp-content\/uploads\/2020\/01\/vach-kinh-EU-2-610x400.jpeg\" alt=\"\" width=\"610\" height=\"400\" srcset=\"https:\/\/webmaibinh.com\/w\/cuanhom12011\/wp-content\/uploads\/2020\/01\/vach-kinh-EU-2-610x400.jpeg 610w, https:\/\/webmaibinh.com\/w\/cuanhom12011\/wp-content\/uploads\/2020\/01\/vach-kinh-EU-2-1221x800.jpeg 1221w, https:\/\/webmaibinh.com\/w\/cuanhom12011\/wp-content\/uploads\/2020\/01\/vach-kinh-EU-2-768x503.jpeg 768w, https:\/\/webmaibinh.com\/w\/cuanhom12011\/wp-content\/uploads\/2020\/01\/vach-kinh-EU-2-1536x1006.jpeg 1536w, https:\/\/webmaibinh.com\/w\/cuanhom12011\/wp-content\/uploads\/2020\/01\/vach-kinh-EU-2-600x393.jpeg 600w, https:\/\/webmaibinh.com\/w\/cuanhom12011\/wp-content\/uploads\/2020\/01\/vach-kinh-EU-2.jpeg 1755w\" sizes=\"(max-width: 610px) 100vw, 610px\" \/><\/p>\n<p>&nbsp;<\/p>\n<p><strong>* C\u00e1c lo\u1ea1i v\u00e1ch k\u00ednh ph\u1ed5 bi\u1ebfn:<\/strong><\/p>\n<p>&#8211; V\u00e1ch k\u00ednh kh\u00f4ng khung<\/p>\n<p>&#8211; V\u00e1ch k\u00ednh c\u00f3 khung<\/p>\n<p>&#8211; V\u00e1ch k\u00ednh n\u1eb9p nh\u00f4m<\/p>\n<p>*\u00a0<strong>V\u00e1ch k\u00ednh l\u00e0 d\u1ea1ng m\u1eb7t d\u1ef1ng ph\u1ed5 bi\u1ebfn nh\u1ea5t hi\u1ec7n nay v\u1edbi nh\u1eefng \u0111\u1eb7c \u0111i\u1ec3m \u01b0u vi\u1ec7t :<\/strong><\/p>\n<ul>\n<li>V\u00e1ch k\u00ednh c\u01b0\u1eddng l\u1ef1c c\u00f3 \u0111\u1ed9 an to\u00e0n cao, kh\u1ea3 n\u0103ng c\u00e1ch \u00e2m, ch\u1ed1ng nhi\u1ec7t, ch\u1ed1ng va \u0111\u1eadp t\u1ed1t.<\/li>\n<li>D\u1ec5 d\u00e0ng v\u1ec7 sinh lau ch\u00f9i, kh\u00f4ng h\u1ea1n ch\u1ebf t\u1ea7m nh\u00ecn.<\/li>\n<li>Kh\u1ea3 n\u0103ng l\u1ea5y s\u00e1ng ho\u00e0n h\u1ea3o.<\/li>\n<\/ul>\n<p><strong>* \u0110\u00e1p \u1ee9ng \u0111\u01b0\u1ee3c c\u00e1c y\u00eau c\u1ea7u v\u1ec1 m\u1eb7t k\u1ef9 thu\u1eadt :<\/strong><\/p>\n<ul>\n<li>T\u1ea3i tr\u1ecdng nh\u1eb9, kh\u1ea3 n\u0103ng ch\u1ecbu l\u1ef1c t\u1ed1t v\u00e0 \u0111\u1ed9 b\u1ec1n cao.<\/li>\n<li>Kinh t\u1ebf trong s\u1eed d\u1ee5ng.<\/li>\n<li>\u0110a d\u1ea1ng ki\u1ec3u d\u00e1ng, ph\u00f9 h\u1ee3p v\u1edbi nhi\u1ec1u d\u1ea1ng ki\u1ebfn tr\u00fac.<\/li>\n<li>Thi c\u00f4ng \u0111\u01a1n gi\u1ea3n v\u00e0 g\u1ecdn nh\u1eb9.<\/li>\n<li>Th\u1eddi gian thi c\u00f4ng nhanh<\/li>\n<\/ul>\n<p>&nbsp;<\/p>\n<p><strong>* \u0110\u1ed9 d\u00e0y v\u00e1ch k\u00ednh c\u01b0\u1eddng l\u1ef1c<\/strong>: Ph\u1ee5 thu\u1ed9c v\u00e0o vi\u1ec7c l\u1ef1a ch\u1ecdn \u0111\u1ed9 d\u00e0y k\u00ednh c\u01b0\u1eddng l\u1ef1c, ph\u1ed5 bi\u1ebfn l\u00e0 c\u00e1c lo\u1ea1i v\u00e1ch k\u00ednh c\u01b0\u1eddng l\u1ef1c c\u00f3 \u0111\u1ed9 d\u00e0y: 10mm, 12mm, 15mm\u2026<\/p>\n","protected":false},"excerpt":{"rendered":"<p>V\u00e1ch k\u00ednh l\u00e0 d\u00f2ng s\u1ea3n ph\u1ea9m v\u00e1ch ng\u0103n \u0111\u01b0\u1ee3c thi\u1ebft k\u1ebf v\u1edbi kh\u1ed1i m\u00e0u trong su\u1ed1t, tinh khi\u1ebft, trong v\u00e0 sang. L\u00e0 gi\u1ea3i ph\u00e1p m\u1edbi thay th\u1ebf cho ph\u01b0\u01a1ng ph\u00e1p trang tr\u00ed truy\u1ec1n th\u1ed1ng nh\u01b0 t\u01b0\u1eddng g\u1ea1ch &#8211; v\u00e1ch g\u1ed7,\u00a0 gi\u00fap t\u0103ng t\u00ednh th\u1ea9m m\u1ef9 t\u1ea1o s\u1ef1\u00a0T\u01b0\u01a1i m\u1edbi &#8211; Hi\u1ec7n \u0111\u1ea1i &#8211; Sang tr\u1ecdng. K\u00ednh [&#8230;]\n","protected":false},"author":1,"featured_media":0,"parent":0,"menu_order":0,"comment_status":"closed","ping_status":"closed","template":"","meta":[],"_links":{"self":[{"href":"https:\/\/webmaibinh.com\/w\/cuanhom12011\/wp-json\/wp\/v2\/pages\/46"}],"collection":[{"href":"https:\/\/webmaibinh.com\/w\/cuanhom12011\/wp-json\/wp\/v2\/pages"}],"about":[{"href":"https:\/\/webmaibinh.com\/w\/cuanhom12011\/wp-json\/wp\/v2\/types\/page"}],"author":[{"embeddable":true,"href":"https:\/\/webmaibinh.com\/w\/cuanhom12011\/wp-json\/wp\/v2\/users\/1"}],"replies":[{"embeddable":true,"href":"https:\/\/webmaibinh.com\/w\/cuanhom12011\/wp-json\/wp\/v2\/comments?post=46"}],"version-history":[{"count":2,"href":"https:\/\/webmaibinh.com\/w\/cuanhom12011\/wp-json\/wp\/v2\/pages\/46\/revisions"}],"predecessor-version":[{"id":504,"href":"https:\/\/webmaibinh.com\/w\/cuanhom12011\/wp-json\/wp\/v2\/pages\/46\/revisions\/504"}],"wp:attachment":[{"href":"https:\/\/webmaibinh.com\/w\/cuanhom12011\/wp-json\/wp\/v2\/media?parent=46"}],"curies":[{"name":"wp","href":"https:\/\/api.w.org\/{rel}","templated":true}]}}