{"id":40,"date":"2020-01-24T03:12:17","date_gmt":"2020-01-24T03:12:17","guid":{"rendered":"http:\/\/demo33.muathemewordpress.net\/?page_id=40"},"modified":"2020-01-25T17:56:46","modified_gmt":"2020-01-25T17:56:46","slug":"cua-nhom","status":"publish","type":"page","link":"https:\/\/webmaibinh.com\/w\/cuanhom12011\/cua-nhom\/","title":{"rendered":"C\u1eeda nh\u00f4m"},"content":{"rendered":"\t<section class=\"section bg-patern-sago\" id=\"section_1140689254\">\n\t\t<div class=\"bg section-bg fill bg-fill  bg-loaded\" >\n\n\t\t\t\n\t\t\t\n\t\t\t\n\n\t\t<\/div>\n\n\t\t<div class=\"section-content relative\">\n\t\t\t\n<div class=\"row\"  id=\"row-1844563432\">\n\n\t<div id=\"col-1711359067\" class=\"col medium-6 small-12 large-6\"  >\n\t\t<div class=\"col-inner\"  >\n\t\t\t\n\t\t\t\n\t<div class=\"img has-hover x md-x lg-x y md-y lg-y\" id=\"image_76809543\">\n\t\t\t\t\t\t\t\t<div class=\"img-inner dark\" >\n\t\t\t<img width=\"805\" height=\"601\" src=\"https:\/\/webmaibinh.com\/w\/cuanhom12011\/wp-content\/uploads\/2020\/01\/Cua-nhom-Schueco-1-e1579974946781.jpg\" class=\"attachment-large size-large\" alt=\"\" loading=\"lazy\" srcset=\"https:\/\/webmaibinh.com\/w\/cuanhom12011\/wp-content\/uploads\/2020\/01\/Cua-nhom-Schueco-1-e1579974946781.jpg 805w, https:\/\/webmaibinh.com\/w\/cuanhom12011\/wp-content\/uploads\/2020\/01\/Cua-nhom-Schueco-1-e1579974946781-536x400.jpg 536w, https:\/\/webmaibinh.com\/w\/cuanhom12011\/wp-content\/uploads\/2020\/01\/Cua-nhom-Schueco-1-e1579974946781-768x573.jpg 768w, https:\/\/webmaibinh.com\/w\/cuanhom12011\/wp-content\/uploads\/2020\/01\/Cua-nhom-Schueco-1-e1579974946781-600x448.jpg 600w\" sizes=\"(max-width: 805px) 100vw, 805px\" \/>\t\t\t\t\t\t\n\t\t\t\t\t<\/div>\n\t\t\t\t\t\t\t\t\n<style>\n#image_76809543 {\n  width: 100%;\n}\n<\/style>\n\t<\/div>\n\t\n\t\t<\/div>\n\t\t\t<\/div>\n\n\t\n\n\t<div id=\"col-1908923547\" class=\"col medium-6 small-12 large-6\"  >\n\t\t<div class=\"col-inner text-left\"  >\n\t\t\t\n\t\t\t\n<h2><span style=\"color: #2ab56f;\">C\u1eeda nh\u00f4m<\/span><\/h2>\n<div class=\"is-divider divider clearfix\" style=\"margin-top:0.0em;margin-bottom:0.0em;max-width:64px;height:2px;background-color:rgb(42, 181, 111);\"><\/div>\n\t<div id=\"gap-282925611\" class=\"gap-element clearfix\" style=\"display:block; height:auto;\">\n\t\t\n<style>\n#gap-282925611 {\n  padding-top: 5px;\n}\n<\/style>\n\t<\/div>\n\t\n<p><span style=\"font-size: 85%; color: #2ab56f;\"><strong>I. T\u1ed4NG QUAN<\/strong><\/span><\/p>\n<p><span style=\"font-size: 85%;\"><b>Euro Space\u00a0<\/b>l\u1ef1a ch\u1ecdn h\u1ec7 Profile \u0111\u01b0\u1ee3c s\u1ea3n xu\u1ea5t tr\u00ean thi\u1ebft b\u1ecb, d\u00e2y chuy\u1ec1n nh\u1eadp kh\u1ea9u t\u1eeb \u0110\u1ee9c, Nh\u1eadt B\u1ea3n, &#8230;<\/span><\/p>\n<p><span style=\"font-size: 85%;\">T\u1ed1i \u01b0u v\u1ec1 c\u00f4ng ngh\u1ec7 l\u1ecdc t\u1ea1p ch\u1ea5t, x\u1eed l\u00fd ch\u1ed1ng oxi h\u00f3a b\u1ec1 m\u1eb7t, x\u1eed l\u00fd ch\u1ed1ng tr\u1ea7y n\u01b0\u1edbc s\u01a1n, \u0111\u1ed9 d\u00e0y ti\u00eau chu\u1ea9n 1.4 &#8211; 2mm, c\u1ea5u t\u1ea1o khoang v\u1eefng ch\u1eafc mang l\u1ea1i s\u1ef1 b\u1ec1n v\u1eefng, an to\u00e0n cho c\u00f4ng tr\u00ecnh v\u00e0 s\u1ef1 y\u00ean t\u00e2m cho ng\u01b0\u1eddi s\u1eed d\u1ee5ng.<\/span><\/p>\n<p><span style=\"font-size: 85%; color: #2ab56f;\"><strong>II. NH\u1eeeNG T\u00cdNH N\u0102NG N\u1ed4I B\u1eacT C\u1ee6A C\u1eecA NH\u00d4M<\/strong><\/span><\/p>\n<p><span style=\"font-size: 85%;\">\u2022 \u00a0C\u00f3 kh\u1ea3 n\u0103ng c\u00e1ch \u00e2m, c\u00e1ch nhi\u1ec7t t\u1ed1t<\/span><\/p>\n<p><span style=\"font-size: 85%;\">\u2022 \u00a0\u0110\u1ed9 b\u00ean cao, ch\u1ecbu l\u1ef1c t\u1ed1t<\/span><\/p>\n<p><span style=\"font-size: 85%;\">\u2022 \u00a0T\u00ednh an to\u00e0n cao<\/span><\/p>\n<p><span style=\"font-size: 85%;\">\u2022 \u00a0Gi\u1ea3m tr\u1ecdng t\u1ea3i cho c\u00f4ng tr\u00ecnh<\/span><\/p>\n<p><span style=\"font-size: 85%;\">\u2022 \u00a0\u0110a d\u1ea1ng v\u1ec1 m\u00e0u s\u1eafc, t\u1ea1o h\u00ecnh ph\u00f9 h\u1ee3p nhi\u1ec1u m\u1eabu ki\u1ebfn tr\u00fac.<\/span><\/p>\n<p><span style=\"font-size: 85%; color: #2ab56f;\"><strong>III. C\u00c1C B\u1ed8 PH\u1eacN C\u1ea4U TH\u00c0NH C\u1eecA NH\u00d4M:<\/strong><\/span><\/p>\n<p><span style=\"font-size: 85%;\">\u2022 \u00a0Thanh Profile<\/span><\/p>\n<p><span style=\"font-size: 85%;\">\u2022 \u00a0Ph\u1ee5 ki\u1ec7n kim kh\u00ed<\/span><\/p>\n<p><span style=\"font-size: 85%;\">\u2022 \u00a0K\u00ednh<\/span><\/p>\n<p><span style=\"font-size: 85%;\">\u2022\u00a0 H\u1ec7 gio\u0103ng, v\u1eadt t\u01b0 ph\u1ee5<\/span><\/p>\n\t\t<\/div>\n\t\t\t<\/div>\n\n\t\n<\/div>\n\t\t<\/div>\n\n\t\t\n<style>\n#section_1140689254 {\n  padding-top: 30px;\n  padding-bottom: 30px;\n}\n<\/style>\n\t<\/section>\n\t\n","protected":false},"excerpt":{"rendered":"","protected":false},"author":1,"featured_media":0,"parent":0,"menu_order":0,"comment_status":"closed","ping_status":"closed","template":"page-blank.php","meta":[],"_links":{"self":[{"href":"https:\/\/webmaibinh.com\/w\/cuanhom12011\/wp-json\/wp\/v2\/pages\/40"}],"collection":[{"href":"https:\/\/webmaibinh.com\/w\/cuanhom12011\/wp-json\/wp\/v2\/pages"}],"about":[{"href":"https:\/\/webmaibinh.com\/w\/cuanhom12011\/wp-json\/wp\/v2\/types\/page"}],"author":[{"embeddable":true,"href":"https:\/\/webmaibinh.com\/w\/cuanhom12011\/wp-json\/wp\/v2\/users\/1"}],"replies":[{"embeddable":true,"href":"https:\/\/webmaibinh.com\/w\/cuanhom12011\/wp-json\/wp\/v2\/comments?post=40"}],"version-history":[{"count":4,"href":"https:\/\/webmaibinh.com\/w\/cuanhom12011\/wp-json\/wp\/v2\/pages\/40\/revisions"}],"predecessor-version":[{"id":612,"href":"https:\/\/webmaibinh.com\/w\/cuanhom12011\/wp-json\/wp\/v2\/pages\/40\/revisions\/612"}],"wp:attachment":[{"href":"https:\/\/webmaibinh.com\/w\/cuanhom12011\/wp-json\/wp\/v2\/media?parent=40"}],"curies":[{"name":"wp","href":"https:\/\/api.w.org\/{rel}","templated":true}]}}