{"id":35,"date":"2020-01-24T03:11:34","date_gmt":"2020-01-24T03:11:34","guid":{"rendered":"http:\/\/demo33.muathemewordpress.net\/?page_id=35"},"modified":"2020-05-22T16:07:14","modified_gmt":"2020-05-22T09:07:14","slug":"lien-he","status":"publish","type":"page","link":"https:\/\/webmaibinh.com\/w\/cuanhom12011\/lien-he\/","title":{"rendered":"Li\u00ean h\u1ec7"},"content":{"rendered":"<p style=\"text-align: center;\">Li\u00ean h\u1ec7 v\u1edbi EuroSpace qua \u0111\u1ecba ch\u1ec9, \u0111i\u1ec7n tho\u1ea1i, email v\u00e0 website ho\u1eb7c g\u1eedi th\u01b0 b\u1eb1ng c\u00e1ch \u0111i\u1ec1n th\u00f4ng tin v\u00e0o <br \/>form d\u01b0\u1edbi \u0111\u00e2y, ch\u00fang t\u00f4i s\u1ebd h\u1ed7 tr\u1ee3 b\u1ea1n trong th\u1eddi gian nhanh nh\u1ea5t<\/p>\n\t<div id=\"gap-735146883\" class=\"gap-element clearfix\" style=\"display:block; height:auto;\">\n\t\t\n<style>\n#gap-735146883 {\n  padding-top: 30px;\n}\n<\/style>\n\t<\/div>\n\t\n<div class=\"row\"  id=\"row-1140908818\">\n\n\t<div id=\"col-622729694\" class=\"col medium-6 small-12 large-6\"  >\n\t\t<div class=\"col-inner\"  >\n\t\t\t\n\t\t\t\n\t<div class=\"img has-hover x md-x lg-x y md-y lg-y\" id=\"image_1060739441\">\n\t\t\t\t\t\t\t\t<div class=\"img-inner dark\" >\n\t\t\t<img width=\"1020\" height=\"519\" src=\"https:\/\/webmaibinh.com\/w\/cuanhom12011\/wp-content\/uploads\/2020\/01\/contact-image.jpg\" class=\"attachment-large size-large\" alt=\"\" loading=\"lazy\" srcset=\"https:\/\/webmaibinh.com\/w\/cuanhom12011\/wp-content\/uploads\/2020\/01\/contact-image.jpg 1140w, https:\/\/webmaibinh.com\/w\/cuanhom12011\/wp-content\/uploads\/2020\/01\/contact-image-786x400.jpg 786w, https:\/\/webmaibinh.com\/w\/cuanhom12011\/wp-content\/uploads\/2020\/01\/contact-image-768x391.jpg 768w, https:\/\/webmaibinh.com\/w\/cuanhom12011\/wp-content\/uploads\/2020\/01\/contact-image-600x305.jpg 600w\" sizes=\"(max-width: 1020px) 100vw, 1020px\" \/>\t\t\t\t\t\t\n\t\t\t\t\t<\/div>\n\t\t\t\t\t\t\t\t\n<style>\n#image_1060739441 {\n  width: 100%;\n}\n<\/style>\n\t<\/div>\n\t\n<div class=\"row\"  id=\"row-1884793506\">\n\n\t<div id=\"col-1269913850\" class=\"col medium-6 small-12 large-6\"  >\n\t\t<div class=\"col-inner\"  >\n\t\t\t\n\t\t\t\n\n\t\t<div class=\"icon-box featured-box icon-box-left text-left\"  >\n\t\t\t\t\t<div class=\"icon-box-img\" style=\"width: 25px\">\n\t\t\t\t<div class=\"icon\">\n\t\t\t\t\t<div class=\"icon-inner\" >\n\t\t\t\t\t\t<img width=\"64\" height=\"64\" src=\"https:\/\/webmaibinh.com\/w\/cuanhom12011\/wp-content\/uploads\/2020\/01\/company.png\" class=\"attachment-medium size-medium\" alt=\"\" loading=\"lazy\" \/>\t\t\t\t\t<\/div>\n\t\t\t\t<\/div>\n\t\t\t<\/div>\n\t\t\t\t<div class=\"icon-box-text last-reset\">\n\t\t\t\t\t\t\t\t\t\n<p style=\"margin-bottom:0em;\">\u0110\u1ecba ch\u1ec9\n<\/p>\n<p style=\"margin-bottom:0em;\">Ph\u1ea1m V\u0103n B\u1ea1ch, P. 15, Q. T\u00e2n B\u00ecnh, Tp. HCM<\/p>\n\t\t<\/div>\n\t<\/div>\n\t\n\t\n\t\t<\/div>\n\t\t\t<\/div>\n\n\t\n\n\t<div id=\"col-3664106\" class=\"col medium-6 small-12 large-6\"  >\n\t\t<div class=\"col-inner\"  >\n\t\t\t\n\t\t\t\n\n\t\t<div class=\"icon-box featured-box icon-box-left text-left\"  >\n\t\t\t\t\t<div class=\"icon-box-img\" style=\"width: 25px\">\n\t\t\t\t<div class=\"icon\">\n\t\t\t\t\t<div class=\"icon-inner\" >\n\t\t\t\t\t\t<img width=\"32\" height=\"32\" src=\"https:\/\/webmaibinh.com\/w\/cuanhom12011\/wp-content\/uploads\/2020\/01\/call.png\" class=\"attachment-medium size-medium\" alt=\"\" loading=\"lazy\" \/>\t\t\t\t\t<\/div>\n\t\t\t\t<\/div>\n\t\t\t<\/div>\n\t\t\t\t<div class=\"icon-box-text last-reset\">\n\t\t\t\t\t\t\t\t\t\n<p style=\"margin-bottom:0em;\">\u0110i\u1ec7n tho\u1ea1i\n<\/p>\n<p style=\"margin-bottom:0em;\">0999.999.999 &#8211; 0999.999.999<\/p>\n\t\t<\/div>\n\t<\/div>\n\t\n\t\n\t\t<\/div>\n\t\t\t<\/div>\n\n\t\n\n\t<div id=\"col-1830346835\" class=\"col medium-6 small-12 large-6\"  >\n\t\t<div class=\"col-inner\"  >\n\t\t\t\n\t\t\t\n\n\t\t<div class=\"icon-box featured-box icon-box-left text-left\"  >\n\t\t\t\t\t<div class=\"icon-box-img\" style=\"width: 25px\">\n\t\t\t\t<div class=\"icon\">\n\t\t\t\t\t<div class=\"icon-inner\" >\n\t\t\t\t\t\t<img width=\"32\" height=\"32\" src=\"https:\/\/webmaibinh.com\/w\/cuanhom12011\/wp-content\/uploads\/2020\/01\/envelope.png\" class=\"attachment-medium size-medium\" alt=\"\" loading=\"lazy\" \/>\t\t\t\t\t<\/div>\n\t\t\t\t<\/div>\n\t\t\t<\/div>\n\t\t\t\t<div class=\"icon-box-text last-reset\">\n\t\t\t\t\t\t\t\t\t\n<p style=\"margin-bottom:0em;\">Email\n<\/p>\n<p style=\"margin-bottom:0em;\">email@gmail.com<\/p>\n\t\t<\/div>\n\t<\/div>\n\t\n\t\n\t\t<\/div>\n\t\t\t<\/div>\n\n\t\n\n\t<div id=\"col-1514637400\" class=\"col medium-6 small-12 large-6\"  >\n\t\t<div class=\"col-inner\"  >\n\t\t\t\n\t\t\t\n\n\t\t<div class=\"icon-box featured-box icon-box-left text-left\"  >\n\t\t\t\t\t<div class=\"icon-box-img\" style=\"width: 25px\">\n\t\t\t\t<div class=\"icon\">\n\t\t\t\t\t<div class=\"icon-inner\" >\n\t\t\t\t\t\t<img width=\"64\" height=\"64\" src=\"https:\/\/webmaibinh.com\/w\/cuanhom12011\/wp-content\/uploads\/2020\/01\/global.png\" class=\"attachment-medium size-medium\" alt=\"\" loading=\"lazy\" \/>\t\t\t\t\t<\/div>\n\t\t\t\t<\/div>\n\t\t\t<\/div>\n\t\t\t\t<div class=\"icon-box-text last-reset\">\n\t\t\t\t\t\t\t\t\t\n<p style=\"margin-bottom:0em;\">Website\n<\/p>\n<p style=\"margin-bottom:0em;\">www.tenweb.net<\/p>\n\t\t<\/div>\n\t<\/div>\n\t\n\t\n\t\t<\/div>\n\t\t\t<\/div>\n\n\t\n<\/div>\n\t\t<\/div>\n\t\t\t<\/div>\n\n\t\n\n\t<div id=\"col-19680290\" class=\"col medium-6 small-12 large-6\"  >\n\t\t<div class=\"col-inner\"  >\n\t\t\t\n\t\t\t\n<div role=\"form\" class=\"wpcf7\" id=\"wpcf7-f8-o1\" lang=\"en-US\" dir=\"ltr\">\n<div class=\"screen-reader-response\"><p role=\"status\" aria-live=\"polite\" aria-atomic=\"true\"><\/p> <ul><\/ul><\/div>\n<form action=\"\/w\/cuanhom12011\/wp-json\/wp\/v2\/pages\/35#wpcf7-f8-o1\" method=\"post\" class=\"wpcf7-form init\" novalidate=\"novalidate\" data-status=\"init\">\n<div style=\"display: none;\">\n<input type=\"hidden\" name=\"_wpcf7\" value=\"8\" \/>\n<input type=\"hidden\" name=\"_wpcf7_version\" value=\"5.3\" \/>\n<input type=\"hidden\" name=\"_wpcf7_locale\" value=\"en_US\" \/>\n<input type=\"hidden\" name=\"_wpcf7_unit_tag\" value=\"wpcf7-f8-o1\" \/>\n<input type=\"hidden\" name=\"_wpcf7_container_post\" value=\"0\" \/>\n<input type=\"hidden\" name=\"_wpcf7_posted_data_hash\" value=\"\" \/>\n<\/div>\n<div class=\"form-flat sago-form\">\n<span class=\"wpcf7-form-control-wrap your-name\"><input type=\"text\" name=\"your-name\" value=\"\" size=\"40\" class=\"wpcf7-form-control wpcf7-text wpcf7-validates-as-required\" aria-required=\"true\" aria-invalid=\"false\" placeholder=\"H\u1ecd t\u00ean*\" \/><\/span><\/p>\n<p><span class=\"wpcf7-form-control-wrap tel-394\"><input type=\"tel\" name=\"tel-394\" value=\"\" size=\"40\" class=\"wpcf7-form-control wpcf7-text wpcf7-tel wpcf7-validates-as-required wpcf7-validates-as-tel\" aria-required=\"true\" aria-invalid=\"false\" placeholder=\"S\u1ed1 \u0111i\u1ec7n tho\u1ea1i*\" \/><\/span> <\/p>\n<p><span class=\"wpcf7-form-control-wrap your-email\"><input type=\"email\" name=\"your-email\" value=\"\" size=\"40\" class=\"wpcf7-form-control wpcf7-text wpcf7-email wpcf7-validates-as-required wpcf7-validates-as-email\" aria-required=\"true\" aria-invalid=\"false\" placeholder=\"Email*\" \/><\/span> <\/p>\n<p><span class=\"wpcf7-form-control-wrap your-message\"><textarea name=\"your-message\" cols=\"40\" rows=\"10\" class=\"wpcf7-form-control wpcf7-textarea\" aria-invalid=\"false\" placeholder=\"N\u1ed9i dung li\u00ean l\u1ea1c\"><\/textarea><\/span> <\/p>\n<div class=\"row\">\n<div class=\"col medium-6 small-12 large-6 sago-no-padding-bottom\">\n<div class=\"col-inner\">\n\t\t\t\t\t\t<input type=\"submit\" value=\"G\u1eecI TIN NH\u1ea4N\" class=\"wpcf7-form-control wpcf7-submit button\" \/>\n\t\t\t\t\t<\/div>\n<\/p><\/div>\n<div class=\"col medium-6 small-12 large-6 sago-no-padding-bottom\">\n<div class=\"col-inner\">\n\t\t\t\t\t\t<input type=\"reset\" value=\"Nh\u1eadp l\u1ea1i\" \/>\n\t\t\t\t\t<\/div>\n<\/p><\/div>\n<\/div>\n<\/div>\n<div class=\"wpcf7-response-output\" aria-hidden=\"true\"><\/div><\/form><\/div>\n\t\t<\/div>\n\t\t\t<\/div>\n\n\t\n<\/div>\n<p><iframe src=\"https:\/\/www.google.com\/maps\/embed?pb=!1m18!1m12!1m3!1d3833.8248848827448!2d108.13211171536096!3d16.074574443563197!2m3!1f0!2f0!3f0!3m2!1i1024!2i768!4f13.1!3m3!1m2!1s0x31421f259cc2ed65%3A0x6d249bd1f22aacc5!2zVGhp4bq_dCBL4bq_IFdlYnNpdGUgU0FHTyAtIMSQw6AgTuG6tW5n!5e0!3m2!1svi!2s!4v1579973159975!5m2!1svi!2s\" width=\"100%\" height=\"400\" frameborder=\"0\" style=\"border:0;\" allowfullscreen=\"\"><\/iframe><\/p>\n","protected":false},"excerpt":{"rendered":"<p>Li\u00ean h\u1ec7 v\u1edbi EuroSpace qua \u0111\u1ecba ch\u1ec9, \u0111i\u1ec7n tho\u1ea1i, email v\u00e0 website ho\u1eb7c g\u1eedi th\u01b0 b\u1eb1ng c\u00e1ch \u0111i\u1ec1n th\u00f4ng tin v\u00e0o form d\u01b0\u1edbi \u0111\u00e2y, ch\u00fang t\u00f4i s\u1ebd h\u1ed7 tr\u1ee3 b\u1ea1n trong th\u1eddi gian nhanh nh\u1ea5t<\/p>\n","protected":false},"author":1,"featured_media":0,"parent":0,"menu_order":0,"comment_status":"closed","ping_status":"closed","template":"","meta":[],"_links":{"self":[{"href":"https:\/\/webmaibinh.com\/w\/cuanhom12011\/wp-json\/wp\/v2\/pages\/35"}],"collection":[{"href":"https:\/\/webmaibinh.com\/w\/cuanhom12011\/wp-json\/wp\/v2\/pages"}],"about":[{"href":"https:\/\/webmaibinh.com\/w\/cuanhom12011\/wp-json\/wp\/v2\/types\/page"}],"author":[{"embeddable":true,"href":"https:\/\/webmaibinh.com\/w\/cuanhom12011\/wp-json\/wp\/v2\/users\/1"}],"replies":[{"embeddable":true,"href":"https:\/\/webmaibinh.com\/w\/cuanhom12011\/wp-json\/wp\/v2\/comments?post=35"}],"version-history":[{"count":9,"href":"https:\/\/webmaibinh.com\/w\/cuanhom12011\/wp-json\/wp\/v2\/pages\/35\/revisions"}],"predecessor-version":[{"id":650,"href":"https:\/\/webmaibinh.com\/w\/cuanhom12011\/wp-json\/wp\/v2\/pages\/35\/revisions\/650"}],"wp:attachment":[{"href":"https:\/\/webmaibinh.com\/w\/cuanhom12011\/wp-json\/wp\/v2\/media?parent=35"}],"curies":[{"name":"wp","href":"https:\/\/api.w.org\/{rel}","templated":true}]}}