{"id":33,"date":"2020-01-24T03:11:22","date_gmt":"2020-01-24T03:11:22","guid":{"rendered":"http:\/\/demo33.muathemewordpress.net\/?page_id=33"},"modified":"2020-01-25T08:41:27","modified_gmt":"2020-01-25T08:41:27","slug":"cau-hoi-thuong-gap","status":"publish","type":"page","link":"https:\/\/webmaibinh.com\/w\/cuanhom12011\/cau-hoi-thuong-gap\/","title":{"rendered":"C\u00e2u h\u1ecfi th\u01b0\u1eddng g\u1eb7p"},"content":{"rendered":"<div class=\"accordion\" rel=\"1\">\n<div class=\"accordion-item\"><a href=\"#\" class=\"accordion-title plain\"><button class=\"toggle\"><i class=\"icon-angle-down\"><\/i><\/button><span>L\u00fd do s\u1ea3n ph\u1ea9m c\u1eeda nh\u00f4m cao c\u1ea5p - c\u1eeda nh\u1ef1a l\u00f5i th\u00e9p c\u1ee7a Euro Space \u0111\u01b0\u1ee3c kh\u00e1ch h\u00e0ng tin d\u00f9ng ?<\/span><\/a><div class=\"accordion-inner\">\n<p>S\u1ea3n ph\u1ea9m c\u1eeda nh\u00f4m cao c\u1ea5p &#8211; c\u1eeda nh\u1ef1a l\u00f5i th\u00e9p s\u1ea3n xu\u1ea5t tr\u00ean d\u00e2y chuy\u1ec1n m\u00e1y m\u00f3c hi\u1ec7n \u0111\u1ea1i \u0111\u01b0\u1ee3c nh\u1eadp kh\u1ea9u m\u1edbi 100% t\u1eeb Ch\u00e2u \u00c2u, \u0111\u1ea1t \u0111\u1ed9 chu\u1ea9n x\u00e1c t\u1ed1i \u01b0u; Ch\u1ea5t l\u01b0\u1ee3ng nguy\u00ean li\u1ec7u \u0111\u1ea7u v\u00e0o \u0111\u01b0\u1ee3c nh\u1eadp kh\u1ea9u t\u1eeb c\u00e1c Qu\u1ed1c gia: \u0110\u1ee9c, B\u1ec9, Th\u1ed5 Nh\u0129 K\u1ef3,&#8230; C\u00f9ng \u0111\u1ed9i ng\u0169 s\u1ea3n xu\u1ea5t t\u1eeb nh\u1eefng k\u1ef9 s\u01b0 nhi\u1ec1u n\u0103m kinh nghi\u1ec7m, chuy\u00ean m\u00f4n cao &#8230;\n<\/p>\n<\/div><\/div>\n<div class=\"accordion-item\"><a href=\"#\" class=\"accordion-title plain\"><button class=\"toggle\"><i class=\"icon-angle-down\"><\/i><\/button><span>Euro Space l\u00e0 ai?<\/span><\/a><div class=\"accordion-inner\">\n<p>S\u1ea3n ph\u1ea9m c\u1eeda nh\u00f4m cao c\u1ea5p &#8211; c\u1eeda nh\u1ef1a l\u00f5i th\u00e9p s\u1ea3n xu\u1ea5t tr\u00ean d\u00e2y chuy\u1ec1n m\u00e1y m\u00f3c hi\u1ec7n \u0111\u1ea1i \u0111\u01b0\u1ee3c nh\u1eadp kh\u1ea9u m\u1edbi 100% t\u1eeb Ch\u00e2u \u00c2u, \u0111\u1ea1t \u0111\u1ed9 chu\u1ea9n x\u00e1c t\u1ed1i \u01b0u; Ch\u1ea5t l\u01b0\u1ee3ng nguy\u00ean li\u1ec7u \u0111\u1ea7u v\u00e0o \u0111\u01b0\u1ee3c nh\u1eadp kh\u1ea9u t\u1eeb c\u00e1c Qu\u1ed1c gia: \u0110\u1ee9c, B\u1ec9, Th\u1ed5 Nh\u0129 K\u1ef3,&#8230; C\u00f9ng \u0111\u1ed9i ng\u0169 s\u1ea3n xu\u1ea5t t\u1eeb nh\u1eefng k\u1ef9 s\u01b0 nhi\u1ec1u n\u0103m kinh nghi\u1ec7m, chuy\u00ean m\u00f4n cao &#8230;\n<\/p>\n<\/div><\/div>\n<div class=\"accordion-item\"><a href=\"#\" class=\"accordion-title plain\"><button class=\"toggle\"><i class=\"icon-angle-down\"><\/i><\/button><span>Anh (ch\u1ecb) cho h\u1ecfi v\u00e1ch k\u00ednh c\u1eeda ra v\u00e0o thanh \u0111\u1ee9ng h\u1ed9p 50x100 thanh ngan 50x60 cao 2,4m h\u1ec7 tr\u00ean d\u00e0y bao nhi\u00eau (v\u00e1ch k\u00ednh Cao 4m, r\u1ed9ng 4.9m, k\u00ednh c\u01b0\u1eddng l\u1ef1c 10mm) c\u00e1ch nh\u1eadn di\u1ec7n s\u1ea3n ph\u1ea9m c\u1ee7a c\u00f4ng ty?<\/span><\/a><div class=\"accordion-inner\">\n<p>S\u1ea3n ph\u1ea9m c\u1eeda nh\u00f4m cao c\u1ea5p &#8211; c\u1eeda nh\u1ef1a l\u00f5i th\u00e9p s\u1ea3n xu\u1ea5t tr\u00ean d\u00e2y chuy\u1ec1n m\u00e1y m\u00f3c hi\u1ec7n \u0111\u1ea1i \u0111\u01b0\u1ee3c nh\u1eadp kh\u1ea9u m\u1edbi 100% t\u1eeb Ch\u00e2u \u00c2u, \u0111\u1ea1t \u0111\u1ed9 chu\u1ea9n x\u00e1c t\u1ed1i \u01b0u; Ch\u1ea5t l\u01b0\u1ee3ng nguy\u00ean li\u1ec7u \u0111\u1ea7u v\u00e0o \u0111\u01b0\u1ee3c nh\u1eadp kh\u1ea9u t\u1eeb c\u00e1c Qu\u1ed1c gia: \u0110\u1ee9c, B\u1ec9, Th\u1ed5 Nh\u0129 K\u1ef3,&#8230; C\u00f9ng \u0111\u1ed9i ng\u0169 s\u1ea3n xu\u1ea5t t\u1eeb nh\u1eefng k\u1ef9 s\u01b0 nhi\u1ec1u n\u0103m kinh nghi\u1ec7m, chuy\u00ean m\u00f4n cao &#8230;<\/p>\n<\/div><\/div>\n<\/div>\n","protected":false},"excerpt":{"rendered":"","protected":false},"author":1,"featured_media":0,"parent":0,"menu_order":0,"comment_status":"closed","ping_status":"closed","template":"","meta":[],"_links":{"self":[{"href":"https:\/\/webmaibinh.com\/w\/cuanhom12011\/wp-json\/wp\/v2\/pages\/33"}],"collection":[{"href":"https:\/\/webmaibinh.com\/w\/cuanhom12011\/wp-json\/wp\/v2\/pages"}],"about":[{"href":"https:\/\/webmaibinh.com\/w\/cuanhom12011\/wp-json\/wp\/v2\/types\/page"}],"author":[{"embeddable":true,"href":"https:\/\/webmaibinh.com\/w\/cuanhom12011\/wp-json\/wp\/v2\/users\/1"}],"replies":[{"embeddable":true,"href":"https:\/\/webmaibinh.com\/w\/cuanhom12011\/wp-json\/wp\/v2\/comments?post=33"}],"version-history":[{"count":2,"href":"https:\/\/webmaibinh.com\/w\/cuanhom12011\/wp-json\/wp\/v2\/pages\/33\/revisions"}],"predecessor-version":[{"id":520,"href":"https:\/\/webmaibinh.com\/w\/cuanhom12011\/wp-json\/wp\/v2\/pages\/33\/revisions\/520"}],"wp:attachment":[{"href":"https:\/\/webmaibinh.com\/w\/cuanhom12011\/wp-json\/wp\/v2\/media?parent=33"}],"curies":[{"name":"wp","href":"https:\/\/api.w.org\/{rel}","templated":true}]}}