{"id":253,"date":"2019-03-01T08:15:46","date_gmt":"2019-03-01T08:15:46","guid":{"rendered":"http:\/\/cuacuon.khowebseotop.vn\/?page_id=253"},"modified":"2019-03-01T08:19:27","modified_gmt":"2019-03-01T08:19:27","slug":"gioi-thieu","status":"publish","type":"page","link":"https:\/\/webmaibinh.com\/w\/cuacuon2011\/gioi-thieu\/","title":{"rendered":"Gi\u1edbi thi\u1ec7u"},"content":{"rendered":"\t<section class=\"section\" id=\"section_846469112\">\n\t\t<div class=\"bg section-bg fill bg-fill  bg-loaded\" >\n\n\t\t\t\n\t\t\t\n\t\t\t\n\n\t\t<\/div>\n\n\t\t<div class=\"section-content relative\">\n\t\t\t\n<div class=\"row\" style=\"max-width:1350px\" id=\"row-1717229578\">\n\n\t<div id=\"col-1086098277\" class=\"col small-12 large-12\"  >\n\t\t<div class=\"col-inner\"  >\n\t\t\t\n\t\t\t\n  <div id=\"page-header-1148673044\" class=\"page-header-wrapper\">\n  <div class=\"page-title dark featured-title\">\n\n        <div class=\"page-title-bg\">\n      <div class=\"title-bg fill bg-fill\"\n        data-parallax-container=\".page-title\"\n        data-parallax-background\n        data-parallax=\"-\">\n      <\/div>\n      <div class=\"title-overlay fill\"><\/div>\n    <\/div>\n    \n    <div class=\"page-title-inner container align-center flex-row medium-flex-wrap\" >\n              <div class=\"title-wrapper flex-col text-left medium-text-center\">\n          <h1 class=\"entry-title mb-0\">\n            Gi\u1edbi thi\u1ec7u          <\/h1>\n        <\/div>\n                    <div class=\"title-content flex-col flex-right text-right medium-text-center\">\n              <\/div>\n    <\/div>\n\n     \n<style>\n#page-header-1148673044 .page-title-inner {\n  min-height: 300px;\n}\n#page-header-1148673044 .title-bg {\n  background-image: url(https:\/\/webmaibinh.com\/w\/cuacuon2011\/wp-content\/uploads\/2019\/03\/gioi-thieu.jpg);\n}\n<\/style>\n  <\/div>\n    <\/div>\n  \n\t\t<\/div>\n\t\t\t<\/div>\n\n\t\n<\/div>\n<div class=\"row row-gioi-thieu\"  id=\"row-1394970251\">\n\n\t<div id=\"col-1921013469\" class=\"col small-12 large-12\"  >\n\t\t<div class=\"col-inner\"  >\n\t\t\t\n\t\t\t\n<h3 class=\"title-intro01\">B\u00c0I VI\u1ebeT GI\u1edaI THI\u1ec6U V\u1ec0 C\u00d4NG TY<\/h3>\n<p class=\"summary-intro01\">N\u0103m 2003 \u0111\u00e1nh d\u1ea5u s\u1ef1 xu\u1ea5t hi\u1ec7n c\u1ee7a\u00a0Austdoor\u00a0tr\u00ean th\u1ecb tr\u01b0\u1eddng Vi\u1ec7t Nam. Tr\u1ea3i qua g\u1ea7n 14 n\u0103m, Austdoor ng\u00e0y c\u00e0ng l\u1edbn m\u1ea1nh v\u00e0 kh\u1eb3ng \u0111\u1ecbnh v\u1ecb tr\u00ed d\u1eabn \u0111\u1ea7u to\u00e0n qu\u1ed1c trong l\u0129nh v\u1ef1c s\u1ea3n xu\u1ea5t, kinh doanh c\u1eeda cu\u1ed1n ch\u1ea5t l\u01b0\u1ee3ng cao. \u0110\u1ebfn nay, Austdoor t\u1ef1 h\u00e0o ghi d\u1ea5u \u1ea5n th\u01b0\u01a1ng hi\u1ec7u t\u1edbi 65 t\u1ec9nh th\u00e0nh tr\u00ean c\u1ea3 n\u01b0\u1edbc v\u00e0 kh\u00f4ng ng\u1eebng m\u1edf r\u1ed9ng ho\u1ea1t \u0111\u1ed9ng t\u1ea1i c\u00e1c th\u1ecb tr\u01b0\u1eddng qu\u1ed1c t\u1ebf. Trong su\u1ed1t qu\u00e1 tr\u00ecnh ph\u00e1t tri\u1ec3n, Austdoor lu\u00f4n kh\u01a1i d\u1eady, l\u00e0m m\u1edbi ni\u1ec1m \u0111am m\u00ea, s\u1ef1 s\u00e1ng t\u1ea1o \u0111\u1ec3 chinh ph\u1ee5c v\u00e0 \u0111em l\u1ea1i nh\u1eefng gi\u00e1 tr\u1ecb tuy\u1ec7t v\u1eddi cho cu\u1ed9c s\u1ed1ng.<\/p>\n<p>\u00a0<\/p>\n\t\t<\/div>\n\t\t\t<\/div>\n\n\t\n<\/div>\n\t\t<\/div>\n\n\t\t\n<style>\n#section_846469112 {\n  padding-top: 0px;\n  padding-bottom: 0px;\n}\n<\/style>\n\t<\/section>\n\t\n","protected":false},"excerpt":{"rendered":"","protected":false},"author":1,"featured_media":0,"parent":0,"menu_order":0,"comment_status":"closed","ping_status":"closed","template":"page-blank.php","meta":[],"_links":{"self":[{"href":"https:\/\/webmaibinh.com\/w\/cuacuon2011\/wp-json\/wp\/v2\/pages\/253"}],"collection":[{"href":"https:\/\/webmaibinh.com\/w\/cuacuon2011\/wp-json\/wp\/v2\/pages"}],"about":[{"href":"https:\/\/webmaibinh.com\/w\/cuacuon2011\/wp-json\/wp\/v2\/types\/page"}],"author":[{"embeddable":true,"href":"https:\/\/webmaibinh.com\/w\/cuacuon2011\/wp-json\/wp\/v2\/users\/1"}],"replies":[{"embeddable":true,"href":"https:\/\/webmaibinh.com\/w\/cuacuon2011\/wp-json\/wp\/v2\/comments?post=253"}],"version-history":[{"count":2,"href":"https:\/\/webmaibinh.com\/w\/cuacuon2011\/wp-json\/wp\/v2\/pages\/253\/revisions"}],"predecessor-version":[{"id":256,"href":"https:\/\/webmaibinh.com\/w\/cuacuon2011\/wp-json\/wp\/v2\/pages\/253\/revisions\/256"}],"wp:attachment":[{"href":"https:\/\/webmaibinh.com\/w\/cuacuon2011\/wp-json\/wp\/v2\/media?parent=253"}],"curies":[{"name":"wp","href":"https:\/\/api.w.org\/{rel}","templated":true}]}}