{"id":128,"date":"2018-07-18T23:23:31","date_gmt":"2018-07-18T23:23:31","guid":{"rendered":"http:\/\/nuocdua.khowebseotop.vn\/?page_id=128"},"modified":"2024-03-05T22:01:04","modified_gmt":"2024-03-05T15:01:04","slug":"lich-su-phat-trien","status":"publish","type":"page","link":"https:\/\/webmaibinh.com\/w\/ctytrUOngxuAn\/lich-su-phat-trien\/","title":{"rendered":"L\u1ecbch s\u1eed ph\u00e1t tri\u1ec3n"},"content":{"rendered":"\n\t<section class=\"section\" id=\"section_1714757429\">\n\t\t<div class=\"bg section-bg fill bg-fill  bg-loaded\" >\n\n\t\t\t\n\t\t\t\n\t\t\t\n\n\t\t<\/div>\n\n\t\t<div class=\"section-content relative\">\n\t\t\t\n\n\t<div class=\"img has-hover x md-x lg-x y md-y lg-y\" id=\"image_1001049169\">\n\t\t\t\t\t\t\t\t<div class=\"img-inner dark\" >\n\t\t\t\t\t\t\t\t\t\n\t\t\t\t\t<\/div>\n\t\t\t\t\t\t\t\t\n<style>\n#image_1001049169 {\n  width: 100%;\n}\n<\/style>\n\t<\/div>\n\t\n\n\n\t\t<\/div>\n\n\t\t\n<style>\n#section_1714757429 {\n  padding-top: 0px;\n  padding-bottom: 0px;\n}\n<\/style>\n\t<\/section>\n\t\n\t<section class=\"section\" id=\"section_1577312262\">\n\t\t<div class=\"bg section-bg fill bg-fill  bg-loaded\" >\n\n\t\t\t\n\t\t\t\n\t\t\t\n\n\t\t<\/div>\n\n\t\t<div class=\"section-content relative\">\n\t\t\t\n\n<div class=\"row\"  id=\"row-765757078\">\n\n\n\t<div id=\"col-1923962564\" class=\"col medium-3 small-12 large-3\"  >\n\t\t<div class=\"col-inner\"  >\n\t\t\t\n\t\t\t\n\n<ul class=\"sidebar-wrapper ul-reset\"><\/ul>\n\n\n\t\t<\/div>\n\t\t\t<\/div>\n\n\t\n\n\t<div id=\"col-181424745\" class=\"col medium-9 small-12 large-9\"  >\n\t\t<div class=\"col-inner\"  >\n\t\t\t\n\t\t\t\n\n<h2 class=\"title-page gr-avo-33 text-uppercase\" style=\"text-align: justify;\">L\u1ecaCH S\u1eec PH\u00c1T TRI\u1ec2N<\/h2>\n<div class=\"show-content\">\n<h3 style=\"text-align: justify;\">\u0110\u1eb7t D\u1ea5u \u1ea4n Xanh &#8211; L\u1ecbch S\u1eed Ph\u00e1t Tri\u1ec3n c\u1ee7a C\u00d4NG TY TNHH TR\u01af\u1edcNG XU\u00c2N trong Ng\u00e0nh Thu Gom v\u00e0 X\u1eed L\u00fd R\u00e1c Th\u1ea3i<\/h3>\n<p style=\"text-align: justify;\"><em>C\u00f4ng ty TNHH Tr\u01b0\u1eddng Xu\u00e2n &#8211; Ch\u1eb7ng \u0110\u01b0\u1eddng Chuy\u1ec3n \u0110\u1ed5i R\u00e1c Th\u1ea3i Th\u00e0nh C\u01a1 H\u1ed9i B\u1ec1n V\u1eefng<\/em><\/p>\n<h3 style=\"text-align: justify;\"><strong>B\u1eaft \u0110\u1ea7u v\u1edbi S\u1ee9 M\u1ec7nh Xanh<\/strong><\/h3>\n<p style=\"text-align: justify;\">T\u1eeb nh\u1eefng ng\u00e0y \u0111\u1ea7u th\u00e0nh l\u1eadp, C\u00f4ng ty TNHH Tr\u01b0\u1eddng Xu\u00e2n \u0111\u00e3 ch\u1ecdn m\u00ecnh s\u1ee9 m\u1ec7nh cao c\u1ea3 &#8211; gi\u1ea3m thi\u1ec3u t\u00e1c \u0111\u1ed9ng c\u1ee7a r\u00e1c th\u1ea3i \u0111\u1ed1i v\u1edbi m\u00f4i tr\u01b0\u1eddng. B\u1eaft \u0111\u1ea7u v\u1edbi m\u1ed9t \u0111\u1ed9i ng\u0169 nh\u1ecf nh\u01b0ng \u0111\u1ea7y nhi\u1ec7t huy\u1ebft, c\u00f4ng ty \u0111\u00e3 t\u1eadn d\u1ee5ng c\u00e1c c\u00f4ng ngh\u1ec7 hi\u1ec7n \u0111\u1ea1i \u0111\u1ec3 t\u1ed1i \u01b0u h\u00f3a qu\u00e1 tr\u00ecnh thu gom v\u00e0 x\u1eed l\u00fd r\u00e1c th\u1ea3i.<\/p>\n<p><img loading=\"lazy\" class=\"aligncenter wp-image-571 size-full\" src=\"https:\/\/webmaibinh.com\/w\/ctytrUOngxuAn\/wp-content\/uploads\/2024\/03\/ANH-GT-TRUONG-XUAN3-1.jpg\" alt=\"ANH-GT-TRUONG-XUAN(3)\" width=\"800\" height=\"533\" srcset=\"https:\/\/webmaibinh.com\/w\/ctytrUOngxuAn\/wp-content\/uploads\/2024\/03\/ANH-GT-TRUONG-XUAN3-1.jpg 800w, https:\/\/webmaibinh.com\/w\/ctytrUOngxuAn\/wp-content\/uploads\/2024\/03\/ANH-GT-TRUONG-XUAN3-1-600x400.jpg 600w, https:\/\/webmaibinh.com\/w\/ctytrUOngxuAn\/wp-content\/uploads\/2024\/03\/ANH-GT-TRUONG-XUAN3-1-768x512.jpg 768w, https:\/\/webmaibinh.com\/w\/ctytrUOngxuAn\/wp-content\/uploads\/2024\/03\/ANH-GT-TRUONG-XUAN3-1-510x340.jpg 510w\" sizes=\"(max-width: 800px) 100vw, 800px\" \/><\/p>\n<h3 style=\"text-align: justify;\"><strong>\u0110\u1ed5i M\u1edbi trong Quy Tr\u00ecnh v\u00e0 C\u00f4ng Ngh\u1ec7<\/strong><\/h3>\n<p style=\"text-align: justify;\">V\u1edbi s\u1ef1 cam k\u1ebft \u0111\u1ed5i m\u1edbi, C\u00f4ng ty TNHH Tr\u01b0\u1eddng Xu\u00e2n \u0111\u00e3 \u0111\u01b0a v\u00e0o ho\u1ea1t \u0111\u1ed9ng c\u00e1c quy tr\u00ecnh v\u00e0 c\u00f4ng ngh\u1ec7 ti\u00ean ti\u1ebfn nh\u1ea5t trong ng\u00e0nh. H\u1ec7 th\u1ed1ng thu gom th\u00f4ng minh, x\u01b0\u1edfng x\u1eed l\u00fd hi\u1ec7n \u0111\u1ea1i, v\u00e0 c\u00e1c gi\u1ea3i ph\u00e1p t\u00e1i ch\u1ebf \u0111\u1ed9c \u0111\u00e1o \u0111\u1ec1u l\u00e0 nh\u1eefng b\u01b0\u1edbc ti\u1ebfn quan tr\u1ecdng gi\u00fap c\u00f4ng ty gi\u1ea3m l\u01b0\u1ee3ng r\u00e1c th\u1ea3i v\u00e0 t\u1ed1i \u01b0u h\u00f3a s\u1eed d\u1ee5ng ngu\u1ed3n l\u1ef1c.<\/p>\n<h3 style=\"text-align: justify;\"><strong>Ch\u01b0\u01a1ng Tr\u00ecnh T\u01b0 Duy N\u00e2ng Cao Nh\u1eadn Th\u1ee9c C\u1ed9ng \u0110\u1ed3ng<\/strong><\/h3>\n<p style=\"text-align: justify;\">Kh\u00f4ng ch\u1ec9 d\u1eebng l\u1ea1i \u1edf vi\u1ec7c x\u1eed l\u00fd r\u00e1c th\u1ea3i, C\u00f4ng ty TNHH Tr\u01b0\u1eddng Xu\u00e2n c\u00f2n ch\u00fa tr\u1ecdng \u0111\u1ebfn vi\u1ec7c t\u1ea1o ra nh\u1eadn th\u1ee9c trong c\u1ed9ng \u0111\u1ed3ng. C\u00e1c ch\u01b0\u01a1ng tr\u00ecnh t\u01b0 duy v\u00e0 gi\u00e1o d\u1ee5c m\u00f4i tr\u01b0\u1eddng \u0111\u01b0\u1ee3c t\u1ed5 ch\u1ee9c nh\u1eb1m h\u1ed7 tr\u1ee3 c\u1ed9ng \u0111\u1ed3ng hi\u1ec3u r\u00f5 h\u01a1n v\u1ec1 v\u1ea5n \u0111\u1ec1 r\u00e1c th\u1ea3i v\u00e0 c\u00e1ch h\u1ecd c\u00f3 th\u1ec3 \u0111\u00f3ng g\u00f3p v\u00e0o qu\u00e1 tr\u00ecnh b\u1ea3o v\u1ec7 m\u00f4i tr\u01b0\u1eddng.<\/p>\n<h3 style=\"text-align: justify;\"><strong>H\u00e0nh Tr\u00ecnh T\u1ea1o Ra Gi\u00e1 Tr\u1ecb B\u1ec1n V\u1eefng<\/strong><\/h3>\n<p style=\"text-align: justify;\">V\u1edbi s\u1ef1 h\u1ed7 tr\u1ee3 t\u1eeb \u0111\u1ed9i ng\u0169 nh\u00e2n vi\u00ean chuy\u00ean nghi\u1ec7p v\u00e0 \u0111am m\u00ea, C\u00f4ng ty TNHH Tr\u01b0\u1eddng Xu\u00e2n \u0111\u00e3 kh\u00f4ng ng\u1eebng m\u1edf r\u1ed9ng quy m\u00f4 v\u00e0 t\u1ea7m \u1ea3nh h\u01b0\u1edfng. H\u00e0nh tr\u00ecnh gi\u1ea3m thi\u1ec3u r\u00e1c th\u1ea3i c\u1ee7a c\u00f4ng ty kh\u00f4ng ch\u1ec9 mang l\u1ea1i l\u1ee3i \u00edch kinh t\u1ebf m\u00e0 c\u00f2n l\u00e0 m\u1ed9t \u0111\u00f3ng g\u00f3p t\u00edch c\u1ef1c v\u00e0o s\u1ef1 b\u1ec1n v\u1eefng c\u1ee7a h\u00e0nh tinh ch\u00fang ta.<\/p>\n<p><img loading=\"lazy\" class=\"aligncenter wp-image-572 size-full\" src=\"https:\/\/webmaibinh.com\/w\/ctytrUOngxuAn\/wp-content\/uploads\/2024\/03\/ANH-GT-TRUONG-XUAN4-1.jpg\" alt=\"ANH-GT-TRUONG-XUAN(4)\" width=\"800\" height=\"533\" srcset=\"https:\/\/webmaibinh.com\/w\/ctytrUOngxuAn\/wp-content\/uploads\/2024\/03\/ANH-GT-TRUONG-XUAN4-1.jpg 800w, https:\/\/webmaibinh.com\/w\/ctytrUOngxuAn\/wp-content\/uploads\/2024\/03\/ANH-GT-TRUONG-XUAN4-1-600x400.jpg 600w, https:\/\/webmaibinh.com\/w\/ctytrUOngxuAn\/wp-content\/uploads\/2024\/03\/ANH-GT-TRUONG-XUAN4-1-768x512.jpg 768w, https:\/\/webmaibinh.com\/w\/ctytrUOngxuAn\/wp-content\/uploads\/2024\/03\/ANH-GT-TRUONG-XUAN4-1-510x340.jpg 510w\" sizes=\"(max-width: 800px) 100vw, 800px\" \/><\/p>\n<h3 style=\"text-align: justify;\"><strong>T\u01b0\u01a1ng Lai H\u1ee9a H\u1eb9n &#8211; \u0110\u1ed1i T\u00e1c Tin C\u1eady cho M\u00f4i Tr\u01b0\u1eddng S\u1ea1ch S\u1ebd<\/strong><\/h3>\n<p style=\"text-align: justify;\">Hi\u1ec7n nay, C\u00f4ng ty TNHH Tr\u01b0\u1eddng Xu\u00e2n kh\u00f4ng ch\u1ec9 l\u00e0 \u0111\u1ed1i t\u00e1c tin c\u1eady trong l\u0129nh v\u1ef1c thu gom v\u00e0 x\u1eed l\u00fd r\u00e1c th\u1ea3i m\u00e0 c\u00f2n l\u00e0 ngu\u1ed3n \u0111\u1ed9ng vi\u00ean cho nh\u1eefng doanh nghi\u1ec7p kh\u00e1c. V\u1edbi t\u1ea7m nh\u00ecn b\u1ec1n v\u1eefng v\u00e0 cam k\u1ebft \u0111\u1ed5i m\u1edbi, c\u00f4ng ty ti\u1ebfp t\u1ee5c h\u01b0\u1edbng t\u1edbi m\u1ed9t t\u01b0\u01a1ng lai n\u01a1i m\u00e0 r\u00e1c th\u1ea3i kh\u00f4ng c\u00f2n l\u00e0 v\u1ea5n \u0111\u1ec1 \u0111e d\u1ecda m\u00f4i tr\u01b0\u1eddng.<\/p>\n<\/div>\n\n\t\t<\/div>\n\t\t\t<\/div>\n\n\t\n\n<\/div>\n\n\t\t<\/div>\n\n\t\t\n<style>\n#section_1577312262 {\n  padding-top: 30px;\n  padding-bottom: 30px;\n}\n<\/style>\n\t<\/section>\n\t\n\n","protected":false},"excerpt":{"rendered":"","protected":false},"author":1,"featured_media":0,"parent":0,"menu_order":0,"comment_status":"closed","ping_status":"closed","template":"page-blank.php","meta":[],"_links":{"self":[{"href":"https:\/\/webmaibinh.com\/w\/ctytrUOngxuAn\/wp-json\/wp\/v2\/pages\/128"}],"collection":[{"href":"https:\/\/webmaibinh.com\/w\/ctytrUOngxuAn\/wp-json\/wp\/v2\/pages"}],"about":[{"href":"https:\/\/webmaibinh.com\/w\/ctytrUOngxuAn\/wp-json\/wp\/v2\/types\/page"}],"author":[{"embeddable":true,"href":"https:\/\/webmaibinh.com\/w\/ctytrUOngxuAn\/wp-json\/wp\/v2\/users\/1"}],"replies":[{"embeddable":true,"href":"https:\/\/webmaibinh.com\/w\/ctytrUOngxuAn\/wp-json\/wp\/v2\/comments?post=128"}],"version-history":[{"count":8,"href":"https:\/\/webmaibinh.com\/w\/ctytrUOngxuAn\/wp-json\/wp\/v2\/pages\/128\/revisions"}],"predecessor-version":[{"id":575,"href":"https:\/\/webmaibinh.com\/w\/ctytrUOngxuAn\/wp-json\/wp\/v2\/pages\/128\/revisions\/575"}],"wp:attachment":[{"href":"https:\/\/webmaibinh.com\/w\/ctytrUOngxuAn\/wp-json\/wp\/v2\/media?parent=128"}],"curies":[{"name":"wp","href":"https:\/\/api.w.org\/{rel}","templated":true}]}}