{"id":53,"date":"2019-07-08T10:26:56","date_gmt":"2019-07-08T03:26:56","guid":{"rendered":"https:\/\/cuanhom.khowebseotop.vn\/?page_id=53"},"modified":"2024-10-26T21:21:00","modified_gmt":"2024-10-26T14:21:00","slug":"gioi-thieu","status":"publish","type":"page","link":"https:\/\/webmaibinh.com\/w\/ctynhanquy\/gioi-thieu\/","title":{"rendered":"Gi\u1edbi thi\u1ec7u"},"content":{"rendered":"<p style=\"text-align: justify;\"><span style=\"color: #000000; font-size: 115%;\"><span style=\"color: #d83131;\"><strong>C\u00f4ng ty TNHH Thi\u1ebft k\u1ebf v\u00e0 T\u1ed5 ch\u1ee9c S\u1ef1 ki\u1ec7n Nh\u00e2n Qu\u00fd<\/strong><\/span> l\u00e0 \u0111\u01a1n v\u1ecb chuy\u00ean nghi\u1ec7p trong l\u0129nh v\u1ef1c thi\u1ebft k\u1ebf v\u00e0 t\u1ed5 ch\u1ee9c s\u1ef1 ki\u1ec7n t\u1ea1i Th\u00e0nh ph\u1ed1 H\u1ed3 Ch\u00ed Minh, B\u00ecnh D\u01b0\u01a1ng v\u00e0 c\u00e1c khu v\u1ef1c l\u00e2n c\u1eadn. V\u1edbi s\u1ee9 m\u1ec7nh mang \u0111\u1ebfn nh\u1eefng s\u1ef1 ki\u1ec7n \u0111\u1ed9c \u0111\u00e1o, \u0111\u1eb3ng c\u1ea5p v\u00e0 chuy\u00ean nghi\u1ec7p, ch\u00fang t\u00f4i \u0111\u00e3 v\u00e0 \u0111ang \u0111\u1ed3ng h\u00e0nh c\u00f9ng nhi\u1ec1u kh\u00e1ch h\u00e0ng doanh nghi\u1ec7p v\u00e0 c\u00e1 nh\u00e2n trong c\u00e1c s\u1ef1 ki\u1ec7n l\u1edbn nh\u1ecf.<\/span><\/p>\n<p style=\"text-align: justify;\"><span style=\"color: #000000; font-size: 115%;\">V\u1edbi ph\u01b0\u01a1ng ch\u00e2m <span style=\"color: #d83131;\"><strong>\u201cCh\u1ea5t l\u01b0\u1ee3ng &#8211; S\u00e1ng t\u1ea1o &#8211; Uy t\u00edn\u201d<\/strong><\/span>, Nh\u00e2n Qu\u00fd kh\u00f4ng ng\u1eebng ph\u00e1t tri\u1ec3n v\u00e0 c\u1ea3i ti\u1ebfn \u0111\u1ec3 mang \u0111\u1ebfn cho kh\u00e1ch h\u00e0ng nh\u1eefng tr\u1ea3i nghi\u1ec7m tuy\u1ec7t v\u1eddi. \u0110\u1ed9i ng\u0169 c\u1ee7a ch\u00fang t\u00f4i c\u00f3 b\u1ec1 d\u00e0y kinh nghi\u1ec7m, s\u1eb5n s\u00e0ng h\u1ed7 tr\u1ee3 t\u1eeb kh\u00e2u l\u00ean \u00fd t\u01b0\u1edfng, l\u1eadp k\u1ebf ho\u1ea1ch \u0111\u1ebfn \u0111i\u1ec1u ph\u1ed1i s\u1ef1 ki\u1ec7n, \u0111\u1ea3m b\u1ea3o m\u1ecdi chi ti\u1ebft \u0111\u01b0\u1ee3c th\u1ef1c hi\u1ec7n m\u1ed9t c\u00e1ch ho\u00e0n h\u1ea3o v\u00e0 t\u1ea1o d\u1ea5u \u1ea5n ri\u00eang.<\/span><\/p>\n<p><img loading=\"lazy\" class=\"aligncenter wp-image-772 size-full\" src=\"https:\/\/webmaibinh.com\/w\/ctynhanquy\/wp-content\/uploads\/2024\/10\/BANNERNQ.jpg\" alt=\"\" width=\"1366\" height=\"650\" srcset=\"https:\/\/webmaibinh.com\/w\/ctynhanquy\/wp-content\/uploads\/2024\/10\/BANNERNQ.jpg 1366w, https:\/\/webmaibinh.com\/w\/ctynhanquy\/wp-content\/uploads\/2024\/10\/BANNERNQ-300x143.jpg 300w, https:\/\/webmaibinh.com\/w\/ctynhanquy\/wp-content\/uploads\/2024\/10\/BANNERNQ-1024x487.jpg 1024w, https:\/\/webmaibinh.com\/w\/ctynhanquy\/wp-content\/uploads\/2024\/10\/BANNERNQ-768x365.jpg 768w, https:\/\/webmaibinh.com\/w\/ctynhanquy\/wp-content\/uploads\/2024\/10\/BANNERNQ-510x243.jpg 510w\" sizes=\"(max-width: 1366px) 100vw, 1366px\" \/><\/p>\n<p style=\"text-align: justify;\"><span style=\"color: #000000; font-size: 115%;\"><strong>D\u1ecbch v\u1ee5 c\u1ee7a Nh\u00e2n Qu\u00fd bao g\u1ed3m:<\/strong><\/span><\/p>\n<ul style=\"text-align: justify;\">\n<li><span style=\"color: #000000; font-size: 115%;\"><strong>Thi\u1ebft k\u1ebf s\u1ef1 ki\u1ec7n<\/strong>: T\u01b0 v\u1ea5n \u00fd t\u01b0\u1edfng s\u00e1ng t\u1ea1o, thi\u1ebft k\u1ebf k\u1ecbch b\u1ea3n ph\u00f9 h\u1ee3p v\u1edbi nhu c\u1ea7u v\u00e0 th\u00f4ng \u0111i\u1ec7p c\u1ee7a kh\u00e1ch h\u00e0ng.<\/span><\/li>\n<li><span style=\"color: #000000; font-size: 115%;\"><strong>T\u1ed5 ch\u1ee9c s\u1ef1 ki\u1ec7n<\/strong>: Th\u1ef1c hi\u1ec7n c\u00e1c b\u01b0\u1edbc chu\u1ea9n b\u1ecb v\u00e0 \u0111i\u1ec1u ph\u1ed1i ch\u01b0\u01a1ng tr\u00ecnh, t\u1eeb \u00e2m thanh, \u00e1nh s\u00e1ng \u0111\u1ebfn s\u1eafp x\u1ebfp kh\u00f4ng gian.<\/span><\/li>\n<li><span style=\"color: #000000; font-size: 115%;\"><strong>Cung c\u1ea5p trang thi\u1ebft b\u1ecb<\/strong>: \u00c2m thanh, \u00e1nh s\u00e1ng, s\u00e2n kh\u1ea5u v\u00e0 c\u00e1c thi\u1ebft b\u1ecb hi\u1ec7n \u0111\u1ea1i, ph\u1ee5c v\u1ee5 cho m\u1ecdi y\u00eau c\u1ea7u k\u1ef9 thu\u1eadt c\u1ee7a s\u1ef1 ki\u1ec7n.<\/span><\/li>\n<\/ul>\n<p style=\"text-align: justify;\"><span style=\"color: #000000; font-size: 115%;\">H\u00e3y \u0111\u1ec3 <strong>T\u1ed5 ch\u1ee9c S\u1ef1 ki\u1ec7n Nh\u00e2n Qu\u00fd<\/strong> \u0111\u1ed3ng h\u00e0nh c\u00f9ng b\u1ea1n trong m\u1ecdi s\u1ef1 ki\u1ec7n, gi\u00fap b\u1ea1n bi\u1ebfn nh\u1eefng \u00fd t\u01b0\u1edfng th\u00e0nh hi\u1ec7n th\u1ef1c v\u00e0 mang \u0111\u1ebfn nh\u1eefng kho\u1ea3nh kh\u1eafc \u0111\u00e1ng nh\u1edb.<\/span><\/p>\n<p style=\"text-align: justify;\"><span style=\"color: #000000; font-size: 115%;\"><strong>Th\u00f4ng tin li\u00ean h\u1ec7 C\u00f4ng ty TNHH Thi\u1ebft k\u1ebf v\u00e0 T\u1ed5 ch\u1ee9c S\u1ef1 ki\u1ec7n Nh\u00e2n Qu\u00fd:<\/strong><\/span><\/p>\n<ul style=\"text-align: justify;\">\n<li><span style=\"color: #000000; font-size: 115%;\"><strong>\u0110\u1ecba ch\u1ec9<\/strong>: <strong><span style=\"color: #d83131;\">941\/4\/1 T\u1ec9nh L\u1ed9 43, Ph\u01b0\u1eddng B\u00ecnh Chi\u1ec3u, Th\u00e0nh ph\u1ed1 Th\u1ee7 \u0110\u1ee9c, TP. H\u1ed3 Ch\u00ed Minh<\/span><\/strong><\/span><\/li>\n<li><span style=\"color: #000000; font-size: 115%;\"><strong>\u0110i\u1ec7n tho\u1ea1i<\/strong>: <strong><span style=\"color: #d83131;\">0907198393<\/span><\/strong><\/span><\/li>\n<li><span style=\"color: #000000; font-size: 115%;\"><strong>Email<\/strong>: <strong><span style=\"color: #d83131;\"><a style=\"color: #d83131;\" rel=\"noopener\">Nhanquy.hcm@gmail.com<\/a><\/span><\/strong><\/span><\/li>\n<\/ul>\n<p style=\"text-align: justify;\"><span style=\"color: #000000; font-size: 115%;\"><strong>C\u00f4ng ty TNHH Thi\u1ebft k\u1ebf v\u00e0 T\u1ed5 ch\u1ee9c S\u1ef1 ki\u1ec7n Nh\u00e2n Qu\u00fd<\/strong> \u2013 \u0110\u1ed3ng h\u00e0nh c\u00f9ng th\u00e0nh c\u00f4ng c\u1ee7a b\u1ea1n t\u1ea1i m\u1ecdi s\u1ef1 ki\u1ec7n!<\/span><\/p>\n<p><img loading=\"lazy\" class=\"size-full wp-image-876 aligncenter\" src=\"https:\/\/webmaibinh.com\/w\/ctynhanquy\/wp-content\/uploads\/2024\/10\/banner-nhan-quy.png\" alt=\"\" width=\"1024\" height=\"400\" srcset=\"https:\/\/webmaibinh.com\/w\/ctynhanquy\/wp-content\/uploads\/2024\/10\/banner-nhan-quy.png 1024w, https:\/\/webmaibinh.com\/w\/ctynhanquy\/wp-content\/uploads\/2024\/10\/banner-nhan-quy-300x117.png 300w, https:\/\/webmaibinh.com\/w\/ctynhanquy\/wp-content\/uploads\/2024\/10\/banner-nhan-quy-768x300.png 768w, https:\/\/webmaibinh.com\/w\/ctynhanquy\/wp-content\/uploads\/2024\/10\/banner-nhan-quy-510x199.png 510w\" sizes=\"(max-width: 1024px) 100vw, 1024px\" \/><\/p>\n","protected":false},"excerpt":{"rendered":"<p>C\u00f4ng ty TNHH Thi\u1ebft k\u1ebf v\u00e0 T\u1ed5 ch\u1ee9c S\u1ef1 ki\u1ec7n Nh\u00e2n Qu\u00fd l\u00e0 \u0111\u01a1n v\u1ecb chuy\u00ean nghi\u1ec7p trong l\u0129nh v\u1ef1c thi\u1ebft k\u1ebf v\u00e0 t\u1ed5 ch\u1ee9c s\u1ef1 ki\u1ec7n t\u1ea1i Th\u00e0nh ph\u1ed1 H\u1ed3 Ch\u00ed Minh, B\u00ecnh D\u01b0\u01a1ng v\u00e0 c\u00e1c khu v\u1ef1c l\u00e2n c\u1eadn. V\u1edbi s\u1ee9 m\u1ec7nh mang \u0111\u1ebfn nh\u1eefng s\u1ef1 ki\u1ec7n \u0111\u1ed9c \u0111\u00e1o, \u0111\u1eb3ng c\u1ea5p v\u00e0 chuy\u00ean &#8230;<\/p>\n","protected":false},"author":2,"featured_media":0,"parent":0,"menu_order":0,"comment_status":"closed","ping_status":"closed","template":"page-right-sidebar.php","meta":[],"_links":{"self":[{"href":"https:\/\/webmaibinh.com\/w\/ctynhanquy\/wp-json\/wp\/v2\/pages\/53"}],"collection":[{"href":"https:\/\/webmaibinh.com\/w\/ctynhanquy\/wp-json\/wp\/v2\/pages"}],"about":[{"href":"https:\/\/webmaibinh.com\/w\/ctynhanquy\/wp-json\/wp\/v2\/types\/page"}],"author":[{"embeddable":true,"href":"https:\/\/webmaibinh.com\/w\/ctynhanquy\/wp-json\/wp\/v2\/users\/2"}],"replies":[{"embeddable":true,"href":"https:\/\/webmaibinh.com\/w\/ctynhanquy\/wp-json\/wp\/v2\/comments?post=53"}],"version-history":[{"count":9,"href":"https:\/\/webmaibinh.com\/w\/ctynhanquy\/wp-json\/wp\/v2\/pages\/53\/revisions"}],"predecessor-version":[{"id":878,"href":"https:\/\/webmaibinh.com\/w\/ctynhanquy\/wp-json\/wp\/v2\/pages\/53\/revisions\/878"}],"wp:attachment":[{"href":"https:\/\/webmaibinh.com\/w\/ctynhanquy\/wp-json\/wp\/v2\/media?parent=53"}],"curies":[{"name":"wp","href":"https:\/\/api.w.org\/{rel}","templated":true}]}}