{"id":26,"date":"2019-11-25T02:20:23","date_gmt":"2019-11-25T02:20:23","guid":{"rendered":"http:\/\/demo25.muathemewordpress.net\/?page_id=26"},"modified":"2020-05-22T15:34:27","modified_gmt":"2020-05-22T08:34:27","slug":"lien-he","status":"publish","type":"page","link":"https:\/\/webmaibinh.com\/w\/congty92011\/lien-he\/","title":{"rendered":"Li\u00ean h\u1ec7"},"content":{"rendered":"\t<section class=\"section\" id=\"section_1995396214\">\n\t\t<div class=\"bg section-bg fill bg-fill  bg-loaded\" >\n\n\t\t\t\n\t\t\t\n\t\t\t\n\n\t\t<\/div>\n\n\t\t<div class=\"section-content relative\">\n\t\t\t\n<div class=\"row\"  id=\"row-672506613\">\n\n\t<div id=\"col-1382766996\" class=\"col small-12 large-12\"  >\n\t\t<div class=\"col-inner\"  >\n\t\t\t\n\t\t\t\n<p><iframe style=\"border: 0;\" src=\"https:\/\/www.google.com\/maps\/embed?pb=!1m14!1m8!1m3!1d15335.299928515607!2d108.1343108!3d16.0745694!3m2!1i1024!2i768!4f13.1!3m3!1m2!1s0x0%3A0x6d249bd1f22aacc5!2zVGhp4bq_dCBL4bq_IFdlYnNpdGUgU0FHTw!5e0!3m2!1svi!2s!4v1567390762413!5m2!1svi!2s\" width=\"100%\" height=\"400\" frameborder=\"0\" allowfullscreen=\"allowfullscreen\"><\/iframe><\/p>\n\t\t<\/div>\n\t\t\t<\/div>\n\n\t\n\n\t<div id=\"col-1254190063\" class=\"col medium-6 small-12 large-6\"  >\n\t\t<div class=\"col-inner\"  >\n\t\t\t\n\t\t\t\n<div class=\"container section-title-container\" ><h3 class=\"section-title section-title-normal\"><b><\/b><span class=\"section-title-main\" >TH\u00d4NG TIN LI\u00caN H\u00ca<\/span><b><\/b><\/h3><\/div>\n<p>H\u00e3y g\u1ecdi \u0111\u1ebfn HOTLINE :\u00a0<strong>0999.999.999<\/strong><\/p>\n<p>Ho\u1eb7c g\u1eedi th\u01b0 qua email : eamil@gmail.com<\/p>\n<p>\u0111\u1ec3 \u0111\u01b0\u1ee3c t\u01b0 v\u1ea5n v\u00e0 gi\u1ea3i \u0111\u00e1p m\u1ecdi th\u1eafc m\u1eafc c\u1ee7a qu\u00fd kh\u00e1ch h\u00e0ng !<\/p>\n<p><strong>SAGO \u2013 Thi\u1ebft k\u1ebf website theo y\u00eau c\u1ea7u<\/strong><\/p>\n<p>Showroom : Ph\u1ea1m V\u0103n B\u1ea1ch, P. 15, Q. T\u00e2n B\u00ecnh, Tp. HCM<\/p>\n\t\t<\/div>\n\t\t\t<\/div>\n\n\t\n\n\t<div id=\"col-837451495\" class=\"col medium-6 small-12 large-6\"  >\n\t\t<div class=\"col-inner\"  >\n\t\t\t\n\t\t\t\n<div class=\"container section-title-container\" ><h3 class=\"section-title section-title-normal\"><b><\/b><span class=\"section-title-main\" >TH\u00d4NG TIN LI\u00caN H\u00ca<\/span><b><\/b><\/h3><\/div>\n<div role=\"form\" class=\"wpcf7\" id=\"wpcf7-f63-o1\" lang=\"vi\" dir=\"ltr\">\n<div class=\"screen-reader-response\"><p role=\"status\" aria-live=\"polite\" aria-atomic=\"true\"><\/p> <ul><\/ul><\/div>\n<form action=\"\/w\/congty92011\/wp-json\/wp\/v2\/pages\/26#wpcf7-f63-o1\" method=\"post\" class=\"wpcf7-form init\" novalidate=\"novalidate\" data-status=\"init\">\n<div style=\"display: none;\">\n<input type=\"hidden\" name=\"_wpcf7\" value=\"63\" \/>\n<input type=\"hidden\" name=\"_wpcf7_version\" value=\"5.3\" \/>\n<input type=\"hidden\" name=\"_wpcf7_locale\" value=\"vi\" \/>\n<input type=\"hidden\" name=\"_wpcf7_unit_tag\" value=\"wpcf7-f63-o1\" \/>\n<input type=\"hidden\" name=\"_wpcf7_container_post\" value=\"0\" \/>\n<input type=\"hidden\" name=\"_wpcf7_posted_data_hash\" value=\"\" \/>\n<\/div>\n<div class=\"form-flat\">\n<span class=\"wpcf7-form-control-wrap your-name\"><input type=\"text\" name=\"your-name\" value=\"\" size=\"40\" class=\"wpcf7-form-control wpcf7-text wpcf7-validates-as-required\" aria-required=\"true\" aria-invalid=\"false\" placeholder=\"H\u1ecd v\u00e0 t\u00ean *\" \/><\/span> <\/p>\n<p><span class=\"wpcf7-form-control-wrap your-email\"><input type=\"email\" name=\"your-email\" value=\"\" size=\"40\" class=\"wpcf7-form-control wpcf7-text wpcf7-email wpcf7-validates-as-required wpcf7-validates-as-email\" aria-required=\"true\" aria-invalid=\"false\" placeholder=\"Email *\" \/><\/span> <\/p>\n<p><span class=\"wpcf7-form-control-wrap dia-chi\"><input type=\"text\" name=\"dia-chi\" value=\"\" size=\"40\" class=\"wpcf7-form-control wpcf7-text wpcf7-validates-as-required\" aria-required=\"true\" aria-invalid=\"false\" placeholder=\"\u0110\u1ecba ch\u1ec9 *\" \/><\/span><\/p>\n<p><span class=\"wpcf7-form-control-wrap tel-595\"><input type=\"tel\" name=\"tel-595\" value=\"\" size=\"40\" class=\"wpcf7-form-control wpcf7-text wpcf7-tel wpcf7-validates-as-required wpcf7-validates-as-tel\" aria-required=\"true\" aria-invalid=\"false\" placeholder=\"S\u1ed1 \u0111i\u1ec7n tho\u1ea1i *\" \/><\/span> <\/p>\n<p><span class=\"wpcf7-form-control-wrap quoc-gia\"><input type=\"text\" name=\"quoc-gia\" value=\"\" size=\"40\" class=\"wpcf7-form-control wpcf7-text wpcf7-validates-as-required\" aria-required=\"true\" aria-invalid=\"false\" placeholder=\"Qu\u1ed1c gia *\" \/><\/span><\/p>\n<p><input type=\"submit\" value=\"G\u1eecI Y\u00caU C\u1ea6U\" class=\"wpcf7-form-control wpcf7-submit button\" \/>\n<\/p><\/div>\n<div class=\"wpcf7-response-output\" aria-hidden=\"true\"><\/div><\/form><\/div>\n\t\t<\/div>\n\t\t\t<\/div>\n\n\t\n<\/div>\n\t\t<\/div>\n\n\t\t\n<style>\n#section_1995396214 {\n  padding-top: 30px;\n  padding-bottom: 30px;\n}\n<\/style>\n\t<\/section>\n\t\n","protected":false},"excerpt":{"rendered":"","protected":false},"author":1,"featured_media":0,"parent":0,"menu_order":0,"comment_status":"closed","ping_status":"closed","template":"","meta":[],"_links":{"self":[{"href":"https:\/\/webmaibinh.com\/w\/congty92011\/wp-json\/wp\/v2\/pages\/26"}],"collection":[{"href":"https:\/\/webmaibinh.com\/w\/congty92011\/wp-json\/wp\/v2\/pages"}],"about":[{"href":"https:\/\/webmaibinh.com\/w\/congty92011\/wp-json\/wp\/v2\/types\/page"}],"author":[{"embeddable":true,"href":"https:\/\/webmaibinh.com\/w\/congty92011\/wp-json\/wp\/v2\/users\/1"}],"replies":[{"embeddable":true,"href":"https:\/\/webmaibinh.com\/w\/congty92011\/wp-json\/wp\/v2\/comments?post=26"}],"version-history":[{"count":5,"href":"https:\/\/webmaibinh.com\/w\/congty92011\/wp-json\/wp\/v2\/pages\/26\/revisions"}],"predecessor-version":[{"id":461,"href":"https:\/\/webmaibinh.com\/w\/congty92011\/wp-json\/wp\/v2\/pages\/26\/revisions\/461"}],"wp:attachment":[{"href":"https:\/\/webmaibinh.com\/w\/congty92011\/wp-json\/wp\/v2\/media?parent=26"}],"curies":[{"name":"wp","href":"https:\/\/api.w.org\/{rel}","templated":true}]}}