{"id":466,"date":"2019-07-19T02:28:18","date_gmt":"2019-07-19T02:28:18","guid":{"rendered":"https:\/\/farmvietnam.khowebseotop.vn\/?post_type=product&#038;p=466"},"modified":"2019-07-19T02:47:24","modified_gmt":"2019-07-19T02:47:24","slug":"dinh-duong-khoang-cham-tan-sao-do","status":"publish","type":"product","link":"https:\/\/webmaibinh.com\/w\/congty62011\/san-pham\/dinh-duong-khoang-cham-tan-sao-do\/","title":{"rendered":"Dinh d\u01b0\u1ee1ng kho\u00e1ng ch\u1eadm tan &#8211; Sao \u0110\u1ecf"},"content":{"rendered":"<p>B\u1ed9 s\u1ea3n ph\u1ea9m dinh d\u01b0\u1ee1ng v\u00f4 c\u01a1 ch\u1eadm tan, ti\u1ebft ki\u1ec7m chi ph\u00ed ch\u0103m s\u00f3c, gi\u1ea3m 40% l\u01b0\u1ee3ng ph\u00e2n b\u00f3n.<\/p>\n<p>&nbsp;<\/p>\n","protected":false},"excerpt":{"rendered":"<p>B\u1ed9 s\u1ea3n ph\u1ea9m dinh d\u01b0\u1ee1ng v\u00f4 c\u01a1 ch\u1eadm tan, ti\u1ebft ki\u1ec7m chi ph\u00ed ch\u0103m s\u00f3c, gi\u1ea3m 40% l\u01b0\u1ee3ng ph\u00e2n b\u00f3n.<\/p>\n","protected":false},"featured_media":467,"comment_status":"open","ping_status":"closed","template":"","meta":[],"_links":{"self":[{"href":"https:\/\/webmaibinh.com\/w\/congty62011\/wp-json\/wp\/v2\/product\/466"}],"collection":[{"href":"https:\/\/webmaibinh.com\/w\/congty62011\/wp-json\/wp\/v2\/product"}],"about":[{"href":"https:\/\/webmaibinh.com\/w\/congty62011\/wp-json\/wp\/v2\/types\/product"}],"replies":[{"embeddable":true,"href":"https:\/\/webmaibinh.com\/w\/congty62011\/wp-json\/wp\/v2\/comments?post=466"}],"wp:featuredmedia":[{"embeddable":true,"href":"https:\/\/webmaibinh.com\/w\/congty62011\/wp-json\/wp\/v2\/media\/467"}],"wp:attachment":[{"href":"https:\/\/webmaibinh.com\/w\/congty62011\/wp-json\/wp\/v2\/media?parent=466"}],"curies":[{"name":"wp","href":"https:\/\/api.w.org\/{rel}","templated":true}]}}