{"id":410,"date":"2019-07-18T00:21:31","date_gmt":"2019-07-18T00:21:31","guid":{"rendered":"https:\/\/farmvietnam.khowebseotop.vn\/?page_id=410"},"modified":"2019-07-18T00:45:52","modified_gmt":"2019-07-18T00:45:52","slug":"so-do-to-chuc","status":"publish","type":"page","link":"https:\/\/webmaibinh.com\/w\/congty62011\/so-do-to-chuc\/","title":{"rendered":"S\u01a1 \u0111\u1ed3 t\u1ed5 ch\u1ee9c"},"content":{"rendered":"\t<section class=\"section\" id=\"section_1928781323\">\n\t\t<div class=\"bg section-bg fill bg-fill  bg-loaded\" >\n\n\t\t\t\n\t\t\t\n\t\t\t\n\n\t\t<\/div>\n\n\t\t<div class=\"section-content relative\">\n\t\t\t\n<div class=\"row\"  id=\"row-620796649\">\n\n\t<div id=\"col-437896297\" class=\"col small-12 large-12\"  >\n\t\t<div class=\"col-inner\"  >\n\t\t\t\n\t\t\t\n<h2 style=\"text-align: center;\"><span style=\"color: #a0ca38;\">H\u1ed8I \u0110\u1ed2NG QU\u1ea2N TR\u1eca<\/span><\/h2>\n\t<div id=\"gap-1332215689\" class=\"gap-element clearfix\" style=\"display:block; height:auto;\">\n\t\t\n<style>\n#gap-1332215689 {\n  padding-top: 30px;\n}\n<\/style>\n\t<\/div>\n\t\n<div class=\"row row-quan-tri\"  id=\"row-845432594\">\n\n\t<div id=\"col-985862239\" class=\"col small-12 large-12\"  >\n\t\t<div class=\"col-inner\"  >\n\t\t\t\n\t\t\t\n\n\t\t<div class=\"icon-box featured-box icon-box-left text-left\"  >\n\t\t\t\t\t<div class=\"icon-box-img\" style=\"width: 122px\">\n\t\t\t\t<div class=\"icon\">\n\t\t\t\t\t<div class=\"icon-inner\" >\n\t\t\t\t\t\t<img width=\"165\" height=\"179\" src=\"https:\/\/webmaibinh.com\/w\/congty62011\/wp-content\/uploads\/2019\/07\/tp1.jpg\" class=\"attachment-medium size-medium\" alt=\"\" loading=\"lazy\" \/>\t\t\t\t\t<\/div>\n\t\t\t\t<\/div>\n\t\t\t<\/div>\n\t\t\t\t<div class=\"icon-box-text last-reset\">\n\t\t\t\t\t\t\t\t\t\n<p><span style=\"color: #054d7f;\"><strong>Tr\u1ea7n \u0110\u0103ng Khoa<\/strong><strong> &#8211; Ch\u1ee7 t\u1ecbch H\u0110QT<\/strong><\/span><\/p>\n<p>\u00d4ng Tr\u1ea7n \u0110\u0103ng Khoa l\u00e0 K\u1ef9 s\u01b0 n\u00f4ng nghi\u1ec7p chuy\u00ean ng\u00e0nh N\u00f4ng ho\u00e1 th\u1ed5 nh\u01b0\u1ee1ng, v\u00e0 l\u00e0 \u0111\u1ed3ng s\u1edf h\u1eefu c\u00f9ng v\u1edbi PGS. TS Nguy\u1ec5n T\u1ea5t C\u1ea3nh c\u00f4ng tr\u00ecnh nghi\u00ean c\u1ee9u s\u1ea3n xu\u1ea5t ph\u00e2n b\u00f3n h\u1eefu c\u01a1 t\u1eeb ch\u1ea5t th\u1ea3i sinh ho\u1ea1t, ph\u00e2n gia s\u00fac\/gia c\u1ea7m\/th\u1ee7y s\u1ea3n, v\u00e0 c\u00e1c ph\u1ebf th\u1ea3i kh\u00e1c trong n\u00f4ng nghi\u1ec7p.\u00a0 \u00d4ng t\u1eebng c\u00f3 qu\u00e1 tr\u00ecnh l\u00e0m vi\u1ec7c cho nh\u1eefng c\u00f4ng ty\/t\u1eadp \u0111o\u00e0n l\u1edbn trong l\u0129nh v\u1ef1c th\u1ef1c ph\u1ea9m\u00a0 v\u00e0 s\u1ea3n xu\u1ea5t th\u1ee9c \u0103n ch\u0103n nu\u00f4i\/th\u1ee7y s\u1ea3n nh\u01b0:<\/p>\n<p>&#8211; C\u00f4ng ty c\u1ed5 ph\u1ea7n Vi\u1ec7t Ph\u00e1p v\u1edbi th\u01b0\u01a1ng hi\u1ec7u l\u00e0 Proconco<\/p>\n<p>&#8211; C\u00f4ng ty TNHH Dinh D\u01b0\u1ee1ng \u00c1 Ch\u00e2u &#8211; t\u1eadp \u0111o\u00e0n DFA (Dachan Food Asia)<\/p>\n<p>&#8211; C\u00f4ng ty TNHH Guyomarch Vi\u1ec7t Nam<\/p>\n<p>\u00d4ng L\u00ea \u0110\u1ee9c S\u01a1n l\u00e0 C\u1ed5 \u0111\u00f4ng s\u00e1ng l\u1eadp c\u1ee7a FARM VI\u1ec6T NAM.<\/p>\n\t\t<\/div>\n\t<\/div>\n\t\n\t\n\t<div id=\"gap-946165420\" class=\"gap-element clearfix\" style=\"display:block; height:auto;\">\n\t\t\n<style>\n#gap-946165420 {\n  padding-top: 30px;\n}\n<\/style>\n\t<\/div>\n\t\n\n\t\t<div class=\"icon-box featured-box icon-box-left text-left\"  >\n\t\t\t\t\t<div class=\"icon-box-img\" style=\"width: 122px\">\n\t\t\t\t<div class=\"icon\">\n\t\t\t\t\t<div class=\"icon-inner\" >\n\t\t\t\t\t\t<img width=\"341\" height=\"341\" src=\"https:\/\/webmaibinh.com\/w\/congty62011\/wp-content\/uploads\/2019\/07\/tp2.jpg\" class=\"attachment-medium size-medium\" alt=\"\" loading=\"lazy\" srcset=\"https:\/\/webmaibinh.com\/w\/congty62011\/wp-content\/uploads\/2019\/07\/tp2.jpg 341w, https:\/\/webmaibinh.com\/w\/congty62011\/wp-content\/uploads\/2019\/07\/tp2-280x280.jpg 280w, https:\/\/webmaibinh.com\/w\/congty62011\/wp-content\/uploads\/2019\/07\/tp2-100x100.jpg 100w\" sizes=\"(max-width: 341px) 100vw, 341px\" \/>\t\t\t\t\t<\/div>\n\t\t\t\t<\/div>\n\t\t\t<\/div>\n\t\t\t\t<div class=\"icon-box-text last-reset\">\n\t\t\t\t\t\t\t\t\t\n<p><span style=\"color: #054d7f;\"><strong>Ts. Nguy\u1ec5n T\u1ea5t C\u1ea3nh &#8211; Th\u00e0nh vi\u00ean H\u0110QT<\/strong><\/span><\/p>\n<p>Th\u00e0nh vi\u00ean H\u1ed9i \u0111\u1ed3ng c\u1ed1 v\u1ea5n v\u1ec1 gi\u1ea3i ph\u00e1p ch\u00ednh s\u00e1ch &amp; chi\u1ebfn l\u01b0\u1ee3c<\/p>\n<p>\u00d4ng Nguy\u1ec5n T\u1ea5t C\u1ea3nh l\u00e0 Ph\u00f3 gi\u00e1o s\u01b0, Ti\u1ebfn s\u0129, nguy\u00ean Ph\u00f3 hi\u1ec7u tr\u01b0\u1edfng tr\u01b0\u1eddng \u0111\u1ea1i h\u1ecdc N\u00f4ng\u00a0 nghi\u1ec7p H\u00e0 N\u1ed9i. \u00d4ng c\u00f3 nhi\u1ec1u n\u0103m nghi\u00ean c\u1ee9u, gi\u1ea3ng d\u1ea1y v\u00e0 th\u1ef1c nghi\u1ec7m. B\u00ean c\u1ea1nh \u0111\u00f3, \u00f4ng\u00a0 c\u0169ng l\u00e0 t\u00e1c gi\u1ea3 c\u1ee7a nhi\u1ec1u b\u00e0i b\u00e1o khoa h\u1ecdc v\u00e0 s\u1edf h\u1eefu nhi\u1ec1u c\u00f4ng tr\u00ecnh khoa h\u1ecdc trong n\u00f4ng\u00a0 nghi\u1ec7p \u1ee9ng d\u1ee5ng \u0111\u01b0\u1ee3c trong v\u00e0 ngo\u00e0i n\u01b0\u1edbc c\u00f4ng nh\u1eadn.<\/p>\n<p>\u00d4ng Nguy\u1ec5n T\u1ea5t C\u1ea3nh l\u00e0 C\u1ed5 \u0111\u00f4ng \u0111\u1ed3ng s\u00e1ng l\u1eadp c\u1ee7a FARM VI\u1ec6T NAM.<\/p>\n\t\t<\/div>\n\t<\/div>\n\t\n\t\n\t<div id=\"gap-932853662\" class=\"gap-element clearfix\" style=\"display:block; height:auto;\">\n\t\t\n<style>\n#gap-932853662 {\n  padding-top: 30px;\n}\n<\/style>\n\t<\/div>\n\t\n\n\t\t<div class=\"icon-box featured-box icon-box-left text-left\"  >\n\t\t\t\t\t<div class=\"icon-box-img\" style=\"width: 122px\">\n\t\t\t\t<div class=\"icon\">\n\t\t\t\t\t<div class=\"icon-inner\" >\n\t\t\t\t\t\t<img width=\"165\" height=\"176\" src=\"https:\/\/webmaibinh.com\/w\/congty62011\/wp-content\/uploads\/2019\/07\/tp3.jpg\" class=\"attachment-medium size-medium\" alt=\"\" loading=\"lazy\" \/>\t\t\t\t\t<\/div>\n\t\t\t\t<\/div>\n\t\t\t<\/div>\n\t\t\t\t<div class=\"icon-box-text last-reset\">\n\t\t\t\t\t\t\t\t\t\n<p><span style=\"color: #054d7f;\"><strong>Tr\u1ea7n<\/strong> <strong>Kh\u1eafc<\/strong> <strong>\u0110i\u1ec1n<\/strong> <strong>\u2013<\/strong> <strong>Th\u00e0nh<\/strong> <strong>vi\u00ean<\/strong> <strong>H\u0110QT<\/strong><\/span><\/p>\n<p>\u00d4ng Tr\u1ea7n Kh\u1eafc \u0110i\u1ec1n c\u00f3 h\u01a1n 15 n\u0103m l\u00e0m vi\u1ec7c cho c\u00e1c T\u1eadp \u0111o\u00e0n \u0111a qu\u1ed1c gia nh\u01b0<\/p>\n<p>Newtoyo<\/p>\n<p>\u2013 Singapore, Jotun \u2013 Nauy, Dupont \u2013 Hoa K\u1ef3, v\u00e0 \u1edf Vi\u1ec7t Nam l\u00e0 TTC Group v\u00e0 Otran Group.\u00a0 N\u0103m 2012, \u00f4ng chuy\u1ec3n sang l\u0129nh v\u1ef1c nghi\u00ean c\u1ee9u kinh t\u1ebf v\u00e0 tham gia t\u01b0 v\u1ea5n v\u1ec1 chi\u1ebfn l\u01b0\u1ee3c,\u00a0 \u0111\u1ea7u t\u01b0 v\u00e0 qu\u1ea3n tr\u1ecb doanh nghi\u1ec7p cho c\u00e1c C\u00f4ng ty t\u01b0 v\u1ea5n \u1edf Vi\u1ec7t Nam. N\u0103m 2015, \u00f4ng th\u00e0nh\u00a0 l\u1eadp C\u00f4ng ty Gabuff BSI v\u1edbi th\u01b0\u01a1ng hi\u1ec7u t\u01b0 v\u1ea5n l\u00e0 Strategic Foresight chuy\u00ean v\u1ec1 t\u01b0 v\u1ea5n qu\u1ea3n\u00a0 l\u00fd, t\u01b0 v\u1ea5n chi\u1ebfn l\u01b0\u1ee3c v\u00e0 qu\u1ea3n tr\u1ecb c\u00f4ng ty, t\u01b0 v\u1ea5n t\u00e1i c\u1ea5u tr\u00fac doanh nghi\u1ec7p, v\u00e0 t\u01b0 v\u1ea5n ki\u1ec3m so\u00e1t qu\u1ea3n tr\u1ecb nh\u00f3m c\u00f4ng ty\/t\u1eadp \u0111o\u00e0n.<\/p>\n<p>\u00a0\u00d4ng tham gia FARM VI\u1ec6T NAM v\u1edbi t\u01b0 c\u00e1ch l\u00e0 Th\u00e0nh vi\u00ean H\u0110QT, chuy\u00ean tr\u00e1ch v\u1ec1 chi\u1ebfn l\u01b0\u1ee3c v\u00e0 c\u00e1c v\u1ea5n \u0111\u1ec1 v\u1ec1 qu\u1ea3n tr\u1ecb c\u00f4ng ty.<\/p>\n\t\t<\/div>\n\t<\/div>\n\t\n\t\n\t<div id=\"gap-1775447808\" class=\"gap-element clearfix\" style=\"display:block; height:auto;\">\n\t\t\n<style>\n#gap-1775447808 {\n  padding-top: 30px;\n}\n<\/style>\n\t<\/div>\n\t\n\n\t\t<div class=\"icon-box featured-box icon-box-left text-left\"  >\n\t\t\t\t\t<div class=\"icon-box-img\" style=\"width: 122px\">\n\t\t\t\t<div class=\"icon\">\n\t\t\t\t\t<div class=\"icon-inner\" >\n\t\t\t\t\t\t<img width=\"165\" height=\"176\" src=\"https:\/\/webmaibinh.com\/w\/congty62011\/wp-content\/uploads\/2019\/07\/tp3.jpg\" class=\"attachment-medium size-medium\" alt=\"\" loading=\"lazy\" \/>\t\t\t\t\t<\/div>\n\t\t\t\t<\/div>\n\t\t\t<\/div>\n\t\t\t\t<div class=\"icon-box-text last-reset\">\n\t\t\t\t\t\t\t\t\t\n<p><span style=\"color: #054d7f;\"><strong>Tr\u1ea7n<\/strong> <strong>Kh\u1eafc<\/strong> <strong>\u0110i\u1ec1n<\/strong> <strong>\u2013<\/strong> <strong>Th\u00e0nh<\/strong> <strong>vi\u00ean<\/strong> <strong>H\u0110QT<\/strong><\/span><\/p>\n<p>\u00d4ng Tr\u1ea7n Kh\u1eafc \u0110i\u1ec1n c\u00f3 h\u01a1n 15 n\u0103m l\u00e0m vi\u1ec7c cho c\u00e1c T\u1eadp \u0111o\u00e0n \u0111a qu\u1ed1c gia nh\u01b0<\/p>\n<p>Newtoyo<\/p>\n<p>\u2013 Singapore, Jotun \u2013 Nauy, Dupont \u2013 Hoa K\u1ef3, v\u00e0 \u1edf Vi\u1ec7t Nam l\u00e0 TTC Group v\u00e0 Otran Group.\u00a0 N\u0103m 2012, \u00f4ng chuy\u1ec3n sang l\u0129nh v\u1ef1c nghi\u00ean c\u1ee9u kinh t\u1ebf v\u00e0 tham gia t\u01b0 v\u1ea5n v\u1ec1 chi\u1ebfn l\u01b0\u1ee3c,\u00a0 \u0111\u1ea7u t\u01b0 v\u00e0 qu\u1ea3n tr\u1ecb doanh nghi\u1ec7p cho c\u00e1c C\u00f4ng ty t\u01b0 v\u1ea5n \u1edf Vi\u1ec7t Nam. N\u0103m 2015, \u00f4ng th\u00e0nh\u00a0 l\u1eadp C\u00f4ng ty Gabuff BSI v\u1edbi th\u01b0\u01a1ng hi\u1ec7u t\u01b0 v\u1ea5n l\u00e0 Strategic Foresight chuy\u00ean v\u1ec1 t\u01b0 v\u1ea5n qu\u1ea3n\u00a0 l\u00fd, t\u01b0 v\u1ea5n chi\u1ebfn l\u01b0\u1ee3c v\u00e0 qu\u1ea3n tr\u1ecb c\u00f4ng ty, t\u01b0 v\u1ea5n t\u00e1i c\u1ea5u tr\u00fac doanh nghi\u1ec7p, v\u00e0 t\u01b0 v\u1ea5n ki\u1ec3m so\u00e1t qu\u1ea3n tr\u1ecb nh\u00f3m c\u00f4ng ty\/t\u1eadp \u0111o\u00e0n.<\/p>\n<p>\u00a0\u00d4ng tham gia FARM VI\u1ec6T NAM v\u1edbi t\u01b0 c\u00e1ch l\u00e0 Th\u00e0nh vi\u00ean H\u0110QT, chuy\u00ean tr\u00e1ch v\u1ec1 chi\u1ebfn l\u01b0\u1ee3c v\u00e0 c\u00e1c v\u1ea5n \u0111\u1ec1 v\u1ec1 qu\u1ea3n tr\u1ecb c\u00f4ng ty.<\/p>\n\t\t<\/div>\n\t<\/div>\n\t\n\t\n\t<div id=\"gap-197039431\" class=\"gap-element clearfix\" style=\"display:block; height:auto;\">\n\t\t\n<style>\n#gap-197039431 {\n  padding-top: 30px;\n}\n<\/style>\n\t<\/div>\n\t\n\n\t\t<div class=\"icon-box featured-box icon-box-left text-left\"  >\n\t\t\t\t\t<div class=\"icon-box-img\" style=\"width: 122px\">\n\t\t\t\t<div class=\"icon\">\n\t\t\t\t\t<div class=\"icon-inner\" >\n\t\t\t\t\t\t<img width=\"165\" height=\"181\" src=\"https:\/\/webmaibinh.com\/w\/congty62011\/wp-content\/uploads\/2019\/07\/tp4.jpg\" class=\"attachment-medium size-medium\" alt=\"\" loading=\"lazy\" \/>\t\t\t\t\t<\/div>\n\t\t\t\t<\/div>\n\t\t\t<\/div>\n\t\t\t\t<div class=\"icon-box-text last-reset\">\n\t\t\t\t\t\t\t\t\t\n<p><span style=\"color: #054d7f;\"><strong>Nguy\u1ec5n<\/strong> <strong>V\u0103n<\/strong> <strong>H\u00f9ng<\/strong> <strong>Thi\u00ean<\/strong> <strong>&#8211;<\/strong> <strong>Gi\u00e1m<\/strong> <strong>\u0111\u1ed1c<\/strong> <strong>\u0111i\u1ec1u<\/strong> <strong>h\u00e0nh<\/strong><\/span><\/p>\n<p>\u00d4ng Nguy\u1ec5n V\u0103n H\u00f9ng Thi\u00ean l\u00e0 Th\u1ea1c s\u0129 c\u00f4ng ngh\u1ec7 ch\u1ebf bi\u1ebfn th\u1ef1c ph\u1ea9m. \u00d4ng \u0111\u00e3 c\u00f3 qu\u00e1 tr\u00ecnh c\u00f4ng t\u00e1c t\u1ea1i c\u00f4ng ty TNHH Li\u00ean doanh Organik \u0110\u00e0 L\u1ea1t l\u00e0 \u0111\u01a1n v\u1ecb \u0111i \u0111\u1ea7u trong c\u1ea3 n\u01b0\u1edbc v\u1ec1 s\u1ea3n xu\u1ea5t n\u00f4ng nghi\u1ec7p h\u1eefu c\u01a1 c\u00f4ng ngh\u1ec7 cao v\u00e0 c\u00f4ng ty c\u1ed5 ph\u1ea7n Deli Fresh chuy\u00ean nh\u1eadp kh\u1ea9u, ph\u00e2n ph\u1ed1i th\u1ef1c ph\u1ea9m h\u1eefu c\u01a1, ch\u1ea5t l\u01b0\u1ee3ng cao cho th\u1ecb tr\u01b0\u1eddng n\u1ed9i \u0111\u1ecba. Ngo\u00e0i ra, \u00f4ng c\u00f2n l\u00e0 s\u00e1ng l\u1eadp v\u00e0 \u0111i\u1ec1u h\u00e0nh c\u00f4ng ty TNHH Organic H\u00f9ng Thi\u00ean chuy\u00ean t\u01b0 v\u1ea5n ph\u00e1t tri\u1ec3n v\u00f9ng\u00a0 tr\u1ed3ng, ch\u1ebf bi\u1ebfn sau thu ho\u1ea1ch trong n\u00f4ng nghi\u1ec7p h\u1eefu c\u01a1 \u00e1p d\u1ee5ng c\u00f4ng ngh\u1ec7 cao \u0111\u1ea1t \ufffd\u00eau chu\u1ea9n qu\u1ed1c t\u1ebf.<\/p>\n<p>\u00d4ng Nguy\u1ec5n V\u0103n H\u00f9ng Thi\u00ean l\u00e0 C\u1ed5 \u0111\u00f4ng \u0111\u1ed3ng s\u00e1ng l\u1eadp c\u1ee7a FARM VI\u1ec6T NAM<\/p>\n\t\t<\/div>\n\t<\/div>\n\t\n\t\n\t\t<\/div>\n\t\t\t<\/div>\n\n\t\n<\/div>\n<h2 style=\"text-align: center;\"><span style=\"color: #a0ca38;\">H\u1ed8I \u0110\u1ed2NG KHOA H\u1eccC<\/span><\/h2>\n\t<div id=\"gap-1389987502\" class=\"gap-element clearfix\" style=\"display:block; height:auto;\">\n\t\t\n<style>\n#gap-1389987502 {\n  padding-top: 30px;\n}\n<\/style>\n\t<\/div>\n\t\n<div class=\"row div-khoa-hoc\"  id=\"row-1395070065\">\n\n\t<div id=\"col-515138930\" class=\"col medium-3 small-6 large-3\"  >\n\t\t<div class=\"col-inner\"  >\n\t\t\t\n\t\t\t\n\t<div class=\"box has-hover   has-hover box-text-bottom\" >\n\n\t\t<div class=\"box-image\" style=\"width:60%;\">\n\t\t\t\t\t\t<div class=\"\" >\n\t\t\t\t<img width=\"152\" height=\"151\" src=\"https:\/\/webmaibinh.com\/w\/congty62011\/wp-content\/uploads\/2019\/07\/dl.jpg\" class=\"attachment- size-\" alt=\"\" loading=\"lazy\" srcset=\"https:\/\/webmaibinh.com\/w\/congty62011\/wp-content\/uploads\/2019\/07\/dl.jpg 152w, https:\/\/webmaibinh.com\/w\/congty62011\/wp-content\/uploads\/2019\/07\/dl-100x100.jpg 100w\" sizes=\"(max-width: 152px) 100vw, 152px\" \/>\t\t\t\t\t\t\t\t\t\t\t<\/div>\n\t\t\t\t\t<\/div>\n\n\t\t<div class=\"box-text text-center\" >\n\t\t\t<div class=\"box-text-inner\">\n\t\t\t\t\n<h4>Ts.NGUY\u1ec4N \u0110\u1ee8C L\u1ed8C<\/h4>\n\t\t\t<\/div>\n\t\t<\/div>\n\t<\/div>\n\t\n\t\t<\/div>\n\t\t\t<\/div>\n\n\t\n\n\t<div id=\"col-753569013\" class=\"col medium-3 small-6 large-3\"  >\n\t\t<div class=\"col-inner\"  >\n\t\t\t\n\t\t\t\n\t<div class=\"box has-hover   has-hover box-text-bottom\" >\n\n\t\t<div class=\"box-image\" style=\"width:60%;\">\n\t\t\t\t\t\t<div class=\"\" >\n\t\t\t\t<img width=\"148\" height=\"148\" src=\"https:\/\/webmaibinh.com\/w\/congty62011\/wp-content\/uploads\/2019\/07\/lalitha.jpg\" class=\"attachment- size-\" alt=\"\" loading=\"lazy\" srcset=\"https:\/\/webmaibinh.com\/w\/congty62011\/wp-content\/uploads\/2019\/07\/lalitha.jpg 148w, https:\/\/webmaibinh.com\/w\/congty62011\/wp-content\/uploads\/2019\/07\/lalitha-100x100.jpg 100w\" sizes=\"(max-width: 148px) 100vw, 148px\" \/>\t\t\t\t\t\t\t\t\t\t\t<\/div>\n\t\t\t\t\t<\/div>\n\n\t\t<div class=\"box-text text-center\" >\n\t\t\t<div class=\"box-text-inner\">\n\t\t\t\t\n<h4>Gi\u00e1o s\u01b0 LALITHA<\/h4>\n\t\t\t<\/div>\n\t\t<\/div>\n\t<\/div>\n\t\n\t\t<\/div>\n\t\t\t<\/div>\n\n\t\n\n\t<div id=\"col-1998540259\" class=\"col medium-3 small-6 large-3\"  >\n\t\t<div class=\"col-inner\"  >\n\t\t\t\n\t\t\t\n\t<div class=\"box has-hover   has-hover box-text-bottom\" >\n\n\t\t<div class=\"box-image\" style=\"width:60%;\">\n\t\t\t\t\t\t<div class=\"\" >\n\t\t\t\t<img width=\"148\" height=\"148\" src=\"https:\/\/webmaibinh.com\/w\/congty62011\/wp-content\/uploads\/2019\/07\/ntc.jpg\" class=\"attachment- size-\" alt=\"\" loading=\"lazy\" srcset=\"https:\/\/webmaibinh.com\/w\/congty62011\/wp-content\/uploads\/2019\/07\/ntc.jpg 148w, https:\/\/webmaibinh.com\/w\/congty62011\/wp-content\/uploads\/2019\/07\/ntc-100x100.jpg 100w\" sizes=\"(max-width: 148px) 100vw, 148px\" \/>\t\t\t\t\t\t\t\t\t\t\t<\/div>\n\t\t\t\t\t<\/div>\n\n\t\t<div class=\"box-text text-center\" >\n\t\t\t<div class=\"box-text-inner\">\n\t\t\t\t\n<h4>Ts.NGUY\u1ec4N T\u1ea4T C\u1ea2NH<\/h4>\n\t\t\t<\/div>\n\t\t<\/div>\n\t<\/div>\n\t\n\t\t<\/div>\n\t\t\t<\/div>\n\n\t\n\n\t<div id=\"col-558973400\" class=\"col medium-3 small-6 large-3\"  >\n\t\t<div class=\"col-inner\"  >\n\t\t\t\n\t\t\t\n\t<div class=\"box has-hover   has-hover box-text-bottom\" >\n\n\t\t<div class=\"box-image\" style=\"width:60%;\">\n\t\t\t\t\t\t<div class=\"\" >\n\t\t\t\t<img width=\"148\" height=\"148\" src=\"https:\/\/webmaibinh.com\/w\/congty62011\/wp-content\/uploads\/2019\/07\/tkd.jpg\" class=\"attachment- size-\" alt=\"\" loading=\"lazy\" srcset=\"https:\/\/webmaibinh.com\/w\/congty62011\/wp-content\/uploads\/2019\/07\/tkd.jpg 148w, https:\/\/webmaibinh.com\/w\/congty62011\/wp-content\/uploads\/2019\/07\/tkd-100x100.jpg 100w\" sizes=\"(max-width: 148px) 100vw, 148px\" \/>\t\t\t\t\t\t\t\t\t\t\t<\/div>\n\t\t\t\t\t<\/div>\n\n\t\t<div class=\"box-text text-center\" >\n\t\t\t<div class=\"box-text-inner\">\n\t\t\t\t\n<h4>TR\u1ea6N KH\u1eaeC \u0110I\u1ec0N<\/h4>\n\t\t\t<\/div>\n\t\t<\/div>\n\t<\/div>\n\t\n\t\t<\/div>\n\t\t\t<\/div>\n\n\t\n\n\t<div id=\"col-1323217276\" class=\"col medium-3 small-6 large-3\"  >\n\t\t<div class=\"col-inner\"  >\n\t\t\t\n\t\t\t\n\t<div class=\"box has-hover   has-hover box-text-bottom\" >\n\n\t\t<div class=\"box-image\" style=\"width:60%;\">\n\t\t\t\t\t\t<div class=\"\" >\n\t\t\t\t<img width=\"148\" height=\"148\" src=\"https:\/\/webmaibinh.com\/w\/congty62011\/wp-content\/uploads\/2019\/07\/nht.jpg\" class=\"attachment- size-\" alt=\"\" loading=\"lazy\" srcset=\"https:\/\/webmaibinh.com\/w\/congty62011\/wp-content\/uploads\/2019\/07\/nht.jpg 148w, https:\/\/webmaibinh.com\/w\/congty62011\/wp-content\/uploads\/2019\/07\/nht-100x100.jpg 100w\" sizes=\"(max-width: 148px) 100vw, 148px\" \/>\t\t\t\t\t\t\t\t\t\t\t<\/div>\n\t\t\t\t\t<\/div>\n\n\t\t<div class=\"box-text text-center\" >\n\t\t\t<div class=\"box-text-inner\">\n\t\t\t\t\n<h4>Ts.NGUY\u1ec4N HUY TH\u01af\u01a0NG<\/h4>\n\t\t\t<\/div>\n\t\t<\/div>\n\t<\/div>\n\t\n\t\t<\/div>\n\t\t\t<\/div>\n\n\t\n<\/div>\n\t\t<\/div>\n\t\t\t<\/div>\n\n\t\n<\/div>\n\t\t<\/div>\n\n\t\t\n<style>\n#section_1928781323 {\n  padding-top: 30px;\n  padding-bottom: 30px;\n}\n<\/style>\n\t<\/section>\n\t\n","protected":false},"excerpt":{"rendered":"","protected":false},"author":1,"featured_media":0,"parent":0,"menu_order":0,"comment_status":"closed","ping_status":"closed","template":"page-blank.php","meta":[],"_links":{"self":[{"href":"https:\/\/webmaibinh.com\/w\/congty62011\/wp-json\/wp\/v2\/pages\/410"}],"collection":[{"href":"https:\/\/webmaibinh.com\/w\/congty62011\/wp-json\/wp\/v2\/pages"}],"about":[{"href":"https:\/\/webmaibinh.com\/w\/congty62011\/wp-json\/wp\/v2\/types\/page"}],"author":[{"embeddable":true,"href":"https:\/\/webmaibinh.com\/w\/congty62011\/wp-json\/wp\/v2\/users\/1"}],"replies":[{"embeddable":true,"href":"https:\/\/webmaibinh.com\/w\/congty62011\/wp-json\/wp\/v2\/comments?post=410"}],"version-history":[{"count":5,"href":"https:\/\/webmaibinh.com\/w\/congty62011\/wp-json\/wp\/v2\/pages\/410\/revisions"}],"predecessor-version":[{"id":424,"href":"https:\/\/webmaibinh.com\/w\/congty62011\/wp-json\/wp\/v2\/pages\/410\/revisions\/424"}],"wp:attachment":[{"href":"https:\/\/webmaibinh.com\/w\/congty62011\/wp-json\/wp\/v2\/media?parent=410"}],"curies":[{"name":"wp","href":"https:\/\/api.w.org\/{rel}","templated":true}]}}