{"id":408,"date":"2019-07-18T00:19:38","date_gmt":"2019-07-18T00:19:38","guid":{"rendered":"https:\/\/farmvietnam.khowebseotop.vn\/?page_id=408"},"modified":"2019-07-19T04:17:17","modified_gmt":"2019-07-19T04:17:17","slug":"gioi-thieu-2","status":"publish","type":"page","link":"https:\/\/webmaibinh.com\/w\/congty62011\/gioi-thieu-2\/","title":{"rendered":"Gi\u1edbi thi\u1ec7u"},"content":{"rendered":"<h1 style=\"text-align: center;\"><strong><span style=\"color: #9ec838; font-size: 120%;\">L\u1edcI GI\u1edaI THI\u1ec6U<\/span><\/strong><\/h1>\n<p><span style=\"color: #99cc00;\"><strong>FARM VI\u1ec6T NAM<\/strong><\/span> l\u00e0 c\u00f4ng ty khoa h\u1ecdc \u1ee9ng d\u1ee5ng, chuy\u00ean h\u1ee3p t\u00e1c nghi\u00ean c\u1ee9u, chuy\u1ec3n giao c\u00f4ng ngh\u1ec7, v\u00e0 h\u1ee3p t\u00e1c<\/p>\n<p>\u0111\u1ea7u t\u01b0 l\u0129nh v\u1ef1c\u00a0 n\u00f4ng nghi\u1ec7p h\u1eefu c\u01a1 c\u00f4ng ngh\u1ec7 cao v\u00e0 x\u1eed l\u00fd m\u00f4i tr\u01b0\u1eddng. FARM VI\u1ec6T NAM c\u00f3 2 nh\u00f3m ng\u00e0nh (flat-form), bao g\u1ed3m:<\/p>\n<p>FARM VI\u1ec6T NAM\u00a0AgroScience\u00ae<\/p>\n<p>FARM VI\u1ec6T NAM\u00a0EnviScience\u00ae<\/p>\n<p>FARM VI\u1ec6T NAM h\u00e0nh \u0111\u1ed9ng v\u00ec m\u1ed9t cu\u1ed9c s\u1ed1ng t\u1ed1t \u0111\u1eb9p, an to\u00e0n h\u01a1n, v\u00e0 m\u1ea1nh kh\u1ecfe h\u01a1n cho ng\u01b0\u1eddi d\u00e2n Vi\u1ec7t Nam b\u1eb1ng\u00a0 c\u00e1ch k\u1ebft h\u1ee3p c\u00e1c \u1ee9ng d\u1ee5ng khoa h\u1ecdc ti\u00ean ti\u1ebfn trong\u00a0\u00a0 s\u1ea3n xu\u1ea5t n\u00f4ng nghi\u1ec7p v\u00e0 x\u1eed l\u00fd ch\u1ea5t th\u1ea3i h\u1eefu c\u01a1, bi\u1ebfn\u00a0 c\u00e1c ph\u1ebf th\u1ea3i trong n\u00f4ng nghi\u1ec7p v\u00e0 sinh ho\u1ea1t th\u00e0nh nh\u1eefng ngu\u1ed3n t\u00e0i nguy\u00ean c\u00f3 gi\u00e1 tr\u1ecb.<\/p>\n<h2><span style=\"color: #99cc00;\"><strong>T\u1ea6M<\/strong> <strong>NH\u00ccN<\/strong><\/span><\/h2>\n<p>FARM VI\u1ec6T NAM tr\u1edf th\u00e0nh doanh nghi\u1ec7p ti\u00ean phong v\u00e0 d\u1eabn \u0111\u1ea7u trong\u00a0 nghi\u00ean\u00a0 c\u1ee9u\u00a0 \u1ee9ng\u00a0 d\u1ee5ng,\u00a0 h\u1ee3p\u00a0 t\u00e1c\u00a0 \u0111\u1ea7u\u00a0 t\u01b0\u00a0 v\u00e0 chuy\u1ec3n\u00a0\u00a0 giao c\u00f4ng ngh\u1ec7 s\u1ea3n xu\u1ea5t ph\u00e2n b\u00f3n v\u00e0 ch\u1ebf ph\u1ea9m vi sinh\u00a0\u00a0 ph\u1ee5c v\u1ee5 cho chi\u1ebfn l\u01b0\u1ee3c n\u00f4ng nghi\u1ec7p h\u1eefu c\u01a1 c\u1ee7a Vi\u1ec7t\u00a0 Nam tr\u01b0\u1edbc n\u0103m 2023.<\/p>\n<h2><strong><span style=\"color: #99cc00;\">Ch\u00fang t\u00f4i coi tr\u1ecdng s\u1ef1 cam k\u1ebft<\/span><\/strong><\/h2>\n<p>Ni\u1ec1m tin c\u1ee7a \u0110\u1ed1i t\u00e1c v\u00e0 Kh\u00e1ch h\u00e0ng l\u00e0 t\u01b0\u01a1ng lai c\u1ee7a ch\u00fang t\u00f4i. Tuy\u00ean b\u1ed1 c\u1ee7a ch\u00fang t\u00f4i v\u1ec1 S\u1ee9 m\u1ec7nh, T\u1ea7m nh\u00ecn, v\u00e0\u00a0 Gi\u00e1 tr\u1ecb c\u1ed1t l\u00f5i, lu\u00f4n \u0111\u01b0\u1ee3c \u0111\u01b0\u1ee3c th\u1ea9m th\u1ea5u, tr\u1edf th\u00e0nh ni\u1ec1m tin v\u00e0 s\u1ef1 quy\u1ebft t\u00e2m c\u1ee7a m\u1ed7i th\u00e0nh vi\u00ean trong t\u1ed5 ch\u1ee9c.\u00a0 H\u00e0nh \u0111\u1ed9ng c\u00f3 tr\u00e1ch nhi\u1ec7m l\u00e0 c\u00e1ch m\u00e0 ch\u00fang t\u00f4i th\u1ef1c thi s\u1ef1 cam k\u1ebft v\u1edbi \u0110\u1ed1i t\u00e1c v\u00e0 Kh\u00e1ch h\u00e0ng c\u1ee7a m\u00ecnh.<\/p>\n<h2><span style=\"color: #99cc00;\"><strong>B\u1ea3o m\u1eadt th\u00f4ng tin<\/strong><\/span><\/h2>\n<p>Ch\u00fang t\u00f4i l\u1eafng nghe, chia s\u1ebb v\u00e0 b\u1ea3o v\u1ec7 nh\u1eefng g\u00ec thu\u1ed9c v\u1ec1 \u0110\u1ed1i t\u00e1c v\u00e0 Kh\u00e1ch h\u00e0ng nh\u01b0 b\u1ea3o v\u1ec7 b\u00ed m\u1eadt kinh doanh c\u1ee7a\u00a0 ch\u00ednh m\u00ecnh. \u0110\u00e2y l\u00e0 nhi\u1ec7m v\u1ee5 tr\u1ecdng t\u00e2m v\u00e0 c\u0169ng \u0111\u1ed3ng th\u1eddi l\u00e0 cam k\u1ebft \u0111\u1ea7u ti\u00ean c\u1ee7a ch\u00fang t\u00f4i v\u1edbi \u0110\u1ed1i t\u00e1c v\u00e0 Kh\u00e1ch h\u00e0ng.<\/p>\n<h2><span style=\"color: #99cc00;\"><strong>Ch\u00fang t\u00f4i \u0111\u1ec1 cao gi\u00e1 tr\u1ecb \u0111\u1ea1o \u0111\u1ee9c v\u00e0 tinh th\u1ea7n tr\u00e1ch nhi\u1ec7m<\/strong><\/span><\/h2>\n<p>Ch\u00fang t\u00f4i tin r\u1eb1ng, nh\u1eefng gi\u00e1 tr\u1ecb \u0111\u1ea1o \u0111\u1ee9c m\u00e0 ch\u00fang t\u00f4i theo \u0111u\u1ed5i lu\u00f4n \u0111\u01b0\u1ee3c xem l\u00e0 nh\u00e2n t\u1ed1 then ch\u1ed1t nh\u1eb1m g\u00e2y d\u1ef1ng l\u00f2ng tin cho nh\u1eefng g\u00ec ch\u00fang t\u00f4i \u0111\u00e3 cam k\u1ebft, v\u00e0 r\u1eb1ng, ch\u00fang t\u00f4i lu\u00f4n c\u00f3 tr\u00e1ch nhi\u1ec7m v\u1edbi nh\u1eefng d\u1ecbch v\u1ee5, s\u1ea3n ph\u1ea9m, d\u1ef1 \u00e1n \u0111\u1ea7u t\u01b0 do ch\u00ednh m\u00ecnh t\u1ea1o ra.<\/p>\n<p>&nbsp;<\/p>\n","protected":false},"excerpt":{"rendered":"<p>L\u1edcI GI\u1edaI THI\u1ec6U FARM VI\u1ec6T NAM l\u00e0 c\u00f4ng ty khoa h\u1ecdc \u1ee9ng d\u1ee5ng, chuy\u00ean h\u1ee3p t\u00e1c nghi\u00ean c\u1ee9u, chuy\u1ec3n giao c\u00f4ng ngh\u1ec7, v\u00e0 h\u1ee3p t\u00e1c \u0111\u1ea7u t\u01b0 l\u0129nh v\u1ef1c\u00a0 n\u00f4ng nghi\u1ec7p h\u1eefu c\u01a1 c\u00f4ng ngh\u1ec7 cao v\u00e0 x\u1eed l\u00fd m\u00f4i tr\u01b0\u1eddng. FARM VI\u1ec6T NAM c\u00f3 2 nh\u00f3m ng\u00e0nh (flat-form), bao g\u1ed3m: FARM VI\u1ec6T NAM\u00a0AgroScience\u00ae FARM&#8230;<\/p>\n","protected":false},"author":1,"featured_media":0,"parent":0,"menu_order":0,"comment_status":"closed","ping_status":"closed","template":"","meta":[],"_links":{"self":[{"href":"https:\/\/webmaibinh.com\/w\/congty62011\/wp-json\/wp\/v2\/pages\/408"}],"collection":[{"href":"https:\/\/webmaibinh.com\/w\/congty62011\/wp-json\/wp\/v2\/pages"}],"about":[{"href":"https:\/\/webmaibinh.com\/w\/congty62011\/wp-json\/wp\/v2\/types\/page"}],"author":[{"embeddable":true,"href":"https:\/\/webmaibinh.com\/w\/congty62011\/wp-json\/wp\/v2\/users\/1"}],"replies":[{"embeddable":true,"href":"https:\/\/webmaibinh.com\/w\/congty62011\/wp-json\/wp\/v2\/comments?post=408"}],"version-history":[{"count":4,"href":"https:\/\/webmaibinh.com\/w\/congty62011\/wp-json\/wp\/v2\/pages\/408\/revisions"}],"predecessor-version":[{"id":526,"href":"https:\/\/webmaibinh.com\/w\/congty62011\/wp-json\/wp\/v2\/pages\/408\/revisions\/526"}],"wp:attachment":[{"href":"https:\/\/webmaibinh.com\/w\/congty62011\/wp-json\/wp\/v2\/media?parent=408"}],"curies":[{"name":"wp","href":"https:\/\/api.w.org\/{rel}","templated":true}]}}