{"id":153,"date":"2019-02-26T09:10:06","date_gmt":"2019-02-26T09:10:06","guid":{"rendered":"http:\/\/congty4.khowebseotop.vn\/?post_type=product&#038;p=153"},"modified":"2019-02-26T09:16:51","modified_gmt":"2019-02-26T09:16:51","slug":"may-han-soi-quang-vfv-90s-chinh-hang","status":"publish","type":"product","link":"https:\/\/webmaibinh.com\/w\/congty42011\/san-pham\/may-han-soi-quang-vfv-90s-chinh-hang\/","title":{"rendered":"M\u00e1y h\u00e0n s\u1ee3i quang VFV-90S ch\u00ednh h\u00e3ng"},"content":{"rendered":"<p><strong>M\u00e1y h\u00e0n s\u1ee3i quang VFV-90S<\/strong>\u00a0l\u00e0 m\u1ed9t trong nh\u1eefng model m\u1edbi nh\u1ea5t do Skycom s\u1ea3n xu\u1ea5t \u0111\u01b0\u1ee3c vfv ph\u00e2n ph\u1ed1i \u0111\u1ed9c quy\u1ec1n t\u1ea1i Vi\u1ec7t Nam. M\u00e1y s\u1eed d\u1ee5ng c\u00f4ng ngh\u1ec7 c\u0103n ch\u1ec9nh l\u00f5i tr\u1ef1c ti\u1ebfp, ti\u00ean ti\u1ebfn. \u0110\u01b0\u1ee3c c\u1ea3i thi\u1ec7n v\u1ec1 t\u1ed1c \u0111\u1ed9 h\u00e0n n\u1ed1i v\u00e0 gia nhi\u1ec7t xu\u1ed1ng 15 gi\u00e2y; dung l\u01b0\u1ee3ng pin l\u1edbn g\u1ea7n 300 m\u1ed1i h\u00e0n v\u00e0 nung \u0111\u1ed3ng th\u1eddi. \u0110\u1ea1i l\u00fd ch\u00ednh th\u1ee9c SKYCOM t\u1ea1i th\u1ecb tr\u01b0\u1eddng Vi\u1ec7t Nam.<\/p>\n<figure id=\"attachment_2212\" class=\"wp-caption aligncenter\"><img class=\"wp-image-2212 size-full lazy-load-active\" src=\"http:\/\/congty4.khowebseotop.vn\/wp-content\/uploads\/2019\/02\/auto-draft-153.jpg\" sizes=\"(max-width: 800px) 100vw, 800px\" srcset=\"http:\/\/congty4.khowebseotop.vn\/wp-content\/uploads\/2019\/02\/auto-draft-153.jpg 800w, \/wp-content\/uploads\/2019\/02\/auto-draft-153.jpg\" data-srcset=\"http:\/\/congty4.khowebseotop.vn\/wp-content\/uploads\/2019\/02\/auto-draft-153.jpg 800w, https:\/\/hancapquang.net\/wp-content\/uploads\/2018\/08\/bo-san-pham-day-du-510x383.jpg 510w, https:\/\/hancapquang.net\/wp-content\/uploads\/2018\/08\/bo-san-pham-day-du-300x225.jpg 300w, https:\/\/hancapquang.net\/wp-content\/uploads\/2018\/08\/bo-san-pham-day-du-768x576.jpg 768w\" \/><figcaption class=\"wp-caption-text\">M\u00e1y h\u00e0n s\u1ee3i quang VFV-90S ch\u00ednh h\u00e3ng gi\u00e1 t\u1ed1t<\/figcaption><\/figure>\n<h3><strong>T\u00ednh n\u0103ng ch\u00ednh v\u01b0\u1ee3t tr\u1ed9i c\u1ee7a m\u00e1y h\u00e0n s\u1ee3i quang VFV-90S<\/strong><\/h3>\n<ul>\n<li>H\u00e0n \u0111\u01b0\u1ee3c c\u00e1c lo\u1ea1i s\u1ee3i: Single \/ SMF (G.652), MMF (G.651), DSF (G.653), NZDSF (G.655), BIF (G.657), CSF (G.654), EDF<\/li>\n<li>M\u00e0n h\u00ecnh\u00a0LCD\u00a05\u2033<\/li>\n<li>Th\u1eddi gian h\u00e0n s\u1ee3i: 6 gi\u00e2y<\/li>\n<li>Th\u1eddi gian nung \u1ed1ng co nhi\u1ec7t: 15 gi\u00e2y<\/li>\n<li>Th\u1eddi gian ho\u1ea1t \u0111\u1ed9ng c\u1ee7a Pin: 300 chu tr\u00ecnh h\u00e0n + gia nhi\u1ec7t<\/li>\n<li>\u0110\u1ed9 ph\u00f3ng \u0111\u1ea1i c\u1ee7a camera: 500 l\u1ea7n<\/li>\n<li>C\u00f3 ch\u1ebf \u0111\u1ed9 h\u00e0n t\u1ef1 \u0111\u1ed9ng v\u00e0 b\u1eb1ng tay<\/li>\n<li>Trang b\u1ecb C\u1ed5ng USB<\/li>\n<li>Kh\u1ea3 n\u0103ng l\u01b0u 6000 nh\u00f3m k\u1ebft qu\u1ea3 h\u00e0n<\/li>\n<li>S\u1eed d\u1ee5ng c\u00f4ng ngh\u1ec7 h\u00e0n c\u0103n ch\u1ec9nh l\u00f5i tr\u1ef1c ti\u1ebfp m\u1edbi nh\u1ea5t, gi\u1ea3m t\u1ed1i \u0111a suy hao m\u1ed1i h\u00e0n<\/li>\n<li>C\u00f3 ch\u1ee9c n\u0103ng t\u1ef1 \u0111\u1ed9ng ph\u00e1t hi\u1ec7n lo\u1ea1i c\u00e1p quang v\u00e0 t\u1ef1 \u0111\u1ed9ng ch\u1ecdn ch\u1ebf \u0111\u1ed9 h\u00e0n ph\u00f9 h\u1ee3p<\/li>\n<li>Ch\u1ed1ng s\u1ed1c, ch\u1ed1ng b\u1ee5i, ch\u1ed1ng gi\u00f3<\/li>\n<li>B\u1ed5 sung b\u1ed9 d\u1ee5ng c\u1ee5 cho vi\u1ec7c thi c\u00f4ng tr\u00ean nhi\u1ec1u lo\u1ea1i c\u00e1p quang.<\/li>\n<\/ul>\n","protected":false},"excerpt":{"rendered":"<p>M\u00e1y h\u00e0n s\u1ee3i quang VFV-90S\u00a0l\u00e0 m\u1ed9t trong nh\u1eefng model m\u1edbi nh\u1ea5t do Skycom s\u1ea3n xu\u1ea5t \u0111\u01b0\u1ee3c vfv ph\u00e2n ph\u1ed1i \u0111\u1ed9c quy\u1ec1n t\u1ea1i Vi\u1ec7t Nam. M\u00e1y s\u1eed d\u1ee5ng c\u00f4ng ngh\u1ec7 c\u0103n ch\u1ec9nh l\u00f5i tr\u1ef1c ti\u1ebfp, ti\u00ean ti\u1ebfn. \u0110\u01b0\u1ee3c c\u1ea3i thi\u1ec7n v\u1ec1 t\u1ed1c \u0111\u1ed9 h\u00e0n n\u1ed1i v\u00e0 gia nhi\u1ec7t xu\u1ed1ng 15 gi\u00e2y; dung l\u01b0\u1ee3ng pin l\u1edbn g\u1ea7n&#8230;<\/p>\n","protected":false},"featured_media":154,"comment_status":"open","ping_status":"closed","template":"","meta":[],"_links":{"self":[{"href":"https:\/\/webmaibinh.com\/w\/congty42011\/wp-json\/wp\/v2\/product\/153"}],"collection":[{"href":"https:\/\/webmaibinh.com\/w\/congty42011\/wp-json\/wp\/v2\/product"}],"about":[{"href":"https:\/\/webmaibinh.com\/w\/congty42011\/wp-json\/wp\/v2\/types\/product"}],"replies":[{"embeddable":true,"href":"https:\/\/webmaibinh.com\/w\/congty42011\/wp-json\/wp\/v2\/comments?post=153"}],"wp:featuredmedia":[{"embeddable":true,"href":"https:\/\/webmaibinh.com\/w\/congty42011\/wp-json\/wp\/v2\/media\/154"}],"wp:attachment":[{"href":"https:\/\/webmaibinh.com\/w\/congty42011\/wp-json\/wp\/v2\/media?parent=153"}],"curies":[{"name":"wp","href":"https:\/\/api.w.org\/{rel}","templated":true}]}}