{"id":144,"date":"2019-02-26T09:08:46","date_gmt":"2019-02-26T09:08:46","guid":{"rendered":"http:\/\/congty4.khowebseotop.vn\/?post_type=product&#038;p=144"},"modified":"2019-02-26T09:17:13","modified_gmt":"2019-02-26T09:17:13","slug":"may-han-soi-quang-fujikura-70s-nhat-ban","status":"publish","type":"product","link":"https:\/\/webmaibinh.com\/w\/congty42011\/san-pham\/may-han-soi-quang-fujikura-70s-nhat-ban\/","title":{"rendered":"M\u00e1y h\u00e0n s\u1ee3i quang Fujikura 70S Nh\u1eadt B\u1ea3n"},"content":{"rendered":"<p><strong>M\u00e1y h\u00e0n s\u1ee3i quang Fujikura 70S<\/strong>\u00a0l\u00e0 s\u1ea3n ph\u1ea9m m\u00e1y h\u00e0n quang \u0111\u01b0\u1ee3c t\u00edch h\u1ee3p nhi\u1ec1u t\u00ednh n\u0103ng v\u00e0 c\u00f4ng ngh\u1ec7 m\u1edbi, Fujikura-70s \u0111\u01b0\u1ee3c thi\u1ebft k\u1ebf v\u1edbi kh\u1ea3 n\u0103ng \u0111i\u1ec1u khi\u1ec3n linh ho\u1ea1t d\u1ec5 d\u00e0ng cho ng\u01b0\u1eddi s\u1eed d\u1ee5ng v\u00e0 cho hi\u1ec7u qu\u1ea3 cao.<\/p>\n<p>M\u00e1y h\u00e0n quang Fujikura 70S \u0111\u01b0\u1ee3c ph\u00e2n ph\u1ed1i tr\u1ef1c ti\u1ebfp t\u1ea1i HanCapQuang.Net v\u1edbi \u0111\u1ea7y \u0111\u1ee7 gi\u1ea5y t\u1edd CO, CQ theo nhu c\u1ea7u c\u1ee7a kh\u00e1ch h\u00e0ng v\u00e0 d\u1ef1 \u00e1n. C\u00f9ng v\u1edbi \u0111\u00f3 l\u00e0 ch\u00ednh s\u00e1ch b\u1ea3o h\u00e0nh 1 n\u0103m \u0111\u00fang theo nh\u01b0 nh\u00e0 s\u1ea3n xu\u1ea5t.<\/p>\n<figure id=\"attachment_2705\" class=\"wp-caption aligncenter\"><img class=\"wp-image-2705 size-full lazy-load-active\" src=\"http:\/\/congty4.khowebseotop.vn\/wp-content\/uploads\/2019\/02\/auto-draft-144.jpg\" sizes=\"(max-width: 800px) 100vw, 800px\" srcset=\"http:\/\/congty4.khowebseotop.vn\/wp-content\/uploads\/2019\/02\/auto-draft-144.jpg 800w, \/wp-content\/uploads\/2019\/02\/auto-draft-144.jpg\" data-srcset=\"http:\/\/congty4.khowebseotop.vn\/wp-content\/uploads\/2019\/02\/auto-draft-144.jpg 800w, \/wp-content\/uploads\/2019\/02\/auto-draft-144-1.jpg\" sizes=\"(max-width: 800px) 100vw, 800px\" srcset=\"http:\/\/congty4.khowebseotop.vn\/wp-content\/uploads\/2019\/02\/auto-draft-144-1.jpg 800w, \/wp-content\/uploads\/2019\/02\/auto-draft-144-1.jpg\" data-srcset=\"http:\/\/congty4.khowebseotop.vn\/wp-content\/uploads\/2019\/02\/auto-draft-144-1.jpg 800w, https:\/\/hancapquang.net\/wp-content\/uploads\/2019\/02\/Fujikura-70S-Plus-InCaser-510x510.jpg 510w, https:\/\/hancapquang.net\/wp-content\/uploads\/2019\/02\/Fujikura-70S-Plus-InCaser-150x150.jpg 150w, https:\/\/hancapquang.net\/wp-content\/uploads\/2019\/02\/Fujikura-70S-Plus-InCaser-300x300.jpg 300w, https:\/\/hancapquang.net\/wp-content\/uploads\/2019\/02\/Fujikura-70S-Plus-InCaser-768x768.jpg 768w, https:\/\/hancapquang.net\/wp-content\/uploads\/2019\/02\/Fujikura-70S-Plus-InCaser-100x100.jpg 100w\" \/><figcaption class=\"wp-caption-text\">Th\u00f9ng \u0111\u1ef1ng m\u00e1y h\u00e0n s\u1ee3i quang Fujikura 70S Nh\u1eadt B\u1ea3n<\/figcaption><\/figure>\n<h2>Nh\u1eefng \u0111i\u1ec3m n\u1ed5i b\u1eadt c\u1ee7a m\u00e1y h\u00e0n c\u00e1p quang Fujikura 70S:<\/h2>\n<ul>\n<li>Fujikura-70s c\u00f3 kh\u1ea3 n\u0103ng t\u1ef1 \u0111\u1ed9ng ho\u1eb7c l\u1eadp tr\u00ecnh b\u1ed9 ch\u1eafn gi\u00f3<\/li>\n<li>Th\u1eddi gian nung ch\u1ec9 14 gi\u00e2y<\/li>\n<li>Ho\u00e0n to\u00e0n ch\u1ed1ng s\u1ed1c, b\u1ee5i v\u00e0 \u0111\u1ed9 \u1ea9m<\/li>\n<li>Pin Li-ion v\u1edbi 200 m\u1ed1i h\u00e0n<\/li>\n<li>V\u1ecf b\u1ecdc k\u1eb9p ho\u1eb7c b\u1ed9 gi\u1eef s\u1ee3i ho\u1ea1t \u0111\u1ed9ng<\/li>\n<li>\u0110\u00e0o t\u1ea1o v\u00e0 h\u1ed7 tr\u1ee3 video on-board<\/li>\n<li>N\u00e2ng c\u1ea5p ph\u1ea7n m\u1ec1m qua Internet<\/li>\n<li>H\u1ed9p \u0111\u1ef1ng \u0111a ch\u1ee9c n\u0103ng v\u1edbi vi\u1ec7c t\u00edch h\u1ee3p b\u00e0n l\u00e0m vi\u1ec7c<\/li>\n<\/ul>\n<h2>Ph\u1ee5 ki\u1ec7n m\u00e1y h\u00e0n quang Fujikura 70S<\/h2>\n<ul>\n<li>C\u00e1p USB Cable,<\/li>\n<li>C\u1ed3n Alcohol Dispenser<\/li>\n<li>Dao c\u1eaft s\u1ee3i quang CT06A<\/li>\n<li>Pin m\u00e1y h\u00e0n 70s BTR-09<\/li>\n<li>D\u00e2y S\u1ea1c pin DCC-18<\/li>\n<li>Quick Reference Guide,<\/li>\n<li>Video Instruction Manual and CC30 Transit Case with Carrying Strap<\/li>\n<li>B\u1ed9 s\u1ea1c pin ADC-18 AC Adapter<\/li>\n<li>D\u00e2y ngu\u1ed3n ACC-14 AC Cord<\/li>\n<li>Screw Driver<\/li>\n<li>Splicer Carrying Strap<\/li>\n<li>\u0110i\u1ec7n c\u1ef1c d\u1ef1 ph\u00f2ng ELCT2-20A Spare Electrodes (pair),<\/li>\n<li>S70C Sheath Clamp<\/li>\n<\/ul>\n<p>Qu\u00fd kh\u00e1ch c\u00f3 nhu c\u1ea7u mua ho\u1eb7c b\u00e1o gi\u00e1 s\u1ea3n ph\u1ea9m m\u00e1y h\u00e0n c\u00e1p quang Fujikura 70S ch\u00ednh h\u00e3ng, gi\u00e1 r\u1ebb xin vui l\u00f2ng li\u00ean h\u1ec7 tr\u1ef1c ti\u1ebfp v\u1edbi ch\u00fang t\u00f4i \u0111\u1ec3 \u0111\u01b0\u1ee3c t\u01b0 v\u1ea5n v\u00e0 h\u1ed7 tr\u1ee3 m\u1ed9t c\u00e1ch nhanh ch\u00f3ng v\u00e0 t\u1ed1t nh\u1ea5t.<\/p>\n<p>&nbsp;<\/p>\n","protected":false},"excerpt":{"rendered":"<p>M\u00e1y h\u00e0n s\u1ee3i quang Fujikura 70S\u00a0l\u00e0 s\u1ea3n ph\u1ea9m m\u00e1y h\u00e0n quang \u0111\u01b0\u1ee3c t\u00edch h\u1ee3p nhi\u1ec1u t\u00ednh n\u0103ng v\u00e0 c\u00f4ng ngh\u1ec7 m\u1edbi, Fujikura-70s \u0111\u01b0\u1ee3c thi\u1ebft k\u1ebf v\u1edbi kh\u1ea3 n\u0103ng \u0111i\u1ec1u khi\u1ec3n linh ho\u1ea1t d\u1ec5 d\u00e0ng cho ng\u01b0\u1eddi s\u1eed d\u1ee5ng v\u00e0 cho hi\u1ec7u qu\u1ea3 cao. M\u00e1y h\u00e0n quang Fujikura 70S \u0111\u01b0\u1ee3c ph\u00e2n ph\u1ed1i tr\u1ef1c ti\u1ebfp t\u1ea1i HanCapQuang.Net&#8230;<\/p>\n","protected":false},"featured_media":145,"comment_status":"open","ping_status":"closed","template":"","meta":[],"_links":{"self":[{"href":"https:\/\/webmaibinh.com\/w\/congty42011\/wp-json\/wp\/v2\/product\/144"}],"collection":[{"href":"https:\/\/webmaibinh.com\/w\/congty42011\/wp-json\/wp\/v2\/product"}],"about":[{"href":"https:\/\/webmaibinh.com\/w\/congty42011\/wp-json\/wp\/v2\/types\/product"}],"replies":[{"embeddable":true,"href":"https:\/\/webmaibinh.com\/w\/congty42011\/wp-json\/wp\/v2\/comments?post=144"}],"wp:featuredmedia":[{"embeddable":true,"href":"https:\/\/webmaibinh.com\/w\/congty42011\/wp-json\/wp\/v2\/media\/145"}],"wp:attachment":[{"href":"https:\/\/webmaibinh.com\/w\/congty42011\/wp-json\/wp\/v2\/media?parent=144"}],"curies":[{"name":"wp","href":"https:\/\/api.w.org\/{rel}","templated":true}]}}