{"id":230,"date":"2019-02-26T12:29:12","date_gmt":"2019-02-26T12:29:12","guid":{"rendered":"http:\/\/congty4.khowebseotop.vn\/?page_id=230"},"modified":"2019-02-26T12:29:12","modified_gmt":"2019-02-26T12:29:12","slug":"thong-tin-thanh-toan","status":"publish","type":"page","link":"https:\/\/webmaibinh.com\/w\/congty42011\/thong-tin-thanh-toan\/","title":{"rendered":"Th\u00f4ng tin thanh to\u00e1n"},"content":{"rendered":"<p>Th\u00f4ng tin thanh to\u00e1n<\/p>\n<p>&nbsp;<\/p>\n","protected":false},"excerpt":{"rendered":"<p>Th\u00f4ng tin thanh to\u00e1n &nbsp;<\/p>\n","protected":false},"author":1,"featured_media":0,"parent":0,"menu_order":0,"comment_status":"closed","ping_status":"closed","template":"page-left-sidebar.php","meta":[],"_links":{"self":[{"href":"https:\/\/webmaibinh.com\/w\/congty42011\/wp-json\/wp\/v2\/pages\/230"}],"collection":[{"href":"https:\/\/webmaibinh.com\/w\/congty42011\/wp-json\/wp\/v2\/pages"}],"about":[{"href":"https:\/\/webmaibinh.com\/w\/congty42011\/wp-json\/wp\/v2\/types\/page"}],"author":[{"embeddable":true,"href":"https:\/\/webmaibinh.com\/w\/congty42011\/wp-json\/wp\/v2\/users\/1"}],"replies":[{"embeddable":true,"href":"https:\/\/webmaibinh.com\/w\/congty42011\/wp-json\/wp\/v2\/comments?post=230"}],"version-history":[{"count":1,"href":"https:\/\/webmaibinh.com\/w\/congty42011\/wp-json\/wp\/v2\/pages\/230\/revisions"}],"predecessor-version":[{"id":231,"href":"https:\/\/webmaibinh.com\/w\/congty42011\/wp-json\/wp\/v2\/pages\/230\/revisions\/231"}],"wp:attachment":[{"href":"https:\/\/webmaibinh.com\/w\/congty42011\/wp-json\/wp\/v2\/media?parent=230"}],"curies":[{"name":"wp","href":"https:\/\/api.w.org\/{rel}","templated":true}]}}