{"id":224,"date":"2019-02-26T12:28:18","date_gmt":"2019-02-26T12:28:18","guid":{"rendered":"http:\/\/congty4.khowebseotop.vn\/?page_id=224"},"modified":"2019-02-26T12:28:18","modified_gmt":"2019-02-26T12:28:18","slug":"chinh-sach-bao-hanh","status":"publish","type":"page","link":"https:\/\/webmaibinh.com\/w\/congty42011\/chinh-sach-bao-hanh\/","title":{"rendered":"Ch\u00ednh s\u00e1ch b\u1ea3o h\u00e0nh"},"content":{"rendered":"<p>Ch\u00ednh s\u00e1ch b\u1ea3o h\u00e0nh<\/p>\n<p>&nbsp;<\/p>\n","protected":false},"excerpt":{"rendered":"<p>Ch\u00ednh s\u00e1ch b\u1ea3o h\u00e0nh &nbsp;<\/p>\n","protected":false},"author":1,"featured_media":0,"parent":0,"menu_order":0,"comment_status":"closed","ping_status":"closed","template":"page-left-sidebar.php","meta":[],"_links":{"self":[{"href":"https:\/\/webmaibinh.com\/w\/congty42011\/wp-json\/wp\/v2\/pages\/224"}],"collection":[{"href":"https:\/\/webmaibinh.com\/w\/congty42011\/wp-json\/wp\/v2\/pages"}],"about":[{"href":"https:\/\/webmaibinh.com\/w\/congty42011\/wp-json\/wp\/v2\/types\/page"}],"author":[{"embeddable":true,"href":"https:\/\/webmaibinh.com\/w\/congty42011\/wp-json\/wp\/v2\/users\/1"}],"replies":[{"embeddable":true,"href":"https:\/\/webmaibinh.com\/w\/congty42011\/wp-json\/wp\/v2\/comments?post=224"}],"version-history":[{"count":1,"href":"https:\/\/webmaibinh.com\/w\/congty42011\/wp-json\/wp\/v2\/pages\/224\/revisions"}],"predecessor-version":[{"id":225,"href":"https:\/\/webmaibinh.com\/w\/congty42011\/wp-json\/wp\/v2\/pages\/224\/revisions\/225"}],"wp:attachment":[{"href":"https:\/\/webmaibinh.com\/w\/congty42011\/wp-json\/wp\/v2\/media?parent=224"}],"curies":[{"name":"wp","href":"https:\/\/api.w.org\/{rel}","templated":true}]}}