{"id":22,"date":"2018-04-13T04:33:18","date_gmt":"2018-04-13T04:33:18","guid":{"rendered":"http:\/\/duocpham.khowebseotop.vn\/?page_id=22"},"modified":"2018-04-13T10:57:59","modified_gmt":"2018-04-13T10:57:59","slug":"san-pham","status":"publish","type":"page","link":"https:\/\/webmaibinh.com\/w\/congty2011\/san-pham\/","title":{"rendered":"S\u1ea3n ph\u1ea9m"},"content":{"rendered":"\t<div class=\"img has-hover x md-x lg-x y md-y lg-y\" id=\"image_250721096\">\n\t\t\t\t\t\t\t\t<div class=\"img-inner image-cover dark\" style=\"padding-top:25%;\">\n\t\t\t<img width=\"1366\" height=\"350\" src=\"https:\/\/webmaibinh.com\/w\/congty2011\/wp-content\/uploads\/2018\/04\/slide_2.jpg\" class=\"attachment-original size-original\" alt=\"\" loading=\"lazy\" srcset=\"https:\/\/webmaibinh.com\/w\/congty2011\/wp-content\/uploads\/2018\/04\/slide_2.jpg 1366w, https:\/\/webmaibinh.com\/w\/congty2011\/wp-content\/uploads\/2018\/04\/slide_2-300x77.jpg 300w, https:\/\/webmaibinh.com\/w\/congty2011\/wp-content\/uploads\/2018\/04\/slide_2-768x197.jpg 768w, https:\/\/webmaibinh.com\/w\/congty2011\/wp-content\/uploads\/2018\/04\/slide_2-1024x262.jpg 1024w\" sizes=\"(max-width: 1366px) 100vw, 1366px\" \/>\t\t\t\t\t\t\n\t\t\t\t\t<\/div>\n\t\t\t\t\t\t\t\t\n<style>\n#image_250721096 {\n  width: 100%;\n}\n<\/style>\n\t<\/div>\n\t\n\t<section class=\"section\" id=\"section_398824240\">\n\t\t<div class=\"bg section-bg fill bg-fill  bg-loaded\" >\n\n\t\t\t\n\t\t\t\n\t\t\t\n\n\t\t<\/div>\n\n\t\t<div class=\"section-content relative\">\n\t\t\t\n<div class=\"row row-small\"  id=\"row-627025394\">\n\n\t<div id=\"col-687359037\" class=\"col medium-4 small-12 large-4\"  data-animate=\"fadeInRight\">\n\t\t<div class=\"col-inner\"  >\n\t\t\t\n\t\t\t\n\t<div class=\"img has-hover x md-x lg-x y md-y lg-y\" id=\"image_1074381300\">\n\t\t\t\t\t\t\t\t<div class=\"img-inner dark\" >\n\t\t\t<img width=\"359\" height=\"206\" src=\"https:\/\/webmaibinh.com\/w\/congty2011\/wp-content\/uploads\/2018\/04\/hopgass.png\" class=\"attachment-original size-original\" alt=\"\" loading=\"lazy\" srcset=\"https:\/\/webmaibinh.com\/w\/congty2011\/wp-content\/uploads\/2018\/04\/hopgass.png 359w, https:\/\/webmaibinh.com\/w\/congty2011\/wp-content\/uploads\/2018\/04\/hopgass-300x172.png 300w\" sizes=\"(max-width: 359px) 100vw, 359px\" \/>\t\t\t\t\t\t\n\t\t\t\t\t<\/div>\n\t\t\t\t\t\t\t\t\n<style>\n#image_1074381300 {\n  width: 100%;\n}\n<\/style>\n\t<\/div>\n\t\n\t\t<\/div>\n\t\t\t<\/div>\n\n\t\n\n\t<div id=\"col-781939574\" class=\"col medium-5 small-12 large-5\"  data-animate=\"fadeInDown\">\n\t\t<div class=\"col-inner dark\"  >\n\t\t\t\n\t\t\t\n<div class=\"item-cl\">\n<div class=\"image animated fadeInLeft wow animated\">\n<p><span style=\"font-size: 14.4px; line-height: 1.5;\">* 1 tu\u1ea7n h\u1ebft n\u00f3ng r\u00e1t<\/span><\/p>\n<p>* 2 tu\u1ea7n h\u1ebft \u1ee3 h\u01a1i, \u1ee3 chua<\/p>\n<p>* 1 th\u00e1ng kh\u00f4ng c\u00f2n c\u00e1c tri\u1ec7u ch\u1ee9ng tr\u00e0o ng\u01b0\u1ee3c d\u1ea1 d\u00e0y th\u1ef1c qu\u1ea3n<\/p>\n<p>* Duy tr\u00ec li\u1ec7u tr\u00ecnh th\u01b0\u1eddng xuy\u00ean trong 3 th\u00e1ng, gi\u1ea3m t\u1edbi 90% t\u00e1i ph\u00e1t.<\/p>\n<\/div>\n<\/div>\n<div class=\"wow item-cl animated fadeInRight logo-brf animated\">\n<div class=\"bifr\"><\/div>\n<\/div>\n\t\t<\/div>\n\t\t\t<\/div>\n\n\t\n\n\t<div id=\"col-133918836\" class=\"col medium-3 small-12 large-3\"  data-animate=\"fadeInLeft\">\n\t\t<div class=\"col-inner text-right dark\"  >\n\t\t\t\n\t\t\t\n<p style=\"text-align: right;\"><span style=\"font-size: 130%; color: #ffffff;\">Lorem ipsum dolor sit amet, consectetuer adipiscing elit, sed diam nonummy&#8230;<\/span><\/p>\n<a href=\"#\" target=\"_self\" class=\"button white lowercase\"  style=\"border-radius:3px;\">\n    <span>Li\u00ean h\u1ec7 t\u01b0 v\u1ea5n<\/span>\n  <\/a>\n\n\t\t<\/div>\n\t\t\t<\/div>\n\n\t\n<\/div>\n\t\t<\/div>\n\n\t\t\n<style>\n#section_398824240 {\n  padding-top: 30px;\n  padding-bottom: 30px;\n  background-color: rgb(0, 118, 7);\n}\n<\/style>\n\t<\/section>\n\t\n\t<section class=\"section\" id=\"section_150539718\">\n\t\t<div class=\"bg section-bg fill bg-fill  bg-loaded\" >\n\n\t\t\t\n\t\t\t\n\t\t\t\n\n\t\t<\/div>\n\n\t\t<div class=\"section-content relative\">\n\t\t\t\n<div class=\"row row-small\"  id=\"row-1866660933\">\n\n\t<div id=\"col-575577005\" class=\"col medium-5 small-12 large-5\"  data-animate=\"fadeInDown\">\n\t\t<div class=\"col-inner dark\"  >\n\t\t\t\n\t\t\t\n<div class=\"item-cl\">\n<div class=\"image animated fadeInLeft wow animated\">\n<p>Lorem ipsum dolor sit amet, consectetuer adipiscing elit, sed diam nonummy\u2026<\/p>\n<p>Lorem ipsum dolor sit amet, consectetuer adipiscing elit, sed diam nonummy\u2026Lorem ipsum dolor sit amet, consectetuer adipiscing elit, sed diam nonummy\u2026<\/p>\n<p>Lorem ipsum dolor sit amet, consectetuer adipiscing elit, sed diam nonummy\u2026<\/p>\n<\/div>\n<\/div>\n\t\t<\/div>\n\t\t\t<\/div>\n\n\t\n\n\t<div id=\"col-443617684\" class=\"col medium-3 small-12 large-3\"  data-animate=\"fadeInLeft\">\n\t\t<div class=\"col-inner text-left dark\"  >\n\t\t\t\n\t\t\t\n<p style=\"text-align: left;\"><span style=\"font-size: 130%; color: #ffffff;\">Lorem ipsum dolor sit amet, consectetuer adipiscing elit, sed diam nonummy&#8230;<\/span><\/p>\n<a href=\"#\" target=\"_self\" class=\"button white lowercase\"  style=\"border-radius:3px;\">\n    <span>Li\u00ean h\u1ec7 t\u01b0 v\u1ea5n<\/span>\n  <\/a>\n\n\t\t<\/div>\n\t\t\t<\/div>\n\n\t\n\n\t<div id=\"col-750378008\" class=\"col medium-4 small-12 large-4\"  data-animate=\"fadeInRight\">\n\t\t<div class=\"col-inner\"  >\n\t\t\t\n\t\t\t\n\t<div class=\"img has-hover x md-x lg-x y md-y lg-y\" id=\"image_1458181739\">\n\t\t\t\t\t\t\t\t<div class=\"img-inner dark\" >\n\t\t\t<img width=\"521\" height=\"329\" src=\"https:\/\/webmaibinh.com\/w\/congty2011\/wp-content\/uploads\/2018\/04\/dsa.png\" class=\"attachment-original size-original\" alt=\"\" loading=\"lazy\" srcset=\"https:\/\/webmaibinh.com\/w\/congty2011\/wp-content\/uploads\/2018\/04\/dsa.png 521w, https:\/\/webmaibinh.com\/w\/congty2011\/wp-content\/uploads\/2018\/04\/dsa-300x189.png 300w\" sizes=\"(max-width: 521px) 100vw, 521px\" \/>\t\t\t\t\t\t\n\t\t\t\t\t<\/div>\n\t\t\t\t\t\t\t\t\n<style>\n#image_1458181739 {\n  width: 100%;\n}\n<\/style>\n\t<\/div>\n\t\n\t\t<\/div>\n\t\t\t<\/div>\n\n\t\n<\/div>\n\t\t<\/div>\n\n\t\t\n<style>\n#section_150539718 {\n  padding-top: 30px;\n  padding-bottom: 30px;\n  background-color: rgb(255, 167, 0);\n}\n<\/style>\n\t<\/section>\n\t\n\t<section class=\"section\" id=\"section_1121302856\">\n\t\t<div class=\"bg section-bg fill bg-fill  bg-loaded\" >\n\n\t\t\t\n\t\t\t\n\t\t\t\n\n\t\t<\/div>\n\n\t\t<div class=\"section-content relative\">\n\t\t\t\n<div class=\"row row-small\"  id=\"row-1487584998\">\n\n\t<div id=\"col-895696797\" class=\"col medium-4 small-12 large-4\"  data-animate=\"fadeInRight\">\n\t\t<div class=\"col-inner\"  >\n\t\t\t\n\t\t\t\n\t<div class=\"img has-hover x md-x lg-x y md-y lg-y\" id=\"image_1749613278\">\n\t\t\t\t\t\t\t\t<div class=\"img-inner dark\" >\n\t\t\t<img width=\"600\" height=\"418\" src=\"https:\/\/webmaibinh.com\/w\/congty2011\/wp-content\/uploads\/2018\/04\/cumargold_kare.png\" class=\"attachment-original size-original\" alt=\"\" loading=\"lazy\" srcset=\"https:\/\/webmaibinh.com\/w\/congty2011\/wp-content\/uploads\/2018\/04\/cumargold_kare.png 600w, https:\/\/webmaibinh.com\/w\/congty2011\/wp-content\/uploads\/2018\/04\/cumargold_kare-300x209.png 300w\" sizes=\"(max-width: 600px) 100vw, 600px\" \/>\t\t\t\t\t\t\n\t\t\t\t\t<\/div>\n\t\t\t\t\t\t\t\t\n<style>\n#image_1749613278 {\n  width: 100%;\n}\n<\/style>\n\t<\/div>\n\t\n\t\t<\/div>\n\t\t\t<\/div>\n\n\t\n\n\t<div id=\"col-39450118\" class=\"col medium-3 small-12 large-3\"  data-animate=\"fadeInLeft\">\n\t\t<div class=\"col-inner text-left dark\"  >\n\t\t\t\n\t\t\t\n<p style=\"text-align: left;\"><span style=\"font-size: 130%; color: #ffffff;\">Lorem ipsum dolor sit amet, consectetuer adipiscing elit, sed diam nonummy&#8230;<\/span><\/p>\n<a href=\"#\" target=\"_self\" class=\"button white lowercase\"  style=\"border-radius:3px;\">\n    <span>Li\u00ean h\u1ec7 t\u01b0 v\u1ea5n<\/span>\n  <\/a>\n\n\t\t<\/div>\n\t\t\t<\/div>\n\n\t\n\n\t<div id=\"col-1487816446\" class=\"col medium-5 small-12 large-5\"  data-animate=\"fadeInDown\">\n\t\t<div class=\"col-inner dark\"  >\n\t\t\t\n\t\t\t\n<div class=\"item-cl\">\n<div class=\"image animated fadeInLeft wow animated\">\n<p>Lorem ipsum dolor sit amet, consectetuer adipiscing elit, sed diam nonummy\u2026<\/p>\n<p>Lorem ipsum dolor sit amet, consectetuer adipiscing elit, sed diam nonummy\u2026Lorem ipsum dolor sit amet, consectetuer adipiscing elit, sed diam nonummy\u2026<\/p>\n<p>Lorem ipsum dolor sit amet, consectetuer adipiscing elit, sed diam nonummy\u2026<\/p>\n<\/div>\n<\/div>\n\t\t<\/div>\n\t\t\t<\/div>\n\n\t\n<\/div>\n\t\t<\/div>\n\n\t\t\n<style>\n#section_1121302856 {\n  padding-top: 30px;\n  padding-bottom: 30px;\n  background-color: rgb(0, 110, 187);\n}\n<\/style>\n\t<\/section>\n\t\n","protected":false},"excerpt":{"rendered":"","protected":false},"author":2,"featured_media":0,"parent":0,"menu_order":0,"comment_status":"closed","ping_status":"closed","template":"page-blank.php","meta":[],"_links":{"self":[{"href":"https:\/\/webmaibinh.com\/w\/congty2011\/wp-json\/wp\/v2\/pages\/22"}],"collection":[{"href":"https:\/\/webmaibinh.com\/w\/congty2011\/wp-json\/wp\/v2\/pages"}],"about":[{"href":"https:\/\/webmaibinh.com\/w\/congty2011\/wp-json\/wp\/v2\/types\/page"}],"author":[{"embeddable":true,"href":"https:\/\/webmaibinh.com\/w\/congty2011\/wp-json\/wp\/v2\/users\/2"}],"replies":[{"embeddable":true,"href":"https:\/\/webmaibinh.com\/w\/congty2011\/wp-json\/wp\/v2\/comments?post=22"}],"version-history":[{"count":0,"href":"https:\/\/webmaibinh.com\/w\/congty2011\/wp-json\/wp\/v2\/pages\/22\/revisions"}],"wp:attachment":[{"href":"https:\/\/webmaibinh.com\/w\/congty2011\/wp-json\/wp\/v2\/media?parent=22"}],"curies":[{"name":"wp","href":"https:\/\/api.w.org\/{rel}","templated":true}]}}