{"id":18,"date":"2018-04-13T04:32:58","date_gmt":"2018-04-13T04:32:58","guid":{"rendered":"http:\/\/duocpham.khowebseotop.vn\/?page_id=18"},"modified":"2020-10-07T11:26:14","modified_gmt":"2020-10-07T04:26:14","slug":"gioi-thieu","status":"publish","type":"page","link":"https:\/\/webmaibinh.com\/w\/congty2011\/gioi-thieu\/","title":{"rendered":"Gi\u1edbi thi\u1ec7u"},"content":{"rendered":"\n\t<div class=\"img has-hover x md-x lg-x y md-y lg-y\" id=\"image_848339064\">\n\t\t\t\t\t\t\t\t<div class=\"img-inner image-cover dark\" style=\"padding-top:25%;\">\n\t\t\t<img width=\"1366\" height=\"350\" src=\"https:\/\/webmaibinh.com\/w\/congty2011\/wp-content\/uploads\/2018\/04\/slider_6.jpg\" class=\"attachment-original size-original\" alt=\"\" loading=\"lazy\" srcset=\"https:\/\/webmaibinh.com\/w\/congty2011\/wp-content\/uploads\/2018\/04\/slider_6.jpg 1366w, https:\/\/webmaibinh.com\/w\/congty2011\/wp-content\/uploads\/2018\/04\/slider_6-300x77.jpg 300w, https:\/\/webmaibinh.com\/w\/congty2011\/wp-content\/uploads\/2018\/04\/slider_6-768x197.jpg 768w, https:\/\/webmaibinh.com\/w\/congty2011\/wp-content\/uploads\/2018\/04\/slider_6-1024x262.jpg 1024w\" sizes=\"(max-width: 1366px) 100vw, 1366px\" \/>\t\t\t\t\t\t\n\t\t\t\t\t<\/div>\n\t\t\t\t\t\t\t\t\n<style>\n#image_848339064 {\n  width: 100%;\n}\n<\/style>\n\t<\/div>\n\t\n\n<div class=\"row row-small\"  id=\"row-602171198\">\n\n\n\t<div id=\"col-967515390\" class=\"col medium-3 small-12 large-3\"  >\n\t\t<div class=\"col-inner\"  >\n\t\t\t\n\t\t\t\n\n<h2><span style=\"font-size: 75%; color: #008000;\">FICOSAN t is a long established fact that a reader will be distracted by the readable content of a page when looking at its layout<\/span><\/h2>\n\n\t\t<\/div>\n\t\t\t<\/div>\n\n\t\n\n\t<div id=\"col-442837434\" class=\"col medium-6 small-12 large-6\"  >\n\t\t<div class=\"col-inner\"  >\n\t\t\t\n\t\t\t\n\n\t<div class=\"img has-hover x md-x lg-x y md-y lg-y\" id=\"image_1157889289\">\n\t\t\t\t\t\t\t\t<div class=\"img-inner dark\" >\n\t\t\t<img width=\"660\" height=\"379\" src=\"https:\/\/webmaibinh.com\/w\/congty2011\/wp-content\/uploads\/2018\/04\/duocpham2.jpg\" class=\"attachment-original size-original\" alt=\"\" loading=\"lazy\" srcset=\"https:\/\/webmaibinh.com\/w\/congty2011\/wp-content\/uploads\/2018\/04\/duocpham2.jpg 660w, https:\/\/webmaibinh.com\/w\/congty2011\/wp-content\/uploads\/2018\/04\/duocpham2-300x172.jpg 300w\" sizes=\"(max-width: 660px) 100vw, 660px\" \/>\t\t\t\t\t\t\n\t\t\t\t\t<\/div>\n\t\t\t\t\t\t\t\t\n<style>\n#image_1157889289 {\n  width: 100%;\n}\n<\/style>\n\t<\/div>\n\t\n\n<p>Xin ch\u00e0o b\u1ea1n \u2013 \u0111\u1ed9c gi\u1ea3 c\u1ee7a <a href=\"https:\/\/demo.vn\/\">Demo.vn<\/a>,<\/p>\n<p>L\u1eddi \u0111\u1ea7u ti\u00ean, cho ph\u00e9p Demo.vn \u0111\u01b0\u1ee3c g\u1eedi t\u1edbi qu\u00fd kh\u00e1ch, qu\u00fd th\u00e2n nh\u00e2n v\u00e0 b\u1ea1n b\u00e8 l\u1eddi ch\u00fac s\u1ee9c kh\u1ecfe, th\u00e0nh \u0111\u1ea1t v\u00e0 h\u1ea1nh ph\u00fac.<\/p>\n<p><a href=\"http:\/\/giuseart.com\/\">Demo.vn<\/a> \u0111\u01b0\u1ee3c th\u00e0nh l\u1eadp th\u00e1ng 11\/2016 d\u01b0\u1edbi d\u1ea1ng Blog c\u00e1 nh\u00e2n, v\u1edbi m\u1ee5c \u0111\u00edch ban \u0111\u1ea7u l\u00e0 n\u01a1i\u00a0l\u01b0u tr\u1eef nh\u1eefng <strong>b\u00e0i vi\u1ebft ki\u1ebfn th\u1ee9c<\/strong> ho\u1eb7c nh\u1eefng<strong> s\u1ea3n ph\u1ea9m s\u00e1ng t\u1ea1o<\/strong> trong qu\u00e1 tr\u00ecnh h\u1ecdc t\u1eadp,\u00a0l\u00e0m vi\u1ec7c.<\/p>\n<p>Sau m\u1ed9t th\u1eddi gian ho\u1ea1t \u0111\u1ed9ng, website \u0111\u00e3 c\u00f3 nh\u1eefng b\u01b0\u1edbc ti\u1ebfn \u0111\u00e1ng k\u1ec3 c\u1ea3 v\u1ec1 ch\u1ea5t l\u01b0\u1ee3ng v\u00e0 h\u00ecnh th\u1ee9c. S\u1ed1 l\u01b0\u1ee3ng kh\u00e1ch truy c\u1eadp website\u00a0tr\u1edf th\u00e0nh kh\u00e1ch h\u00e0ng s\u1eed d\u1ee5ng d\u1ecbch v\u1ee5 thi\u1ebft k\u1ebf t\u0103ng l\u00ean \u0111\u00e1ng k\u1ec3. T\u1eeb vi\u1ec7c ch\u0103m ch\u00fat n\u1ed9i dung cho website theo s\u1edf th\u00edch, Demo.vn\u00a0\u0111\u00e3 d\u1ea7n chinh ph\u1ee5c kh\u00e1ch h\u00e0ng v\u1edbi nh\u1eefng d\u1ecbch v\u1ee5 thi\u1ebft k\u1ebf s\u00e1ng t\u1ea1o uy t\u00edn v\u00e0 ch\u1ea5t l\u01b0\u1ee3ng.<\/p>\n<p>T\u1ef1 tin v\u1edbi kh\u1ea3 n\u0103ng \u0111\u00e1p \u1ee9ng m\u1ecdi y\u00eau c\u1ea7u thi\u1ebft k\u1ebf c\u1ee7a kh\u00e1ch h\u00e0ng, Demo.vn ch\u00ednh th\u1ee9c \u0111em l\u1ea1i d\u1ecbch v\u1ee5 <strong>Thi\u1ebft k\u1ebf \u0111\u1ed3 h\u1ecda<\/strong>\u00a0v\u00e0 <strong>Thi\u1ebft k\u1ebf Website chuy\u00ean nghi\u1ec7p\u00a0<\/strong>t\u1eeb \u0111\u1ea7u n\u0103m 2017.<strong>\u00a0<\/strong>S\u1ef1 \u1ee7ng h\u1ed9 v\u00e0 tin t\u01b0\u1edfng c\u1ee7a kh\u00e1ch h\u00e0ng s\u1ebd\u00a0tr\u1edf th\u00e0nh ngu\u1ed3n c\u1ea3m h\u1ee9ng\u00a0l\u1edbn lao cho Demo.vn\u00a0trong qu\u00e1 tr\u00ecnh\u00a0ph\u00e1c h\u1ecda nh\u1eefng \u00fd t\u01b0\u1edfng thi\u1ebft k\u1ebf \u0111\u01b0\u1ee3c tr\u1edf th\u00e0nh hi\u1ec7n th\u1ef1c.<\/p>\n<p>Xin c\u00e1m \u01a1n s\u1ef1 tin t\u01b0\u1edfng v\u00e0 \u1ee7ng h\u1ed9 c\u1ee7a qu\u00fd kh\u00e1ch trong th\u1eddi gian qua.<\/p>\n<p>Tr\u00e2n tr\u1ecdng.\/.<\/p>\n<p>Admin<\/p>\n\n\t\t<\/div>\n\t\t\t<\/div>\n\n\t\n\n\t<div id=\"col-201036563\" class=\"col medium-3 small-12 large-3\"  >\n\t\t<div class=\"col-inner\" style=\"background-color:rgb(246, 242, 242);\" >\n\t\t\t\n\t\t\t\n\n<h3><span style=\"color: #008000; font-size: 90%;\">GI\u1edaI THI\u1ec6U CHUNG<\/span><\/h3>\n<ul>\n<li class=\"bullet-star\"><a href=\"#\">Tri\u1ebft l\u00fd kinh doanh<\/a><\/li>\n<li class=\"bullet-star\"><a href=\"#\">T\u1ea7m nh\u00ecn ph\u00e1t tri\u1ec3n<\/a><\/li>\n<li class=\"bullet-star\"><a href=\"#\">Li\u00ean k\u1ebft &#8211; H\u1ee3p t\u00e1c<\/a><\/li>\n<li class=\"bullet-star\"><a href=\"#\">Tuy\u1ec3n d\u1ee5ng<\/a><\/li>\n<\/ul>\n<a class=\"button primary lowercase expand\"  style=\"border-radius:4px;\">\n  <i class=\"icon-phone\" ><\/i>  <span>Hotline: 0909000000<\/span>\n  <\/a>\n\n\n<a rel=\"noopener noreferrer\" href=\"https:\/\/www.facebook.com\/messages\/t\/demo\" target=\"_blank\" class=\"button secondary lowercase expand\"  style=\"border-radius:4px;\">\n  <i class=\"icon-facebook\" ><\/i>  <span>Chat Facebook<\/span>\n  <\/a>\n\n\n<h3><span style=\"color: #008000; font-size: 90%;\">H\u1ed6 TR\u1ee2 ONLINE<\/span><\/h3>\n\n\t\t<div class=\"icon-box featured-box icon-box-left text-left\"  >\n\t\t\t\t\t<div class=\"icon-box-img\" style=\"width: 60px\">\n\t\t\t\t<div class=\"icon\">\n\t\t\t\t\t<div class=\"icon-inner\" >\n\t\t\t\t\t\t<img width=\"70\" height=\"70\" src=\"https:\/\/webmaibinh.com\/w\/congty2011\/wp-content\/uploads\/2018\/04\/support-1.png\" class=\"attachment-medium size-medium\" alt=\"\" loading=\"lazy\" \/>\t\t\t\t\t<\/div>\n\t\t\t\t<\/div>\n\t\t\t<\/div>\n\t\t\t\t<div class=\"icon-box-text last-reset\">\n\t\t\t\t\t\t\t\t\t\n\n<p><span style=\"font-size: 115%;\">Ph\u00f2ng Kinh doanh<br \/><\/span><span style=\"font-size: 90%;\">0909 000 000<\/span><br \/><span style=\"font-size: 90%;\">hotro@demo.vn<\/span><\/p>\n\n\t\t<\/div>\n\t<\/div>\n\t\n\t\n\t<div id=\"gap-940502875\" class=\"gap-element clearfix\" style=\"display:block; height:auto;\">\n\t\t\n<style>\n#gap-940502875 {\n  padding-top: 25px;\n}\n<\/style>\n\t<\/div>\n\t\n\n\n\t\t<div class=\"icon-box featured-box icon-box-left text-left\"  >\n\t\t\t\t\t<div class=\"icon-box-img\" style=\"width: 60px\">\n\t\t\t\t<div class=\"icon\">\n\t\t\t\t\t<div class=\"icon-inner\" >\n\t\t\t\t\t\t<img width=\"70\" height=\"70\" src=\"https:\/\/webmaibinh.com\/w\/congty2011\/wp-content\/uploads\/2018\/04\/support2.png\" class=\"attachment-medium size-medium\" alt=\"\" loading=\"lazy\" \/>\t\t\t\t\t<\/div>\n\t\t\t\t<\/div>\n\t\t\t<\/div>\n\t\t\t\t<div class=\"icon-box-text last-reset\">\n\t\t\t\t\t\t\t\t\t\n\n<p><span style=\"font-size: 115%;\">Ph\u00f2ng Kinh doanh<br \/><\/span><span style=\"font-size: 90%;\">0909 000 000<\/span><br \/><span style=\"font-size: 90%;\">hotro@demo.vn<\/span><\/p>\n\n\t\t<\/div>\n\t<\/div>\n\t\n\t\n\n\t\t<\/div>\n\t\t\n<style>\n#col-201036563 > .col-inner {\n  padding: 10px 10px 10px 10px;\n}\n<\/style>\n\t<\/div>\n\n\t\n\n<\/div>\n\n","protected":false},"excerpt":{"rendered":"","protected":false},"author":2,"featured_media":0,"parent":0,"menu_order":0,"comment_status":"closed","ping_status":"closed","template":"","meta":[],"_links":{"self":[{"href":"https:\/\/webmaibinh.com\/w\/congty2011\/wp-json\/wp\/v2\/pages\/18"}],"collection":[{"href":"https:\/\/webmaibinh.com\/w\/congty2011\/wp-json\/wp\/v2\/pages"}],"about":[{"href":"https:\/\/webmaibinh.com\/w\/congty2011\/wp-json\/wp\/v2\/types\/page"}],"author":[{"embeddable":true,"href":"https:\/\/webmaibinh.com\/w\/congty2011\/wp-json\/wp\/v2\/users\/2"}],"replies":[{"embeddable":true,"href":"https:\/\/webmaibinh.com\/w\/congty2011\/wp-json\/wp\/v2\/comments?post=18"}],"version-history":[{"count":5,"href":"https:\/\/webmaibinh.com\/w\/congty2011\/wp-json\/wp\/v2\/pages\/18\/revisions"}],"predecessor-version":[{"id":527,"href":"https:\/\/webmaibinh.com\/w\/congty2011\/wp-json\/wp\/v2\/pages\/18\/revisions\/527"}],"wp:attachment":[{"href":"https:\/\/webmaibinh.com\/w\/congty2011\/wp-json\/wp\/v2\/media?parent=18"}],"curies":[{"name":"wp","href":"https:\/\/api.w.org\/{rel}","templated":true}]}}