{"id":231,"date":"2020-03-02T20:34:31","date_gmt":"2020-03-02T13:34:31","guid":{"rendered":"http:\/\/demo8.muathemewordpress.net\/?page_id=231"},"modified":"2020-03-04T22:26:49","modified_gmt":"2020-03-04T15:26:49","slug":"lien-he","status":"publish","type":"page","link":"https:\/\/webmaibinh.com\/w\/chuyennha2011\/lien-he\/","title":{"rendered":"Li\u00ean h\u1ec7"},"content":{"rendered":"<p style=\"text-align: center;\">Li\u00ean h\u1ec7 v\u1edbi ch\u00fang t\u00f4i qua \u0111\u1ecba ch\u1ec9, \u0111i\u1ec7n tho\u1ea1i, email v\u00e0 website<\/p>\n\t<div id=\"gap-107045288\" class=\"gap-element clearfix\" style=\"display:block; height:auto;\">\n\t\t\n<style scope=\"scope\">\n\n#gap-107045288 {\n  padding-top: 30px;\n}\n<\/style>\n\t<\/div>\n\t\n<div class=\"row\"  id=\"row-1655168920\">\n<div class=\"col medium-7 small-12 large-7\"  ><div class=\"col-inner\"  >\n<div class=\"row\"  id=\"row-429170933\">\n<div class=\"col medium-6 small-12 large-6\"  ><div class=\"col-inner\"  >\n\n\t\t<div class=\"icon-box featured-box icon-box-left text-left\"  >\n\t\t\t\t\t<div class=\"icon-box-img\" style=\"width: 25px\">\n\t\t\t\t<div class=\"icon\">\n\t\t\t\t\t<div class=\"icon-inner\" >\n\t\t\t\t\t\t<img width=\"64\" height=\"64\" src=\"https:\/\/webmaibinh.com\/w\/chuyennha2011\/wp-content\/uploads\/2020\/03\/company.png\" class=\"attachment-medium size-medium\" alt=\"\" loading=\"lazy\" \/>\t\t\t\t\t<\/div>\n\t\t\t\t<\/div>\n\t\t\t<\/div>\n\t\t\t\t<div class=\"icon-box-text last-reset\">\n\t\t\t\t\t\t\t\t\t\n<p style=\"margin-bottom: 0em;\">\u0110\u1ecba ch\u1ec9<\/p>\n<p style=\"margin-bottom: 0em;\">16 B\u00e0u M\u1ea1c 6, Ho\u00e0 Kh\u00e1nh B\u1eafc, Qu\u1eadn Li\u00ean Chi\u1ec3u, \u0110\u00e0 N\u1eb5ng<\/p>\n\t\t<\/div>\n\t<\/div><!-- .icon-box -->\n\t\n\t\n<\/div><\/div>\n<div class=\"col medium-6 small-12 large-6\"  ><div class=\"col-inner\"  >\n\n\t\t<div class=\"icon-box featured-box icon-box-left text-left\"  >\n\t\t\t\t\t<div class=\"icon-box-img\" style=\"width: 25px\">\n\t\t\t\t<div class=\"icon\">\n\t\t\t\t\t<div class=\"icon-inner\" >\n\t\t\t\t\t\t<img width=\"32\" height=\"32\" src=\"https:\/\/webmaibinh.com\/w\/chuyennha2011\/wp-content\/uploads\/2020\/03\/call.png\" class=\"attachment-medium size-medium\" alt=\"\" loading=\"lazy\" \/>\t\t\t\t\t<\/div>\n\t\t\t\t<\/div>\n\t\t\t<\/div>\n\t\t\t\t<div class=\"icon-box-text last-reset\">\n\t\t\t\t\t\t\t\t\t\n<p style=\"margin-bottom: 0em;\">\u0110i\u1ec7n tho\u1ea1i<\/p>\n<p style=\"margin-bottom: 0em;\">0935 544 052<\/p>\n\t\t<\/div>\n\t<\/div><!-- .icon-box -->\n\t\n\t\n<\/div><\/div>\n<div class=\"col medium-6 small-12 large-6\"  ><div class=\"col-inner\"  >\n\n\t\t<div class=\"icon-box featured-box icon-box-left text-left\"  >\n\t\t\t\t\t<div class=\"icon-box-img\" style=\"width: 25px\">\n\t\t\t\t<div class=\"icon\">\n\t\t\t\t\t<div class=\"icon-inner\" >\n\t\t\t\t\t\t<img width=\"32\" height=\"32\" src=\"https:\/\/webmaibinh.com\/w\/chuyennha2011\/wp-content\/uploads\/2020\/03\/envelope.png\" class=\"attachment-medium size-medium\" alt=\"\" loading=\"lazy\" \/>\t\t\t\t\t<\/div>\n\t\t\t\t<\/div>\n\t\t\t<\/div>\n\t\t\t\t<div class=\"icon-box-text last-reset\">\n\t\t\t\t\t\t\t\t\t\n<p style=\"margin-bottom: 0em;\">Email<\/p>\n<p style=\"margin-bottom: 0em;\">chuyennhathuanhien@gmail.com<\/p>\n\t\t<\/div>\n\t<\/div><!-- .icon-box -->\n\t\n\t\n<\/div><\/div>\n<div class=\"col medium-6 small-12 large-6\"  ><div class=\"col-inner\"  >\n\n\t\t<div class=\"icon-box featured-box icon-box-left text-left\"  >\n\t\t\t\t\t<div class=\"icon-box-img\" style=\"width: 25px\">\n\t\t\t\t<div class=\"icon\">\n\t\t\t\t\t<div class=\"icon-inner\" >\n\t\t\t\t\t\t<img width=\"64\" height=\"64\" src=\"https:\/\/webmaibinh.com\/w\/chuyennha2011\/wp-content\/uploads\/2020\/03\/global.png\" class=\"attachment-medium size-medium\" alt=\"\" loading=\"lazy\" \/>\t\t\t\t\t<\/div>\n\t\t\t\t<\/div>\n\t\t\t<\/div>\n\t\t\t\t<div class=\"icon-box-text last-reset\">\n\t\t\t\t\t\t\t\t\t\n<p style=\"margin-bottom: 0em;\">Website<\/p>\n<p style=\"margin-bottom: 0em;\">www.chuyennhathuanhien.com<\/p>\n\t\t<\/div>\n\t<\/div><!-- .icon-box -->\n\t\n\t\n<\/div><\/div>\n<\/div>\n\t<div class=\"img has-hover x md-x lg-x y md-y lg-y\" id=\"image_1541235679\">\n\t\t\t\t\t\t\t\t<div class=\"img-inner dark\" >\n\t\t\t<img width=\"1020\" height=\"313\" src=\"https:\/\/webmaibinh.com\/w\/chuyennha2011\/wp-content\/uploads\/2020\/03\/banner-slider-thuan-hien-1-1400x429.jpg\" class=\"attachment-large size-large\" alt=\"\" loading=\"lazy\" srcset=\"https:\/\/webmaibinh.com\/w\/chuyennha2011\/wp-content\/uploads\/2020\/03\/banner-slider-thuan-hien-1-1400x429.jpg 1400w, https:\/\/webmaibinh.com\/w\/chuyennha2011\/wp-content\/uploads\/2020\/03\/banner-slider-thuan-hien-1-800x245.jpg 800w, https:\/\/webmaibinh.com\/w\/chuyennha2011\/wp-content\/uploads\/2020\/03\/banner-slider-thuan-hien-1-768x236.jpg 768w, https:\/\/webmaibinh.com\/w\/chuyennha2011\/wp-content\/uploads\/2020\/03\/banner-slider-thuan-hien-1.jpg 1500w\" sizes=\"(max-width: 1020px) 100vw, 1020px\" \/>\t\t\t\t\t\t\n\t\t\t\t\t<\/div>\n\t\t\t\t\t\t\t\t\n<style scope=\"scope\">\n\n#image_1541235679 {\n  width: 100%;\n}\n<\/style>\n\t<\/div>\n\t\n<\/div><\/div>\n<div class=\"col medium-5 small-12 large-5\"  ><div class=\"col-inner\"  >\n<p><iframe src=\"https:\/\/www.google.com\/maps\/embed?pb=!1m14!1m8!1m3!1d7667.154606377468!2d108.152745!3d16.08741!3m2!1i1024!2i768!4f13.1!3m3!1m2!1s0x0%3A0x9db4500e844b3e4b!2zQ2h1eeG7g24gTmjDoCBHacOhIFLhursgLSBDaHV54buDbiBWxINuIFBow7JuZyBUcuG7jW4gR8OzaSDEkMOgIE7hurVuZw!5e0!3m2!1svi!2sus!4v1583335585116!5m2!1svi!2sus\" width=\"100%\" height=\"392\" frameborder=\"0\" style=\"border:0;\" allowfullscreen=\"\"><\/iframe><\/p>\n<\/div><\/div>\n<\/div>\n","protected":false},"excerpt":{"rendered":"<p>Li\u00ean h\u1ec7 v\u1edbi ch\u00fang t\u00f4i qua \u0111\u1ecba ch\u1ec9, \u0111i\u1ec7n tho\u1ea1i, email v\u00e0 website<\/p>\n","protected":false},"author":1,"featured_media":358,"parent":0,"menu_order":0,"comment_status":"closed","ping_status":"closed","template":"","meta":[],"_links":{"self":[{"href":"https:\/\/webmaibinh.com\/w\/chuyennha2011\/wp-json\/wp\/v2\/pages\/231"}],"collection":[{"href":"https:\/\/webmaibinh.com\/w\/chuyennha2011\/wp-json\/wp\/v2\/pages"}],"about":[{"href":"https:\/\/webmaibinh.com\/w\/chuyennha2011\/wp-json\/wp\/v2\/types\/page"}],"author":[{"embeddable":true,"href":"https:\/\/webmaibinh.com\/w\/chuyennha2011\/wp-json\/wp\/v2\/users\/1"}],"replies":[{"embeddable":true,"href":"https:\/\/webmaibinh.com\/w\/chuyennha2011\/wp-json\/wp\/v2\/comments?post=231"}],"version-history":[{"count":4,"href":"https:\/\/webmaibinh.com\/w\/chuyennha2011\/wp-json\/wp\/v2\/pages\/231\/revisions"}],"predecessor-version":[{"id":451,"href":"https:\/\/webmaibinh.com\/w\/chuyennha2011\/wp-json\/wp\/v2\/pages\/231\/revisions\/451"}],"wp:featuredmedia":[{"embeddable":true,"href":"https:\/\/webmaibinh.com\/w\/chuyennha2011\/wp-json\/wp\/v2\/media\/358"}],"wp:attachment":[{"href":"https:\/\/webmaibinh.com\/w\/chuyennha2011\/wp-json\/wp\/v2\/media?parent=231"}],"curies":[{"name":"wp","href":"https:\/\/api.w.org\/{rel}","templated":true}]}}