{"id":562,"date":"2018-04-07T13:13:37","date_gmt":"2018-04-07T06:13:37","guid":{"rendered":"https:\/\/bizhostvn.com\/w\/cayxanh\/?post_type=product&#038;p=562"},"modified":"2021-12-03T19:44:32","modified_gmt":"2021-12-03T12:44:32","slug":"cay-muoi-gio-uc","status":"publish","type":"product","link":"https:\/\/webmaibinh.com\/w\/chuanphatmaibinh05\/san-pham\/cay-muoi-gio-uc\/","title":{"rendered":"D\u1ecaCH V\u1ee4 TH\u00d4NG C\u1ed0NG NGH\u1eb8T T\u1ea0I B\u00ccNH D\u01af\u01a0NG"},"content":{"rendered":"<p><span style=\"color: #ed1c24;\">Nh\u00e2n vi\u00ean ch\u00fang t\u00f4i s\u1eb5n s\u00e0ng c\u00f3 m\u1eb7t 24\/24 t\u1ea1i t\u1ea5t c\u1ea3 nh\u1eefng n\u01a1i \u1edf B\u00ecnh D\u01b0\u01a1ng \u0111\u1ec3 x\u1eed l\u00fd nhanh nh\u1ea5t nh\u1eefng v\u1ea5n \u0111\u1ec1 kh\u00f3 kh\u0103n cho kh\u00e1ch h\u00e0ng<\/span><\/p>\n<p><img loading=\"lazy\" class=\"aligncenter wp-image-1270 size-full\" src=\"https:\/\/webmaibinh.com\/w\/chuanphatmaibinh05\/wp-content\/uploads\/2021\/12\/THONG-CONG-NGHET1.jpg\" alt=\"\" width=\"1024\" height=\"768\" srcset=\"https:\/\/webmaibinh.com\/w\/chuanphatmaibinh05\/wp-content\/uploads\/2021\/12\/THONG-CONG-NGHET1.jpg 1024w, https:\/\/webmaibinh.com\/w\/chuanphatmaibinh05\/wp-content\/uploads\/2021\/12\/THONG-CONG-NGHET1-300x225.jpg 300w, https:\/\/webmaibinh.com\/w\/chuanphatmaibinh05\/wp-content\/uploads\/2021\/12\/THONG-CONG-NGHET1-768x576.jpg 768w, https:\/\/webmaibinh.com\/w\/chuanphatmaibinh05\/wp-content\/uploads\/2021\/12\/THONG-CONG-NGHET1-600x450.jpg 600w\" sizes=\"(max-width: 1024px) 100vw, 1024px\" \/><\/p>\n<p><span style=\"color: #ed1c24;\"><strong>HOTLINE:<\/strong> <strong>0968 282 698 &#8211; 0922 200 300<\/strong><\/span><\/p>\n<p><span style=\"color: #ed1c24;\"><strong>\u0110\u1ecaA CH\u1ec8: <\/strong>Th\u1eeda \u0111\u1ea5t s\u1ed1 138, T\u1edd b\u1ea3n \u0111\u1ed3 s\u1ed1 22, Khu T\u00e1i \u0111\u1ecbnh c\u01b0 Ph\u00fa Ch\u00e1nh, Ph\u01b0\u1eddng Ph\u00fa T\u00e2n, Th\u00e0nh ph\u1ed1 Th\u1ee7 D\u1ea7u M\u1ed9t, T\u1ec9nh B\u00ecnh D\u01b0\u01a1ng, Vi\u1ec7t Nam<\/span><\/p>\n<div class=\"bottom-page-post\">\n<p>\u00a0<\/p>\n<\/div>\n","protected":false},"excerpt":{"rendered":"<p><strong>Nhanh ch\u00f3ng, chuy\u00ean nghi\u1ec7p, gi\u00e1 r\u1ebb<\/strong><\/p>\n<p><strong>H\u00e3y li\u00ean v\u1edbi ch\u00fang t\u00f4i qua <span style=\"color: #00a859;\">HOTLINE: 0968 282 698 &#8211; 0922 200 300<\/span> \u0111\u1ec3 \u0111\u01b0\u1ee3c h\u1ed7 tr\u1ee3 v\u00e0 nh\u1eadn m\u1ee9c gi\u00e1 t\u1ed1t nh\u1ea5t<\/strong><\/p>\n","protected":false},"featured_media":1105,"comment_status":"open","ping_status":"closed","template":"","meta":[],"_links":{"self":[{"href":"https:\/\/webmaibinh.com\/w\/chuanphatmaibinh05\/wp-json\/wp\/v2\/product\/562"}],"collection":[{"href":"https:\/\/webmaibinh.com\/w\/chuanphatmaibinh05\/wp-json\/wp\/v2\/product"}],"about":[{"href":"https:\/\/webmaibinh.com\/w\/chuanphatmaibinh05\/wp-json\/wp\/v2\/types\/product"}],"replies":[{"embeddable":true,"href":"https:\/\/webmaibinh.com\/w\/chuanphatmaibinh05\/wp-json\/wp\/v2\/comments?post=562"}],"wp:featuredmedia":[{"embeddable":true,"href":"https:\/\/webmaibinh.com\/w\/chuanphatmaibinh05\/wp-json\/wp\/v2\/media\/1105"}],"wp:attachment":[{"href":"https:\/\/webmaibinh.com\/w\/chuanphatmaibinh05\/wp-json\/wp\/v2\/media?parent=562"}],"curies":[{"name":"wp","href":"https:\/\/api.w.org\/{rel}","templated":true}]}}