{"id":1030,"date":"2021-11-15T21:23:34","date_gmt":"2021-11-15T14:23:34","guid":{"rendered":"https:\/\/webmaibinh.com\/w\/chuanphatmaibinh05\/?post_type=product&#038;p=1030"},"modified":"2021-12-03T20:36:13","modified_gmt":"2021-12-03T13:36:13","slug":"hut-ham-cau-gia-re-tai-thu-dau-mot","status":"publish","type":"product","link":"https:\/\/webmaibinh.com\/w\/chuanphatmaibinh05\/san-pham\/hut-ham-cau-gia-re-tai-thu-dau-mot\/","title":{"rendered":"H\u00daT H\u1ea6M C\u1ea6U GI\u00c1 R\u1eba T\u1ea0I TH\u00c0NH PH\u1ed0 TH\u1ee6 D\u1ea6U M\u1ed8T"},"content":{"rendered":"<p style=\"text-align: justify;\"><span style=\"color: #d83131;\">Ch\u00fang t\u00f4i lu\u00f4n c\u00f3 \u0111\u1ed9i ng\u0169 th\u1ee3, xe h\u00fat h\u1ea7m c\u1ea7u chuy\u00ean nghi\u1ec7p c\u00f9ng v\u1edbi gi\u00e1 r\u1ebb \u0111\u1ea3m b\u1ea3o mang ti\u1ebft ki\u1ec7m chi ph\u00ed cho kh\u00e1ch h\u00e0ng c\u0169ng nh\u01b0 mang \u0111\u1ebfn kh\u00e1ch h\u00e0ng tr\u1ea3i nghi\u1ec7p d\u1ecbch v\u1ee5 t\u1ed1t nh\u1ea5t.<\/span><\/p>\n<p><img loading=\"lazy\" class=\"aligncenter wp-image-1272 size-large\" src=\"https:\/\/webmaibinh.com\/w\/chuanphatmaibinh05\/wp-content\/uploads\/2021\/12\/xeee-1024x758.jpg\" alt=\"\" width=\"1020\" height=\"755\" srcset=\"https:\/\/webmaibinh.com\/w\/chuanphatmaibinh05\/wp-content\/uploads\/2021\/12\/xeee-1024x758.jpg 1024w, https:\/\/webmaibinh.com\/w\/chuanphatmaibinh05\/wp-content\/uploads\/2021\/12\/xeee-300x222.jpg 300w, https:\/\/webmaibinh.com\/w\/chuanphatmaibinh05\/wp-content\/uploads\/2021\/12\/xeee-768x569.jpg 768w, https:\/\/webmaibinh.com\/w\/chuanphatmaibinh05\/wp-content\/uploads\/2021\/12\/xeee-600x444.jpg 600w, https:\/\/webmaibinh.com\/w\/chuanphatmaibinh05\/wp-content\/uploads\/2021\/12\/xeee.jpg 1280w\" sizes=\"(max-width: 1020px) 100vw, 1020px\" \/><\/p>\n<p style=\"text-align: justify;\"><span style=\"color: #d83131;\">Qu\u00fd kh\u00e1ch c\u00f3 s\u1ef1 c\u1ed1 v\u1ec1 h\u1ea7m c\u1ea7u ho\u1eb7c c\u00f3 nhu c\u1ea7u h\u00fat h\u1ea7m c\u1ea7u \u0111\u1ecbnh k\u1ef3 li\u00ean h\u1ec7 ch\u00fang t\u00f4i qua:<\/span><\/p>\n<p style=\"text-align: justify;\"><span style=\"color: #d83131;\"><strong>HOTLINE:<\/strong> <strong>0968 282 698 &#8211; 0922 200 300<\/strong><\/span><\/p>\n<p style=\"text-align: justify;\"><span style=\"color: #d83131;\"><strong>\u0110\u1ecaA CH\u1ec8: <\/strong>Th\u1eeda \u0111\u1ea5t s\u1ed1 138, T\u1edd b\u1ea3n \u0111\u1ed3 s\u1ed1 22, Khu T\u00e1i \u0111\u1ecbnh c\u01b0 Ph\u00fa Ch\u00e1nh, Ph\u01b0\u1eddng Ph\u00fa T\u00e2n, Th\u00e0nh ph\u1ed1 Th\u1ee7 D\u1ea7u M\u1ed9t, T\u1ec9nh B\u00ecnh D\u01b0\u01a1ng, Vi\u1ec7t Nam<\/span><\/p>\n","protected":false},"excerpt":{"rendered":"<p><strong>Nhanh ch\u00f3ng, chuy\u00ean nghi\u1ec7p, gi\u00e1 r\u1ebb<\/strong><\/p>\n<p><strong>H\u00e3y li\u00ean v\u1edbi ch\u00fang t\u00f4i qua <span style=\"color: #00a859;\">HOTLINE: 0968 282 698 &#8211; 0922 200 300<\/span> \u0111\u1ec3 \u0111\u01b0\u1ee3c h\u1ed7 tr\u1ee3 v\u00e0 nh\u1eadn m\u1ee9c gi\u00e1 t\u1ed1t nh\u1ea5t<\/strong><\/p>\n","protected":false},"featured_media":1111,"comment_status":"open","ping_status":"closed","template":"","meta":[],"_links":{"self":[{"href":"https:\/\/webmaibinh.com\/w\/chuanphatmaibinh05\/wp-json\/wp\/v2\/product\/1030"}],"collection":[{"href":"https:\/\/webmaibinh.com\/w\/chuanphatmaibinh05\/wp-json\/wp\/v2\/product"}],"about":[{"href":"https:\/\/webmaibinh.com\/w\/chuanphatmaibinh05\/wp-json\/wp\/v2\/types\/product"}],"replies":[{"embeddable":true,"href":"https:\/\/webmaibinh.com\/w\/chuanphatmaibinh05\/wp-json\/wp\/v2\/comments?post=1030"}],"wp:featuredmedia":[{"embeddable":true,"href":"https:\/\/webmaibinh.com\/w\/chuanphatmaibinh05\/wp-json\/wp\/v2\/media\/1111"}],"wp:attachment":[{"href":"https:\/\/webmaibinh.com\/w\/chuanphatmaibinh05\/wp-json\/wp\/v2\/media?parent=1030"}],"curies":[{"name":"wp","href":"https:\/\/api.w.org\/{rel}","templated":true}]}}