{"id":963,"date":"2021-11-14T22:28:37","date_gmt":"2021-11-14T15:28:37","guid":{"rendered":"https:\/\/webmaibinh.com\/w\/chuanphatmaibinh05\/?page_id=963"},"modified":"2021-11-18T22:48:36","modified_gmt":"2021-11-18T15:48:36","slug":"thong-cong-nghet","status":"publish","type":"page","link":"https:\/\/webmaibinh.com\/w\/chuanphatmaibinh05\/thong-cong-nghet\/","title":{"rendered":"Th\u00f4ng c\u1ed1ng ngh\u1eb9t"},"content":{"rendered":"\n<p style=\"text-align: center;\"><span style=\"color: #282828; font-size: 120%;\"><strong>D\u1ecaCH V\u1ee4 TH\u00d4NG C\u1ed0NG NGH\u1eb8T<\/strong><\/span><\/p>\n<p style=\"text-align: center;\"><strong><span style=\"color: #50b848;\">HOTLINE: 0968 282 698 &#8211; 0922 200 300 (c\u00f3 ngay 24\/7)<\/span><\/strong><\/p>\n<p><img loading=\"lazy\" class=\"aligncenter wp-image-1055 size-large\" src=\"https:\/\/webmaibinh.com\/w\/chuanphatmaibinh05\/wp-content\/uploads\/2021\/11\/6-1024x683.jpg\" alt=\"\" width=\"1020\" height=\"680\" srcset=\"https:\/\/webmaibinh.com\/w\/chuanphatmaibinh05\/wp-content\/uploads\/2021\/11\/6-1024x683.jpg 1024w, https:\/\/webmaibinh.com\/w\/chuanphatmaibinh05\/wp-content\/uploads\/2021\/11\/6-300x200.jpg 300w, https:\/\/webmaibinh.com\/w\/chuanphatmaibinh05\/wp-content\/uploads\/2021\/11\/6-768x512.jpg 768w, https:\/\/webmaibinh.com\/w\/chuanphatmaibinh05\/wp-content\/uploads\/2021\/11\/6-600x400.jpg 600w, https:\/\/webmaibinh.com\/w\/chuanphatmaibinh05\/wp-content\/uploads\/2021\/11\/6.jpg 1200w\" sizes=\"(max-width: 1020px) 100vw, 1020px\" \/><\/p>\n<p style=\"text-align: justify; padding-left: 40px;\"><span style=\"color: #ed1c24; font-size: 110%;\">Qu\u00fd kh\u00e1ch h\u00e0ng \u0111ang c\u00f3 v\u1ea5n \u0111\u1ec1 c\u1ed1ng tho\u00e1t n\u01b0\u1edbc ch\u1eadm, b\u1ed3n c\u1ea7u kh\u00f4ng r\u00fat n\u01b0\u1edbc, ngh\u1eb9t c\u1ed1ng nh\u00e0 t\u1eafm, ch\u1eadu r\u1eeda, \u2026.c\u00f3 th\u1ec3 do nh\u1eefng nguy\u00ean nh\u00e2n sau \u0111\u00e2y:<\/span><\/p>\n<p style=\"text-align: justify; padding-left: 40px;\"><span style=\"color: #ed1c24; font-size: 110%;\">&#8211; \u0110\u1ed1i v\u1edbi b\u1ed3n c\u1ea7u<\/span><\/p>\n<ul>\n<li style=\"list-style-type: none;\">\n<ul>\n<li style=\"text-align: justify;\"><span style=\"color: #ed1c24; font-size: 110%;\">B\u1ed3n c\u1ea7u b\u1ecb t\u1eaft do m\u1eafc ph\u1ea3i gi\u1ea5y v\u1ec7 sinh<\/span><\/li>\n<li style=\"text-align: justify;\"><span style=\"color: #ed1c24; font-size: 110%;\">B\u1ecb t\u1eaft co v\u1eadt c\u1ee9ng l\u1ea1 m\u1eafc v\u00e0o<\/span><\/li>\n<li style=\"text-align: justify;\"><span style=\"color: #ed1c24; font-size: 110%;\">Hi\u1ec7n t\u01b0\u1ee3ng n\u01b0\u1edbc ch\u1ea3y ch\u1eadm do \u0111\u1ea7y h\u1ea7m c\u1ea7u, h\u1ec7 th\u1ed1ng tho\u00e1t n\u01b0\u1edbc th\u1ea3i kh\u00f4ng c\u00f3 \u1ed1ng th\u00f4ng h\u01a1i.<\/span><\/li>\n<li style=\"text-align: justify;\"><span style=\"color: #ed1c24; font-size: 110%;\">T\u00ecnh tr\u1ea1ng \u0111\u1ea7y b\u1ec3 ph\u00f3t, h\u1ea7m c\u1ea7u b\u1ecb \u0111\u1ea7y,\u2026.<\/span><\/li>\n<\/ul>\n<\/li>\n<\/ul>\n<p style=\"text-align: justify; padding-left: 40px;\"><span style=\"color: #ed1c24; font-size: 110%;\">&#8211; \u0110\u1ed1i v\u1edbi c\u1ed1ng tho\u00e1t n\u01b0\u1edbc:<\/span><\/p>\n<ul>\n<li style=\"list-style-type: none;\">\n<ul>\n<li style=\"text-align: justify;\"><span style=\"color: #ed1c24; font-size: 110%;\">Do l\u00f4ng t\u00f3c b\u1ecb v\u01b0\u1edbng l\u1ea1i<\/span><\/li>\n<li style=\"text-align: justify;\"><span style=\"color: #ed1c24; font-size: 110%;\">\u1ed0ng tho\u00e1t n\u01b0\u1edbc qu\u00e1 nh\u1ecf ho\u1eb7c \u0111\u01b0\u1ee3c thi\u1ebft k\u1ebf kh\u00f4ng b\u00e0i b\u1ea3n d\u1eabn \u0111\u1ebfn hay \u1ee9 \u0111\u1ecdng<\/span><\/li>\n<li style=\"text-align: justify;\"><span style=\"color: #ed1c24; font-size: 110%;\">C\u00e1c ch\u1ea5t th\u1ea3i sinh ho\u1ea1t \u0111\u1ed9ng c\u1ee9ng l\u1ea1i trong \u1ed1ng n\u01b0\u1edbc l\u00e2u ng\u00e0y<\/span><\/li>\n<li style=\"text-align: justify;\"><span style=\"color: #ed1c24; font-size: 110%;\">D\u1ea7u m\u1ee1 \u0111\u1ecdng l\u1ea1i<\/span><\/li>\n<\/ul>\n<\/li>\n<\/ul>\n<p style=\"text-align: center;\"><span style=\"color: #282828; font-size: 110%;\"><strong>D\u1ecaCH V\u1ee4 TH\u00d4NG C\u1ed0NG NGH\u1eb8T T\u1ea0I B\u00ccNH D\u01af\u01a0NG<\/strong><\/span><\/p>\n<p style=\"text-align: justify; padding-left: 40px;\"><span style=\"color: #d83131; font-size: 110%;\">D\u01b0\u01a1ng Ho\u00e0ng Y\u1ebfn l\u00e0 \u0111\u01a1n v\u1ecb chuy\u00ean cung c\u1ea5p d\u1ecbch v\u1ee5 th\u00f4ng c\u1ed1ng ngh\u1eb9t t\u1ea1i B\u00ecnh D\u01b0\u01a1ng uy t\u00edn v\u1edbi gi\u00e1 c\u1ea3 c\u1ea1nh tranh. S\u1eed d\u1ee5ng c\u00f4ng ngh\u1ec7 m\u00e1y l\u00f2 xo, th\u1ed5i \u00e1p su\u1ea5t hi\u1ec7n \u0111\u1ea1i v\u00e0 \u0111\u1ed9i ng\u0169 th\u1ee3 c\u00f3 nhi\u1ec1u n\u0103m kinh nghi\u1ec7m ph\u1ee5c v\u1ee5 kh\u00e1ch h\u00e0ng kh\u1eafp B\u00ecnh D\u01b0\u01a1ng, \u0110\u1ed3ng Nai v\u00e0 Tp. H\u1ed3 Ch\u00ed Minh. H\u00e3y li\u00ean h\u1ec7 v\u1edbi C\u00f4ng ty ch\u00fang t\u00f4i \u0111\u1ec3 \u0111\u01b0\u1ee3c h\u1ed7 tr\u1ee3 t\u01b0 v\u1ea5n mi\u1ec5n ph\u00ed v\u00e0 gi\u1ea3i quy\u1ebft nhu c\u1ea7u th\u00f4ng t\u1eafc c\u00f4ng m\u1ed9t c\u00e1ch t\u1ed1i \u01b0u nh\u1ea5t.<\/span><\/p>\n<p style=\"text-align: justify;\"><span style=\"color: #00a859; font-size: 110%;\"><strong>HOTLINE: <\/strong><strong>0968 282 698<\/strong><strong> &#8211; 0922 200 300<\/strong><\/span><\/p>\n<p style=\"text-align: justify;\"><span style=\"color: #00a859; font-size: 110%;\"><strong>\u0110\u1ecaA CH\u1ec8: <\/strong>Th\u1eeda \u0111\u1ea5t s\u1ed1 138, T\u1edd b\u1ea3n \u0111\u1ed3 s\u1ed1 22, Khu T\u00e1i \u0111\u1ecbnh c\u01b0 Ph\u00fa Ch\u00e1nh, Ph\u01b0\u1eddng Ph\u00fa T\u00e2n, Th\u00e0nh ph\u1ed1 Th\u1ee7 D\u1ea7u M\u1ed9t, T\u1ec9nh B\u00ecnh D\u01b0\u01a1ng, Vi\u1ec7t Nam<\/span><\/p>\n<p style=\"text-align: center;\"><span style=\"color: #d83131; font-size: 110%;\"><strong>V\u00cc SAO N\u00caN CH\u1eccN D\u1ecaCH V\u1ee4 C\u1ee6A CH\u00daNG T\u00d4I?<\/strong><\/span><\/p>\n<p style=\"text-align: justify; padding-left: 40px;\"><span style=\"color: #d83131; font-size: 110%;\">D\u01b0\u01a1ng Ho\u00e0ng Y\u1ebfn l\u00e0 \u0111\u01a1n v\u1ecb \u0111\u00e3 c\u00f3 h\u01a1n 5 n\u0103m kinh nghi\u1ec7m trong l\u0129nh v\u1ef1c v\u1ec7 sinh m\u00f4i tr\u01b0\u1eddng v\u00e0 th\u00f4ng c\u1ed1ng ngh\u1eb9t t\u1ea1i B\u00ecnh D\u01b0\u01a1ng v\u00e0 c\u00e1c t\u1ec9nh l\u00e2n c\u1eadn. Trong su\u1ed1t th\u1eddi gian ho\u1ea1t \u0111\u1ed9ng, ch\u00fang t\u00f4i \u0111\u00e3 mang \u0111\u1ebfn cho kh\u00e1ch h\u00e0ng ni\u1ec1m tin tuy\u1ec7t \u0111\u1ed1i nh\u1edd c\u00e1c y\u1ebfu t\u1ed1:<\/span><\/p>\n<ul>\n<li style=\"list-style-type: none;\">\n<ul style=\"text-align: justify;\">\n<li><span style=\"color: #d83131; font-size: 110%;\"><strong>\u0110\u1ed9i ng\u0169 nh\u00e2n vi\u00ean chuy\u00ean nghi\u1ec7p:<\/strong> Nh\u00e2n vi\u00ean c\u1ee7a ch\u00fang t\u00f4i \u0111\u00e3 d\u00e0y d\u1eb7n kinh nghi\u1ec7m trong x\u1eed l\u00fd t\u1eafc ngh\u1ebdn c\u1ed1ng cho c\u00e1c doanh nghi\u1ec7p v\u00e0 h\u1ed9 gia \u0111\u00ecnh \u1edf B\u00ecnh D\u01b0\u01a1ng. Lu\u00f4n lu\u00f4n n\u00e2ng c\u1ea5p, \u0111\u00e0o t\u1ea1o \u0111\u1ec3 \u0111\u1ea3m b\u1ea3o h\u00e0i l\u00f2ng \u0111\u1ebfn t\u1eebng kh\u00e1ch h\u00e0ng.<\/span><\/li>\n<li><span style=\"color: #d83131; font-size: 110%;\"><strong>Thi\u1ebft b\u1ecb, c\u00f4ng ngh\u1ec7 hi\u1ec7n \u0111\u1ea1i:<\/strong> \u0110\u1ec3 ho\u1ea1t \u0111\u1ed9ng t\u1ed1t v\u00e0 c\u00f3 ch\u1ed7 \u0111\u1ee9ng uy t\u00edn t\u1ea1i B\u00ecnh D\u01b0\u01a1ng \u2013 m\u1ed9t trong nh\u1eefng th\u00e0nh ph\u1ed1 n\u0103ng \u0111\u1ed9ng b\u1eadc nh\u1ea5t Vi\u1ec7t Nam. Ch\u00fang t\u00f4i lu\u00f4n lu\u00f4n t\u00ecm ki\u1ebfm c\u1ea3i ti\u1ebfn trang thi\u1ebft b\u1ecb c\u1ee7a m\u00ecnh \u0111\u1ec3 ph\u00f9 h\u1ee3p v\u1edbi nhu c\u1ea7u ng\u00e0y c\u00e0ng kh\u1eaft khe \u0111\u1ebfn t\u1eeb kh\u00e1ch h\u00e0ng.<\/span><\/li>\n<li><span style=\"color: #d83131; font-size: 110%;\"><strong>Gi\u00e1 r\u1ebb:<\/strong> V\u1edbi \u0111\u1ed9i ng\u0169 l\u00e0m vi\u1ec7c chuy\u00ean nghi\u1ec7p v\u00e0 trang thi\u1ebft b\u1ecb hi\u1ec7n \u0111\u1ea1i, ch\u00fang t\u00f4i ti\u1ebft ki\u1ec7m \u0111\u01b0\u1ee3c r\u1ea5t nhi\u1ec1u th\u1eddi gian trong gi\u1ea3i quy\u1ebft v\u1ea5n \u0111\u1ec1 cho kh\u00e1ch h\u00e0ng, do \u0111\u00f3 m\u00e0 chi ph\u00ed cho vi\u1ec7c kh\u1eafc ph\u1ee5c s\u1ef1 c\u1ed1 ngh\u1eb9t c\u1ed1ng cho kh\u00e1ch h\u00e0ng th\u01b0\u1eddng th\u1ea5p h\u01a1n \u0111\u00e1ng k\u1ec3 so v\u1edbi th\u1ecb tr\u01b0\u1eddng.<\/span><\/li>\n<li><span style=\"color: #d83131; font-size: 110%;\"><strong>Th\u00e1i \u0111\u1ed9 l\u00e0m vi\u1ec7c t\u1eadn t\u00e2m:<\/strong> Ch\u00fang t\u00f4i lu\u00f4n c\u00f3 \u0111\u1ed9i ng\u0169 h\u1ed7 tr\u1ee3 qu\u00fd kh\u00e1ch h\u00e0ng 24\/7, n\u1ebfu kh\u00e1ch h\u00e0ng c\u00f3 nhu c\u1ea7u ch\u1ec9 c\u1ea7n g\u1ecdi \u0111\u1ebfn s\u1ed1 HOTLINE: <strong>0968 282 698 &#8211; 0922 200 300. <\/strong>Ch\u00fang t\u00f4i s\u1ebd c\u00f3 m\u1eb7t k\u1ecbp th\u1eddi v\u00e0 th\u00e1o g\u1ee1 kh\u00f3 kh\u0103n cho kh\u00e1ch h\u00e0ng m\u1ed9t c\u00e1ch nhanh nh\u1ea5t.<\/span><\/li>\n<li><span style=\"color: #d83131; font-size: 110%;\"><strong>B\u1ea3o h\u00e0nh d\u00e0i h\u1ea1n: <\/strong>Ch\u00fang t\u00f4i lu\u00f4n c\u00f3 ch\u00ednh s\u00e1ch b\u1ea3o h\u00e0nh t\u1ed1t nh\u1ea5t d\u00e0nh cho kh\u00e1ch h\u00e0ng, mang \u0111\u1ebfn s\u1ef1 an t\u00e2m tuy\u1ec7t \u0111\u1ed1i khi s\u1eed d\u1ee5ng d\u1ecbch v\u1ee5 c\u1ee7a ch\u00fang t\u00f4i.<\/span><\/li>\n<\/ul>\n<\/li>\n<\/ul>\n<p style=\"text-align: center; padding-left: 40px;\"><span style=\"color: #282828; font-size: 110%;\"><strong>CHI TI\u1ebeT C\u00c1C D\u1ecaCH V\u1ee4 TH\u00d4NG C\u1ed0NG NGH\u1eb8T M\u00c0 CH\u00daNG T\u00d4I CUNG C\u1ea4P CHO KH\u00c1CH H\u00c0NG:<\/strong><\/span><\/p>\n<ul>\n<li style=\"list-style-type: none;\">\n<ul>\n<li style=\"text-align: justify;\"><span style=\"color: #d83131; font-size: 110%;\">Th\u00f4ng t\u1eafc \u1ed1ng tho\u00e1t s\u00e0n ngh\u1eb9t.<\/span><\/li>\n<li style=\"text-align: justify;\"><span style=\"color: #d83131; font-size: 110%;\">Th\u00f4ng r\u1eeda b\u1ed3n r\u1eeda ch\u00e9n b\u00e1t b\u1ecb ngh\u1eb9t<\/span><\/li>\n<li style=\"text-align: justify;\"><span style=\"color: #d83131; font-size: 110%;\">X\u1eed l\u00fd s\u1ef1 c\u1ed1 v\u00e0 th\u00f4ng t\u1eafc \u1ed1ng n\u01b0\u1edbc, toilet, b\u1ed3n r\u1eeda m\u1eb7t, b\u1ed3n t\u1eafm, \u2026<\/span><\/li>\n<li style=\"text-align: justify;\"><span style=\"color: #d83131; font-size: 110%;\">N\u1ea1o v\u00e9t c\u1ed1ng r\u00e3nh, b\u00f9n th\u1ea3i, h\u1ed1 gas b\u1ecb ngh\u1eb9t.<\/span><\/li>\n<li style=\"text-align: justify;\"><span style=\"color: #d83131; font-size: 110%;\">S\u1eefa ch\u1eefa c\u00e1c h\u1ec7 th\u1ed1ng tho\u00e1t ch\u1ea5t th\u1ea3i nh\u01b0 h\u1ed1 gas, h\u1ea7m c\u1ea7u, \u0111\u01b0\u1eddng \u1ed1ng tho\u00e1t n\u01b0\u1edbc,..<\/span><\/li>\n<li style=\"text-align: justify;\"><span style=\"color: #d83131; font-size: 110%;\">Cung c\u1ea5p c\u00e1c h\u00f3a ch\u1ea5t th\u00f4ng t\u1eafc c\u1ea7u c\u1ed1ng t\u1ef1 nhi\u00ean, an to\u00e0n, hi\u1ec7u qu\u1ea3<\/span><\/li>\n<li style=\"text-align: justify;\"><span style=\"color: #d83131; font-size: 110%;\">X\u1eed l\u00fd m\u00f9i h\u00f4i do t\u1eafc ngh\u1ebdn, m\u00f9i h\u00f4i nh\u00e0 v\u1ec7 sinh, ph\u00f2ng t\u1eafm,\u2026<\/span><\/li>\n<\/ul>\n<\/li>\n<\/ul>\n<p style=\"padding-left: 40px; text-align: justify;\"><span style=\"color: #d83131; font-size: 110%;\">QU\u00dd KH\u00c1CH KH\u00d4NG BI\u1ebeT PH\u1ea2I X\u1eec L\u00dd NH\u01af TH\u1ebe N\u00c0O, H\u00c3Y \u0110\u1ec2 CH\u00daNG T\u00d4I H\u1ed6 TR\u1ee2 T\u1eacN NH\u00c0, CH\u1ec8 C\u1ea6N G\u1eccI:<\/span><\/p>\n<p style=\"text-align: justify;\"><span style=\"color: #50b848; font-size: 110%;\"><strong>HOTLINE: 0968 282 698 &#8211; 0922 200 3000 (c\u00f3 ngay 24\/7)<\/strong><\/span><\/p>\n<p>\u00a0<\/p>\n\n","protected":false},"excerpt":{"rendered":"","protected":false},"author":1,"featured_media":0,"parent":0,"menu_order":0,"comment_status":"closed","ping_status":"closed","template":"page-left-sidebar.php","meta":[],"_links":{"self":[{"href":"https:\/\/webmaibinh.com\/w\/chuanphatmaibinh05\/wp-json\/wp\/v2\/pages\/963"}],"collection":[{"href":"https:\/\/webmaibinh.com\/w\/chuanphatmaibinh05\/wp-json\/wp\/v2\/pages"}],"about":[{"href":"https:\/\/webmaibinh.com\/w\/chuanphatmaibinh05\/wp-json\/wp\/v2\/types\/page"}],"author":[{"embeddable":true,"href":"https:\/\/webmaibinh.com\/w\/chuanphatmaibinh05\/wp-json\/wp\/v2\/users\/1"}],"replies":[{"embeddable":true,"href":"https:\/\/webmaibinh.com\/w\/chuanphatmaibinh05\/wp-json\/wp\/v2\/comments?post=963"}],"version-history":[{"count":10,"href":"https:\/\/webmaibinh.com\/w\/chuanphatmaibinh05\/wp-json\/wp\/v2\/pages\/963\/revisions"}],"predecessor-version":[{"id":1071,"href":"https:\/\/webmaibinh.com\/w\/chuanphatmaibinh05\/wp-json\/wp\/v2\/pages\/963\/revisions\/1071"}],"wp:attachment":[{"href":"https:\/\/webmaibinh.com\/w\/chuanphatmaibinh05\/wp-json\/wp\/v2\/media?parent=963"}],"curies":[{"name":"wp","href":"https:\/\/api.w.org\/{rel}","templated":true}]}}