{"id":59,"date":"2018-04-07T01:27:00","date_gmt":"2018-04-06T18:27:00","guid":{"rendered":"https:\/\/bizhostvn.com\/w\/cayxanh\/?page_id=59"},"modified":"2021-11-18T22:36:28","modified_gmt":"2021-11-18T15:36:28","slug":"lien-he","status":"publish","type":"page","link":"https:\/\/webmaibinh.com\/w\/chuanphatmaibinh05\/lien-he\/","title":{"rendered":"Li\u00ean h\u1ec7"},"content":{"rendered":"<p style=\"text-align: center;\"><span style=\"font-size: 150%; color: #00a859;\"><strong>C\u00d4NG TY TNHH TM-DV M\u00d4I TR\u01af\u1edcNG D\u01af\u01a0NG HO\u00c0NG Y\u1ebeN<\/strong><\/span><\/p>\n<p style=\"text-align: justify;\"><span style=\"color: #ed1c24;\">M\u00c3 S\u1ed0 THU\u1ebe: <strong>3703002542<\/strong><\/span><\/p>\n<p style=\"text-align: justify;\"><span style=\"color: #ed1c24;\">HOTLINE: <strong>0968 282 698<\/strong><\/span><\/p>\n<p style=\"text-align: justify;\"><span style=\"color: #ed1c24;\">ZALO: <strong>0922 200 300<\/strong><\/span><\/p>\n<p style=\"text-align: justify;\"><span style=\"color: #ed1c24;\">EMAIL: <strong>ctyduonghoangyen@gmail.com<\/strong><\/span><\/p>\n<p style=\"text-align: justify;\"><span style=\"color: #ed1c24;\">WEBSITE:<\/span><\/p>\n<p><span style=\"color: #ed1c24;\">\u0110\u1ecaA CH\u1ec8: Th\u1eeda \u0111\u1ea5t s\u1ed1 138, T\u1edd b\u1ea3n \u0111\u1ed3 s\u1ed1 22, Khu T\u00e1i \u0111\u1ecbnh c\u01b0 Ph\u00fa Ch\u00e1nh, Ph\u01b0\u1eddng Ph\u00fa T\u00e2n, Th\u00e0nh ph\u1ed1 Th\u1ee7 D\u1ea7u M\u1ed9t, T\u1ec9nh B\u00ecnh D\u01b0\u01a1ng, Vi\u1ec7t Nam<\/span><\/p>\n","protected":false},"excerpt":{"rendered":"<p>C\u00d4NG TY TNHH TM-DV M\u00d4I TR\u01af\u1edcNG D\u01af\u01a0NG HO\u00c0NG Y\u1ebeN M\u00c3 S\u1ed0 THU\u1ebe: 3703002542 HOTLINE: 0968 282 698 [&#8230;]\n","protected":false},"author":1,"featured_media":0,"parent":0,"menu_order":0,"comment_status":"closed","ping_status":"closed","template":"page-left-sidebar.php","meta":[],"_links":{"self":[{"href":"https:\/\/webmaibinh.com\/w\/chuanphatmaibinh05\/wp-json\/wp\/v2\/pages\/59"}],"collection":[{"href":"https:\/\/webmaibinh.com\/w\/chuanphatmaibinh05\/wp-json\/wp\/v2\/pages"}],"about":[{"href":"https:\/\/webmaibinh.com\/w\/chuanphatmaibinh05\/wp-json\/wp\/v2\/types\/page"}],"author":[{"embeddable":true,"href":"https:\/\/webmaibinh.com\/w\/chuanphatmaibinh05\/wp-json\/wp\/v2\/users\/1"}],"replies":[{"embeddable":true,"href":"https:\/\/webmaibinh.com\/w\/chuanphatmaibinh05\/wp-json\/wp\/v2\/comments?post=59"}],"version-history":[{"count":8,"href":"https:\/\/webmaibinh.com\/w\/chuanphatmaibinh05\/wp-json\/wp\/v2\/pages\/59\/revisions"}],"predecessor-version":[{"id":1217,"href":"https:\/\/webmaibinh.com\/w\/chuanphatmaibinh05\/wp-json\/wp\/v2\/pages\/59\/revisions\/1217"}],"wp:attachment":[{"href":"https:\/\/webmaibinh.com\/w\/chuanphatmaibinh05\/wp-json\/wp\/v2\/media?parent=59"}],"curies":[{"name":"wp","href":"https:\/\/api.w.org\/{rel}","templated":true}]}}