{"id":1191,"date":"2021-11-18T21:51:32","date_gmt":"2021-11-18T14:51:32","guid":{"rendered":"https:\/\/webmaibinh.com\/w\/chuanphatmaibinh05\/?page_id=1191"},"modified":"2021-11-18T22:00:07","modified_gmt":"2021-11-18T15:00:07","slug":"tin-tuc","status":"publish","type":"page","link":"https:\/\/webmaibinh.com\/w\/chuanphatmaibinh05\/tin-tuc\/","title":{"rendered":"TIN T\u1ee8C"},"content":{"rendered":"\n\n  \n    <div class=\"row large-columns-3 medium-columns-1 small-columns-1 slider row-slider slider-nav-reveal slider-nav-push\"  data-flickity-options='{\"imagesLoaded\": true, \"groupCells\": \"100%\", \"dragThreshold\" : 5, \"cellAlign\": \"left\",\"wrapAround\": true,\"prevNextButtons\": true,\"percentPosition\": true,\"pageDots\": false, \"rightToLeft\": false, \"autoPlay\" : false}'>\n\n  \t\t<div class=\"col post-item\" >\n\t\t\t<div class=\"col-inner\">\n\t\t\t<a href=\"https:\/\/webmaibinh.com\/w\/chuanphatmaibinh05\/cach-xu-ly-mui-hoi-nha-ve-sinh-don-gian\/\" class=\"plain\">\n\t\t\t\t<div class=\"box box-normal box-text-bottom box-blog-post has-hover\">\n            \t\t\t\t\t<div class=\"box-image\" >\n  \t\t\t\t\t\t<div class=\"image-cover\" style=\"padding-top:56.25%;\">\n  \t\t\t\t\t\t\t<img width=\"288\" height=\"288\" src=\"https:\/\/webmaibinh.com\/w\/chuanphatmaibinh05\/wp-content\/uploads\/2018\/04\/A3.jpg\" class=\"attachment-medium size-medium wp-post-image\" alt=\"\" loading=\"lazy\" srcset=\"https:\/\/webmaibinh.com\/w\/chuanphatmaibinh05\/wp-content\/uploads\/2018\/04\/A3.jpg 288w, https:\/\/webmaibinh.com\/w\/chuanphatmaibinh05\/wp-content\/uploads\/2018\/04\/A3-150x150.jpg 150w, https:\/\/webmaibinh.com\/w\/chuanphatmaibinh05\/wp-content\/uploads\/2018\/04\/A3-100x100.jpg 100w\" sizes=\"(max-width: 288px) 100vw, 288px\" \/>  \t\t\t\t\t\t\t  \t\t\t\t\t\t\t  \t\t\t\t\t\t<\/div>\n  \t\t\t\t\t\t  \t\t\t\t\t<\/div>\n          \t\t\t\t\t<div class=\"box-text text-center\" >\n\t\t\t\t\t<div class=\"box-text-inner blog-post-inner\">\n\n\t\t\t\t\t\n\t\t\t\t\t\t\t\t\t\t<h5 class=\"post-title is-large \">C\u00c1CH X\u1eec L\u00dd M\u00d9I H\u00d4I NH\u00c0 V\u1ec6 SINH \u0110\u01a0N GI\u1ea2N KH\u00d4NG T\u1ed0N TI\u1ec0N<\/h5>\n\t\t\t\t\t\t\t\t\t\t<div class=\"is-divider\"><\/div>\n\t\t\t\t\t\t\t\t\t\t<p class=\"from_the_blog_excerpt \"> [...]\t\t\t\t\t<\/p>\n\t\t\t\t\t                    \n\t\t\t\t\t\n\t\t\t\t\t\n\t\t\t\t\t<\/div>\n\t\t\t\t\t<\/div>\n\t\t\t\t\t\t\t\t\t\t\t\t\t\t\t\t<div class=\"badge absolute top post-date badge-square\">\n\t\t\t\t\t\t\t<div class=\"badge-inner\">\n\t\t\t\t\t\t\t\t<span class=\"post-date-day\">16<\/span><br>\n\t\t\t\t\t\t\t\t<span class=\"post-date-month is-xsmall\">Th11<\/span>\n\t\t\t\t\t\t\t<\/div>\n\t\t\t\t\t\t<\/div>\n\t\t\t\t\t\t\t\t\t<\/div>\n\t\t\t\t<\/a>\n\t\t\t<\/div>\n\t\t<\/div>\n\t\t<div class=\"col post-item\" >\n\t\t\t<div class=\"col-inner\">\n\t\t\t<a href=\"https:\/\/webmaibinh.com\/w\/chuanphatmaibinh05\/cach-xu-ly-mui-hoi-nha-ve-sinh-tai-nha\/\" class=\"plain\">\n\t\t\t\t<div class=\"box box-normal box-text-bottom box-blog-post has-hover\">\n            \t\t\t\t\t<div class=\"box-image\" >\n  \t\t\t\t\t\t<div class=\"image-cover\" style=\"padding-top:56.25%;\">\n  \t\t\t\t\t\t\t<img width=\"300\" height=\"188\" src=\"https:\/\/webmaibinh.com\/w\/chuanphatmaibinh05\/wp-content\/uploads\/2018\/04\/2-1-300x188.jpg\" class=\"attachment-medium size-medium wp-post-image\" alt=\"\" loading=\"lazy\" srcset=\"https:\/\/webmaibinh.com\/w\/chuanphatmaibinh05\/wp-content\/uploads\/2018\/04\/2-1-300x188.jpg 300w, https:\/\/webmaibinh.com\/w\/chuanphatmaibinh05\/wp-content\/uploads\/2018\/04\/2-1-1024x640.jpg 1024w, https:\/\/webmaibinh.com\/w\/chuanphatmaibinh05\/wp-content\/uploads\/2018\/04\/2-1-768x480.jpg 768w, https:\/\/webmaibinh.com\/w\/chuanphatmaibinh05\/wp-content\/uploads\/2018\/04\/2-1-600x375.jpg 600w, https:\/\/webmaibinh.com\/w\/chuanphatmaibinh05\/wp-content\/uploads\/2018\/04\/2-1.jpg 1440w\" sizes=\"(max-width: 300px) 100vw, 300px\" \/>  \t\t\t\t\t\t\t  \t\t\t\t\t\t\t  \t\t\t\t\t\t<\/div>\n  \t\t\t\t\t\t  \t\t\t\t\t<\/div>\n          \t\t\t\t\t<div class=\"box-text text-center\" >\n\t\t\t\t\t<div class=\"box-text-inner blog-post-inner\">\n\n\t\t\t\t\t\n\t\t\t\t\t\t\t\t\t\t<h5 class=\"post-title is-large \">C\u00c1CH X\u1eec L\u00dd M\u00d9I H\u00d4I NH\u00c0 V\u1ec6 SINH T\u1ea0I NH\u00c0<\/h5>\n\t\t\t\t\t\t\t\t\t\t<div class=\"is-divider\"><\/div>\n\t\t\t\t\t\t\t\t\t\t<p class=\"from_the_blog_excerpt \"> [...]\t\t\t\t\t<\/p>\n\t\t\t\t\t                    \n\t\t\t\t\t\n\t\t\t\t\t\n\t\t\t\t\t<\/div>\n\t\t\t\t\t<\/div>\n\t\t\t\t\t\t\t\t\t\t\t\t\t\t\t\t<div class=\"badge absolute top post-date badge-square\">\n\t\t\t\t\t\t\t<div class=\"badge-inner\">\n\t\t\t\t\t\t\t\t<span class=\"post-date-day\">07<\/span><br>\n\t\t\t\t\t\t\t\t<span class=\"post-date-month is-xsmall\">Th4<\/span>\n\t\t\t\t\t\t\t<\/div>\n\t\t\t\t\t\t<\/div>\n\t\t\t\t\t\t\t\t\t<\/div>\n\t\t\t\t<\/a>\n\t\t\t<\/div>\n\t\t<\/div>\n<\/div>\n\n\n","protected":false},"excerpt":{"rendered":"","protected":false},"author":1,"featured_media":0,"parent":0,"menu_order":0,"comment_status":"closed","ping_status":"closed","template":"page-left-sidebar.php","meta":[],"_links":{"self":[{"href":"https:\/\/webmaibinh.com\/w\/chuanphatmaibinh05\/wp-json\/wp\/v2\/pages\/1191"}],"collection":[{"href":"https:\/\/webmaibinh.com\/w\/chuanphatmaibinh05\/wp-json\/wp\/v2\/pages"}],"about":[{"href":"https:\/\/webmaibinh.com\/w\/chuanphatmaibinh05\/wp-json\/wp\/v2\/types\/page"}],"author":[{"embeddable":true,"href":"https:\/\/webmaibinh.com\/w\/chuanphatmaibinh05\/wp-json\/wp\/v2\/users\/1"}],"replies":[{"embeddable":true,"href":"https:\/\/webmaibinh.com\/w\/chuanphatmaibinh05\/wp-json\/wp\/v2\/comments?post=1191"}],"version-history":[{"count":2,"href":"https:\/\/webmaibinh.com\/w\/chuanphatmaibinh05\/wp-json\/wp\/v2\/pages\/1191\/revisions"}],"predecessor-version":[{"id":1199,"href":"https:\/\/webmaibinh.com\/w\/chuanphatmaibinh05\/wp-json\/wp\/v2\/pages\/1191\/revisions\/1199"}],"wp:attachment":[{"href":"https:\/\/webmaibinh.com\/w\/chuanphatmaibinh05\/wp-json\/wp\/v2\/media?parent=1191"}],"curies":[{"name":"wp","href":"https:\/\/api.w.org\/{rel}","templated":true}]}}