{"id":209,"date":"2019-11-15T09:57:07","date_gmt":"2019-11-15T02:57:07","guid":{"rendered":"http:\/\/shopnet.muathemewordpress.net\/?post_type=product&#038;p=209"},"modified":"2019-11-15T17:11:51","modified_gmt":"2019-11-15T10:11:51","slug":"ithemes-security-pro","status":"publish","type":"product","link":"https:\/\/webmaibinh.com\/w\/chophanmem2011\/san-pham\/ithemes-security-pro\/","title":{"rendered":"iThemes Security Pro b\u1ea3n quy\u1ec1n v\u0129nh vi\u1ec5n"},"content":{"rendered":"<p>V\u1edbi\u00a0<strong>iThemes Security Pro<\/strong>\u00a0b\u1ea1n s\u1ebd \u0111\u01b0\u1ee3c b\u1ea3o v\u1ec7 website to\u00e0n di\u1ec7n v\u1edbi\u00a0<strong>30+<\/strong>\u00a0t\u00ednh n\u0103ng b\u1ea3o m\u1eadt.<\/p>\n<p>Ng\u0103n ch\u1eb7n ngay c\u00e1c cu\u1ed9c t\u1ea5n c\u00f4ng khi c\u1ed1 truy c\u1eadp tr\u00e1i ph\u00e9p v\u00e0o website.<\/p>\n<p>Ph\u00e1t hi\u1ec7n s\u1ef1 thay \u0111\u1ed5i c\u1ee7a File, ki\u1ec3m so\u00e1t user m\u1ea1nh m\u1ebd.<\/p>\n<p>Qu\u00e9t website m\u00e0 ph\u00e1t hi\u1ec7n m\u00e3 \u0111\u1ed9c\u2026.<\/p>\n<ul>\n<li>Gi\u1edbi h\u1ea1n s\u1ed1 l\u1ea7n \u0111\u0103ng nh\u1eadp sai li\u00ean ti\u1ebfp<\/li>\n<li>Ki\u1ec3m so\u00e1t s\u1ef1 thay \u0111\u1ed5i tr\u00ean file<\/li>\n<li>Ph\u00e1t hi\u1ec7n l\u1ed7i 404<\/li>\n<li>Ki\u1ec3m so\u00e1t \u0111\u1ed9 m\u1ea1nh c\u1ee7a m\u1eadt kh\u1ea9u<\/li>\n<li>Ch\u1eb7n nh\u1eefng ng\u01b0\u1eddi d\u00f9ng c\u00f3 \u00fd \u0111\u1ecbnh x\u1ea5u<\/li>\n<li>\u1ea8n \u0111\u01b0\u1eddng d\u1eabn \u0111\u0103ng nh\u1eadp v\u00e0 qu\u1ea3n tr\u1ecb<\/li>\n<li>Sao l\u01b0u c\u01a1 s\u1edf d\u1eef li\u1ec7u<\/li>\n<li>Th\u00f4ng b\u00e1o qua Email<\/li>\n<li>Thay \u0111\u1ed5i WordPress Salts &amp; Keys<\/li>\n<li>So s\u00e1nh file tr\u1ef1c tuy\u1ebfn<\/li>\n<li>T\u00edch h\u1ee3p Google reCAPTCHA<\/li>\n<li>X\u00e1c minh \u0111\u0103ng nh\u1eadp 2 b\u01b0\u1edbc<\/li>\n<li>L\u1eadp l\u1ecbch qu\u00e9t Malware<\/li>\n<li>Y\u00eau c\u1ea7u thay \u0111\u1ed5i m\u1eadt kh\u1ea9u khi h\u1ebft h\u1ea1n<\/li>\n<\/ul>\n","protected":false},"excerpt":{"rendered":"<p>V\u1edbi\u00a0iThemes Security Pro\u00a0b\u1ea1n s\u1ebd \u0111\u01b0\u1ee3c b\u1ea3o v\u1ec7 website to\u00e0n di\u1ec7n v\u1edbi\u00a030+\u00a0t\u00ednh n\u0103ng b\u1ea3o m\u1eadt. Ng\u0103n ch\u1eb7n ngay c\u00e1c cu\u1ed9c t\u1ea5n c\u00f4ng khi c\u1ed1 truy c\u1eadp tr\u00e1i ph\u00e9p v\u00e0o website. Ph\u00e1t hi\u1ec7n s\u1ef1 thay \u0111\u1ed5i c\u1ee7a File, ki\u1ec3m so\u00e1t user m\u1ea1nh m\u1ebd. Qu\u00e9t website m\u00e0 ph\u00e1t hi\u1ec7n m\u00e3 \u0111\u1ed9c\u2026. Gi\u1edbi h\u1ea1n s\u1ed1 l\u1ea7n \u0111\u0103ng nh\u1eadp sai &#8230;<\/p>\n","protected":false},"featured_media":210,"comment_status":"open","ping_status":"closed","template":"","meta":[],"_links":{"self":[{"href":"https:\/\/webmaibinh.com\/w\/chophanmem2011\/wp-json\/wp\/v2\/product\/209"}],"collection":[{"href":"https:\/\/webmaibinh.com\/w\/chophanmem2011\/wp-json\/wp\/v2\/product"}],"about":[{"href":"https:\/\/webmaibinh.com\/w\/chophanmem2011\/wp-json\/wp\/v2\/types\/product"}],"replies":[{"embeddable":true,"href":"https:\/\/webmaibinh.com\/w\/chophanmem2011\/wp-json\/wp\/v2\/comments?post=209"}],"wp:featuredmedia":[{"embeddable":true,"href":"https:\/\/webmaibinh.com\/w\/chophanmem2011\/wp-json\/wp\/v2\/media\/210"}],"wp:attachment":[{"href":"https:\/\/webmaibinh.com\/w\/chophanmem2011\/wp-json\/wp\/v2\/media?parent=209"}],"curies":[{"name":"wp","href":"https:\/\/api.w.org\/{rel}","templated":true}]}}