{"id":201,"date":"2019-11-15T09:51:43","date_gmt":"2019-11-15T02:51:43","guid":{"rendered":"http:\/\/shopnet.muathemewordpress.net\/?post_type=product&#038;p=201"},"modified":"2019-11-15T09:51:43","modified_gmt":"2019-11-15T02:51:43","slug":"elementor-pro-wordpress-page-builder","status":"publish","type":"product","link":"https:\/\/webmaibinh.com\/w\/chophanmem2011\/san-pham\/elementor-pro-wordpress-page-builder\/","title":{"rendered":"Elementor PRO WordPress Page Builder"},"content":{"rendered":"<div class=\"symple-box black center\"><em><strong>L\u01b0u \u00fd<\/strong><\/em>: \u0110\u00e2y l\u00e0 b\u1ea3n\u00a0<strong>ko c\u00f3 License<\/strong>. Hi\u1ec7n b\u00ean m\u00ecnh c\u00f3\u00a0<strong>cung c\u1ea5p c\u1ea3 License Elementor Pro<\/strong>, li\u00ean h\u1ec7 \u0111\u1ec3 bi\u1ebft chi ti\u1ebft nh\u00e9.<\/div>\n<div class=\"symple-box red center\"><strong>L\u01b0u \u00fd<\/strong>:<\/p>\n<ul>\n<li>Xem\u00a0<strong><a href=\"https:\/\/www.thedevkit.com\/huong-dan-su-dung-kho-template-elementor-pro\/\">h\u01b0\u1edbng d\u1eabn n\u00e0y<\/a><\/strong>\u00a0\u0111\u1ec3 c\u00f3 th\u1ec3 s\u1eed d\u1ee5ng \u0111\u01b0\u1ee3c Template PRO.<\/li>\n<li>T\u1ea3i b\u1ea3n mi\u1ec5n ph\u00ed t\u1eeb WordPress:\u00a0<a href=\"https:\/\/wordpress.org\/plugins\/elementor\/\">https:\/\/wordpress.org\/plugins\/elementor\/<\/a>.<\/li>\n<li>B\u1ea1n s\u1ebd\u00a0<strong>c\u1ea7n c\u1ea3 version Free<\/strong>\u00a0\u0111\u1ec3 c\u00f3 th\u1ec3 s\u1eed d\u1ee5ng \u0111\u01b0\u1ee3c b\u1ea3n Pro.<\/li>\n<\/ul>\n<\/div>\n<hr \/>\n<div class=\"container section-title-container\">\n<h3 class=\"section-title section-title-normal\"><span class=\"section-title-main\">ELEMENTOR PRO C\u00d3 G\u00cc?<\/span><\/h3>\n<\/div>\n<p><strong>Elementor Pro<\/strong>\u00a0\u0111\u01b0\u1ee3c m\u00eanh danh l\u00e0 page builder s\u1ed1 #1 hi\u1ec7n nay.<\/p>\n<p>V\u1edbi phi\u00ean b\u1ea3n mi\u1ec5n ph\u00ed \u0111\u1ea1t\u00a0<strong>2.000.000<\/strong>\u00a0l\u01b0\u1ee3t t\u1ea3i v\u00e0 k\u00edch ho\u1ea1t. V\u00e0 \u0111\u01b0\u1ee3c vote 5* b\u1edfi h\u01a1n\u00a0<strong>3000<\/strong>\u00a0\u0111\u00e1nh gi\u00e1.<\/p>\n<p>N\u00f3 \u0111\u00e3 ng\u00e0y c\u00e0ng kh\u1eb3ng \u0111\u1ecbnh \u0111\u01b0\u1ee3c v\u1ecb tr\u00ed c\u1ee7a m\u00ecnh tr\u00ean th\u1ecb tr\u01b0\u1eddng hi\u1ec7n nay.<\/p>\n<p>\u0110\u1eb7c bi\u1ec7t n\u00f3 c\u0169ng r\u1ea5t nhanh v\u00e0 nh\u1eb9 h\u01a1n so v\u1edbi c\u00e1c page builder kh\u00e1c.<\/p>\n<div class=\"container section-title-container\">\n<h3 class=\"section-title section-title-normal\"><span class=\"section-title-main\">LIVE EDITOR<\/span><\/h3>\n<\/div>\n<p>B\u1ea1n c\u00f3 th\u1ec3 custom m\u1ecdi th\u1ee9 b\u1ea1n nh\u00ecn th\u1ea5y tr\u00ean website, \u0111\u01a1n gi\u1ea3n v\u00e0 d\u1ec5 d\u00e0ng, m\u1ecdi thay \u0111\u1ed5i s\u1ebd \u0111\u01b0\u1ee3c th\u1ea5y tr\u1ef1c ti\u1ebfp<\/p>\n<p><img loading=\"lazy\" class=\"wp-image-27075 size-full aligncenter\" src=\"https:\/\/static.thedevkit.com\/wp-content\/uploads\/2017\/06\/elementor-live-editor.png\" srcset=\"\/\/static.thedevkit.com\/wp-content\/uploads\/2017\/06\/elementor-live-editor.png 1024w, \/\/static.thedevkit.com\/wp-content\/uploads\/2017\/06\/elementor-live-editor-300x210.png 300w, \/\/static.thedevkit.com\/wp-content\/uploads\/2017\/06\/elementor-live-editor-768x538.png 768w, \/\/static.thedevkit.com\/wp-content\/uploads\/2017\/06\/elementor-live-editor-20x14.png 20w, \/\/static.thedevkit.com\/wp-content\/uploads\/2017\/06\/elementor-live-editor-400x280.png 400w\" alt=\"\" width=\"1024\" height=\"717\" data-src=\"\/\/static.thedevkit.com\/wp-content\/uploads\/2017\/06\/elementor-live-editor.png\" data-srcset=\"\/\/static.thedevkit.com\/wp-content\/uploads\/2017\/06\/elementor-live-editor.png 1024w, \/\/static.thedevkit.com\/wp-content\/uploads\/2017\/06\/elementor-live-editor-300x210.png 300w, \/\/static.thedevkit.com\/wp-content\/uploads\/2017\/06\/elementor-live-editor-768x538.png 768w, \/\/static.thedevkit.com\/wp-content\/uploads\/2017\/06\/elementor-live-editor-20x14.png 20w, \/\/static.thedevkit.com\/wp-content\/uploads\/2017\/06\/elementor-live-editor-400x280.png 400w\" data-sizes=\"(max-width: 1024px) 100vw, 1024px\" data-style=\"\" data-l=\"\" \/><\/p>\n<div class=\"container section-title-container\">\n<h3 class=\"section-title section-title-normal\"><span class=\"section-title-main\">D\u1ec4 D\u00c0NG T\u1ea0O LANDING PAGE<\/span><\/h3>\n<\/div>\n<p>N\u1ebfu b\u1ea1n \u0111ang t\u00ecm m\u1ed9t c\u00f4ng c\u1ee5 t\u1ea1o landing page \u0111\u1ec3 thu h\u00fat kh\u00e1c h\u00e0ng, c\u0169ng nh\u01b0 n\u00e2ng cao s\u1ef1 chuy\u1ec3n \u0111\u1ed5i.<\/p>\n<p>Elementor Pro ho\u00e0n to\u00e0n l\u00e0m t\u1ed1t \u0111\u01b0\u1ee3c nhi\u1ec7m v\u1ee5 n\u00e0y.<\/p>\n<p>V\u1edbi s\u1ef1 linh ho\u1ea1t v\u00e0 m\u1ea1nh m\u1ebd c\u1ee7a m\u00ecnh, m\u1ecdi thao t\u00e1c r\u1ea5t \u0111\u01a1n gi\u1ea3n ch\u1ec9 vi\u1ec7c k\u00e9o v\u00e0 th\u1ea3<\/p>\n<p><img loading=\"lazy\" class=\"aligncenter wp-image-27077 size-full\" src=\"https:\/\/static.thedevkit.com\/wp-content\/uploads\/2017\/06\/Landing-page-elementor-pro.png\" srcset=\"\/\/static.thedevkit.com\/wp-content\/uploads\/2017\/06\/Landing-page-elementor-pro.png 1024w, \/\/static.thedevkit.com\/wp-content\/uploads\/2017\/06\/Landing-page-elementor-pro-300x195.png 300w, \/\/static.thedevkit.com\/wp-content\/uploads\/2017\/06\/Landing-page-elementor-pro-768x500.png 768w, \/\/static.thedevkit.com\/wp-content\/uploads\/2017\/06\/Landing-page-elementor-pro-20x13.png 20w, \/\/static.thedevkit.com\/wp-content\/uploads\/2017\/06\/Landing-page-elementor-pro-400x260.png 400w\" alt=\"\" width=\"1024\" height=\"666\" data-src=\"\/\/static.thedevkit.com\/wp-content\/uploads\/2017\/06\/Landing-page-elementor-pro.png\" data-srcset=\"\/\/static.thedevkit.com\/wp-content\/uploads\/2017\/06\/Landing-page-elementor-pro.png 1024w, \/\/static.thedevkit.com\/wp-content\/uploads\/2017\/06\/Landing-page-elementor-pro-300x195.png 300w, \/\/static.thedevkit.com\/wp-content\/uploads\/2017\/06\/Landing-page-elementor-pro-768x500.png 768w, \/\/static.thedevkit.com\/wp-content\/uploads\/2017\/06\/Landing-page-elementor-pro-20x13.png 20w, \/\/static.thedevkit.com\/wp-content\/uploads\/2017\/06\/Landing-page-elementor-pro-400x260.png 400w\" data-sizes=\"(max-width: 1024px) 100vw, 1024px\" data-style=\"\" data-l=\"\" \/><\/p>\n<p>N\u1ebfu b\u1ea1n \u0111ang t\u00ecm m\u1ed9t c\u00f4ng c\u1ee5 t\u1ea1o landing page \u0111\u1ec3 thu h\u00fat kh\u00e1c h\u00e0ng, c\u0169ng nh\u01b0 n\u00e2ng cao s\u1ef1 chuy\u1ec3n \u0111\u1ed5i.<\/p>\n<p>Elementor Pro ho\u00e0n to\u00e0n l\u00e0m t\u1ed1t \u0111\u01b0\u1ee3c nhi\u1ec7m v\u1ee5 n\u00e0y.<\/p>\n<p>V\u1edbi s\u1ef1 linh ho\u1ea1t v\u00e0 m\u1ea1nh m\u1ebd c\u1ee7a m\u00ecnh, m\u1ecdi th\u1eafc t\u00e1c r\u1ea5t \u0111\u01a1n gi\u1ea3n ch\u1ec9 vi\u1ec7c k\u00e9o v\u00e0 th\u1ea3<\/p>\n<div class=\"container section-title-container\">\n<h3 class=\"section-title section-title-normal\"><span class=\"section-title-main\">T\u1ea0O FORM D\u1ec4 D\u00c0NG<\/span><\/h3>\n<\/div>\n<p>Elementor Pro l\u00e0 builder \u0111\u1ea7u ti\u00ean c\u00f3 th\u1ec3 t\u1ea1o \u0111\u01b0\u1ee3c form li\u00ean h\u1ec7 tr\u1ef1c ti\u1ebfp tr\u00ean front-end (visual live builder)<\/p>\n<p><img loading=\"lazy\" class=\"aligncenter wp-image-27079 size-full\" src=\"https:\/\/static.thedevkit.com\/wp-content\/uploads\/2017\/06\/build-forms-elementor.png\" srcset=\"\/\/static.thedevkit.com\/wp-content\/uploads\/2017\/06\/build-forms-elementor.png 1024w, \/\/static.thedevkit.com\/wp-content\/uploads\/2017\/06\/build-forms-elementor-300x214.png 300w, \/\/static.thedevkit.com\/wp-content\/uploads\/2017\/06\/build-forms-elementor-768x547.png 768w, \/\/static.thedevkit.com\/wp-content\/uploads\/2017\/06\/build-forms-elementor-20x14.png 20w, \/\/static.thedevkit.com\/wp-content\/uploads\/2017\/06\/build-forms-elementor-400x285.png 400w\" alt=\"\" width=\"1024\" height=\"729\" data-src=\"\/\/static.thedevkit.com\/wp-content\/uploads\/2017\/06\/build-forms-elementor.png\" data-srcset=\"\/\/static.thedevkit.com\/wp-content\/uploads\/2017\/06\/build-forms-elementor.png 1024w, \/\/static.thedevkit.com\/wp-content\/uploads\/2017\/06\/build-forms-elementor-300x214.png 300w, \/\/static.thedevkit.com\/wp-content\/uploads\/2017\/06\/build-forms-elementor-768x547.png 768w, \/\/static.thedevkit.com\/wp-content\/uploads\/2017\/06\/build-forms-elementor-20x14.png 20w, \/\/static.thedevkit.com\/wp-content\/uploads\/2017\/06\/build-forms-elementor-400x285.png 400w\" data-sizes=\"(max-width: 1024px) 100vw, 1024px\" data-style=\"\" data-l=\"\" \/><\/p>\n<div class=\"container section-title-container\">\n<h3 class=\"section-title section-title-normal\"><span class=\"section-title-main\">THEME BUILDER<\/span><\/h3>\n<\/div>\n<p>Elementor Pro \u0111\u00e3 kh\u00f4ng \u0111\u01a1n gi\u1ea3n ch\u1ec9 l\u00e0 page builder n\u1eefa. N\u00f3 l\u00e0\u00a0<strong>Theme Builder<\/strong><\/p>\n<p>V\u1edbi c\u00e1c page builder b\u00ecnh th\u01b0\u1eddng b\u1ea1n kh\u00f4ng th\u1ec3 edit \u0111\u01b0\u1ee3c header v\u00e0 footer \u0111\u00fang ko n\u00e0o?<\/p>\n<p>V\u1edbi Elementor Pro b\u1ea1n s\u1ebd l\u00e0m \u0111\u01b0\u1ee3c \u0111i\u1ec1u \u0111\u00f3: Header &amp; Footer, Single Post, Post Archive, WooCommerce, Search Page, 404 Page.<\/p>\n<p>B\u1ea1n ho\u00e0n to\u00e0n c\u00f3 th\u1ec3 builder t\u1eeb \u0111\u1ea7u \u0111\u1ebfn cu\u1ed1i m\u1ed9t website = Elementor Pro<\/p>\n<p><a href=\"https:\/\/elementor.com\/theme-builder\/\"><img loading=\"lazy\" class=\"aligncenter wp-image-27080 size-full\" src=\"https:\/\/static.thedevkit.com\/wp-content\/uploads\/2017\/06\/theme-builder-elementor-pro.png\" srcset=\"\/\/static.thedevkit.com\/wp-content\/uploads\/2017\/06\/theme-builder-elementor-pro.png 800w, \/\/static.thedevkit.com\/wp-content\/uploads\/2017\/06\/theme-builder-elementor-pro-300x148.png 300w, \/\/static.thedevkit.com\/wp-content\/uploads\/2017\/06\/theme-builder-elementor-pro-768x378.png 768w, \/\/static.thedevkit.com\/wp-content\/uploads\/2017\/06\/theme-builder-elementor-pro-20x10.png 20w, \/\/static.thedevkit.com\/wp-content\/uploads\/2017\/06\/theme-builder-elementor-pro-400x197.png 400w\" alt=\"\" width=\"800\" height=\"394\" data-src=\"\/\/static.thedevkit.com\/wp-content\/uploads\/2017\/06\/theme-builder-elementor-pro.png\" data-srcset=\"\/\/static.thedevkit.com\/wp-content\/uploads\/2017\/06\/theme-builder-elementor-pro.png 800w, \/\/static.thedevkit.com\/wp-content\/uploads\/2017\/06\/theme-builder-elementor-pro-300x148.png 300w, \/\/static.thedevkit.com\/wp-content\/uploads\/2017\/06\/theme-builder-elementor-pro-768x378.png 768w, \/\/static.thedevkit.com\/wp-content\/uploads\/2017\/06\/theme-builder-elementor-pro-20x10.png 20w, \/\/static.thedevkit.com\/wp-content\/uploads\/2017\/06\/theme-builder-elementor-pro-400x197.png 400w\" data-sizes=\"(max-width: 800px) 100vw, 800px\" data-style=\"\" data-l=\"\" \/><\/a><\/p>\n<p><a class=\"button primary is-primary is-medium\" href=\"https:\/\/elementor.com\/theme-builder\/\" target=\"blank\" rel=\"noopener noreferrer\">XEM CHI TI\u1ebeT<\/a><\/p>\n<div class=\"container section-title-container\">\n<h3 class=\"section-title section-title-normal\"><span class=\"section-title-main\">POPUP BUILDER<\/span><\/h3>\n<\/div>\n<p>L\u1ea1i th\u00eam m\u1ed9t t\u00ednh n\u0103ng th\u1ec3 hi\u1ec7n s\u1ef1 b\u00e1 \u0111\u1ea1o c\u1ee7a Elementor Pro, \u0111\u00f3 l\u00e0 t\u1ea1o popup.<\/p>\n<p>\u0110\u00fang v\u1eady gi\u1edd tr\u00ean Elementor Pro b\u1ea1n ho\u00e0n to\u00e0n c\u00f3 th\u1ec3 t\u1ea1o Popup.<\/p>\n<p>M\u1ecdi lo\u1ea1i popup t\u1eeb:\u00a0<strong>Login Form<\/strong>,\u00a0<strong>Banner<\/strong>,\u00a0<strong>Content Lock<\/strong>,\u00a0<strong>Exit Intent<\/strong>,\u00a0<strong>Related Product &amp; Upsell<\/strong>,\u00a0<strong>Email Subsciption<\/strong>\u2026.<\/p>\n<p><a href=\"https:\/\/elementor.com\/popup-builder\/\"><img loading=\"lazy\" class=\"aligncenter wp-image-27085 size-full\" src=\"https:\/\/static.thedevkit.com\/wp-content\/uploads\/2017\/06\/popup-builder.png\" srcset=\"\/\/static.thedevkit.com\/wp-content\/uploads\/2017\/06\/popup-builder.png 800w, \/\/static.thedevkit.com\/wp-content\/uploads\/2017\/06\/popup-builder-300x111.png 300w, \/\/static.thedevkit.com\/wp-content\/uploads\/2017\/06\/popup-builder-768x285.png 768w, \/\/static.thedevkit.com\/wp-content\/uploads\/2017\/06\/popup-builder-20x7.png 20w, \/\/static.thedevkit.com\/wp-content\/uploads\/2017\/06\/popup-builder-400x149.png 400w\" alt=\"\" width=\"800\" height=\"297\" data-src=\"\/\/static.thedevkit.com\/wp-content\/uploads\/2017\/06\/popup-builder.png\" data-srcset=\"\/\/static.thedevkit.com\/wp-content\/uploads\/2017\/06\/popup-builder.png 800w, \/\/static.thedevkit.com\/wp-content\/uploads\/2017\/06\/popup-builder-300x111.png 300w, \/\/static.thedevkit.com\/wp-content\/uploads\/2017\/06\/popup-builder-768x285.png 768w, \/\/static.thedevkit.com\/wp-content\/uploads\/2017\/06\/popup-builder-20x7.png 20w, \/\/static.thedevkit.com\/wp-content\/uploads\/2017\/06\/popup-builder-400x149.png 400w\" data-sizes=\"(max-width: 800px) 100vw, 800px\" data-style=\"\" data-l=\"\" \/><\/a><\/p>\n<p><a class=\"button primary is-primary is-medium\" href=\"https:\/\/elementor.com\/popup-builder\/\" target=\"blank\" rel=\"noopener noreferrer\">XEM CHI TI\u1ebeT<\/a><\/p>\n<div class=\"container section-title-container\">\n<h3 class=\"section-title section-title-normal\"><span class=\"section-title-main\">\u0110A D\u1ea0NG WIDGET<\/span><\/h3>\n<\/div>\n<p>C\u00f3 \u0111\u1ebfn 83+ element tha h\u1ed3 cho c\u00e1c b\u1ea1n l\u1ef1a ch\u1ecdn \u0111\u1ec3 build website theo \u00fd m\u00ecnh.<\/p>\n<p><img loading=\"lazy\" class=\"aligncenter wp-image-27086 size-full\" src=\"https:\/\/static.thedevkit.com\/wp-content\/uploads\/2017\/06\/basic-element-element-pro.png\" srcset=\"\/\/static.thedevkit.com\/wp-content\/uploads\/2017\/06\/basic-element-element-pro.png 800w, \/\/static.thedevkit.com\/wp-content\/uploads\/2017\/06\/basic-element-element-pro-300x194.png 300w, \/\/static.thedevkit.com\/wp-content\/uploads\/2017\/06\/basic-element-element-pro-768x496.png 768w, \/\/static.thedevkit.com\/wp-content\/uploads\/2017\/06\/basic-element-element-pro-20x13.png 20w, \/\/static.thedevkit.com\/wp-content\/uploads\/2017\/06\/basic-element-element-pro-400x259.png 400w\" alt=\"\" width=\"800\" height=\"517\" data-src=\"\/\/static.thedevkit.com\/wp-content\/uploads\/2017\/06\/basic-element-element-pro.png\" data-srcset=\"\/\/static.thedevkit.com\/wp-content\/uploads\/2017\/06\/basic-element-element-pro.png 800w, \/\/static.thedevkit.com\/wp-content\/uploads\/2017\/06\/basic-element-element-pro-300x194.png 300w, \/\/static.thedevkit.com\/wp-content\/uploads\/2017\/06\/basic-element-element-pro-768x496.png 768w, \/\/static.thedevkit.com\/wp-content\/uploads\/2017\/06\/basic-element-element-pro-20x13.png 20w, \/\/static.thedevkit.com\/wp-content\/uploads\/2017\/06\/basic-element-element-pro-400x259.png 400w\" data-sizes=\"(max-width: 800px) 100vw, 800px\" data-style=\"\" data-l=\"\" \/><\/p>\n<p><img loading=\"lazy\" class=\"aligncenter wp-image-27087 size-full\" src=\"https:\/\/static.thedevkit.com\/wp-content\/uploads\/2017\/06\/Pro-element.png\" srcset=\"\/\/static.thedevkit.com\/wp-content\/uploads\/2017\/06\/Pro-element.png 800w, \/\/static.thedevkit.com\/wp-content\/uploads\/2017\/06\/Pro-element-300x154.png 300w, \/\/static.thedevkit.com\/wp-content\/uploads\/2017\/06\/Pro-element-768x395.png 768w, \/\/static.thedevkit.com\/wp-content\/uploads\/2017\/06\/Pro-element-20x10.png 20w, \/\/static.thedevkit.com\/wp-content\/uploads\/2017\/06\/Pro-element-400x206.png 400w\" alt=\"\" width=\"800\" height=\"411\" data-src=\"\/\/static.thedevkit.com\/wp-content\/uploads\/2017\/06\/Pro-element.png\" data-srcset=\"\/\/static.thedevkit.com\/wp-content\/uploads\/2017\/06\/Pro-element.png 800w, \/\/static.thedevkit.com\/wp-content\/uploads\/2017\/06\/Pro-element-300x154.png 300w, \/\/static.thedevkit.com\/wp-content\/uploads\/2017\/06\/Pro-element-768x395.png 768w, \/\/static.thedevkit.com\/wp-content\/uploads\/2017\/06\/Pro-element-20x10.png 20w, \/\/static.thedevkit.com\/wp-content\/uploads\/2017\/06\/Pro-element-400x206.png 400w\" data-sizes=\"(max-width: 800px) 100vw, 800px\" data-style=\"\" data-l=\"\" \/><\/p>\n<p><img loading=\"lazy\" class=\"aligncenter wp-image-27089 size-full\" src=\"https:\/\/static.thedevkit.com\/wp-content\/uploads\/2017\/06\/woocommerce-element.png\" srcset=\"\/\/static.thedevkit.com\/wp-content\/uploads\/2017\/06\/woocommerce-element.png 800w, \/\/static.thedevkit.com\/wp-content\/uploads\/2017\/06\/woocommerce-element-300x117.png 300w, \/\/static.thedevkit.com\/wp-content\/uploads\/2017\/06\/woocommerce-element-768x300.png 768w, \/\/static.thedevkit.com\/wp-content\/uploads\/2017\/06\/woocommerce-element-20x8.png 20w, \/\/static.thedevkit.com\/wp-content\/uploads\/2017\/06\/woocommerce-element-400x156.png 400w\" alt=\"\" width=\"800\" height=\"312\" data-src=\"\/\/static.thedevkit.com\/wp-content\/uploads\/2017\/06\/woocommerce-element.png\" data-srcset=\"\/\/static.thedevkit.com\/wp-content\/uploads\/2017\/06\/woocommerce-element.png 800w, \/\/static.thedevkit.com\/wp-content\/uploads\/2017\/06\/woocommerce-element-300x117.png 300w, \/\/static.thedevkit.com\/wp-content\/uploads\/2017\/06\/woocommerce-element-768x300.png 768w, \/\/static.thedevkit.com\/wp-content\/uploads\/2017\/06\/woocommerce-element-20x8.png 20w, \/\/static.thedevkit.com\/wp-content\/uploads\/2017\/06\/woocommerce-element-400x156.png 400w\" data-sizes=\"(max-width: 800px) 100vw, 800px\" data-style=\"\" data-l=\"\" \/><\/p>\n","protected":false},"excerpt":{"rendered":"<p>L\u01b0u \u00fd: \u0110\u00e2y l\u00e0 b\u1ea3n\u00a0ko c\u00f3 License. Hi\u1ec7n b\u00ean m\u00ecnh c\u00f3\u00a0cung c\u1ea5p c\u1ea3 License Elementor Pro, li\u00ean h\u1ec7 \u0111\u1ec3 bi\u1ebft chi ti\u1ebft nh\u00e9. L\u01b0u \u00fd: Xem\u00a0h\u01b0\u1edbng d\u1eabn n\u00e0y\u00a0\u0111\u1ec3 c\u00f3 th\u1ec3 s\u1eed d\u1ee5ng \u0111\u01b0\u1ee3c Template PRO. T\u1ea3i b\u1ea3n mi\u1ec5n ph\u00ed t\u1eeb WordPress:\u00a0https:\/\/wordpress.org\/plugins\/elementor\/. B\u1ea1n s\u1ebd\u00a0c\u1ea7n c\u1ea3 version Free\u00a0\u0111\u1ec3 c\u00f3 th\u1ec3 s\u1eed d\u1ee5ng \u0111\u01b0\u1ee3c b\u1ea3n Pro. ELEMENTOR PRO &#8230;<\/p>\n","protected":false},"featured_media":202,"comment_status":"open","ping_status":"closed","template":"","meta":[],"_links":{"self":[{"href":"https:\/\/webmaibinh.com\/w\/chophanmem2011\/wp-json\/wp\/v2\/product\/201"}],"collection":[{"href":"https:\/\/webmaibinh.com\/w\/chophanmem2011\/wp-json\/wp\/v2\/product"}],"about":[{"href":"https:\/\/webmaibinh.com\/w\/chophanmem2011\/wp-json\/wp\/v2\/types\/product"}],"replies":[{"embeddable":true,"href":"https:\/\/webmaibinh.com\/w\/chophanmem2011\/wp-json\/wp\/v2\/comments?post=201"}],"wp:featuredmedia":[{"embeddable":true,"href":"https:\/\/webmaibinh.com\/w\/chophanmem2011\/wp-json\/wp\/v2\/media\/202"}],"wp:attachment":[{"href":"https:\/\/webmaibinh.com\/w\/chophanmem2011\/wp-json\/wp\/v2\/media?parent=201"}],"curies":[{"name":"wp","href":"https:\/\/api.w.org\/{rel}","templated":true}]}}