{"id":192,"date":"2019-11-15T09:45:02","date_gmt":"2019-11-15T02:45:02","guid":{"rendered":"http:\/\/shopnet.muathemewordpress.net\/?post_type=product&#038;p=192"},"modified":"2019-11-15T09:47:05","modified_gmt":"2019-11-15T02:47:05","slug":"flatsome-multi-purpose-responsive-woocommerce-theme","status":"publish","type":"product","link":"https:\/\/webmaibinh.com\/w\/chophanmem2011\/san-pham\/flatsome-multi-purpose-responsive-woocommerce-theme\/","title":{"rendered":"Flatsome | Multi-Purpose Responsive WooCommerce Theme"},"content":{"rendered":"<p>Flatsome l\u00e0\u00a0<strong>giao di\u1ec7n tuy\u1ec7t v\u1eddi<\/strong>\u00a0d\u00e0nh cho c\u1eeda h\u00e0ng, c\u00f4ng ty, freelancer. Giao di\u1ec7n bao g\u1ed3m t\u1ea5t c\u1ea3 nh\u1eefng c\u00f4ng c\u1ee5 c\u1ea7n thi\u1ebft \u0111\u1ec3 t\u1ea1o n\u00ean m\u1ed9t website<strong>\u00a0v\u00f4 c\u00f9ng nhanh<\/strong>,\u00a0<strong>th\u00e2n thi\u1ec7n v\u1edbi c\u00e1c thi\u1ebft b\u1ecb di \u0111\u1ed9ng<\/strong>\u00a0v\u00e0\u00a0<strong>mang l\u1ea1i m\u1ed9t tr\u1ea3i nghi\u1ec7m tuy\u1ec7t v\u1eddi cho ng\u01b0\u1eddi s\u1eed d\u1ee5ng<\/strong>. Th\u00eam v\u00e0o \u0111\u00f3 l\u00e0 c\u00e1c\u00a0<strong>t\u00f9y ch\u1ec9nh kh\u00f4ng gi\u1edbi<\/strong>\u00a0h\u1ea1n nh\u01b0 slider, giao di\u1ec7n k\u00e9o th\u1ea3\u2026 cho b\u1ea1n kh\u1ea3 n\u0103ng t\u1ea1o ra\u00a0<strong>b\u1ea5t k\u1ef3 th\u1ee9 g\u00ec<\/strong>\u00a0m\u00e0 kh\u00f4ng c\u1ea7n \u0111\u1ed9ng ch\u1ea1m \u0111\u1ebfn code.<\/p>\n<hr \/>\n<p><img loading=\"lazy\" class=\"aligncenter wp-image-17923 size-large\" src=\"https:\/\/static.thedevkit.com\/wp-content\/uploads\/2017\/06\/Flatsome1-1024x1024.png\" srcset=\"\/\/static.thedevkit.com\/wp-content\/uploads\/2017\/06\/Flatsome1-1024x1024.png 1024w, \/\/static.thedevkit.com\/wp-content\/uploads\/2017\/06\/Flatsome1-150x150.png 150w, \/\/static.thedevkit.com\/wp-content\/uploads\/2017\/06\/Flatsome1-300x300.png 300w, \/\/static.thedevkit.com\/wp-content\/uploads\/2017\/06\/Flatsome1-768x768.png 768w, \/\/static.thedevkit.com\/wp-content\/uploads\/2017\/06\/Flatsome1-20x20.png 20w, \/\/static.thedevkit.com\/wp-content\/uploads\/2017\/06\/Flatsome1-400x400.png 400w, \/\/static.thedevkit.com\/wp-content\/uploads\/2017\/06\/Flatsome1-100x100.png 100w, \/\/static.thedevkit.com\/wp-content\/uploads\/2017\/06\/Flatsome1.png 1232w\" alt=\"\" width=\"1020\" height=\"1020\" data-src=\"\/\/static.thedevkit.com\/wp-content\/uploads\/2017\/06\/Flatsome1-1024x1024.png\" data-srcset=\"\/\/static.thedevkit.com\/wp-content\/uploads\/2017\/06\/Flatsome1-1024x1024.png 1024w, \/\/static.thedevkit.com\/wp-content\/uploads\/2017\/06\/Flatsome1-150x150.png 150w, \/\/static.thedevkit.com\/wp-content\/uploads\/2017\/06\/Flatsome1-300x300.png 300w, \/\/static.thedevkit.com\/wp-content\/uploads\/2017\/06\/Flatsome1-768x768.png 768w, \/\/static.thedevkit.com\/wp-content\/uploads\/2017\/06\/Flatsome1-20x20.png 20w, \/\/static.thedevkit.com\/wp-content\/uploads\/2017\/06\/Flatsome1-400x400.png 400w, \/\/static.thedevkit.com\/wp-content\/uploads\/2017\/06\/Flatsome1-100x100.png 100w, \/\/static.thedevkit.com\/wp-content\/uploads\/2017\/06\/Flatsome1.png 1232w\" data-sizes=\"(max-width: 1020px) 100vw, 1020px\" data-style=\"\" data-l=\"\" \/><img loading=\"lazy\" class=\"aligncenter wp-image-17919 size-large\" src=\"https:\/\/static.thedevkit.com\/wp-content\/uploads\/2017\/06\/Flatsome5-920x1024.png\" srcset=\"\/\/static.thedevkit.com\/wp-content\/uploads\/2017\/06\/Flatsome5-920x1024.png 920w, \/\/static.thedevkit.com\/wp-content\/uploads\/2017\/06\/Flatsome5-269x300.png 269w, \/\/static.thedevkit.com\/wp-content\/uploads\/2017\/06\/Flatsome5-768x855.png 768w, \/\/static.thedevkit.com\/wp-content\/uploads\/2017\/06\/Flatsome5-18x20.png 18w, \/\/static.thedevkit.com\/wp-content\/uploads\/2017\/06\/Flatsome5-400x445.png 400w, \/\/static.thedevkit.com\/wp-content\/uploads\/2017\/06\/Flatsome5.png 1232w\" alt=\"\" width=\"920\" height=\"1024\" data-src=\"\/\/static.thedevkit.com\/wp-content\/uploads\/2017\/06\/Flatsome5-920x1024.png\" data-srcset=\"\/\/static.thedevkit.com\/wp-content\/uploads\/2017\/06\/Flatsome5-920x1024.png 920w, \/\/static.thedevkit.com\/wp-content\/uploads\/2017\/06\/Flatsome5-269x300.png 269w, \/\/static.thedevkit.com\/wp-content\/uploads\/2017\/06\/Flatsome5-768x855.png 768w, \/\/static.thedevkit.com\/wp-content\/uploads\/2017\/06\/Flatsome5-18x20.png 18w, \/\/static.thedevkit.com\/wp-content\/uploads\/2017\/06\/Flatsome5-400x445.png 400w, \/\/static.thedevkit.com\/wp-content\/uploads\/2017\/06\/Flatsome5.png 1232w\" data-sizes=\"(max-width: 920px) 100vw, 920px\" data-style=\"\" data-l=\"\" \/><img loading=\"lazy\" class=\"aligncenter size-full wp-image-17918\" src=\"https:\/\/static.thedevkit.com\/wp-content\/uploads\/2017\/06\/Flatsome6.png\" srcset=\"\/\/static.thedevkit.com\/wp-content\/uploads\/2017\/06\/Flatsome6.png 1232w, \/\/static.thedevkit.com\/wp-content\/uploads\/2017\/06\/Flatsome6-216x300.png 216w, \/\/static.thedevkit.com\/wp-content\/uploads\/2017\/06\/Flatsome6-768x1067.png 768w, \/\/static.thedevkit.com\/wp-content\/uploads\/2017\/06\/Flatsome6-737x1024.png 737w, \/\/static.thedevkit.com\/wp-content\/uploads\/2017\/06\/Flatsome6-14x20.png 14w, \/\/static.thedevkit.com\/wp-content\/uploads\/2017\/06\/Flatsome6-400x556.png 400w\" alt=\"\" width=\"1232\" height=\"1712\" data-src=\"\/\/static.thedevkit.com\/wp-content\/uploads\/2017\/06\/Flatsome6.png\" data-srcset=\"\/\/static.thedevkit.com\/wp-content\/uploads\/2017\/06\/Flatsome6.png 1232w, \/\/static.thedevkit.com\/wp-content\/uploads\/2017\/06\/Flatsome6-216x300.png 216w, \/\/static.thedevkit.com\/wp-content\/uploads\/2017\/06\/Flatsome6-768x1067.png 768w, \/\/static.thedevkit.com\/wp-content\/uploads\/2017\/06\/Flatsome6-737x1024.png 737w, \/\/static.thedevkit.com\/wp-content\/uploads\/2017\/06\/Flatsome6-14x20.png 14w, \/\/static.thedevkit.com\/wp-content\/uploads\/2017\/06\/Flatsome6-400x556.png 400w\" data-sizes=\"(max-width: 1232px) 100vw, 1232px\" data-style=\"\" data-l=\"\" \/><\/p>\n<p><img loading=\"lazy\" class=\"aligncenter wp-image-17917 size-large\" src=\"https:\/\/static.thedevkit.com\/wp-content\/uploads\/2017\/06\/Flatsome7-920x1024.png\" srcset=\"\/\/static.thedevkit.com\/wp-content\/uploads\/2017\/06\/Flatsome7-920x1024.png 920w, \/\/static.thedevkit.com\/wp-content\/uploads\/2017\/06\/Flatsome7-269x300.png 269w, \/\/static.thedevkit.com\/wp-content\/uploads\/2017\/06\/Flatsome7-768x855.png 768w, \/\/static.thedevkit.com\/wp-content\/uploads\/2017\/06\/Flatsome7-18x20.png 18w, \/\/static.thedevkit.com\/wp-content\/uploads\/2017\/06\/Flatsome7-400x445.png 400w, \/\/static.thedevkit.com\/wp-content\/uploads\/2017\/06\/Flatsome7.png 1232w\" alt=\"\" width=\"920\" height=\"1024\" data-src=\"\/\/static.thedevkit.com\/wp-content\/uploads\/2017\/06\/Flatsome7-920x1024.png\" data-srcset=\"\/\/static.thedevkit.com\/wp-content\/uploads\/2017\/06\/Flatsome7-920x1024.png 920w, \/\/static.thedevkit.com\/wp-content\/uploads\/2017\/06\/Flatsome7-269x300.png 269w, \/\/static.thedevkit.com\/wp-content\/uploads\/2017\/06\/Flatsome7-768x855.png 768w, \/\/static.thedevkit.com\/wp-content\/uploads\/2017\/06\/Flatsome7-18x20.png 18w, \/\/static.thedevkit.com\/wp-content\/uploads\/2017\/06\/Flatsome7-400x445.png 400w, \/\/static.thedevkit.com\/wp-content\/uploads\/2017\/06\/Flatsome7.png 1232w\" data-sizes=\"(max-width: 920px) 100vw, 920px\" data-style=\"\" data-l=\"\" \/><img loading=\"lazy\" class=\"aligncenter wp-image-17916 size-large\" src=\"https:\/\/static.thedevkit.com\/wp-content\/uploads\/2017\/06\/Flatsome8-920x1024.jpg\" srcset=\"\/\/static.thedevkit.com\/wp-content\/uploads\/2017\/06\/Flatsome8-920x1024.jpg 920w, \/\/static.thedevkit.com\/wp-content\/uploads\/2017\/06\/Flatsome8-269x300.jpg 269w, \/\/static.thedevkit.com\/wp-content\/uploads\/2017\/06\/Flatsome8-768x855.jpg 768w, \/\/static.thedevkit.com\/wp-content\/uploads\/2017\/06\/Flatsome8-18x20.jpg 18w, \/\/static.thedevkit.com\/wp-content\/uploads\/2017\/06\/Flatsome8-400x445.jpg 400w, \/\/static.thedevkit.com\/wp-content\/uploads\/2017\/06\/Flatsome8.jpg 1232w\" alt=\"\" width=\"920\" height=\"1024\" data-src=\"\/\/static.thedevkit.com\/wp-content\/uploads\/2017\/06\/Flatsome8-920x1024.jpg\" data-srcset=\"\/\/static.thedevkit.com\/wp-content\/uploads\/2017\/06\/Flatsome8-920x1024.jpg 920w, \/\/static.thedevkit.com\/wp-content\/uploads\/2017\/06\/Flatsome8-269x300.jpg 269w, \/\/static.thedevkit.com\/wp-content\/uploads\/2017\/06\/Flatsome8-768x855.jpg 768w, \/\/static.thedevkit.com\/wp-content\/uploads\/2017\/06\/Flatsome8-18x20.jpg 18w, \/\/static.thedevkit.com\/wp-content\/uploads\/2017\/06\/Flatsome8-400x445.jpg 400w, \/\/static.thedevkit.com\/wp-content\/uploads\/2017\/06\/Flatsome8.jpg 1232w\" data-sizes=\"(max-width: 920px) 100vw, 920px\" data-style=\"\" data-l=\"\" \/><img loading=\"lazy\" class=\"aligncenter wp-image-17913 size-large\" src=\"https:\/\/static.thedevkit.com\/wp-content\/uploads\/2017\/06\/flatsome11-816x1024.png\" srcset=\"\/\/static.thedevkit.com\/wp-content\/uploads\/2017\/06\/flatsome11-816x1024.png 816w, \/\/static.thedevkit.com\/wp-content\/uploads\/2017\/06\/flatsome11-239x300.png 239w, \/\/static.thedevkit.com\/wp-content\/uploads\/2017\/06\/flatsome11-768x964.png 768w, \/\/static.thedevkit.com\/wp-content\/uploads\/2017\/06\/flatsome11-16x20.png 16w, \/\/static.thedevkit.com\/wp-content\/uploads\/2017\/06\/flatsome11-400x502.png 400w, \/\/static.thedevkit.com\/wp-content\/uploads\/2017\/06\/flatsome11.png 1232w\" alt=\"\" width=\"816\" height=\"1024\" data-src=\"\/\/static.thedevkit.com\/wp-content\/uploads\/2017\/06\/flatsome11-816x1024.png\" data-srcset=\"\/\/static.thedevkit.com\/wp-content\/uploads\/2017\/06\/flatsome11-816x1024.png 816w, \/\/static.thedevkit.com\/wp-content\/uploads\/2017\/06\/flatsome11-239x300.png 239w, \/\/static.thedevkit.com\/wp-content\/uploads\/2017\/06\/flatsome11-768x964.png 768w, \/\/static.thedevkit.com\/wp-content\/uploads\/2017\/06\/flatsome11-16x20.png 16w, \/\/static.thedevkit.com\/wp-content\/uploads\/2017\/06\/flatsome11-400x502.png 400w, \/\/static.thedevkit.com\/wp-content\/uploads\/2017\/06\/flatsome11.png 1232w\" data-sizes=\"(max-width: 816px) 100vw, 816px\" data-style=\"\" data-l=\"\" \/><img loading=\"lazy\" class=\"aligncenter wp-image-17911 size-large\" src=\"https:\/\/static.thedevkit.com\/wp-content\/uploads\/2017\/06\/Flatsome13-1024x514.png\" srcset=\"\/\/static.thedevkit.com\/wp-content\/uploads\/2017\/06\/Flatsome13-1024x514.png 1024w, \/\/static.thedevkit.com\/wp-content\/uploads\/2017\/06\/Flatsome13-300x150.png 300w, \/\/static.thedevkit.com\/wp-content\/uploads\/2017\/06\/Flatsome13-768x385.png 768w, \/\/static.thedevkit.com\/wp-content\/uploads\/2017\/06\/Flatsome13-20x10.png 20w, \/\/static.thedevkit.com\/wp-content\/uploads\/2017\/06\/Flatsome13-400x201.png 400w, \/\/static.thedevkit.com\/wp-content\/uploads\/2017\/06\/Flatsome13.png 1232w\" alt=\"\" width=\"1020\" height=\"512\" data-src=\"\/\/static.thedevkit.com\/wp-content\/uploads\/2017\/06\/Flatsome13-1024x514.png\" data-srcset=\"\/\/static.thedevkit.com\/wp-content\/uploads\/2017\/06\/Flatsome13-1024x514.png 1024w, \/\/static.thedevkit.com\/wp-content\/uploads\/2017\/06\/Flatsome13-300x150.png 300w, \/\/static.thedevkit.com\/wp-content\/uploads\/2017\/06\/Flatsome13-768x385.png 768w, \/\/static.thedevkit.com\/wp-content\/uploads\/2017\/06\/Flatsome13-20x10.png 20w, \/\/static.thedevkit.com\/wp-content\/uploads\/2017\/06\/Flatsome13-400x201.png 400w, \/\/static.thedevkit.com\/wp-content\/uploads\/2017\/06\/Flatsome13.png 1232w\" data-sizes=\"(max-width: 1020px) 100vw, 1020px\" data-style=\"\" data-l=\"\" \/><img loading=\"lazy\" class=\"aligncenter wp-image-17910 size-full\" src=\"https:\/\/static.thedevkit.com\/wp-content\/uploads\/2017\/06\/Flatsome14.jpg\" srcset=\"\/\/static.thedevkit.com\/wp-content\/uploads\/2017\/06\/Flatsome14.jpg 1232w, \/\/static.thedevkit.com\/wp-content\/uploads\/2017\/06\/Flatsome14-168x300.jpg 168w, \/\/static.thedevkit.com\/wp-content\/uploads\/2017\/06\/Flatsome14-768x1373.jpg 768w, \/\/static.thedevkit.com\/wp-content\/uploads\/2017\/06\/Flatsome14-573x1024.jpg 573w, \/\/static.thedevkit.com\/wp-content\/uploads\/2017\/06\/Flatsome14-11x20.jpg 11w, \/\/static.thedevkit.com\/wp-content\/uploads\/2017\/06\/Flatsome14-400x715.jpg 400w\" alt=\"\" width=\"1232\" height=\"2202\" data-src=\"\/\/static.thedevkit.com\/wp-content\/uploads\/2017\/06\/Flatsome14.jpg\" data-srcset=\"\/\/static.thedevkit.com\/wp-content\/uploads\/2017\/06\/Flatsome14.jpg 1232w, \/\/static.thedevkit.com\/wp-content\/uploads\/2017\/06\/Flatsome14-168x300.jpg 168w, \/\/static.thedevkit.com\/wp-content\/uploads\/2017\/06\/Flatsome14-768x1373.jpg 768w, \/\/static.thedevkit.com\/wp-content\/uploads\/2017\/06\/Flatsome14-573x1024.jpg 573w, \/\/static.thedevkit.com\/wp-content\/uploads\/2017\/06\/Flatsome14-11x20.jpg 11w, \/\/static.thedevkit.com\/wp-content\/uploads\/2017\/06\/Flatsome14-400x715.jpg 400w\" data-sizes=\"(max-width: 1232px) 100vw, 1232px\" data-style=\"\" data-l=\"\" \/><\/p>\n","protected":false},"excerpt":{"rendered":"<p>Flatsome l\u00e0\u00a0giao di\u1ec7n tuy\u1ec7t v\u1eddi\u00a0d\u00e0nh cho c\u1eeda h\u00e0ng, c\u00f4ng ty, freelancer. Giao di\u1ec7n bao g\u1ed3m t\u1ea5t c\u1ea3 nh\u1eefng c\u00f4ng c\u1ee5 c\u1ea7n thi\u1ebft \u0111\u1ec3 t\u1ea1o n\u00ean m\u1ed9t website\u00a0v\u00f4 c\u00f9ng nhanh,\u00a0th\u00e2n thi\u1ec7n v\u1edbi c\u00e1c thi\u1ebft b\u1ecb di \u0111\u1ed9ng\u00a0v\u00e0\u00a0mang l\u1ea1i m\u1ed9t tr\u1ea3i nghi\u1ec7m tuy\u1ec7t v\u1eddi cho ng\u01b0\u1eddi s\u1eed d\u1ee5ng. Th\u00eam v\u00e0o \u0111\u00f3 l\u00e0 c\u00e1c\u00a0t\u00f9y ch\u1ec9nh kh\u00f4ng gi\u1edbi\u00a0h\u1ea1n nh\u01b0 &#8230;<\/p>\n","protected":false},"featured_media":193,"comment_status":"open","ping_status":"closed","template":"","meta":[],"_links":{"self":[{"href":"https:\/\/webmaibinh.com\/w\/chophanmem2011\/wp-json\/wp\/v2\/product\/192"}],"collection":[{"href":"https:\/\/webmaibinh.com\/w\/chophanmem2011\/wp-json\/wp\/v2\/product"}],"about":[{"href":"https:\/\/webmaibinh.com\/w\/chophanmem2011\/wp-json\/wp\/v2\/types\/product"}],"replies":[{"embeddable":true,"href":"https:\/\/webmaibinh.com\/w\/chophanmem2011\/wp-json\/wp\/v2\/comments?post=192"}],"wp:featuredmedia":[{"embeddable":true,"href":"https:\/\/webmaibinh.com\/w\/chophanmem2011\/wp-json\/wp\/v2\/media\/193"}],"wp:attachment":[{"href":"https:\/\/webmaibinh.com\/w\/chophanmem2011\/wp-json\/wp\/v2\/media?parent=192"}],"curies":[{"name":"wp","href":"https:\/\/api.w.org\/{rel}","templated":true}]}}