{"id":166,"date":"2019-02-25T13:04:35","date_gmt":"2019-02-25T13:04:35","guid":{"rendered":"https:\/\/tppone.com\/demo\/chaucay\/?post_type=product&#038;p=166"},"modified":"2019-02-25T17:03:36","modified_gmt":"2019-02-25T17:03:36","slug":"chau-gom-su-asa-cao","status":"publish","type":"product","link":"https:\/\/webmaibinh.com\/w\/chaucay\/san-pham\/chau-gom-su\/chau-gom-su-asa-cao\/","title":{"rendered":"Ch\u1eadu G\u1ed1m S\u1ee9 Asa Cao nh\u1eadp kh\u1ea9u H\u00e0n"},"content":{"rendered":"<div class=\"kk-star-ratings top-right rgt\" data-id=\"3342\">\n<div class=\"kksr-legend\">\n<div>\n<div><span style=\"color: #555555; font-size: 14.4px;\">Ch\u1eadu c\u00e2y c\u1ea3nh c\u00f3 ch\u1ee9c n\u0103ng ch\u1ee9a \u0111\u1ea5t \u0111\u1ec3 \u0111\u1ea3m b\u1ea3o c\u00e2y sinh tr\u01b0\u1edfng v\u00e0 ph\u00e1t tri\u1ec3n t\u1ed1t. Ngo\u00e0i ra ch\u1eadu c\u1ea3nh c\u00f2n g\u00f3p ph\u1ea7n mang l\u1ea1i v\u1ebb \u0111\u1eb9p cho c\u00e1c lo\u1ea1i c\u00e2y c\u1ea3nh n\u00f3i chung v\u00e0 c\u00e2y ki\u1ec3ng bonsai ngh\u1ec7 thu\u1eadt n\u00f3i ri\u00eang. M\u1ed9t kh\u00f4ng gian tr\u00e0n ng\u1eadp c\u00e2y xanh, tho\u00e1ng \u0111\u00e3ng v\u00e0 v\u00f4 c\u00f9ng g\u1ea7n g\u0169i l\u00e0 nh\u1eefng g\u00ec c\u1ea3m nh\u1eadn khi t\u1edbi c\u1eeda h\u00e0ng <\/span><strong>C\u00e2y Xinh<\/strong><span style=\"color: #555555; font-size: 14.4px;\">. Ch\u00fang t\u00f4i cung c\u1ea5p h\u01a1n 1000 m\u1eabu ch\u1eadu C\u00e2y C\u1ea3nh ch\u1ea5t l\u01b0\u1ee3ng cao, b\u1ec1n, \u0111\u1eb9p v\u1edbi \u0111\u1ee7 m\u1ecdi lo\u1ea1i ch\u1ea5t li\u1ec7u: nh\u1ef1a Composite cao c\u1ea5p, g\u1ed1m \u0111\u1ea5t nung, g\u1ed1m s\u1ee9, thu\u1ef7 tinh\u2026 v\u00e0 m\u1ed9t s\u1ed1 d\u00f2ng ch\u1eadu nh\u1eadp kh\u1ea9u\u2026<\/span><\/div>\n<\/div>\n<\/div>\n<\/div>\n<p class=\"p1\">C\u00e2y Xinh chuy\u00ean cung c\u1ea5p ch\u1eadu c\u00e2y c\u1ea3nh gi\u00e1 r\u1ebb v\u1edbi nhi\u1ec1u m\u1eabu ch\u1eadu c\u1ea3nh \u0111\u1eb9p b\u1eb1ng c\u00e1c ch\u1ea5t li\u1ec7u G\u1ed1m, S\u1ee9, Xi M\u0103ng, G\u1ed7, S\u1eaft, Nh\u1ef1a Composite cao c\u1ea5p\u2026 ph\u00f9 h\u1ee3p v\u1edbi m\u1ecdi nhu c\u1ea7u c\u1ee7a kh\u00e1ch h\u00e0ng. \u0110\u1ec3 nh\u1eadn \u0111\u01b0\u1ee3c t\u01b0 v\u1ea5n t\u1ed1t nh\u1ea5t xin vui l\u00f2ng li\u00ean h\u1ec7 tr\u1ef1c ti\u1ebfp ho\u1eb7c c\u00e1c b\u1ea1n c\u00f3 th\u1ec3 qua c\u00e1c c\u1eeda h\u00e0ng c\u1ee7a C\u00e2y Xinh \u0111\u1ec3 l\u1ef1a ch\u1ecdn m\u1eabu ch\u1eadu ph\u00f9 h\u1ee3p<\/p>\n<ul>\n<li><strong>M\u1eabu ch\u1eadu:\u00a0<\/strong>Ch\u1eadu G\u1ed1m S\u1ee9 Asa Cao<\/li>\n<li><strong>K\u00edch th\u01b0\u1edbc ch\u1eadu:\u00a0<\/strong>10\u00d711.5cm<\/li>\n<li><strong>Tr\u1ecdng l\u01b0\u1ee3ng:\u00a0<\/strong><\/li>\n<\/ul>\n","protected":false},"excerpt":{"rendered":"<p>C\u00e2y Xinh chuy\u00ean cung c\u1ea5p ch\u1eadu c\u00e2y c\u1ea3nh gi\u00e1 r\u1ebb v\u1edbi nhi\u1ec1u m\u1eabu ch\u1eadu c\u1ea3nh \u0111\u1eb9p b\u1eb1ng c\u00e1c ch\u1ea5t li\u1ec7u G\u1ed1m, S\u1ee9, Xi M\u0103ng, G\u1ed7, S\u1eaft, Nh\u1ef1a Composite cao c\u1ea5p\u2026 ph\u00f9 h\u1ee3p v\u1edbi m\u1ecdi nhu c\u1ea7u c\u1ee7a kh\u00e1ch h\u00e0ng. \u0110\u1ec3 nh\u1eadn \u0111\u01b0\u1ee3c t\u01b0 v\u1ea5n t\u1ed1t nh\u1ea5t xin vui l\u00f2ng li\u00ean h\u1ec7 tr\u1ef1c ti\u1ebfp ho\u1eb7c c\u00e1c b\u1ea1n c\u00f3 th\u1ec3 qua c\u00e1c c\u1eeda h\u00e0ng c\u1ee7a C\u00e2y Xinh \u0111\u1ec3 l\u1ef1a ch\u1ecdn m\u1eabu ch\u1eadu ph\u00f9 h\u1ee3p<\/p>\n","protected":false},"featured_media":167,"comment_status":"open","ping_status":"closed","template":"","meta":[],"_links":{"self":[{"href":"https:\/\/webmaibinh.com\/w\/chaucay\/wp-json\/wp\/v2\/product\/166"}],"collection":[{"href":"https:\/\/webmaibinh.com\/w\/chaucay\/wp-json\/wp\/v2\/product"}],"about":[{"href":"https:\/\/webmaibinh.com\/w\/chaucay\/wp-json\/wp\/v2\/types\/product"}],"replies":[{"embeddable":true,"href":"https:\/\/webmaibinh.com\/w\/chaucay\/wp-json\/wp\/v2\/comments?post=166"}],"wp:featuredmedia":[{"embeddable":true,"href":"https:\/\/webmaibinh.com\/w\/chaucay\/wp-json\/wp\/v2\/media\/167"}],"wp:attachment":[{"href":"https:\/\/webmaibinh.com\/w\/chaucay\/wp-json\/wp\/v2\/media?parent=166"}],"curies":[{"name":"wp","href":"https:\/\/api.w.org\/{rel}","templated":true}]}}