{"id":164,"date":"2019-02-25T13:03:54","date_gmt":"2019-02-25T13:03:54","guid":{"rendered":"https:\/\/tppone.com\/demo\/chaucay\/?post_type=product&#038;p=164"},"modified":"2019-02-25T16:51:25","modified_gmt":"2019-02-25T16:51:25","slug":"chau-gom-phuc-loc-tho","status":"publish","type":"product","link":"https:\/\/webmaibinh.com\/w\/chaucay\/san-pham\/chau-gom-su\/chau-gom-phuc-loc-tho\/","title":{"rendered":"Ch\u1eadu G\u1ed1m Ph\u00fac L\u1ed9c Th\u1ecd m\u00e0u x\u00e1m \u0111\u1ea5t cao c\u1ea5p"},"content":{"rendered":"<p><strong><em>C\u00e2y Xinh<\/em><\/strong>\u00a0l\u00e0 th\u01b0\u01a1ng hi\u1ec7u d\u1eabn \u0111\u1ea7u trong l\u0129nh v\u1ef1c s\u1ea3n xu\u1ea5t &amp; cung c\u1ea5p c\u00e1c lo\u1ea1i\u00a0<em><strong>C\u00e2y C\u1ea3nh \u0110\u1ec3 B\u00e0n, Sen \u0110\u00e1, X\u01b0\u01a1ng R\u1ed3ng &amp; Ti\u1ec3u c\u1ea3nh Terrarium trang tr\u00ed n\u1ed9i th\u1ea5t, v\u0103n ph\u00f2ng<\/strong><\/em><\/p>\n<p><em><strong>C\u00e2y Xinh<\/strong><\/em>\u00a0lu\u00f4n c\u1ed1 g\u1eafng t\u1ea1o ra nh\u1eefng s\u1ea3n ph\u1ea9m \u0111\u1eb9p, kh\u00e1c bi\u1ec7t ho\u00e0n to\u00e0n so v\u1edbi th\u1ecb tr\u01b0\u1eddng \u0111\u1ec3 \u0111\u00e1p \u1ee9ng m\u1ecdi nhu c\u1ea7u c\u1ee7a kh\u00e1ch h\u00e0ng v\u1edbi m\u1eabu m\u00e3 \u0111a d\u1ea1ng, phong ph\u00fa. Ch\u00fang t\u00f4i mu\u1ed1n bi\u1ebfn t\u1ea5t nh\u1eefng ch\u1eadu c\u00e2y c\u1ea3nh th\u00e0nh nh\u1eefng t\u00e1c ph\u1ea9m ngh\u1ec7 thu\u1eadt v\u1edbi t\u1ea5t c\u1ea3 ni\u1ec1m \u0111am m\u00ea v\u00e0 t\u00e2m huy\u1ebft c\u1ee7a m\u00ecnh&#8230;<\/p>\n<div class=\"social-icons follow-icons \"><\/div>\n","protected":false},"excerpt":{"rendered":"<p><strong><em>C\u00e2y Xinh<\/em><\/strong>\u00a0l\u00e0 th\u01b0\u01a1ng hi\u1ec7u d\u1eabn \u0111\u1ea7u trong l\u0129nh v\u1ef1c s\u1ea3n xu\u1ea5t &amp; cung c\u1ea5p c\u00e1c lo\u1ea1i\u00a0<em><strong>C\u00e2y C\u1ea3nh \u0110\u1ec3 B\u00e0n, Sen \u0110\u00e1, X\u01b0\u01a1ng R\u1ed3ng &amp; Ti\u1ec3u c\u1ea3nh Terrarium trang tr\u00ed n\u1ed9i th\u1ea5t, v\u0103n ph\u00f2ng<\/strong><\/em><\/p>\n","protected":false},"featured_media":165,"comment_status":"open","ping_status":"closed","template":"","meta":[],"_links":{"self":[{"href":"https:\/\/webmaibinh.com\/w\/chaucay\/wp-json\/wp\/v2\/product\/164"}],"collection":[{"href":"https:\/\/webmaibinh.com\/w\/chaucay\/wp-json\/wp\/v2\/product"}],"about":[{"href":"https:\/\/webmaibinh.com\/w\/chaucay\/wp-json\/wp\/v2\/types\/product"}],"replies":[{"embeddable":true,"href":"https:\/\/webmaibinh.com\/w\/chaucay\/wp-json\/wp\/v2\/comments?post=164"}],"wp:featuredmedia":[{"embeddable":true,"href":"https:\/\/webmaibinh.com\/w\/chaucay\/wp-json\/wp\/v2\/media\/165"}],"wp:attachment":[{"href":"https:\/\/webmaibinh.com\/w\/chaucay\/wp-json\/wp\/v2\/media?parent=164"}],"curies":[{"name":"wp","href":"https:\/\/api.w.org\/{rel}","templated":true}]}}