{"id":581,"date":"2018-04-07T13:24:24","date_gmt":"2018-04-07T06:24:24","guid":{"rendered":"https:\/\/bizhostvn.com\/w\/cayxanh\/?post_type=product&#038;p=581"},"modified":"2018-04-07T13:24:24","modified_gmt":"2018-04-07T06:24:24","slug":"cay-hoa-hoang-thao","status":"publish","type":"product","link":"https:\/\/webmaibinh.com\/w\/cayxanh\/san-pham\/cay-hoa-hoang-thao\/","title":{"rendered":"C\u00e2y hoa Ho\u00e0ng Th\u1ea3o"},"content":{"rendered":"<p>C\u00e2y <strong>hoa ho\u00e0ng th\u1ea3o<\/strong> \u0111\u1eb9p d\u1ecbu d\u00e0ng t\u1eeb th\u00e2n c\u00e0nh, d\u00e1ng th\u1ebf \u0111\u1ebfn nh\u1eefng b\u00f4ng hoa h\u00ecnh chu\u00f4ng m\u00e0u v\u00e0ng r\u1ef1c r\u1ee1. S\u1eafc hoa t\u01b0\u01a1i vui , g\u1ea7n g\u0169i t\u1ea1o c\u1ea3m gi\u00e1c y\u00ean b\u00ecnh, th\u00e2n thu\u1ed9c cho b\u1ea5t k\u1ef3 kh\u00f4ng gian n\u00e0o c\u00e2y xu\u1ea5t hi\u1ec7n.<\/p>\n<p>C\u00e2y <strong>hoa leo<\/strong> ho\u00e0ng th\u1ea3o c\u00f2n c\u00f3 t\u00ean g\u1ecdi c\u00e2y hu\u1ef3nh \u0111\u1ec7, kim h\u01b0\u01a1ng \u0111\u1eb1ng T\u00ean khoa h\u1ecdc: Pentalinon Luteum<\/p>\n<p>Thu\u1ed9c h\u1ecd Tr\u00fac \u0111\u00e0o \u2013 Apocynaceae c\u00f3 ngu\u1ed3n g\u1ed1c t\u1eeb mi\u1ec1n \u0110\u00f4ng B\u1eafc n\u01b0\u1edbc M\u1ef9.<\/p>\n<p>Ho\u00e0ng th\u1ea3o thu\u1ed9c lo\u1ea1i c\u00e2y th\u00e2n leo h\u00f3a g\u1ed7, nhi\u1ec1u c\u00e0nh nh\u00e1nh,leo b\u1eb1ng th\u00e2n c\u00e0nh, s\u1ed1ng l\u00e2u n\u0103m. Th\u00e2n non v\u00e0 b\u00e1nh t\u1ebb m\u00e0u xanh, khi v\u1ec1 gi\u00e0 th\u00ec chuy\u1ec3n m\u00e0u n\u00e2u, c\u00f3 nh\u1ef1a m\u00e0u tr\u1eafng, c\u00e0nh nh\u00e1nh m\u1ec1m m\u1ea1i<\/p>\n<p>L\u00e1 hu\u1ef3nh \u0111\u1ec7 m\u1ec1m, m\u1ecfng,h\u00ecnh tr\u1ee9ng tr\u00f2n \u1edf \u0111\u1ea7u, m\u00e0u xanh b\u00f3ng, l\u00e1 \u0111\u01a1n, m\u1ecdc \u0111\u1ed1i. Hoa ho\u00e0ng th\u1ea3o h\u00ecnh chu\u00f4ng, m\u00e0u v\u00e0ng t\u01b0\u01a1i r\u1ef1c r\u1ee1, c\u00f3 n\u0103m c\u00e1nh m\u1ec1m m\u1ea1i tr\u00f4ng r\u1ea5t thu h\u00fat, \u0111\u00e1ng y\u00eau, m\u1ecdc \u1edf \u0111\u1ea7u c\u00e0nh.Nh\u1ecb v\u00e0 nh\u1ee5y hoa n\u1eb1m s\u00e2u trong \u1ed1ng tr\u00e0ng. Ho\u00e0ng th\u1ea3o cho hoa r\u1ea3i r\u00e1c quanh n\u0103m, nhi\u1ec1u nh\u1ea5t v\u00e0o m\u00f9a h\u00e8, thu.Qu\u1ea3 nang \u00edt h\u1ea1t, c\u00f3 gai.<\/p>\n<p>C\u00e2y hoa ho\u00e0ng th\u1ea3o v\u1edbi h\u00ecnh d\u00e1ng \u0111\u1eb9p t\u01b0\u01a1i vui t\u1eeb th\u00e2n l\u00e1 v\u00e0 hoa \u0111em \u0111\u1ebfn cho kh\u00f4ng gian \u0111\u1ea7y s\u1ee9c s\u1ed1ng n\u00ean r\u1ea5t \u0111\u01b0\u1ee3c \u01b0a th\u00edch:<\/p>\n<ul>\n<li>Ho\u00e0ng th\u1ea3o l\u00e0 c\u00e2y d\u00e2y leo \u0111\u01b0\u1ee3c tr\u1ed3ng h\u00e0ng r\u00e0o, b\u1edd t\u01b0\u1eddng \u0111em l\u1ea1i s\u1ef1 s\u1ed1ng \u0111\u1ed9ng cho b\u1ee9c t\u01b0\u1eddng kh\u00f4 c\u1ee9ng.<\/li>\n<li>Hoa ho\u00e0ng th\u1ea3o tr\u1ed3ng th\u00e0nh gi\u00e0n bu\u00f4ng r\u1ee7 nh\u1eefng chi\u1ebfc ng\u1ecdn xinh xinh<\/li>\n<li>Ho\u00e0ng th\u1ea3o tr\u1ed3ng leo c\u1ed5ng, ho\u1eb7c t\u1eeb s\u00e2n th\u01b0\u1ee3ng r\u1ee7 xu\u1ed1ng t\u1ea1o v\u1ebb \u0111\u1eb9p l\u00e3ng m\u1ea1n kh\u00f4ng k\u00e9m ph\u1ea7n th\u01a1 m\u1ed9ng v\u00e0 c\u00f3 t\u00e1c d\u1ee5ng che n\u1eafng t\u1ed1t.<\/li>\n<li>Ho\u00e0ng th\u1ea3o v\u1edbi nh\u1eefng b\u00f4ng hoa l\u1ea5p l\u00e1nh nh\u01b0 c\u00e1nh b\u01b0\u1edbm c\u00f2n \u0111\u01b0\u1ee3c tr\u1ed3ng trong c\u00e1c ph\u1ed1i c\u1ea3nh \u1edf s\u00e2n v\u01b0\u1eddn bi\u1ec7t th\u1ef1 t\u1ea1o v\u1ebb \u0111\u1eb9p nh\u1ea5n nh\u00e1 \u0111\u1ea7y m\u00e0u s\u1eafc.<\/li>\n<li>Ho\u00e0ng th\u1ea3o c\u00f2n \u0111\u01b0\u1ee3c tr\u1ed3ng \u1edf ban c\u00f4ng nh\u00e0 ph\u1ed1 \u0111\u1ec3 c\u00e1c d\u00e2y leo xo\u1eafn x\u00edt l\u00ean th\u00e0nh ban c\u00f4ng m\u1ed9t c\u00e1ch t\u1ef1 nhi\u00ean, ngh\u1ec7 thu\u1eadt.<\/li>\n<li>Ho\u1eb7c tr\u1ed3ng trong c\u00e1c ch\u1eadu hoa treo m\u1ed9t m\u00ecnh ho\u1eb7c ph\u1ed1i v\u1edbi c\u00e1c lo\u1ea1i hoa kh\u00e1c l\u00e0m s\u1ed1ng \u0111\u1ed9ng m\u1ed9t g\u00f3c ban c\u00f4ng cho m\u00f9a h\u00e8 r\u1ef1c r\u1ee1.<\/li>\n<\/ul>\n","protected":false},"excerpt":{"rendered":"<p>C\u00e2y hoa ho\u00e0ng th\u1ea3o \u0111\u1eb9p d\u1ecbu d\u00e0ng t\u1eeb th\u00e2n c\u00e0nh, d\u00e1ng th\u1ebf \u0111\u1ebfn nh\u1eefng b\u00f4ng hoa h\u00ecnh [&#8230;]\n","protected":false},"featured_media":582,"comment_status":"open","ping_status":"closed","template":"","meta":[],"_links":{"self":[{"href":"https:\/\/webmaibinh.com\/w\/cayxanh\/wp-json\/wp\/v2\/product\/581"}],"collection":[{"href":"https:\/\/webmaibinh.com\/w\/cayxanh\/wp-json\/wp\/v2\/product"}],"about":[{"href":"https:\/\/webmaibinh.com\/w\/cayxanh\/wp-json\/wp\/v2\/types\/product"}],"replies":[{"embeddable":true,"href":"https:\/\/webmaibinh.com\/w\/cayxanh\/wp-json\/wp\/v2\/comments?post=581"}],"wp:featuredmedia":[{"embeddable":true,"href":"https:\/\/webmaibinh.com\/w\/cayxanh\/wp-json\/wp\/v2\/media\/582"}],"wp:attachment":[{"href":"https:\/\/webmaibinh.com\/w\/cayxanh\/wp-json\/wp\/v2\/media?parent=581"}],"curies":[{"name":"wp","href":"https:\/\/api.w.org\/{rel}","templated":true}]}}