{"id":576,"date":"2018-04-07T13:21:28","date_gmt":"2018-04-07T06:21:28","guid":{"rendered":"https:\/\/bizhostvn.com\/w\/cayxanh\/?post_type=product&#038;p=576"},"modified":"2018-04-07T13:21:28","modified_gmt":"2018-04-07T06:21:28","slug":"hoa-hong-leo","status":"publish","type":"product","link":"https:\/\/webmaibinh.com\/w\/cayxanh\/san-pham\/hoa-hong-leo\/","title":{"rendered":"Hoa h\u1ed3ng leo"},"content":{"rendered":"<p><strong>Hoa h\u1ed3ng leo<\/strong>\u00a0l\u00e0 lo\u00e0i c\u00e2y s\u1ed1ng r\u1ea5t kh\u1ecfe v\u00e0 c\u00f3 th\u1ec3 s\u1ed1ng t\u1ed1t \u1edf c\u00e1c v\u00f9ng \u0111\u1ea5t kh\u00f4 c\u1eb1n, c\u00e2y c\u00f3 th\u1ec3 ch\u1ecbu h\u1ea1n kh\u00e1 t\u1ed1t, c\u00e2y \u00edt khi b\u1ecb b\u1ec7nh v\u00e0 s\u00e2u h\u1ea1i, c\u00e2y cho ra nhi\u1ec1u h\u01a1n h\u01a1n t\u1ea5t c\u1ea3 c\u00e1c lo\u00e0i hoa h\u1ed3ng kh\u00e1c hi\u1ec7n nay, hoa th\u01b0\u1eddng ra theo ch\u00f9m v\u00e0 c\u00f3 nhi\u1ec1u m\u00e0u s\u1eafc kh\u00e1c nhau, kh\u00e1 l\u00e0 \u0111\u1eb9p, r\u1ef1c r\u1ee1. Hi\u1ec7n nay hoa h\u1ed3ng leo c\u00f3 nhi\u1ec1u lo\u1ea1i kh\u00e1c nhau v\u00e0 th\u01b0\u1eddng \u0111\u01b0\u1ee3c \u01b0u chu\u1ed9ng nh\u1ea5t l\u00e0 hoa h\u1ed3ng leo m\u00e0u h\u1ed3ng.<\/p>\n<p><img loading=\"lazy\" class=\"aligncenter wp-image-3958 size-full\" src=\"http:\/\/trongcaycongtrinh.com\/wp-content\/uploads\/2017\/06\/hoa-hong-leo-phap-e1497926241778.jpg\" alt=\"hoa-hong-leo\" width=\"500\" height=\"375\" \/><\/p>\n<p><strong>Hoa h\u1ed3ng leo<\/strong>\u00a0l\u00e0 gi\u1ed1ng c\u00e2y tr\u1ed3ng \u0111\u01b0\u1ee3c y\u00eau th\u00edch nh\u1ea5t hi\u1ec7n nay t\u1ea1i vi\u1ec7t nam t\u00ednh \u0111\u1ebfn th\u1eddi \u0111i\u1ec3m hi\u1ec7n nay, v\u00e0 d\u00f9 cho c\u00e2y c\u00f3 s\u1ee9c s\u1ed1ng t\u1ed1t, c\u00f3 kh\u1ea3 n\u0103ng kh\u00e1ng b\u1ec7nh cao, nh\u01b0ng n\u1ebfu b\u1ea1n kh\u00f4ng bi\u1ebft c\u00e1ch ch\u0103m s\u00f3c c\u00e2y \u0111\u00fang c\u00e1ch th\u00ec c\u00e2y r\u00e2t d\u1ec5 b\u1ecb s\u00e2u b\u1ec7nh t\u1ea5n c\u00f4ng ho\u1eb7c cho ra r\u1ea5t \u00edt hoa v\u00e0 c\u00e2y th\u01b0\u1eddng c\u00f3 hoa r\u1ea5t nh\u1ecf.<\/p>\n<p><strong>C\u00e2y hoa h\u1ed3ng leo<\/strong>\u00a0l\u00e0 c\u00e2y h\u1ed3ng c\u00f3 nhi\u1ec1u gai v\u00e0 thu\u1ed9c c\u00e2y b\u1ee5i m\u1ecdc d\u00e0u v\u00e0 th\u01b0\u1eddng c\u00f3 xu\u1ea5t c\u1ee9 t\u1eeb trung qu\u1ed1c,<\/p>\n<p>Th\u00e2n c\u00e0nh m\u00e0u n\u00e2u x\u00e1m c\u00f3 nhi\u1ec1u l\u00f4ng c\u1ee9ng v\u00e0 gai ng\u01b0\u1ee3c, l\u00e1 k\u00e9p l\u00f4ng chim g\u1ed3m 5-9 lo\u00e0i nh\u1ecf d\u00e0i 2-5cm h\u00ecnh b\u1ea7u d\u1ee5c, hoa \u0111\u01a1n t\u00ednh m\u1ecdc ch\u00f9m th\u01b0\u1eddng l\u00e0 m\u00e0u t\u00edm, m\u00f9i th\u01a1m, \u0111\u01b0\u1eddng k\u00ednh hoa 6-8cm, hoa n\u1edf v\u00e0o th\u00e1ng 4-5. Qu\u1ea3 h\u00ecnh c\u1ea7u d\u1eb9t m\u00e0u \u0111\u1ecf g\u1ea1ch, c\u00e2y cao c\u00f3 th\u1ec3 1-2m.\u00a0<strong>hoa h\u1ed3ng leo\u00a0<\/strong>c\u00f3 r\u1ea5t nhi\u1ec1u lo\u00e0i, hoa c\u00f3 nhi\u1ec1u m\u00e0u: t\u00edm, \u0111\u1ecf, tr\u1eafng.<\/p>\n<p><img loading=\"lazy\" class=\"aligncenter wp-image-3959 size-full\" src=\"http:\/\/trongcaycongtrinh.com\/wp-content\/uploads\/2017\/06\/hoa-hong-leo-1-e1497926293789.jpg\" alt=\"hoa-hong-leo-1\" width=\"500\" height=\"375\" \/><\/p>\n<p><img loading=\"lazy\" class=\"size-full wp-image-3960 aligncenter\" src=\"http:\/\/trongcaycongtrinh.com\/wp-content\/uploads\/2017\/06\/cb99c4a7ac4c505.jpg\" sizes=\"(max-width: 500px) 100vw, 500px\" srcset=\"http:\/\/trongcaycongtrinh.com\/wp-content\/uploads\/2017\/06\/cb99c4a7ac4c505-300x225.jpg 300w, http:\/\/trongcaycongtrinh.com\/wp-content\/uploads\/2017\/06\/cb99c4a7ac4c505-267x200.jpg 267w, http:\/\/trongcaycongtrinh.com\/wp-content\/uploads\/2017\/06\/cb99c4a7ac4c505.jpg 500w\" alt=\"hoa-hong\" width=\"500\" height=\"375\" \/><\/p>\n<p><strong>Hoa h\u1ed3ng leo <\/strong>l\u00e0<strong>\u00a0<\/strong>c\u00e2y \u01b0a s\u00e1ng, ch\u1ecbu l\u1ea1nh, \u01b0a th\u00f4ng tho\u00e1ng, m\u00e1t m\u1ebb, nhi\u1ec7t \u0111\u1ed9 th\u00edch h\u1ee3p l\u00e0 15-250C. T\u00ednh th\u00edch \u1ee9ng c\u1ee7a t\u1ea7m xu\u00e2n r\u1ea5t m\u1ea1nh, y\u00eau c\u1ea7u \u0111\u1ea5t kh\u00f4ng nghi\u00eam kh\u1eafc, c\u00f3 th\u1ec3 m\u1ecdc trong \u0111\u1ea5t trung t\u00ednh ho\u1eb7c h\u01a1i chua, c\u00e2y sinh tr\u01b0\u1edfng t\u1ed1t h\u01a1n, hoa n\u1edf nhi\u1ec1u h\u01a1n.<\/p>\n","protected":false},"excerpt":{"rendered":"<p>Hoa h\u1ed3ng leo\u00a0l\u00e0 lo\u00e0i c\u00e2y s\u1ed1ng r\u1ea5t kh\u1ecfe v\u00e0 c\u00f3 th\u1ec3 s\u1ed1ng t\u1ed1t \u1edf c\u00e1c v\u00f9ng \u0111\u1ea5t [&#8230;]\n","protected":false},"featured_media":577,"comment_status":"open","ping_status":"closed","template":"","meta":[],"_links":{"self":[{"href":"https:\/\/webmaibinh.com\/w\/cayxanh\/wp-json\/wp\/v2\/product\/576"}],"collection":[{"href":"https:\/\/webmaibinh.com\/w\/cayxanh\/wp-json\/wp\/v2\/product"}],"about":[{"href":"https:\/\/webmaibinh.com\/w\/cayxanh\/wp-json\/wp\/v2\/types\/product"}],"replies":[{"embeddable":true,"href":"https:\/\/webmaibinh.com\/w\/cayxanh\/wp-json\/wp\/v2\/comments?post=576"}],"wp:featuredmedia":[{"embeddable":true,"href":"https:\/\/webmaibinh.com\/w\/cayxanh\/wp-json\/wp\/v2\/media\/577"}],"wp:attachment":[{"href":"https:\/\/webmaibinh.com\/w\/cayxanh\/wp-json\/wp\/v2\/media?parent=576"}],"curies":[{"name":"wp","href":"https:\/\/api.w.org\/{rel}","templated":true}]}}