{"id":574,"date":"2018-04-07T13:20:12","date_gmt":"2018-04-07T06:20:12","guid":{"rendered":"https:\/\/bizhostvn.com\/w\/cayxanh\/?post_type=product&#038;p=574"},"modified":"2018-04-07T13:20:12","modified_gmt":"2018-04-07T06:20:12","slug":"cay-co-tong-la-dom","status":"publish","type":"product","link":"https:\/\/webmaibinh.com\/w\/cayxanh\/san-pham\/cay-co-tong-la-dom\/","title":{"rendered":"C\u00e2y c\u00f4 t\u00f2ng l\u00e1 \u0111\u1ed1m"},"content":{"rendered":"<p>T\u00ean th\u01b0\u1eddng g\u1ecdi:\u00a0<strong>c\u00e2y c\u00f4 t\u00f2ng l\u00e1 \u0111\u1ed1m, c\u00e2y v\u00e0ng b\u1ea1c, c\u00e2y v\u00e0ng anh l\u00e1 \u0111\u1ed1m<\/strong><\/p>\n<p>T\u00ean khoa h\u1ecdc: <em>Codiaeum variegatum <\/em>\u2018Gold Dust\u2019<em> \/\u00a0Codiaeum variegatum <\/em>\u2018Aureo-maculatum\u2019<\/p>\n<p>H\u1ecd th\u1ef1c v\u1eadt :\u00a0<em>Euphorbiaceae\u00a0<\/em>(h\u1ecd th\u1ea7u d\u1ea7u)<\/p>\n<p>T\u00ean ti\u1ebfng anh: Croton, Garden croton<\/p>\n<p>Chi\u1ec1u cao: 25-30\u00a0cm<\/p>\n<p>C\u00f4ng d\u1ee5ng: C\u00e2y c\u00f4 t\u00f2ng l\u00e1 \u0111\u1ed1m l\u00e0 lo\u00e0i c\u00e2y l\u00e1 m\u00e0u c\u00f3 l\u00e1 m\u00e0u s\u1eafc t\u01b0\u01a1i s\u00e1ng th\u01b0\u1eddng \u0111\u01b0\u1ee3c d\u00f9ng tr\u1ed3ng th\u00e0nh b\u1ee5i, vi\u1ec1n c\u00e2y hay th\u1ea3m c\u00e2y trong s\u00e2n v\u01b0\u1eddn, c\u00f4ng vi\u00ean, tr\u01b0\u1eddng h\u1ecdc, qu\u00e1 cafe\u2026 \u00a0mang l\u1ea1i kh\u00f4ng gian sinh \u0111\u1ed9ng v\u00e0 n\u1ed5i b\u1eadt.<\/p>\n<p>C\u00e2y c\u00f4 t\u00f2ng l\u00e1 \u0111\u1ed1m l\u00e0 c\u00e2y b\u1ee5i th\u01b0\u1eddng xanh cao trung b\u00ecnh 1.2 \u2013 1.8 m. Lo\u00e0i c\u00f4 t\u00f2ng n\u00e0y c\u00f3 l\u00e1 m\u00e0u xanh l\u00e1 c\u00e2y v\u1edbi nh\u1eefng \u0111\u1ed1m v\u00e0ng. Khi l\u00e1 c\u00f4 t\u00f2ng l\u00e1 \u0111\u1ed1m c\u00f2n non c\u00f3 m\u00e0u v\u00e0ng nhi\u1ec1u h\u01a1n, l\u00e1 gi\u00e0 chuy\u1ec3n d\u1ea7n sang m\u00e0u xanh l\u00e1 \u0111\u1ed1m v\u00e0ng. L\u00e1 c\u00e2y c\u00f4 t\u00f2ng l\u00e1 \u0111\u1ed1m x\u1ebfp xen k\u1ebb \u0111\u1ebfn xo\u1eafn \u1ed1c tr\u00ean th\u00e2n. la c\u00f3 h\u00ecnh elip \u0111\u1ebfn h\u00ecnh b\u1ea7u d\u1ee5c, nh\u1ecdn \u0111\u1ea7u.<\/p>\n<p><a href=\"http:\/\/saigonhoa.com\/wp-content\/uploads\/2014\/04\/la-cay-vang-bac.jpg\"><img loading=\"lazy\" class=\"aligncenter wp-image-18204 size-full\" src=\"http:\/\/saigonhoa.com\/wp-content\/uploads\/2014\/04\/la-cay-vang-bac.jpg\" sizes=\"(max-width: 600px) 100vw, 600px\" srcset=\"http:\/\/saigonhoa.com\/wp-content\/uploads\/2014\/04\/la-cay-vang-bac.jpg 600w, http:\/\/saigonhoa.com\/wp-content\/uploads\/2014\/04\/la-cay-vang-bac-300x211.jpg 300w\" alt=\"la cay vang bac\" width=\"600\" height=\"422\" \/><\/a><\/p>\n<p>Hoa c\u00f4 t\u00f2ng l\u00e1 \u0111\u1ed1m c\u1ee5m nh\u1ecf h\u00ecnh \u0111u\u00f4i s\u00f3c d\u00e0i \u1edf ng\u1ecdn th\u01b0\u1eddng cong mang nhi\u1ec1u hoa nh\u1ecf m\u00e0u tr\u1eafng s\u1eefa hay m\u00e0u v\u00e0ng. Ch\u00f9m hoa m\u1ecdc t\u1eeb n\u00e1ch l\u00e1.<a href=\"http:\/\/saigonhoa.com\/wp-content\/uploads\/2014\/03\/hoa-cay-co-tong-duoi-luon.jpg\"><br \/>\n<\/a><\/p>\n<p>Ngo\u00e0i c\u00e2y c\u00f4 t\u00f2ng l\u00e1 \u0111\u1ed1m ra th\u00ec c\u00f2n c\u00f3 nhi\u1ec1u gi\u1ed1ng c\u00f4 t\u00f2ng kh\u00e1c v\u1edbi s\u1ef1 bi\u1ebfn \u0111\u1ed5i v\u1ec1 h\u00ecnh d\u1ea1ng v\u00e0 m\u00e0u s\u1eafc nh\u01b0 c\u00e2y c\u00f4 t\u00f2ng \u0111u\u00f4i l\u01b0\u01a1n, c\u00e2y c\u00f4 t\u00f2ng l\u00e1 nh\u00fan, c\u00e2y c\u00f4 t\u00f2ng l\u00e1 m\u00edt\u2026<\/p>\n<p>C\u00e2y c\u00f4 t\u00f2ng l\u00e1 \u0111\u1ed1m ph\u00e1t tri\u1ec3n t\u1ed1t nh\u1ea5t trong \u0111\u1ea5t tho\u00e1t n\u01b0\u1edbc t\u1ed1t v\u00e0 n\u01a1i \u00e1nh n\u1eafng m\u1eb7t tr\u1eddi \u0111\u1ea7y \u0111\u1ee7 \u0111\u1ebfn b\u00f3ng r\u00e2m b\u00e1n ph\u1ea7n. C\u00e2y c\u00f4 t\u00f2ng l\u00e1 \u0111\u1ed1m c\u00f3 th\u1ec3 nh\u00e2n gi\u1ed1ng b\u1eb1ng gi\u00e2m c\u00e0nh.<a href=\"http:\/\/saigonhoa.com\/wp-content\/uploads\/2014\/04\/chau-cay-vang-bac.jpg\"><br \/>\n<\/a><\/p>\n<p>C\u00e2y c\u00f4 t\u00f2ng l\u00e1 \u0111\u1ed1m v\u1edbi l\u00e1 c\u00f3 m\u00e0u s\u1eafc n\u1ed5i b\u1eadt th\u01b0\u1eddng \u0111\u01b0\u1ee3c tr\u1ed3ng vi\u1ec1n hay tr\u1ed3ng n\u1ec1n ho\u1eb7c b\u1ee5i c\u00e2y tran<\/p>\n","protected":false},"excerpt":{"rendered":"<p>T\u00ean th\u01b0\u1eddng g\u1ecdi:\u00a0c\u00e2y c\u00f4 t\u00f2ng l\u00e1 \u0111\u1ed1m, c\u00e2y v\u00e0ng b\u1ea1c, c\u00e2y v\u00e0ng anh l\u00e1 \u0111\u1ed1m T\u00ean khoa [&#8230;]\n","protected":false},"featured_media":575,"comment_status":"open","ping_status":"closed","template":"","meta":[],"_links":{"self":[{"href":"https:\/\/webmaibinh.com\/w\/cayxanh\/wp-json\/wp\/v2\/product\/574"}],"collection":[{"href":"https:\/\/webmaibinh.com\/w\/cayxanh\/wp-json\/wp\/v2\/product"}],"about":[{"href":"https:\/\/webmaibinh.com\/w\/cayxanh\/wp-json\/wp\/v2\/types\/product"}],"replies":[{"embeddable":true,"href":"https:\/\/webmaibinh.com\/w\/cayxanh\/wp-json\/wp\/v2\/comments?post=574"}],"wp:featuredmedia":[{"embeddable":true,"href":"https:\/\/webmaibinh.com\/w\/cayxanh\/wp-json\/wp\/v2\/media\/575"}],"wp:attachment":[{"href":"https:\/\/webmaibinh.com\/w\/cayxanh\/wp-json\/wp\/v2\/media?parent=574"}],"curies":[{"name":"wp","href":"https:\/\/api.w.org\/{rel}","templated":true}]}}