{"id":572,"date":"2018-04-07T13:19:12","date_gmt":"2018-04-07T06:19:12","guid":{"rendered":"https:\/\/bizhostvn.com\/w\/cayxanh\/?post_type=product&#038;p=572"},"modified":"2018-04-07T13:19:12","modified_gmt":"2018-04-07T06:19:12","slug":"cay-lan-y-my","status":"publish","type":"product","link":"https:\/\/webmaibinh.com\/w\/cayxanh\/san-pham\/cay-lan-y-my\/","title":{"rendered":"C\u00e2y lan \u00fd m\u1ef9"},"content":{"rendered":"<p>T\u00ean\u00a0th\u01b0\u1eddng g\u1ecdi:\u00a0<strong>C\u00e2y lan \u00fd m\u1ef9, c\u00e2y lan m\u1ef9\u00a0<\/strong><\/p>\n<p>T\u00ean Ti\u1ebfng Anh:\u00a0<em>Peace Lily\u00a0<\/em><\/p>\n<p>T\u00ean Khoa h\u1ecdc:\u00a0<em>Spathiphyllum\u00a0<\/em><\/p>\n<p>C\u00f4ng D\u1ee5ng: C\u00e2y Lan M\u1ef9 hay Lan \u00dd M\u1ef9 l\u00e0 lo\u1ea1i c\u00e2y \u01b0a b\u00f3ng, ph\u00f9 h\u1ee3p l\u00e0m\u00a0c\u00e2y tr\u1ed3ng n\u1ed9i th\u1ea5t.\u00a0C\u00e2y mang nhi\u1ec1u \u00fd ngh\u0129a nh\u01b0 l\u00e0m s\u1ea1ch kh\u00f4ng kh\u00ed trong nh\u00e0, trang tr\u00ed n\u1ed9i th\u1ea5t v\u00e0 \u0111\u1eb7c bi\u1ec7t l\u00e0 mang t\u00e0i l\u1ed9c, may m\u1eafn \u0111\u1ebfn cho Gia ch\u1ee7.<\/p>\n<p>\u0110\u1eb7c \u0111i\u1ec3m: C\u00e2y m\u1ecdc th\u00e0nh b\u1ee5i, cao kho\u1ea3ng 0,5 m, l\u00e1 d\u1ea1ng thu\u00f4ng r\u1ed9ng c\u00f3 cu\u1ed1n d\u00e0i d\u1ea1ng b\u1eb9 l\u00e0m th\u00e0nh hai\u00a0th\u00e2n gi\u1ea3 g\u1eafn \u1edf g\u1ed1c. L\u00e1 m\u00e0u xanh b\u00f3ng, m\u1eb7t d\u01b0\u1edbi m\u00e0u nh\u1ea1t h\u01a1n, n\u1ed1i r\u00f5 c\u00e1c g\u00e2n m\u1ea3nh xa nhau. C\u1ee5m hoa c\u00f3 m\u1ed9t mo th\u1eb3ng, m\u00e0u tr\u1eafng \u1edf m\u1eb7t trong, m\u00e0u xanh \u1edf m\u1eb7t ngo\u00e0i. C\u1ee5m mang hoa d\u00e0y, n\u1ea1c, th\u1eb3ng m\u00e0u v\u00e0ng nh\u1ea1t d\u00e0i t\u1eeb 5 \u2013 10 cm.<\/p>\n<p>C\u00e2y Lan M\u1ef9 hay Lan \u00dd M\u1ef9 l\u00e0 lo\u1ea1i c\u00e2y \u01b0a b\u00f3ng, ph\u00f9 h\u1ee3p l\u00e0m\u00a0c\u00e2y tr\u1ed3ng n\u1ed9i th\u1ea5t, c\u00f3 t\u1ed1c \u0111\u1ed9 sinh tr\u01b0\u1edfng nhanh, nhanh ra l\u00e1 m\u1edbi, nhu c\u1ea7u n\u01b0\u1edbc cao do b\u1ed9 l\u00e1 c\u00e2y kh\u00e1 sum su\u00ea, n\u00ean l\u01b0\u1ee3ng h\u01a1i n\u01b0\u1edbc tho\u00e1t qua l\u00e1 kh\u00e1 nhi\u1ec1u, do \u0111\u00f3 c\u1ea7n ch\u00fa \u00fd \u0111\u1ebfn\u00a0vi\u1ec7c t\u01b0\u1edbi n\u01b0\u1edbc \u0111\u1ee7 cho c\u00e2y sinh tr\u01b0\u1edfng t\u1ed1t.<\/p>\n<p><img loading=\"lazy\" class=\" wp-image-4393 aligncenter\" src=\"http:\/\/saigonhoa.com\/wp-content\/uploads\/2014\/03\/cay-lan-y-my.png\" sizes=\"(max-width: 600px) 100vw, 600px\" srcset=\"http:\/\/saigonhoa.com\/wp-content\/uploads\/2014\/03\/cay-lan-y-my.png 1524w, http:\/\/saigonhoa.com\/wp-content\/uploads\/2014\/03\/cay-lan-y-my-295x400.png 295w, http:\/\/saigonhoa.com\/wp-content\/uploads\/2014\/03\/cay-lan-y-my-756x1024.png 756w\" alt=\"cay lan y my\" width=\"600\" height=\"813\" \/><\/p>\n<p>C\u00e2y Lan M\u1ef9\u00a0l\u00e0 lo\u1ea1i c\u00e2y l\u00e1 m\u00e0u, c\u00f3 nhi\u1ec1u s\u1eafc t\u1ed1, n\u00ean th\u1ec9nh tho\u1ea3ng \u0111\u01b0a c\u00e2y ra h\u1ee9ng n\u1eafng v\u00e0o bu\u1ed5i s\u00e1ng s\u1ebd l\u00e0m cho l\u00e1 xanh h\u01a1n, th\u00e2n m\u1eadp m\u1ea1p h\u01a1n v\u00e0 ph\u00e1t tri\u1ec3n t\u1ed1t h\u01a1n.<\/p>\n<p>B\u1ee5i c\u00e2y lan \u00fd m\u1ef9 \u0111\u01b0\u1ee3c nu\u00f4i tr\u1ed3ng t\u1eeb 06- 08 th\u00e1ng c\u00f3 k\u00edch th\u01b0\u1edbc kho\u1ea3ng 50- 70cm. Khi v\u00e0o ch\u1eadu men s\u1ee9 tr\u1eafng cao 40-50cm, nh\u00ecn ch\u1eadu c\u00e2y h\u00e0i h\u00f2a v\u1edbi chi\u1ec1u cao t\u1eeb 1m \u2013 1,2m.<\/p>\n<p>C\u00e2y c\u00f3 k\u00edch th\u01b0\u1edbc nh\u1ecf c\u00f3 th\u1ec3 v\u00e0o ch\u1eadu trang tr\u00ed b\u00e0n l\u00e0m vi\u1ec7c r\u1ea5t \u0111\u1eb9p.<\/p>\n","protected":false},"excerpt":{"rendered":"<p>T\u00ean\u00a0th\u01b0\u1eddng g\u1ecdi:\u00a0C\u00e2y lan \u00fd m\u1ef9, c\u00e2y lan m\u1ef9\u00a0 T\u00ean Ti\u1ebfng Anh:\u00a0Peace Lily\u00a0 T\u00ean Khoa h\u1ecdc:\u00a0Spathiphyllum\u00a0 C\u00f4ng D\u1ee5ng: [&#8230;]\n","protected":false},"featured_media":573,"comment_status":"open","ping_status":"closed","template":"","meta":[],"_links":{"self":[{"href":"https:\/\/webmaibinh.com\/w\/cayxanh\/wp-json\/wp\/v2\/product\/572"}],"collection":[{"href":"https:\/\/webmaibinh.com\/w\/cayxanh\/wp-json\/wp\/v2\/product"}],"about":[{"href":"https:\/\/webmaibinh.com\/w\/cayxanh\/wp-json\/wp\/v2\/types\/product"}],"replies":[{"embeddable":true,"href":"https:\/\/webmaibinh.com\/w\/cayxanh\/wp-json\/wp\/v2\/comments?post=572"}],"wp:featuredmedia":[{"embeddable":true,"href":"https:\/\/webmaibinh.com\/w\/cayxanh\/wp-json\/wp\/v2\/media\/573"}],"wp:attachment":[{"href":"https:\/\/webmaibinh.com\/w\/cayxanh\/wp-json\/wp\/v2\/media?parent=572"}],"curies":[{"name":"wp","href":"https:\/\/api.w.org\/{rel}","templated":true}]}}