{"id":570,"date":"2018-04-07T13:18:20","date_gmt":"2018-04-07T06:18:20","guid":{"rendered":"https:\/\/bizhostvn.com\/w\/cayxanh\/?post_type=product&#038;p=570"},"modified":"2018-04-07T13:18:20","modified_gmt":"2018-04-07T06:18:20","slug":"cay-thanh-tu","status":"publish","type":"product","link":"https:\/\/webmaibinh.com\/w\/cayxanh\/san-pham\/cay-thanh-tu\/","title":{"rendered":"C\u00e2y thanh t\u00fa"},"content":{"rendered":"<p>T\u00ean khoa h\u1ecdc: <em>Evolvulus alsinoides, Evolvulus glomeratus<\/em><\/p>\n<p>H\u1ecd th\u1ef1c v\u1eadt: <em>Convolvulaceae<\/em> (B\u00ecm b\u00ecm)<\/p>\n<p>C\u00e2y thanh t\u00fa c\u00f2n c\u00f3 t\u00ean ti\u1ebfng Anh l\u00e0 <strong><em>Blue Daze<\/em><\/strong>, l\u00e0 m\u1ed9t trong \u00edt nh\u1eefng c\u00e2y c\u00f3 hoa m\u00e0u xanh thi\u00ean thanh t\u1ef1 nhi\u00ean. Tr\u1ed3ng thanh t\u00fa trong s\u00e2n v\u01b0\u1eddn s\u1ebd thu h\u00fat \u0111\u01b0\u1ee3c nhi\u1ec1u chim, ong b\u01b0\u1edbm\u2026 \u0111\u00e2y l\u00e0 m\u1ed9t trong nh\u1eefng mong \u0111\u1ee3i c\u1ee7a ng\u01b0\u1eddi y\u00eau thi\u00ean nhi\u00ean.<\/p>\n<p><img loading=\"lazy\" class=\"aligncenter wp-image-13260 size-full\" src=\"http:\/\/saigonhoa.com\/wp-content\/uploads\/2014\/04\/hoa-cua-cay-thanh-tu.jpg\" sizes=\"(max-width: 500px) 100vw, 500px\" srcset=\"http:\/\/saigonhoa.com\/wp-content\/uploads\/2014\/04\/hoa-cua-cay-thanh-tu.jpg 500w, http:\/\/saigonhoa.com\/wp-content\/uploads\/2014\/04\/hoa-cua-cay-thanh-tu-300x199.jpg 300w\" alt=\"hoa cua cay thanh tu\" width=\"500\" height=\"332\" \/><\/p>\n<p>C\u00e2y thanh t\u00fa l\u00e0 lo\u1ea1i th\u00e2n th\u1ea3o, ph\u00e2n ca\u0300nh nha\u0301nh nhi\u1ec1u. L\u00e1 c\u00e2y thanh t\u00fa l\u00e0 lo\u1ea1i La\u0301 \u0111\u01a1n,\u00a0m\u1ecdc c\u00e1ch, h\u00ecnh l\u00e1 d\u1ea1ng tr\u00e1i xoan. B\u1ec1 m\u1eb7t l\u00e1 c\u00e2y c\u00f3 ph\u1ee7 l\u1edbp l\u00f4ng nh\u1ecf, m\u1ecbn. L\u00e1 th\u01b0\u1eddng c\u00f3 c\u00f3 m\u00e0u xanh l\u1ee5c \u0111\u1ebfn x\u00e1m xanh.<\/p>\n<p><img loading=\"lazy\" class=\"aligncenter wp-image-13263 size-full\" src=\"http:\/\/saigonhoa.com\/wp-content\/uploads\/2014\/04\/hoa-va-la-cay-thanh-tu.jpg\" sizes=\"(max-width: 500px) 100vw, 500px\" srcset=\"http:\/\/saigonhoa.com\/wp-content\/uploads\/2014\/04\/hoa-va-la-cay-thanh-tu.jpg 500w, http:\/\/saigonhoa.com\/wp-content\/uploads\/2014\/04\/hoa-va-la-cay-thanh-tu-300x192.jpg 300w\" alt=\"hoa va la cay thanh tu\" width=\"500\" height=\"320\" \/><\/p>\n<p>Thanh t\u00fa l\u00e0 c\u00e2y b\u1ee5i nh\u1ecf, n\u1ebfu m\u1ed9t c\u00e2y ph\u00e1t tri\u1ec3n t\u1ed1t s\u1ebd c\u00f3 chi\u1ec1u cao c\u00e0nh nh\u00e1nh t\u1ed1i \u0111a l\u00e0 t\u1eeb 50 \u2013 70 cm. C\u00e2y thu\u1ed9c h\u1ecd th\u1ef1c v\u1eadt\u00a0<em>Convolvulaceae (B\u00ecm b\u00ecm)\u00a0<\/em>nh\u01b0ng kh\u00f4ng leo ho\u1eb7c ph\u00e1t tri\u1ec3n c\u00e0nh nh\u00e1nh d\u00e0i. Do \u0111\u00f3, c\u00e2y thanh t\u00fa th\u01b0\u1eddng \u0111\u01b0\u1ee3c tr\u1ed3ng v\u00e0o nh\u1eefng ch\u1eadu treo nh\u1ecf \u0111\u1ec3 trang tr\u00ed s\u00e2n v\u01b0\u1eddn, ban c\u00f4ng ho\u1eb7c h\u00e0nh lang<\/p>\n<p><img loading=\"lazy\" class=\"aligncenter wp-image-13261\" src=\"http:\/\/saigonhoa.com\/wp-content\/uploads\/2014\/04\/hoa-thanh-tu-cay-cong-trinh-300x300.jpg\" sizes=\"(max-width: 500px) 100vw, 500px\" srcset=\"http:\/\/saigonhoa.com\/wp-content\/uploads\/2014\/04\/hoa-thanh-tu-cay-cong-trinh-300x300.jpg 300w, http:\/\/saigonhoa.com\/wp-content\/uploads\/2014\/04\/hoa-thanh-tu-cay-cong-trinh-150x150.jpg 150w, http:\/\/saigonhoa.com\/wp-content\/uploads\/2014\/04\/hoa-thanh-tu-cay-cong-trinh-90x90.jpg 90w, http:\/\/saigonhoa.com\/wp-content\/uploads\/2014\/04\/hoa-thanh-tu-cay-cong-trinh.jpg 600w\" alt=\"hoa thanh tu cay cong trinh\" width=\"500\" height=\"500\" \/><\/p>\n<p>&nbsp;<\/p>\n<p>C\u00e2y Thanh t\u00fa c\u00f3 t\u1ed1c \u0111\u1ed9 sinh tr\u01b0\u1edfng nhanh. C\u00e2y ph\u00f9 h\u1ee3p tr\u1ed3ng n\u01a1i n\u1eafng, s\u00e1ng. \u0110\u1ea5t tr\u1ed3ng c\u00e2y thanh t\u00fa l\u00e0 lo\u1ea1i gia\u0300u dinh d\u01b0\u01a1\u0303ng, tho\u00e1t n\u01b0\u1edbc t\u1ed1t. T\u1ea1i Vi\u1ec7t Nam, c\u00e2y thanh t\u00fa c\u00f3 th\u1ec3 tr\u1ed3ng r\u1ed9ng r\u00e3i kh\u1eafp c\u00e1c v\u00f9ng mi\u1ec1n. V\u00e0 c\u00e2y cho hoa quanh n\u0103m.<\/p>\n<p>C\u00e2y thanh t\u00fa v\u1edbi hoa m\u00e0u xanh \u0111\u1eb9p l\u1ea1 n\u00ean th\u01b0\u1eddng \u0111\u01b0\u1ee3c s\u1eed d\u1ee5ng tr\u1ed3ng ph\u1ed1i k\u00e9p v\u1edbi c\u00e1c c\u00e2y th\u00e2n th\u1ea3o kh\u00e1c nh\u01b0 c\u00e2y c\u1ea9m t\u00fa mai ho\u1eb7c c\u00e2y l\u00e1 m\u00e0u \u0111\u1ec3 tr\u1ed3ng vi\u1ec1n t\u1ea1o nh\u1eefng l\u1ed1i \u0111i \u0111\u1ea7y hoa c\u1ecf trong s\u00e2n v\u01b0\u1eddn ho\u1eb7c khu c\u1ea3nh quan \u0111\u00f4 th\u1ecb.<\/p>\n<p>C\u00e2y thanh t\u00fa c\u00f2n hay \u0111\u01b0\u1ee3c tr\u1ed3ng t\u1ea1o th\u1ea3m d\u01b0\u1edbi nh\u1eefng b\u1ea3ng hi\u1ec7u c\u1ed5ng ng\u1ecf c\u1ee7a c\u00e1c t\u00f2a nh\u00e0, nh\u00e0 m\u00e1y c\u00f4ng ty. Hoa xinh x\u1eafn, xanh l\u1ea1 n\u1edf quanh n\u0103m t\u1ea1o n\u00ean kh\u00f4ng kh\u00ed vui t\u01b0\u01a1i, m\u00e1t d\u1ecbu cho c\u1ea3nh quan khu\u00f4n vi\u00ean<\/p>\n","protected":false},"excerpt":{"rendered":"<p>T\u00ean khoa h\u1ecdc: Evolvulus alsinoides, Evolvulus glomeratus H\u1ecd th\u1ef1c v\u1eadt: Convolvulaceae (B\u00ecm b\u00ecm) C\u00e2y thanh t\u00fa c\u00f2n [&#8230;]\n","protected":false},"featured_media":571,"comment_status":"open","ping_status":"closed","template":"","meta":[],"_links":{"self":[{"href":"https:\/\/webmaibinh.com\/w\/cayxanh\/wp-json\/wp\/v2\/product\/570"}],"collection":[{"href":"https:\/\/webmaibinh.com\/w\/cayxanh\/wp-json\/wp\/v2\/product"}],"about":[{"href":"https:\/\/webmaibinh.com\/w\/cayxanh\/wp-json\/wp\/v2\/types\/product"}],"replies":[{"embeddable":true,"href":"https:\/\/webmaibinh.com\/w\/cayxanh\/wp-json\/wp\/v2\/comments?post=570"}],"wp:featuredmedia":[{"embeddable":true,"href":"https:\/\/webmaibinh.com\/w\/cayxanh\/wp-json\/wp\/v2\/media\/571"}],"wp:attachment":[{"href":"https:\/\/webmaibinh.com\/w\/cayxanh\/wp-json\/wp\/v2\/media?parent=570"}],"curies":[{"name":"wp","href":"https:\/\/api.w.org\/{rel}","templated":true}]}}