{"id":568,"date":"2018-04-07T13:17:18","date_gmt":"2018-04-07T06:17:18","guid":{"rendered":"https:\/\/bizhostvn.com\/w\/cayxanh\/?post_type=product&#038;p=568"},"modified":"2018-04-07T13:17:18","modified_gmt":"2018-04-07T06:17:18","slug":"hoa-dam-but-thai","status":"publish","type":"product","link":"https:\/\/webmaibinh.com\/w\/cayxanh\/san-pham\/hoa-dam-but-thai\/","title":{"rendered":"Hoa d\u00e2m b\u1ee5t th\u00e1i"},"content":{"rendered":"<p>D\u00e2m b\u1ee5t (Hibiscus rosa-sinensis) hay c\u00f2n g\u1ecdi l\u00e0 r\u00e2m b\u1ee5t, d\u00e2u ph\u1eadt, hoa h\u1ed3ng l\u1edbn, hoa\u00a0\u0111\u1ea1i\u00a0\u0111\u1ed3ng\u2026 C\u00e2y thu\u1ed9c nh\u00f3m d\u00e2m b\u1ee5t, h\u1ecd c\u1ea9m qu\u1ef3.<\/p>\n<p>R\u1ec5, l\u00e1, hoa c\u00e2y r\u00e2m b\u1ee5t \u0111\u1ec1u \u0111\u01b0\u1ee3c d\u00f9ng l\u00e0m thu\u1ed1c. Trong \u0111\u00f3, l\u00e1 c\u00f3 t\u00e1c d\u1ee5ng thanh nhi\u1ec7t, gi\u1ea3i \u0111\u1ed9c, hoa c\u00f3 t\u00e1c d\u1ee5ng l\u00e0m s\u1ea1ch ph\u1ed5i, ti\u00eau \u0111\u1eddm, gi\u1ea3i nhi\u1ec7t. Ngo\u00e0i ra c\u00e2y r\u00e2m b\u1ee5t c\u00f2n c\u00f3 t\u00e1c d\u1ee5ng h\u1ea1 huy\u1ebft \u00e1p, tr\u1ecb m\u1ee5n nh\u1ecdt ngo\u00e0i da. <strong>ch\u00fang t\u00f4i<\/strong>\u00a0xin gi\u1edbi thi\u1ec7u v\u1edbi c\u00e1c b\u1ea1n c\u00e1ch tr\u1ed3ng v\u00e0 ch\u0103m s\u00f3c lo\u00e0i c\u00e2y n\u00e0y t\u1ea1i nh\u00e0.<\/p>\n<p>Ch\u00fang c\u00f3 ngu\u1ed3n g\u1ed1c t\u1eeb Trung Qu\u1ed1c, l\u00e0 qu\u1ed1c hoa c\u1ee7a Panama v\u00e0 Malaysia. Hi\u1ec7n nay lo\u00e0i n\u00e0y c\u00f3 m\u1eb7t tr\u00ean kh\u1eafp th\u1ebf gi\u1edbi. Ch\u1ee7ng lo\u1ea1i \u0111a d\u1ea1ng.<\/p>\n<p>H\u00ecnh d\u00e1ng \u0111\u1eb7c tr\u01b0ng: L\u00e0 lo\u1ea1i c\u00e2y b\u1ee5i l\u00e1 th\u1ea5p ho\u1eb7c th\u01b0\u1eddng xanh, c\u00f3 th\u1ec3 cao \u0111\u1ebfn 3m. Th\u00e2n \u0111\u1ee9ng th\u1eb3ng, ph\u00e2n ra th\u00e0nh nhi\u1ec1u nh\u00e1nh. L\u00e1 gi\u1ed1ng l\u00e1 d\u00e2u t\u00e2y, c\u0169ng c\u00f3 l\u00e1 h\u00ecnh tr\u00f2n, l\u00e1 h\u00ecnh d\u1ea1ng n\u00e0y xu\u1ea5t hi\u1ec7n t\u01b0\u01a1ng \u0111\u1ed1i nhi\u1ec1u. L\u00e1 m\u1ecdc xen k\u1ebd, ph\u1ea7n \u0111\u1ea7u l\u00e1 nh\u1ecdn d\u1ea7n, ph\u1ea7n g\u1ea7n cu\u1ed1ng h\u00ecnh tr\u00f2n ho\u1eb7c h\u00ecnh c\u00e1i ch\u00eam, 2 b\u00ean m\u00e9p c\u00f3 r\u0103ng c\u01b0a th\u00f4, ph\u1ea7n g\u1ea7n cu\u1ed1ng nh\u1eb5n. Hoa l\u1edbn, m\u1ecdc \u0111\u01a1n \u1edf ph\u1ea7n n\u00e1ch l\u00e1, c\u00f3 lo\u1ea1i c\u00e1nh \u0111\u01a1n v\u00e0 nhi\u1ec1u c\u00e1nh. Hoa c\u00f3 nhi\u1ec1u m\u00e0u: tr\u1eafng, v\u00e0ng, xanh, h\u1ed3ng, \u0111\u1ecf trong \u0111\u00f3 lo\u00e0i m\u00e0u \u0111\u1ecf th\u1eabm m\u1ecdc th\u00e0nh nhi\u1ec1u m\u00fai \u00edt khi \u0111\u01b0\u1ee3c nh\u00ecn th\u1ea5y. Ra hoa quanh n\u0103m, nhi\u1ec1u nh\u1ea5t l\u00e0 v\u00e0o m\u00f9a h\u1ea1 v\u00e0 thu. Qu\u1ea3 c\u00f3 h\u00ecnh oval nh\u01b0ng r\u1ea5t \u00edt khi k\u1ebft qu\u1ea3.<img loading=\"lazy\" class=\"alignnone size-full wp-image-3841 aligncenter\" src=\"http:\/\/trongcaycongtrinh.com\/wp-content\/uploads\/2017\/05\/d%C3%A2m-b%E1%BB%A5t-th%C3%A1i-nhi%E1%BB%81u-m%C3%A0u-s%E1%BA%AFc.jpg\" sizes=\"(max-width: 502px) 100vw, 502px\" srcset=\"http:\/\/trongcaycongtrinh.com\/wp-content\/uploads\/2017\/05\/d\u00e2m-b\u1ee5t-th\u00e1i-nhi\u1ec1u-m\u00e0u-s\u1eafc-300x174.jpg 300w, http:\/\/trongcaycongtrinh.com\/wp-content\/uploads\/2017\/05\/d\u00e2m-b\u1ee5t-th\u00e1i-nhi\u1ec1u-m\u00e0u-s\u1eafc.jpg 502w\" alt=\"d\u00e2m b\u1ee5t th\u00e1i nhi\u1ec1u m\u00e0u s\u1eafc\" width=\"502\" height=\"291\" \/><\/p>\n<p>&nbsp;<\/p>\n<p><strong><em>\u0110i\u1ec1u ki\u1ec7n ch\u0103m s\u00f3c<\/em><\/strong><\/p>\n<p>\u2013 \u00c1nh s\u00e1ng: \u01b0a nh\u1eefng n\u01a1i c\u00f3 nhi\u1ec1u \u00e1nh s\u00e1ng, kh\u00f4ng \u01b0a nh\u1eefng n\u01a1i \u00e2m u. L\u01b0\u1ee3ng \u00e1nh s\u00e1ng kh\u00f4ng \u0111\u1ee7 s\u1ebd l\u00e0m n\u1ee5 hoa d\u1ec5 r\u1ee5ng, b\u00f4ng hoa tr\u1edf n\u00ean nh\u1ecf, m\u00e0u s\u1eafc nh\u1ee3t nh\u1ea1t, \u1ea3nh h\u01b0\u1edfng nghi\u00eam tr\u1ecdng t\u1edbi gi\u00e1 tr\u1ecb th\u1ea9m m\u1ef9 c\u1ee7a hoa. M\u00f9a \u0111\u00f4ng ph\u1ea3i chuy\u1ec3n c\u00e2y v\u00e0o trong ph\u00f2ng, m\u00f9a h\u00e8 ph\u1ea3i che n\u1eafng, n\u1ebfu kh\u00f4ng \u00e1nh n\u1eafng gay g\u1eaft s\u1ebd d\u1ec5 l\u00e0m ch\u00e1y th\u00e2n c\u00e2y.<\/p>\n<p>\u2013 Nhi\u1ec7t \u0111\u1ed9: th\u00edch nghi v\u1edbi kh\u00ed h\u1eadu \u1ea5m \u00e1p, kh\u00f4ng ch\u1ecbu \u0111\u01b0\u1ee3c r\u00e9t. \u01afa tho\u00e1ng gi\u00f3. Sau th\u00e1ng 10 t\u1ed1t nh\u1ea5t n\u00ean chuy\u1ec3n c\u00e2y v\u00e0o trong ph\u00f2ng, duy tr\u00ec nhi\u1ec7t \u0111\u1ed9 t\u1eeb 15-28\u00b0C.<\/p>\n<p>\u2013 N\u01b0\u1edbc: \u01b0a nh\u1eefng n\u01a1i \u1ea9m \u01b0\u1edbt, kh\u00f4ng ch\u1ecbu \u0111\u01b0\u1ee3c kh\u00f4. Th\u00f4ng th\u01b0\u1eddng m\u1ed7i ng\u00e0y n\u00ean t\u01b0\u1edbi n\u01b0\u1edbc m\u1ed9t l\u1ea7n. V\u00e0o nh\u1eefng ng\u00e0y n\u00f3ng n\u1ef1c n\u00ean t\u01b0\u1edbi n\u01b0\u1edbc v\u00e0o bu\u1ed5i s\u00e1ng v\u00e0 t\u1ed1i, 2 l\u1ea7n\/ ng\u00e0y, th\u01b0\u1eddng xuy\u00ean t\u0103ng \u0111\u1ed9 \u1ea9m cho \u0111\u1ea5t tr\u1ed3ng v\u00e0 l\u00e1. V\u1ec1 m\u00f9a \u0111\u00f4ng n\u00ean gi\u1ea3m l\u01b0\u1ee3ng n\u01b0\u1edbc t\u01b0\u1edbi. V\u00e0o m\u00f9a m\u01b0a ph\u1ea3i ch\u00fa \u00fd k\u1ecbp th\u1eddi tho\u00e1t n\u01b0\u1edbc cho c\u00e2y, n\u1ebfu kh\u00f4ng s\u1ebd b\u1ecb th\u1ed1i r\u1ec5.<\/p>\n<p>\u2013 \u0110\u1ea5t: c\u00f3 kh\u1ea3 n\u0103ng th\u00edch nghi v\u1edbi nhi\u1ec1u lo\u1ea1i \u0111\u1ea5t. Nh\u1eefng v\u00f9ng \u0111\u1ea5t gi\u00e0u ch\u1ea5t h\u1eefu c\u01a1, c\u00f3 t\u00ednh acid l\u00e0 n\u01a1i c\u00f3 \u0111i\u1ec1u ki\u1ec7n t\u1ed1t nh\u1ea5t cho s\u1ef1 sinh tr\u01b0\u1edfng c\u1ee7a c\u00e2y. C\u00f3 th\u1ec3 d\u00f9ng 4 ph\u1ea7n \u0111\u1ea5t tr\u1ed9n kh\u00f4 v\u1edbi m\u1ed9t ph\u1ea7n ph\u00e2n l\u00e0 c\u00f3 m\u1ed9t h\u1ed7n h\u1ee3p \u0111\u1ea5t m\u00e0u m\u1ee1.<\/p>\n<p>\u2013 Ph\u00e2n b\u00f3n: d\u00e2m b\u1ee5t n\u1edf hoa quanh n\u0103m, kh\u00f4ng y\u00eau c\u1ea7u qu\u00e1 cao v\u1ec1 ph\u00e2n b\u00f3n nh\u01b0ng c\u0169ng n\u00ean b\u1ed5 sung k\u1ecbp th\u1eddi ch\u1ea5t dinh d\u01b0\u1ee1ng cho c\u00e2y. Khi vun tr\u1ed3ng c\u1ea7n b\u00f3n ph\u00e2n k\u1ecbp th\u1eddi, th\u1eddi k\u1ef3 sinh tr\u01b0\u1edfng m\u1ed7i th\u00e1ng b\u00f3n 1-2 l\u1ea7n, th\u1eddi k\u1ef3 ra hoa b\u00f3n th\u00eam ph\u00e2n kali 2 \u2013 3 l\u1ea7n. Ph\u00e2n h\u1eefu c\u01a1 r\u1ea5t ph\u00f9 h\u1ee3p cho c\u00e2y.<\/p>\n","protected":false},"excerpt":{"rendered":"<p>D\u00e2m b\u1ee5t (Hibiscus rosa-sinensis) hay c\u00f2n g\u1ecdi l\u00e0 r\u00e2m b\u1ee5t, d\u00e2u ph\u1eadt, hoa h\u1ed3ng l\u1edbn, hoa\u00a0\u0111\u1ea1i\u00a0\u0111\u1ed3ng\u2026 C\u00e2y [&#8230;]\n","protected":false},"featured_media":569,"comment_status":"open","ping_status":"closed","template":"","meta":[],"_links":{"self":[{"href":"https:\/\/webmaibinh.com\/w\/cayxanh\/wp-json\/wp\/v2\/product\/568"}],"collection":[{"href":"https:\/\/webmaibinh.com\/w\/cayxanh\/wp-json\/wp\/v2\/product"}],"about":[{"href":"https:\/\/webmaibinh.com\/w\/cayxanh\/wp-json\/wp\/v2\/types\/product"}],"replies":[{"embeddable":true,"href":"https:\/\/webmaibinh.com\/w\/cayxanh\/wp-json\/wp\/v2\/comments?post=568"}],"wp:featuredmedia":[{"embeddable":true,"href":"https:\/\/webmaibinh.com\/w\/cayxanh\/wp-json\/wp\/v2\/media\/569"}],"wp:attachment":[{"href":"https:\/\/webmaibinh.com\/w\/cayxanh\/wp-json\/wp\/v2\/media?parent=568"}],"curies":[{"name":"wp","href":"https:\/\/api.w.org\/{rel}","templated":true}]}}