{"id":566,"date":"2018-04-07T13:16:19","date_gmt":"2018-04-07T06:16:19","guid":{"rendered":"https:\/\/bizhostvn.com\/w\/cayxanh\/?post_type=product&#038;p=566"},"modified":"2018-04-07T13:16:19","modified_gmt":"2018-04-07T06:16:19","slug":"cay-lan-chu-dinh","status":"publish","type":"product","link":"https:\/\/webmaibinh.com\/w\/cayxanh\/san-pham\/cay-lan-chu-dinh\/","title":{"rendered":"C\u00e2y Lan Chu \u0110inh"},"content":{"rendered":"<p>T\u00ean th\u01b0\u1eddng g\u1ecdi: <strong>C\u00e2y lan chu \u0111inh, c\u00e2y lan l\u00e1 cau, c\u00e2y \u0111\u1ecba lan<\/strong><\/p>\n<p>T\u00ean khoa h\u1ecdc:\u00a0<em>Spathoglottis plicata\u00a0<\/em><\/p>\n<p>H\u1ecd th\u1ef1c v\u1eadt: <em>Orchidaceae\u00a0<\/em>(h\u1ecd lan)<\/p>\n<p>Chi\u1ec1u cao: 40 \u2013 50 cm<\/p>\n<h3>C\u00f4ng d\u1ee5ng c\u00e2y lan chu \u0111inh<\/h3>\n<p>C\u00e2y lan chu \u0111inh l\u00e0 c\u00e2y c\u00f3 hoa trang tr\u00ed r\u1ea5t ph\u1ed5 bi\u1ebfn trong c\u1ea3nh quan. C\u00e2y lan chu \u0111inh c\u00f3 th\u1ec3 tr\u1ed3ng b\u1ee5i, kh\u00f3m c\u00e2y hay tr\u1ed3ng vi\u1ec1n, t\u1ea1o th\u1ea3m hoa trong s\u00e2n v\u01b0\u1eddn, c\u00f4ng vi\u00ean, v\u01b0\u1eddn hoa, ti\u1ec3u c\u1ea3nh\u2026 C\u00e2y lan chu \u0111\u00ecnh c\u0169ng \u0111\u01b0\u1ee3c tr\u1ed3ng trong ch\u1eadu trang tr\u00ed trong v\u01b0\u1eddn, hi\u00ean nh\u00e0\u2026Ngo\u00e0i ra, c\u00e2y lan chu \u0111inh c\u00f2n \u0111\u01b0\u1ee3c coi l\u00e0 m\u1ed9t b\u00e0i thu\u1ed1c ch\u1eefa b\u1ec7nh th\u1ea5p kh\u1edbp.<\/p>\n<p class=\"wp-caption-text\">B\u1ee5i hoa lan chu \u0111inh<\/p>\n<p>C\u00e2y lan chu \u0111inh c\u00f3 ngu\u1ed3n g\u1ed1c t\u1eeb \u0110\u00f4ng Nam \u00c1 \u0111\u1ebfn Philippin, l\u00e0 lo\u00e0i c\u00e2y kh\u00e1 ph\u1ed5 bi\u1ebfn trong h\u1ecd lan v\u00e0 n\u1edf hoa quanh n\u0103m.<\/p>\n<h3>\u0110\u1eb7c \u0111i\u1ec3m h\u00ecnh th\u00e1i c\u1ee7a c\u00e2y lan chu \u0111inh<\/h3>\n<p>C\u00e2y lan chu \u0111inh \u00a0l\u00e0 m\u1ed9t lo\u00e0i \u0111\u1ecba lan, c\u00e2y cao \u0111\u1ebfn 1 m. C\u00e2y lan chu \u0111inh c\u00f3 l\u00e1 m\u00e0u xanh \u0111\u1eadm, d\u00e0i, h\u00ecnh m\u0169i m\u00e1c, cong, r\u1ed9ng 2 \u2013 4 cm, \u0111\u1ec9nh nh\u1ecdn v\u1edbi c\u00e1c g\u00e2n song song n\u1ed5i b\u1eadt. L\u00e1 m\u1ecdc t\u1eeb g\u1ed1c, c\u00f3 b\u1eb9 \u1edf ph\u00eda d\u01b0\u1edbi v\u00e0 t\u1ea1o th\u00e0nh th\u00e2n gi\u1ea3 cao 7 cm, cu\u1ed1ng l\u00e1 d\u00e0i 10 \u2013 15 cm, phi\u1ebfn l\u00e1 d\u00e0i 20 \u2013 40 cm. C\u00e1c l\u00e1 c\u00e2y lan chu \u0111inh m\u1ecdc c\u00e0ng nhi\u1ec1u v\u00e0 cong tr\u00f2n ra xung quanh khi c\u00e2y lan c\u00e0ng l\u1edbn.<a href=\"http:\/\/saigonhoa.com\/wp-content\/uploads\/2015\/04\/la-cay-lan-chu-dinh.jpg\"><br \/>\n<\/a><\/p>\n<p>Ph\u00e1t hoa lan chu \u0111inh d\u00e0i c\u00f3 th\u1ec3 t\u1edbi 1 m m\u1ecdc t\u1eeb m\u1ed9t n\u00e1ch l\u00e1 c\u01a1 s\u1edf. C\u1ee5m hoa lan chu \u0111inh n\u1eb1m \u1edf ph\u1ea7n \u0111\u1ec9nh ph\u00e1t hoa. Nh\u1eefng b\u00f4ng hoa c\u00f3 5 c\u00e1nh l\u1edbn, h\u00ecnh b\u1ea7u d\u1ee5c, v\u00e0 c\u00e1nh m\u00f4i c\u00f3 3 th\u00f9y, th\u00f9y \u1edf gi\u1eefa chia th\u00e0nh h\u00ecnh tim, g\u1ed1c h\u1eb9p c\u00f3 2 m\u00f3ng nh\u1ecf. Hoa lan chu \u0111inh c\u00f3 nhi\u1ec1u m\u00e0u t\u1eeb t\u00edm, h\u1ed3ng, v\u00e0ng, tr\u1eafng\u2026 v\u00e0 ph\u1ed5 bi\u1ebfn nh\u1ea5t l\u00e0 m\u00e0u t\u00edm. C\u00e2y lan chu \u0111inh c\u00f3 qu\u1ea3 nang, c\u00f3 6 h\u1ea1t, khe qu\u1ea3 h\u1edf ra gi\u1ea3i ph\u00f3ng c\u00e1c h\u1ea1t c\u00f9ng m\u1ed9t l\u00fac, nh\u01b0 phun h\u1ea1t b\u1ee5i v\u00e0o kh\u00f4ng kh\u00ed.<a href=\"http:\/\/saigonhoa.com\/wp-content\/uploads\/2015\/04\/cum-hoa-lan-chu-dinh.jpg\"><br \/>\n<\/a><\/p>\n<h3>\u0110\u1eb7c \u0111i\u1ec3m h\u00ecnh th\u00e1i c\u1ee7a c\u00e2y lan chu \u0111inh<\/h3>\n<p>C\u00e2y lan chu \u0111inh l\u00e0 m\u1ed9t lo\u00e0i d\u1ec5 tr\u1ed3ng, d\u1ec5 th\u00edch nghi nh\u1ea5t trong h\u1ecd lan. c\u00e2y lan chu \u0111inh c\u00f3 th\u1ec3 nh\u00e2n gi\u1ed1ng b\u1eb1ng c\u00e1ch t\u00e1ch b\u1ee5i. Tr\u01b0\u1edbc khi tr\u1ed3ng, chu\u1ea9n b\u1ecb \u0111\u1ea5t v\u1edbi ph\u00e2n h\u1eefu c\u01a1. Ngo\u00e0i ra, th\u00eam g\u1ea1ch v\u1ee1 v\u00e0 than cho r\u1ec5 lan r\u1ed9ng d\u1ec5. T\u01b0\u1edbi n\u01b0\u1edbc nhi\u1ec1u l\u00e0 \u0111i\u1ec1u c\u1ea7n thi\u1ebft cho c\u00e2y trong qu\u00e1 tr\u00ecnh sinh tr\u01b0\u1edfng nh\u01b0ng c\u0169ng c\u00f3 th\u1ec3 \u0111\u1ec3 c\u00e2y h\u01a1i kh\u00f4 tr\u01b0\u1edbc khi t\u01b0\u1edbi n\u01b0\u1edbc l\u1ea7n ti\u1ebfp theo. C\u00e2y lan chu \u0111inh \u01b0a s\u00e1ng ho\u1eb7c ch\u1ecbu b\u00f3ng b\u00e1n ph\u1ea7n. \u1ede nh\u1eefng n\u01a1i kh\u00ed h\u1eadu \u1ea5m \u00e1p, b\u00f3ng r\u00e2m b\u00e1n ph\u1ea7n l\u00e0 l\u00fd t\u01b0\u1edfng cho c\u00e2y lan chu \u0111inh. C\u1eaft b\u1ecf c\u00e1c c\u00e0nh hoa sau khi hoa t\u00e0n, lo\u1ea1i b\u1ecf c\u00e1c l\u00e1 ch\u1ebft ho\u1eb7c b\u1ecb m\u1ee5c n\u00e1t th\u01b0\u1eddng xuy\u00ean.<\/p>\n","protected":false},"excerpt":{"rendered":"<p>T\u00ean th\u01b0\u1eddng g\u1ecdi: C\u00e2y lan chu \u0111inh, c\u00e2y lan l\u00e1 cau, c\u00e2y \u0111\u1ecba lan T\u00ean khoa h\u1ecdc:\u00a0Spathoglottis [&#8230;]\n","protected":false},"featured_media":567,"comment_status":"open","ping_status":"closed","template":"","meta":[],"_links":{"self":[{"href":"https:\/\/webmaibinh.com\/w\/cayxanh\/wp-json\/wp\/v2\/product\/566"}],"collection":[{"href":"https:\/\/webmaibinh.com\/w\/cayxanh\/wp-json\/wp\/v2\/product"}],"about":[{"href":"https:\/\/webmaibinh.com\/w\/cayxanh\/wp-json\/wp\/v2\/types\/product"}],"replies":[{"embeddable":true,"href":"https:\/\/webmaibinh.com\/w\/cayxanh\/wp-json\/wp\/v2\/comments?post=566"}],"wp:featuredmedia":[{"embeddable":true,"href":"https:\/\/webmaibinh.com\/w\/cayxanh\/wp-json\/wp\/v2\/media\/567"}],"wp:attachment":[{"href":"https:\/\/webmaibinh.com\/w\/cayxanh\/wp-json\/wp\/v2\/media?parent=566"}],"curies":[{"name":"wp","href":"https:\/\/api.w.org\/{rel}","templated":true}]}}