{"id":562,"date":"2018-04-07T13:13:37","date_gmt":"2018-04-07T06:13:37","guid":{"rendered":"https:\/\/bizhostvn.com\/w\/cayxanh\/?post_type=product&#038;p=562"},"modified":"2018-04-07T16:59:14","modified_gmt":"2018-04-07T09:59:14","slug":"cay-muoi-gio-uc","status":"publish","type":"product","link":"https:\/\/webmaibinh.com\/w\/cayxanh\/san-pham\/cay-muoi-gio-uc\/","title":{"rendered":"C\u00e2y m\u01b0\u1eddi gi\u1edd \u00dac"},"content":{"rendered":"<p>T\u00ean th\u01b0\u1eddng g\u1ecdi: <b>C\u00e2y<\/b>\u00a0<strong>M\u01b0\u1eddi Gi\u1edd \u00dac, c\u00e2y Rau Sam Hoa L\u1edbn,\u2026<\/strong><\/p>\n<p>T\u00ean khoa h\u1ecdc: <em>Portulaca grandiflora<\/em><\/p>\n<p>H\u1ecd th\u1ef1c v\u1eadt: <em>Portulacaceae<\/em>( Rau Sam)<\/p>\n<p>Chi\u1ec1u cao: 10-15cm<\/p>\n<p>C\u00f4ng d\u1ee5ng: C\u00e2y m\u01b0\u1eddi gi\u1edd \u00fac th\u01b0\u1eddng d\u00f9ng tr\u1ed3ng th\u1ea3m c\u1ecf t\u1ea1o n\u1ec1n trong c\u1ea3nh quan s\u00e2n v\u01b0\u1eddn, c\u00f4ng vi\u00ean. C\u00e2y m\u01b0\u1eddi gi\u1edd \u00fac c\u00f2n tr\u1ed3ng b\u1ed3n c\u1ea3nh, t\u1ea1o m\u1ea3ng l\u1edbn trong c\u00e1c ti\u1ec3u c\u1ea3nh. C\u00e2y m\u01b0\u1eddi gi\u1edd \u00fac ngo\u00e0i l\u00e0m c\u00e2y tr\u1ed3ng n\u1ec1n th\u00ec c\u00e2y c\u00f2n d\u00f9ng tr\u1ed3ng ch\u1eadu treo trang tr\u00ed c\u1eeda s\u1ed5, ban c\u00f4ng, s\u00e2n th\u01b0\u1ee3ng\u2026 \u0111\u01b0\u1ee3c n\u00f3i r\u00f5 trong b\u00e0i M\u01b0\u1eddi gi\u1edd \u00fac ch\u1eadu treo. Ngo\u00e0i c\u00f4ng d\u1ee5ng l\u00e0m c\u1ea3nh, c\u00e2y m\u01b0\u1eddi gi\u1edd \u00fac c\u00f9ng l\u00e0 b\u00e0i thu\u1ed1c trong \u0111\u00f4ng y ch\u1eefa vi\u00eam h\u1ecdng, eczema, gh\u1ebb, m\u1ee5n nh\u1ecdt\u2026<\/p>\n<p><img loading=\"lazy\" class=\"alignnone size-full wp-image-3694 aligncenter\" src=\"http:\/\/trongcaycongtrinh.com\/wp-content\/uploads\/2017\/04\/1435636122-11696750_1023816544298078_1921290892_n.jpg\" sizes=\"(max-width: 500px) 100vw, 500px\" srcset=\"http:\/\/trongcaycongtrinh.com\/wp-content\/uploads\/2017\/04\/1435636122-11696750_1023816544298078_1921290892_n-300x225.jpg 300w, http:\/\/trongcaycongtrinh.com\/wp-content\/uploads\/2017\/04\/1435636122-11696750_1023816544298078_1921290892_n-267x200.jpg 267w, http:\/\/trongcaycongtrinh.com\/wp-content\/uploads\/2017\/04\/1435636122-11696750_1023816544298078_1921290892_n.jpg 500w\" alt=\"1435636122-11696750_1023816544298078_1921290892_n\" width=\"500\" height=\"375\" \/><\/p>\n<p>C\u00e2y m\u01b0\u1eddi gi\u1edd \u00fac \u0111\u01b0\u1ee3c tr\u1ed3ng r\u1ea5t r\u1ed9ng r\u00e3i \u1edf nhi\u1ec1u khu v\u1ef1c v\u00e0 qu\u1ed1c gia trong \u0111\u00f3 c\u00f3 Vi\u1ec7t Nam. C\u0169ng gi\u1ed1ng c\u00e1c lo\u00e0i hoa m\u01b0\u1eddi gi\u1edd kh\u00e1c, c\u00e2y m\u01b0\u1eddi gi\u1edd \u00fac l\u00e0 c\u00e2y th\u00e2n th\u1ea3o nh\u1ecf cao 10 \u2013 15 cm, nhi\u1ec1u nh\u00e1nh b\u00f2 lan xung quanh. L\u00e1 c\u00e2y m\u01b0\u1eddi gi\u1edd \u00fac h\u00ecnh d\u1ea3i h\u01a1i d\u1eb9t, d\u00e0i 1.5 \u2013 2 cm, m\u00e9p nguy\u00ean.<\/p>\n<p>N\u1ebfu nh\u01b0 c\u00e1c lo\u00e0i hoa m\u01b0\u1eddi gi\u1edd kh\u00e1c th\u00ec th\u00e2n c\u00e2y m\u00e0u h\u1ed3ng nh\u1ea1t v\u00e0 l\u00e0 m\u00e0u xanh l\u00e1 c\u00e2y nh\u1ea1t c\u00f2n c\u00e2y m\u01b0\u1eddi gi\u1edd \u00fac th\u00ec c\u00f3 c\u1ea3 th\u00e2n l\u1eabn l\u00e1 m\u00e0u xanh non h\u01a1i tr\u1eafng. C\u00e2y m\u01b0\u1eddi gi\u1edd \u00fac cho hoa nhi\u1ec1u m\u00e0u nh\u01b0 \u0111\u1ecf, cam, v\u00e0ng, h\u1ed3ng, tr\u1eafng v\u00e0 c\u00e2y cho hoa v\u00e0o \u0111\u1ed9 kho\u1ea3ng 8, 9 \u0111\u1ebfn 10 gi\u1edd s\u00e1ng n\u00ean \u0111\u01b0\u1ee3c g\u1ecdi l\u00e0 c\u00e2y m\u01b0\u1eddi gi\u1edd.<\/p>\n<p>Sau m\u1ed9t m\u00f9a hoa (h\u00e8 \u2013 thu), hoa m\u01b0\u1eddi gi\u1edd \u00fac t\u00e0n v\u00e0 k\u1ebft qu\u1ea3. Qu\u1ea3 m\u01b0\u1eddi gi\u1edd h\u00ecnh c\u1ea7u, \u0111\u01b0\u1eddng k\u00ednh 4 mm. Tuy c\u00f3 qu\u1ea3 v\u00e0 h\u1ea1t, nh\u01b0ng c\u00e2y m\u01b0\u1eddi gi\u1edd \u00fac th\u01b0\u1eddng \u0111\u01b0\u1ee3c nh\u00e2n gi\u1ed1ng b\u1eb1ng c\u00e1ch gi\u00e2m c\u00e0nh. C\u00e2y b\u00e9n r\u1ec5 v\u00e0 m\u1ecdc r\u1ea5t kh\u1ecfe kh\u00f4ng c\u1ea7n ch\u0103m s\u00f3c nhi\u1ec1u.<\/p>\n<p>&nbsp;<\/p>\n<p><a href=\"http:\/\/saigonhoa.com\/wp-content\/uploads\/2015\/04\/qua-cay-muoi-gio.jpg\"><img loading=\"lazy\" class=\"aligncenter wp-image-18160\" src=\"http:\/\/saigonhoa.com\/wp-content\/uploads\/2015\/04\/qua-cay-muoi-gio.jpg\" sizes=\"(max-width: 500px) 100vw, 500px\" srcset=\"http:\/\/saigonhoa.com\/wp-content\/uploads\/2015\/04\/qua-cay-muoi-gio.jpg 773w, http:\/\/saigonhoa.com\/wp-content\/uploads\/2015\/04\/qua-cay-muoi-gio-300x294.jpg 300w\" alt=\"qua cay muoi gio\" width=\"500\" height=\"490\" \/><\/a><\/p>\n<p>C\u00e2y m\u01b0\u1eddi gi\u1edd \u00fac c\u0169ng nh\u01b0 c\u00e1c gi\u1ed1ng kh\u00e1c trong h\u1ecd rau sam, c\u00e2y m\u01b0\u1eddi gi\u1edd \u00fac \u0111\u01b0\u1ee3c s\u1eed d\u1ee5ng l\u00e0m c\u00e2y tr\u1ed3ng n\u1ec1n t\u1ea1o th\u1ea3m hoa trang tr\u00ed s\u00e2n v\u01b0\u1eddn, c\u00f4ng vi\u00ean, d\u1ecdc l\u1ed1i \u0111i\u2026 C\u00e2y c\u00f2n \u0111\u01b0\u1ee3c tr\u1ed3ng ch\u1eadu treo c\u1eeda s\u1ed5, s\u00e2n th\u01b0\u1ee3ng, ban c\u00f4ng t\u1ea1o khung c\u1ea3nh \u0111\u1eb9p, th\u01a1 m\u1ed9ng.<\/p>\n<p><a href=\"http:\/\/saigonhoa.com\/wp-content\/uploads\/2014\/06\/chau-treo-muoi-gio-uc-2.jpg\"><br \/>\n<\/a><img loading=\"lazy\" class=\"alignnone size-full wp-image-3695 aligncenter\" src=\"http:\/\/trongcaycongtrinh.com\/wp-content\/uploads\/2017\/04\/muoigio4.jpg\" sizes=\"(max-width: 600px) 100vw, 600px\" srcset=\"http:\/\/trongcaycongtrinh.com\/wp-content\/uploads\/2017\/04\/muoigio4-300x159.jpg 300w, http:\/\/trongcaycongtrinh.com\/wp-content\/uploads\/2017\/04\/muoigio4.jpg 600w\" alt=\"muoigio4\" width=\"600\" height=\"318\" \/><\/p>\n<p>Trong \u0110\u00f4ng y, c\u00e2y m\u01b0\u1eddi gi\u1edd tr\u1ecb nhi\u1ec1u ch\u1ee9ng b\u1ec7nh nh\u1ee7 vi\u00eam h\u1ecdng, m\u1ee5n nh\u1ecdt, gh\u1ebb, eczema\u2026<\/p>\n<div class=\"bottom-page-post\">\n<h3>B\u00c0I VI\u1ebeT LI\u00caN QUAN<\/h3>\n\n  \n    <div class=\"row large-columns-3 medium-columns- small-columns-1 row-small\">\n  \t\t<div class=\"col post-item\" >\n\t\t\t<div class=\"col-inner\">\n\t\t\t<a href=\"https:\/\/webmaibinh.com\/w\/cayxanh\/thi-cong-canh-quan-biet-thu-le-van-thien-nha-mat-pho-1000m2\/\" class=\"plain\">\n\t\t\t\t<div class=\"box box-overlay dark box-text-bottom box-blog-post has-hover\">\n            \t\t\t\t\t<div class=\"box-image\" >\n  \t\t\t\t\t\t<div class=\"image-overlay-add image-cover\" style=\"padding-top:65%;\">\n  \t\t\t\t\t\t\t<img width=\"500\" height=\"316\" src=\"https:\/\/webmaibinh.com\/w\/cayxanh\/wp-content\/uploads\/2018\/04\/canh-quan-san-vuon-biet-thu.jpg\" class=\"attachment-original size-original wp-post-image\" alt=\"\" loading=\"lazy\" srcset=\"https:\/\/webmaibinh.com\/w\/cayxanh\/wp-content\/uploads\/2018\/04\/canh-quan-san-vuon-biet-thu.jpg 500w, https:\/\/webmaibinh.com\/w\/cayxanh\/wp-content\/uploads\/2018\/04\/canh-quan-san-vuon-biet-thu-300x190.jpg 300w\" sizes=\"(max-width: 500px) 100vw, 500px\" \/>  \t\t\t\t\t\t\t<div class=\"overlay\" style=\"background-color: rgba(44, 106, 0, 0.41)\"><\/div>  \t\t\t\t\t\t\t  \t\t\t\t\t\t<\/div>\n  \t\t\t\t\t\t  \t\t\t\t\t<\/div>\n          \t\t\t\t\t<div class=\"box-text text-center is-small\" style=\"background-color:rgba(0, 0, 0, 0.65);\">\n\t\t\t\t\t<div class=\"box-text-inner blog-post-inner\">\n\n\t\t\t\t\t\n\t\t\t\t\t\t\t\t\t\t<h5 class=\"post-title is-large \">Thi c\u00f4ng c\u1ea3nh quan bi\u1ec7t th\u1ef1 LeNam nh\u00e0 m\u1eb7t ph\u1ed1 1000m2<\/h5>\n\t\t\t\t\t\t\t\t\t\t<div class=\"is-divider\"><\/div>\n\t\t\t\t\t                    \n\t\t\t\t\t\n\t\t\t\t\t\n\t\t\t\t\t<\/div>\n\t\t\t\t\t<\/div>\n\t\t\t\t\t\t\t\t\t<\/div>\n\t\t\t\t<\/a>\n\t\t\t<\/div>\n\t\t<\/div>\n\t\t<div class=\"col post-item\" >\n\t\t\t<div class=\"col-inner\">\n\t\t\t<a href=\"https:\/\/webmaibinh.com\/w\/cayxanh\/thi-cong-non-bo-ho-ca-koi-tai-xa-quang-tien-soc-son\/\" class=\"plain\">\n\t\t\t\t<div class=\"box box-overlay dark box-text-bottom box-blog-post has-hover\">\n            \t\t\t\t\t<div class=\"box-image\" >\n  \t\t\t\t\t\t<div class=\"image-overlay-add image-cover\" style=\"padding-top:65%;\">\n  \t\t\t\t\t\t\t<img width=\"500\" height=\"376\" src=\"https:\/\/webmaibinh.com\/w\/cayxanh\/wp-content\/uploads\/2018\/04\/6.jpg\" class=\"attachment-original size-original wp-post-image\" alt=\"\" loading=\"lazy\" srcset=\"https:\/\/webmaibinh.com\/w\/cayxanh\/wp-content\/uploads\/2018\/04\/6.jpg 500w, https:\/\/webmaibinh.com\/w\/cayxanh\/wp-content\/uploads\/2018\/04\/6-300x226.jpg 300w\" sizes=\"(max-width: 500px) 100vw, 500px\" \/>  \t\t\t\t\t\t\t<div class=\"overlay\" style=\"background-color: rgba(44, 106, 0, 0.41)\"><\/div>  \t\t\t\t\t\t\t  \t\t\t\t\t\t<\/div>\n  \t\t\t\t\t\t  \t\t\t\t\t<\/div>\n          \t\t\t\t\t<div class=\"box-text text-center is-small\" style=\"background-color:rgba(0, 0, 0, 0.65);\">\n\t\t\t\t\t<div class=\"box-text-inner blog-post-inner\">\n\n\t\t\t\t\t\n\t\t\t\t\t\t\t\t\t\t<h5 class=\"post-title is-large \">Thi c\u00f4ng Non b\u1ed9 \u2013 H\u1ed3 c\u00e1 Koi t\u1ea1i X\u00e3 Quang Ti\u1ebfn \u2013 S\u00f3c s\u01a1n<\/h5>\n\t\t\t\t\t\t\t\t\t\t<div class=\"is-divider\"><\/div>\n\t\t\t\t\t                    \n\t\t\t\t\t\n\t\t\t\t\t\n\t\t\t\t\t<\/div>\n\t\t\t\t\t<\/div>\n\t\t\t\t\t\t\t\t\t<\/div>\n\t\t\t\t<\/a>\n\t\t\t<\/div>\n\t\t<\/div>\n\t\t<div class=\"col post-item\" >\n\t\t\t<div class=\"col-inner\">\n\t\t\t<a href=\"https:\/\/webmaibinh.com\/w\/cayxanh\/trong-cay-xanh-san-vuon-biet-thu-thi-cong-ho-ca-koi-tai-khu-do-thi-xuan-phuong\/\" class=\"plain\">\n\t\t\t\t<div class=\"box box-overlay dark box-text-bottom box-blog-post has-hover\">\n            \t\t\t\t\t<div class=\"box-image\" >\n  \t\t\t\t\t\t<div class=\"image-overlay-add image-cover\" style=\"padding-top:65%;\">\n  \t\t\t\t\t\t\t<img width=\"477\" height=\"358\" src=\"https:\/\/webmaibinh.com\/w\/cayxanh\/wp-content\/uploads\/2018\/04\/cay-cong-trinh.jpg\" class=\"attachment-original size-original wp-post-image\" alt=\"\" loading=\"lazy\" srcset=\"https:\/\/webmaibinh.com\/w\/cayxanh\/wp-content\/uploads\/2018\/04\/cay-cong-trinh.jpg 477w, https:\/\/webmaibinh.com\/w\/cayxanh\/wp-content\/uploads\/2018\/04\/cay-cong-trinh-300x225.jpg 300w\" sizes=\"(max-width: 477px) 100vw, 477px\" \/>  \t\t\t\t\t\t\t<div class=\"overlay\" style=\"background-color: rgba(44, 106, 0, 0.41)\"><\/div>  \t\t\t\t\t\t\t  \t\t\t\t\t\t<\/div>\n  \t\t\t\t\t\t  \t\t\t\t\t<\/div>\n          \t\t\t\t\t<div class=\"box-text text-center is-small\" style=\"background-color:rgba(0, 0, 0, 0.65);\">\n\t\t\t\t\t<div class=\"box-text-inner blog-post-inner\">\n\n\t\t\t\t\t\n\t\t\t\t\t\t\t\t\t\t<h5 class=\"post-title is-large \">Thi c\u00f4ng H\u1ed3 c\u00e1 Koi t\u1ea1i Khu \u0110\u00f4 th\u1ecb Xu\u00e2n Ph\u01b0\u01a1ng<\/h5>\n\t\t\t\t\t\t\t\t\t\t<div class=\"is-divider\"><\/div>\n\t\t\t\t\t                    \n\t\t\t\t\t\n\t\t\t\t\t\n\t\t\t\t\t<\/div>\n\t\t\t\t\t<\/div>\n\t\t\t\t\t\t\t\t\t<\/div>\n\t\t\t\t<\/a>\n\t\t\t<\/div>\n\t\t<\/div>\n\t\t<div class=\"col post-item\" >\n\t\t\t<div class=\"col-inner\">\n\t\t\t<a href=\"https:\/\/webmaibinh.com\/w\/cayxanh\/trong-cay-xanh-san-vuon-biet-thu-thi-cong-ho-ca-koi-tai-khu-do-thi-bac-an-khanh\/\" class=\"plain\">\n\t\t\t\t<div class=\"box box-overlay dark box-text-bottom box-blog-post has-hover\">\n            \t\t\t\t\t<div class=\"box-image\" >\n  \t\t\t\t\t\t<div class=\"image-overlay-add image-cover\" style=\"padding-top:65%;\">\n  \t\t\t\t\t\t\t<img width=\"1200\" height=\"381\" src=\"https:\/\/webmaibinh.com\/w\/cayxanh\/wp-content\/uploads\/2018\/04\/slide6.jpg\" class=\"attachment-original size-original wp-post-image\" alt=\"\" loading=\"lazy\" srcset=\"https:\/\/webmaibinh.com\/w\/cayxanh\/wp-content\/uploads\/2018\/04\/slide6.jpg 1200w, https:\/\/webmaibinh.com\/w\/cayxanh\/wp-content\/uploads\/2018\/04\/slide6-600x191.jpg 600w, https:\/\/webmaibinh.com\/w\/cayxanh\/wp-content\/uploads\/2018\/04\/slide6-300x95.jpg 300w, https:\/\/webmaibinh.com\/w\/cayxanh\/wp-content\/uploads\/2018\/04\/slide6-768x244.jpg 768w, https:\/\/webmaibinh.com\/w\/cayxanh\/wp-content\/uploads\/2018\/04\/slide6-1024x325.jpg 1024w\" sizes=\"(max-width: 1200px) 100vw, 1200px\" \/>  \t\t\t\t\t\t\t<div class=\"overlay\" style=\"background-color: rgba(44, 106, 0, 0.41)\"><\/div>  \t\t\t\t\t\t\t  \t\t\t\t\t\t<\/div>\n  \t\t\t\t\t\t  \t\t\t\t\t<\/div>\n          \t\t\t\t\t<div class=\"box-text text-center is-small\" style=\"background-color:rgba(0, 0, 0, 0.65);\">\n\t\t\t\t\t<div class=\"box-text-inner blog-post-inner\">\n\n\t\t\t\t\t\n\t\t\t\t\t\t\t\t\t\t<h5 class=\"post-title is-large \">Thi c\u00f4ng H\u1ed3 c\u00e1 Koi t\u1ea1i Khu \u0111\u00f4 th\u1ecb B\u1eafc An Kh\u00e1nh<\/h5>\n\t\t\t\t\t\t\t\t\t\t<div class=\"is-divider\"><\/div>\n\t\t\t\t\t                    \n\t\t\t\t\t\n\t\t\t\t\t\n\t\t\t\t\t<\/div>\n\t\t\t\t\t<\/div>\n\t\t\t\t\t\t\t\t\t<\/div>\n\t\t\t\t<\/a>\n\t\t\t<\/div>\n\t\t<\/div>\n\t\t<div class=\"col post-item\" >\n\t\t\t<div class=\"col-inner\">\n\t\t\t<a href=\"https:\/\/webmaibinh.com\/w\/cayxanh\/trong-cay-xanh-biet-thu-tu-gia-thi-cong-ho-ca-koi-tai-ba-vi-ha-noi\/\" class=\"plain\">\n\t\t\t\t<div class=\"box box-overlay dark box-text-bottom box-blog-post has-hover\">\n            \t\t\t\t\t<div class=\"box-image\" >\n  \t\t\t\t\t\t<div class=\"image-overlay-add image-cover\" style=\"padding-top:65%;\">\n  \t\t\t\t\t\t\t<img width=\"1200\" height=\"381\" src=\"https:\/\/webmaibinh.com\/w\/cayxanh\/wp-content\/uploads\/2018\/04\/slider67.jpg\" class=\"attachment-original size-original wp-post-image\" alt=\"\" loading=\"lazy\" srcset=\"https:\/\/webmaibinh.com\/w\/cayxanh\/wp-content\/uploads\/2018\/04\/slider67.jpg 1200w, https:\/\/webmaibinh.com\/w\/cayxanh\/wp-content\/uploads\/2018\/04\/slider67-600x191.jpg 600w, https:\/\/webmaibinh.com\/w\/cayxanh\/wp-content\/uploads\/2018\/04\/slider67-300x95.jpg 300w, https:\/\/webmaibinh.com\/w\/cayxanh\/wp-content\/uploads\/2018\/04\/slider67-768x244.jpg 768w, https:\/\/webmaibinh.com\/w\/cayxanh\/wp-content\/uploads\/2018\/04\/slider67-1024x325.jpg 1024w\" sizes=\"(max-width: 1200px) 100vw, 1200px\" \/>  \t\t\t\t\t\t\t<div class=\"overlay\" style=\"background-color: rgba(44, 106, 0, 0.41)\"><\/div>  \t\t\t\t\t\t\t  \t\t\t\t\t\t<\/div>\n  \t\t\t\t\t\t  \t\t\t\t\t<\/div>\n          \t\t\t\t\t<div class=\"box-text text-center is-small\" style=\"background-color:rgba(0, 0, 0, 0.65);\">\n\t\t\t\t\t<div class=\"box-text-inner blog-post-inner\">\n\n\t\t\t\t\t\n\t\t\t\t\t\t\t\t\t\t<h5 class=\"post-title is-large \">Tr\u1ed3ng c\u00e2y xanh bi\u1ec7t th\u1ef1 t\u01b0 gia \u2013 Thi c\u00f4ng H\u1ed3 c\u00e1 Koi t\u1ea1i Ba v\u00ec<\/h5>\n\t\t\t\t\t\t\t\t\t\t<div class=\"is-divider\"><\/div>\n\t\t\t\t\t                    \n\t\t\t\t\t\n\t\t\t\t\t\n\t\t\t\t\t<\/div>\n\t\t\t\t\t<\/div>\n\t\t\t\t\t\t\t\t\t<\/div>\n\t\t\t\t<\/a>\n\t\t\t<\/div>\n\t\t<\/div>\n\t\t<div class=\"col post-item\" >\n\t\t\t<div class=\"col-inner\">\n\t\t\t<a href=\"https:\/\/webmaibinh.com\/w\/cayxanh\/trong-cay-xanh-va-thi-cong-canh-quan-biet-thu-tu-gia-tai-viet-tri-phu-tho\/\" class=\"plain\">\n\t\t\t\t<div class=\"box box-overlay dark box-text-bottom box-blog-post has-hover\">\n            \t\t\t\t\t<div class=\"box-image\" >\n  \t\t\t\t\t\t<div class=\"image-overlay-add image-cover\" style=\"padding-top:65%;\">\n  \t\t\t\t\t\t\t<img width=\"500\" height=\"375\" src=\"https:\/\/webmaibinh.com\/w\/cayxanh\/wp-content\/uploads\/2018\/04\/thi-cong-canh-quan-biet-thu.jpg\" class=\"attachment-original size-original wp-post-image\" alt=\"\" loading=\"lazy\" srcset=\"https:\/\/webmaibinh.com\/w\/cayxanh\/wp-content\/uploads\/2018\/04\/thi-cong-canh-quan-biet-thu.jpg 500w, https:\/\/webmaibinh.com\/w\/cayxanh\/wp-content\/uploads\/2018\/04\/thi-cong-canh-quan-biet-thu-300x225.jpg 300w\" sizes=\"(max-width: 500px) 100vw, 500px\" \/>  \t\t\t\t\t\t\t<div class=\"overlay\" style=\"background-color: rgba(44, 106, 0, 0.41)\"><\/div>  \t\t\t\t\t\t\t  \t\t\t\t\t\t<\/div>\n  \t\t\t\t\t\t  \t\t\t\t\t<\/div>\n          \t\t\t\t\t<div class=\"box-text text-center is-small\" style=\"background-color:rgba(0, 0, 0, 0.65);\">\n\t\t\t\t\t<div class=\"box-text-inner blog-post-inner\">\n\n\t\t\t\t\t\n\t\t\t\t\t\t\t\t\t\t<h5 class=\"post-title is-large \">Tr\u1ed3ng v\u00e0 thi c\u00f4ng c\u1ea3nh quan Bi\u1ec7t th\u1ef1 t\u01b0 gia t\u1ea1i Vi\u1ec7t Tr\u00ec Ph\u00fa Th\u1ecd<\/h5>\n\t\t\t\t\t\t\t\t\t\t<div class=\"is-divider\"><\/div>\n\t\t\t\t\t                    \n\t\t\t\t\t\n\t\t\t\t\t\n\t\t\t\t\t<\/div>\n\t\t\t\t\t<\/div>\n\t\t\t\t\t\t\t\t\t<\/div>\n\t\t\t\t<\/a>\n\t\t\t<\/div>\n\t\t<\/div>\n\t\t<div class=\"col post-item\" >\n\t\t\t<div class=\"col-inner\">\n\t\t\t<a href=\"https:\/\/webmaibinh.com\/w\/cayxanh\/da-san-vuon-trang-tri-tho-moc-tu-nhien\/\" class=\"plain\">\n\t\t\t\t<div class=\"box box-overlay dark box-text-bottom box-blog-post has-hover\">\n            \t\t\t\t\t<div class=\"box-image\" >\n  \t\t\t\t\t\t<div class=\"image-overlay-add image-cover\" style=\"padding-top:65%;\">\n  \t\t\t\t\t\t\t<img width=\"250\" height=\"188\" src=\"https:\/\/webmaibinh.com\/w\/cayxanh\/wp-content\/uploads\/2018\/04\/23.jpg\" class=\"attachment-original size-original wp-post-image\" alt=\"\" loading=\"lazy\" \/>  \t\t\t\t\t\t\t<div class=\"overlay\" style=\"background-color: rgba(44, 106, 0, 0.41)\"><\/div>  \t\t\t\t\t\t\t  \t\t\t\t\t\t<\/div>\n  \t\t\t\t\t\t  \t\t\t\t\t<\/div>\n          \t\t\t\t\t<div class=\"box-text text-center is-small\" style=\"background-color:rgba(0, 0, 0, 0.65);\">\n\t\t\t\t\t<div class=\"box-text-inner blog-post-inner\">\n\n\t\t\t\t\t\n\t\t\t\t\t\t\t\t\t\t<h5 class=\"post-title is-large \">\u0110\u00e1 s\u00e2n v\u01b0\u1eddn trang tr\u00ed th\u00f4 m\u1ed9c t\u1ef1 nhi\u00ean<\/h5>\n\t\t\t\t\t\t\t\t\t\t<div class=\"is-divider\"><\/div>\n\t\t\t\t\t                    \n\t\t\t\t\t\n\t\t\t\t\t\n\t\t\t\t\t<\/div>\n\t\t\t\t\t<\/div>\n\t\t\t\t\t\t\t\t\t<\/div>\n\t\t\t\t<\/a>\n\t\t\t<\/div>\n\t\t<\/div>\n\t\t<div class=\"col post-item\" >\n\t\t\t<div class=\"col-inner\">\n\t\t\t<a href=\"https:\/\/webmaibinh.com\/w\/cayxanh\/ve-dep-kho-cuong-cua-nhung-san-vuon-trang-tri-bang-da\/\" class=\"plain\">\n\t\t\t\t<div class=\"box box-overlay dark box-text-bottom box-blog-post has-hover\">\n            \t\t\t\t\t<div class=\"box-image\" >\n  \t\t\t\t\t\t<div class=\"image-overlay-add image-cover\" style=\"padding-top:65%;\">\n  \t\t\t\t\t\t\t<img width=\"500\" height=\"376\" src=\"https:\/\/webmaibinh.com\/w\/cayxanh\/wp-content\/uploads\/2018\/04\/6.jpg\" class=\"attachment-original size-original wp-post-image\" alt=\"\" loading=\"lazy\" srcset=\"https:\/\/webmaibinh.com\/w\/cayxanh\/wp-content\/uploads\/2018\/04\/6.jpg 500w, https:\/\/webmaibinh.com\/w\/cayxanh\/wp-content\/uploads\/2018\/04\/6-300x226.jpg 300w\" sizes=\"(max-width: 500px) 100vw, 500px\" \/>  \t\t\t\t\t\t\t<div class=\"overlay\" style=\"background-color: rgba(44, 106, 0, 0.41)\"><\/div>  \t\t\t\t\t\t\t  \t\t\t\t\t\t<\/div>\n  \t\t\t\t\t\t  \t\t\t\t\t<\/div>\n          \t\t\t\t\t<div class=\"box-text text-center is-small\" style=\"background-color:rgba(0, 0, 0, 0.65);\">\n\t\t\t\t\t<div class=\"box-text-inner blog-post-inner\">\n\n\t\t\t\t\t\n\t\t\t\t\t\t\t\t\t\t<h5 class=\"post-title is-large \">V\u1ebb \u0111\u1eb9p kh\u00f3 c\u01b0\u1ee1ng c\u1ee7a nh\u1eefng s\u00e2n v\u01b0\u1eddn trang tr\u00ed b\u1eb1ng \u0111\u00e1<\/h5>\n\t\t\t\t\t\t\t\t\t\t<div class=\"is-divider\"><\/div>\n\t\t\t\t\t                    \n\t\t\t\t\t\n\t\t\t\t\t\n\t\t\t\t\t<\/div>\n\t\t\t\t\t<\/div>\n\t\t\t\t\t\t\t\t\t<\/div>\n\t\t\t\t<\/a>\n\t\t\t<\/div>\n\t\t<\/div>\n<\/div><\/div>\n","protected":false},"excerpt":{"rendered":"<p>C\u00f4ng d\u1ee5ng: C\u00e2y m\u01b0\u1eddi gi\u1edd \u00fac th\u01b0\u1eddng d\u00f9ng tr\u1ed3ng th\u1ea3m c\u1ecf t\u1ea1o n\u1ec1n trong c\u1ea3nh quan s\u00e2n v\u01b0\u1eddn, c\u00f4ng vi\u00ean. C\u00e2y m\u01b0\u1eddi gi\u1edd \u00fac c\u00f2n tr\u1ed3ng b\u1ed3n c\u1ea3nh, t\u1ea1o m\u1ea3ng l\u1edbn trong c\u00e1c ti\u1ec3u c\u1ea3nh.<\/p>\n","protected":false},"featured_media":563,"comment_status":"open","ping_status":"closed","template":"","meta":[],"_links":{"self":[{"href":"https:\/\/webmaibinh.com\/w\/cayxanh\/wp-json\/wp\/v2\/product\/562"}],"collection":[{"href":"https:\/\/webmaibinh.com\/w\/cayxanh\/wp-json\/wp\/v2\/product"}],"about":[{"href":"https:\/\/webmaibinh.com\/w\/cayxanh\/wp-json\/wp\/v2\/types\/product"}],"replies":[{"embeddable":true,"href":"https:\/\/webmaibinh.com\/w\/cayxanh\/wp-json\/wp\/v2\/comments?post=562"}],"wp:featuredmedia":[{"embeddable":true,"href":"https:\/\/webmaibinh.com\/w\/cayxanh\/wp-json\/wp\/v2\/media\/563"}],"wp:attachment":[{"href":"https:\/\/webmaibinh.com\/w\/cayxanh\/wp-json\/wp\/v2\/media?parent=562"}],"curies":[{"name":"wp","href":"https:\/\/api.w.org\/{rel}","templated":true}]}}