{"id":553,"date":"2018-04-07T13:10:27","date_gmt":"2018-04-07T06:10:27","guid":{"rendered":"https:\/\/bizhostvn.com\/w\/cayxanh\/?post_type=product&#038;p=553"},"modified":"2018-04-07T16:59:37","modified_gmt":"2018-04-07T09:59:37","slug":"co-tia-to","status":"publish","type":"product","link":"https:\/\/webmaibinh.com\/w\/cayxanh\/san-pham\/co-tia-to\/","title":{"rendered":"C\u1ecf t\u00eda t\u00f4"},"content":{"rendered":"<div><strong>T\u00eda t\u00f4 c\u1ea3nh<\/strong><\/div>\n<ul>\n<li>T\u00eda t\u00f4 c\u1ea3nh\u00a0hay c\u00f2n g\u1ecdi l\u00e0 l\u00e1 g\u1ea5m<\/li>\n<li>T\u00ean khoa h\u1ecdc l\u00e0 <em>Solenostemon scutellarioides<\/em> thu\u1ed9c h\u1ecd hoa m\u00f4i Lamiaceae<\/li>\n<li>T\u00ean ti\u1ebfng Anh l\u00e0 <em>Coleus Blumei<\/em>.<\/li>\n<li>L\u00e1 g\u1ea5m bao g\u1ed3m r\u1ea5t nhi\u1ec1u l\u00e1 m\u00e0u phong ph\u00fa c\u00f9ng v\u1edbi m\u00e0u s\u1eafc s\u1eb7c s\u1ee1 d\u1ec5 t\u1ea1o n\u00ean \u1ea5n t\u01b0\u1ee3ng cho ng\u01b0\u1eddi ng\u1eafm c\u1ea3nh.<\/li>\n<li><img loading=\"lazy\" class=\"alignnone  wp-image-3626 aligncenter\" src=\"http:\/\/trongcaycongtrinh.com\/wp-content\/uploads\/2017\/04\/05.jpg\" sizes=\"(max-width: 492px) 100vw, 492px\" srcset=\"http:\/\/trongcaycongtrinh.com\/wp-content\/uploads\/2017\/04\/05-300x259.jpg 300w, http:\/\/trongcaycongtrinh.com\/wp-content\/uploads\/2017\/04\/05-768x664.jpg 768w, http:\/\/trongcaycongtrinh.com\/wp-content\/uploads\/2017\/04\/05-231x200.jpg 231w, http:\/\/trongcaycongtrinh.com\/wp-content\/uploads\/2017\/04\/05.jpg 900w\" alt=\"05\" width=\"492\" height=\"425\" \/><\/li>\n<li>L\u00e1 g\u1ea5m l\u00e0 lo\u00e0i c\u00e2y s\u1ed1ng h\u00e0ng n\u0103m v\u1edbi th\u00e2n c\u1ecf g\u1ed3m nhi\u1ec1u ph\u00e2n c\u00e0nh v\u00e0 l\u00e1 to m\u1ecdc \u0111\u1ed1i t\u1ea1o th\u00e0nh b\u1ee5i th\u1ea5p, chi\u1ec1u cao khi tr\u01b0\u1edfng th\u00e0nh kho\u1ea3ng 30-50 cm .L\u00e1 c\u00f3 nhi\u1ec1u m\u00e0u nh\u1ea5t l\u00e0 \u0111\u1ecf t\u00edm, m\u00e9p l\u00e1 c\u00f3 vi\u1ec1n m\u00e0u v\u00e0ng m\u00e0u xanh t\u01b0\u01a1i. C\u1ee5m hoa \u1edf ng\u1ecdn c\u00e0nh , l\u00e1 b\u1eafc m\u00e0u t\u00eda s\u1edbm r\u1ee5ng, hoa nh\u1ecf, c\u00f3 cu\u1ed1ng ng\u1eafn.<\/li>\n<li>L\u00e1 t\u00eda t\u00f4 c\u1ea3nh \u0111\u01b0\u1ee3c lai t\u1ea1o ra nhi\u1ec1u m\u00e0u s\u1eafc kh\u00e1c nhau, th\u01b0\u1eddng \u0111\u01b0\u1ee3c d\u00f9ng tr\u1ed3ng th\u00e0nh b\u1ed3n ki\u1ec3ng hay vi\u1ec1n t\u1ea1o \u0111i\u1ec3m nh\u1ea5n cho khu v\u01b0\u1eddn.<\/li>\n<li>Ngo\u00e0i ra, t\u00eda t\u00f4 c\u1ea3nh c\u00f2n c\u00f3 th\u1ec3 \u0111\u01b0\u1ee3c tr\u1ed3ng c\u00e1 bi\u1ec7t trong ch\u1eadu nh\u1ecf, v\u1eabn mang l\u1ea1i m\u1ed9 v\u1ebb \u0111\u1eb9p l\u1ea1 th\u01b0\u1eddng v\u1edbi d\u00e1ng d\u1ea5p c\u1ee7a m\u1ed9 b\u00f4ng hoa tr\u00ean h\u00ecnh h\u00e0i chi\u1ebfc l\u00e1 \u0111\u1ee7 m\u00e0u.<\/li>\n<\/ul>\n<div class=\"bottom-page-post\">\n<h3>B\u00c0I VI\u1ebeT LI\u00caN QUAN<\/h3>\n\n  \n    <div class=\"row large-columns-3 medium-columns- small-columns-1 row-small\">\n  \t\t<div class=\"col post-item\" >\n\t\t\t<div class=\"col-inner\">\n\t\t\t<a href=\"https:\/\/webmaibinh.com\/w\/cayxanh\/thi-cong-canh-quan-biet-thu-le-van-thien-nha-mat-pho-1000m2\/\" class=\"plain\">\n\t\t\t\t<div class=\"box box-overlay dark box-text-bottom box-blog-post has-hover\">\n            \t\t\t\t\t<div class=\"box-image\" >\n  \t\t\t\t\t\t<div class=\"image-overlay-add image-cover\" style=\"padding-top:65%;\">\n  \t\t\t\t\t\t\t<img width=\"500\" height=\"316\" src=\"https:\/\/webmaibinh.com\/w\/cayxanh\/wp-content\/uploads\/2018\/04\/canh-quan-san-vuon-biet-thu.jpg\" class=\"attachment-original size-original wp-post-image\" alt=\"\" loading=\"lazy\" srcset=\"https:\/\/webmaibinh.com\/w\/cayxanh\/wp-content\/uploads\/2018\/04\/canh-quan-san-vuon-biet-thu.jpg 500w, https:\/\/webmaibinh.com\/w\/cayxanh\/wp-content\/uploads\/2018\/04\/canh-quan-san-vuon-biet-thu-300x190.jpg 300w\" sizes=\"(max-width: 500px) 100vw, 500px\" \/>  \t\t\t\t\t\t\t<div class=\"overlay\" style=\"background-color: rgba(44, 106, 0, 0.41)\"><\/div>  \t\t\t\t\t\t\t  \t\t\t\t\t\t<\/div>\n  \t\t\t\t\t\t  \t\t\t\t\t<\/div>\n          \t\t\t\t\t<div class=\"box-text text-center is-small\" style=\"background-color:rgba(0, 0, 0, 0.65);\">\n\t\t\t\t\t<div class=\"box-text-inner blog-post-inner\">\n\n\t\t\t\t\t\n\t\t\t\t\t\t\t\t\t\t<h5 class=\"post-title is-large \">Thi c\u00f4ng c\u1ea3nh quan bi\u1ec7t th\u1ef1 LeNam nh\u00e0 m\u1eb7t ph\u1ed1 1000m2<\/h5>\n\t\t\t\t\t\t\t\t\t\t<div class=\"is-divider\"><\/div>\n\t\t\t\t\t                    \n\t\t\t\t\t\n\t\t\t\t\t\n\t\t\t\t\t<\/div>\n\t\t\t\t\t<\/div>\n\t\t\t\t\t\t\t\t\t<\/div>\n\t\t\t\t<\/a>\n\t\t\t<\/div>\n\t\t<\/div>\n\t\t<div class=\"col post-item\" >\n\t\t\t<div class=\"col-inner\">\n\t\t\t<a href=\"https:\/\/webmaibinh.com\/w\/cayxanh\/thi-cong-non-bo-ho-ca-koi-tai-xa-quang-tien-soc-son\/\" class=\"plain\">\n\t\t\t\t<div class=\"box box-overlay dark box-text-bottom box-blog-post has-hover\">\n            \t\t\t\t\t<div class=\"box-image\" >\n  \t\t\t\t\t\t<div class=\"image-overlay-add image-cover\" style=\"padding-top:65%;\">\n  \t\t\t\t\t\t\t<img width=\"500\" height=\"376\" src=\"https:\/\/webmaibinh.com\/w\/cayxanh\/wp-content\/uploads\/2018\/04\/6.jpg\" class=\"attachment-original size-original wp-post-image\" alt=\"\" loading=\"lazy\" srcset=\"https:\/\/webmaibinh.com\/w\/cayxanh\/wp-content\/uploads\/2018\/04\/6.jpg 500w, https:\/\/webmaibinh.com\/w\/cayxanh\/wp-content\/uploads\/2018\/04\/6-300x226.jpg 300w\" sizes=\"(max-width: 500px) 100vw, 500px\" \/>  \t\t\t\t\t\t\t<div class=\"overlay\" style=\"background-color: rgba(44, 106, 0, 0.41)\"><\/div>  \t\t\t\t\t\t\t  \t\t\t\t\t\t<\/div>\n  \t\t\t\t\t\t  \t\t\t\t\t<\/div>\n          \t\t\t\t\t<div class=\"box-text text-center is-small\" style=\"background-color:rgba(0, 0, 0, 0.65);\">\n\t\t\t\t\t<div class=\"box-text-inner blog-post-inner\">\n\n\t\t\t\t\t\n\t\t\t\t\t\t\t\t\t\t<h5 class=\"post-title is-large \">Thi c\u00f4ng Non b\u1ed9 \u2013 H\u1ed3 c\u00e1 Koi t\u1ea1i X\u00e3 Quang Ti\u1ebfn \u2013 S\u00f3c s\u01a1n<\/h5>\n\t\t\t\t\t\t\t\t\t\t<div class=\"is-divider\"><\/div>\n\t\t\t\t\t                    \n\t\t\t\t\t\n\t\t\t\t\t\n\t\t\t\t\t<\/div>\n\t\t\t\t\t<\/div>\n\t\t\t\t\t\t\t\t\t<\/div>\n\t\t\t\t<\/a>\n\t\t\t<\/div>\n\t\t<\/div>\n\t\t<div class=\"col post-item\" >\n\t\t\t<div class=\"col-inner\">\n\t\t\t<a href=\"https:\/\/webmaibinh.com\/w\/cayxanh\/trong-cay-xanh-san-vuon-biet-thu-thi-cong-ho-ca-koi-tai-khu-do-thi-xuan-phuong\/\" class=\"plain\">\n\t\t\t\t<div class=\"box box-overlay dark box-text-bottom box-blog-post has-hover\">\n            \t\t\t\t\t<div class=\"box-image\" >\n  \t\t\t\t\t\t<div class=\"image-overlay-add image-cover\" style=\"padding-top:65%;\">\n  \t\t\t\t\t\t\t<img width=\"477\" height=\"358\" src=\"https:\/\/webmaibinh.com\/w\/cayxanh\/wp-content\/uploads\/2018\/04\/cay-cong-trinh.jpg\" class=\"attachment-original size-original wp-post-image\" alt=\"\" loading=\"lazy\" srcset=\"https:\/\/webmaibinh.com\/w\/cayxanh\/wp-content\/uploads\/2018\/04\/cay-cong-trinh.jpg 477w, https:\/\/webmaibinh.com\/w\/cayxanh\/wp-content\/uploads\/2018\/04\/cay-cong-trinh-300x225.jpg 300w\" sizes=\"(max-width: 477px) 100vw, 477px\" \/>  \t\t\t\t\t\t\t<div class=\"overlay\" style=\"background-color: rgba(44, 106, 0, 0.41)\"><\/div>  \t\t\t\t\t\t\t  \t\t\t\t\t\t<\/div>\n  \t\t\t\t\t\t  \t\t\t\t\t<\/div>\n          \t\t\t\t\t<div class=\"box-text text-center is-small\" style=\"background-color:rgba(0, 0, 0, 0.65);\">\n\t\t\t\t\t<div class=\"box-text-inner blog-post-inner\">\n\n\t\t\t\t\t\n\t\t\t\t\t\t\t\t\t\t<h5 class=\"post-title is-large \">Thi c\u00f4ng H\u1ed3 c\u00e1 Koi t\u1ea1i Khu \u0110\u00f4 th\u1ecb Xu\u00e2n Ph\u01b0\u01a1ng<\/h5>\n\t\t\t\t\t\t\t\t\t\t<div class=\"is-divider\"><\/div>\n\t\t\t\t\t                    \n\t\t\t\t\t\n\t\t\t\t\t\n\t\t\t\t\t<\/div>\n\t\t\t\t\t<\/div>\n\t\t\t\t\t\t\t\t\t<\/div>\n\t\t\t\t<\/a>\n\t\t\t<\/div>\n\t\t<\/div>\n\t\t<div class=\"col post-item\" >\n\t\t\t<div class=\"col-inner\">\n\t\t\t<a href=\"https:\/\/webmaibinh.com\/w\/cayxanh\/trong-cay-xanh-san-vuon-biet-thu-thi-cong-ho-ca-koi-tai-khu-do-thi-bac-an-khanh\/\" class=\"plain\">\n\t\t\t\t<div class=\"box box-overlay dark box-text-bottom box-blog-post has-hover\">\n            \t\t\t\t\t<div class=\"box-image\" >\n  \t\t\t\t\t\t<div class=\"image-overlay-add image-cover\" style=\"padding-top:65%;\">\n  \t\t\t\t\t\t\t<img width=\"1200\" height=\"381\" src=\"https:\/\/webmaibinh.com\/w\/cayxanh\/wp-content\/uploads\/2018\/04\/slide6.jpg\" class=\"attachment-original size-original wp-post-image\" alt=\"\" loading=\"lazy\" srcset=\"https:\/\/webmaibinh.com\/w\/cayxanh\/wp-content\/uploads\/2018\/04\/slide6.jpg 1200w, https:\/\/webmaibinh.com\/w\/cayxanh\/wp-content\/uploads\/2018\/04\/slide6-600x191.jpg 600w, https:\/\/webmaibinh.com\/w\/cayxanh\/wp-content\/uploads\/2018\/04\/slide6-300x95.jpg 300w, https:\/\/webmaibinh.com\/w\/cayxanh\/wp-content\/uploads\/2018\/04\/slide6-768x244.jpg 768w, https:\/\/webmaibinh.com\/w\/cayxanh\/wp-content\/uploads\/2018\/04\/slide6-1024x325.jpg 1024w\" sizes=\"(max-width: 1200px) 100vw, 1200px\" \/>  \t\t\t\t\t\t\t<div class=\"overlay\" style=\"background-color: rgba(44, 106, 0, 0.41)\"><\/div>  \t\t\t\t\t\t\t  \t\t\t\t\t\t<\/div>\n  \t\t\t\t\t\t  \t\t\t\t\t<\/div>\n          \t\t\t\t\t<div class=\"box-text text-center is-small\" style=\"background-color:rgba(0, 0, 0, 0.65);\">\n\t\t\t\t\t<div class=\"box-text-inner blog-post-inner\">\n\n\t\t\t\t\t\n\t\t\t\t\t\t\t\t\t\t<h5 class=\"post-title is-large \">Thi c\u00f4ng H\u1ed3 c\u00e1 Koi t\u1ea1i Khu \u0111\u00f4 th\u1ecb B\u1eafc An Kh\u00e1nh<\/h5>\n\t\t\t\t\t\t\t\t\t\t<div class=\"is-divider\"><\/div>\n\t\t\t\t\t                    \n\t\t\t\t\t\n\t\t\t\t\t\n\t\t\t\t\t<\/div>\n\t\t\t\t\t<\/div>\n\t\t\t\t\t\t\t\t\t<\/div>\n\t\t\t\t<\/a>\n\t\t\t<\/div>\n\t\t<\/div>\n\t\t<div class=\"col post-item\" >\n\t\t\t<div class=\"col-inner\">\n\t\t\t<a href=\"https:\/\/webmaibinh.com\/w\/cayxanh\/trong-cay-xanh-biet-thu-tu-gia-thi-cong-ho-ca-koi-tai-ba-vi-ha-noi\/\" class=\"plain\">\n\t\t\t\t<div class=\"box box-overlay dark box-text-bottom box-blog-post has-hover\">\n            \t\t\t\t\t<div class=\"box-image\" >\n  \t\t\t\t\t\t<div class=\"image-overlay-add image-cover\" style=\"padding-top:65%;\">\n  \t\t\t\t\t\t\t<img width=\"1200\" height=\"381\" src=\"https:\/\/webmaibinh.com\/w\/cayxanh\/wp-content\/uploads\/2018\/04\/slider67.jpg\" class=\"attachment-original size-original wp-post-image\" alt=\"\" loading=\"lazy\" srcset=\"https:\/\/webmaibinh.com\/w\/cayxanh\/wp-content\/uploads\/2018\/04\/slider67.jpg 1200w, https:\/\/webmaibinh.com\/w\/cayxanh\/wp-content\/uploads\/2018\/04\/slider67-600x191.jpg 600w, https:\/\/webmaibinh.com\/w\/cayxanh\/wp-content\/uploads\/2018\/04\/slider67-300x95.jpg 300w, https:\/\/webmaibinh.com\/w\/cayxanh\/wp-content\/uploads\/2018\/04\/slider67-768x244.jpg 768w, https:\/\/webmaibinh.com\/w\/cayxanh\/wp-content\/uploads\/2018\/04\/slider67-1024x325.jpg 1024w\" sizes=\"(max-width: 1200px) 100vw, 1200px\" \/>  \t\t\t\t\t\t\t<div class=\"overlay\" style=\"background-color: rgba(44, 106, 0, 0.41)\"><\/div>  \t\t\t\t\t\t\t  \t\t\t\t\t\t<\/div>\n  \t\t\t\t\t\t  \t\t\t\t\t<\/div>\n          \t\t\t\t\t<div class=\"box-text text-center is-small\" style=\"background-color:rgba(0, 0, 0, 0.65);\">\n\t\t\t\t\t<div class=\"box-text-inner blog-post-inner\">\n\n\t\t\t\t\t\n\t\t\t\t\t\t\t\t\t\t<h5 class=\"post-title is-large \">Tr\u1ed3ng c\u00e2y xanh bi\u1ec7t th\u1ef1 t\u01b0 gia \u2013 Thi c\u00f4ng H\u1ed3 c\u00e1 Koi t\u1ea1i Ba v\u00ec<\/h5>\n\t\t\t\t\t\t\t\t\t\t<div class=\"is-divider\"><\/div>\n\t\t\t\t\t                    \n\t\t\t\t\t\n\t\t\t\t\t\n\t\t\t\t\t<\/div>\n\t\t\t\t\t<\/div>\n\t\t\t\t\t\t\t\t\t<\/div>\n\t\t\t\t<\/a>\n\t\t\t<\/div>\n\t\t<\/div>\n\t\t<div class=\"col post-item\" >\n\t\t\t<div class=\"col-inner\">\n\t\t\t<a href=\"https:\/\/webmaibinh.com\/w\/cayxanh\/trong-cay-xanh-va-thi-cong-canh-quan-biet-thu-tu-gia-tai-viet-tri-phu-tho\/\" class=\"plain\">\n\t\t\t\t<div class=\"box box-overlay dark box-text-bottom box-blog-post has-hover\">\n            \t\t\t\t\t<div class=\"box-image\" >\n  \t\t\t\t\t\t<div class=\"image-overlay-add image-cover\" style=\"padding-top:65%;\">\n  \t\t\t\t\t\t\t<img width=\"500\" height=\"375\" src=\"https:\/\/webmaibinh.com\/w\/cayxanh\/wp-content\/uploads\/2018\/04\/thi-cong-canh-quan-biet-thu.jpg\" class=\"attachment-original size-original wp-post-image\" alt=\"\" loading=\"lazy\" srcset=\"https:\/\/webmaibinh.com\/w\/cayxanh\/wp-content\/uploads\/2018\/04\/thi-cong-canh-quan-biet-thu.jpg 500w, https:\/\/webmaibinh.com\/w\/cayxanh\/wp-content\/uploads\/2018\/04\/thi-cong-canh-quan-biet-thu-300x225.jpg 300w\" sizes=\"(max-width: 500px) 100vw, 500px\" \/>  \t\t\t\t\t\t\t<div class=\"overlay\" style=\"background-color: rgba(44, 106, 0, 0.41)\"><\/div>  \t\t\t\t\t\t\t  \t\t\t\t\t\t<\/div>\n  \t\t\t\t\t\t  \t\t\t\t\t<\/div>\n          \t\t\t\t\t<div class=\"box-text text-center is-small\" style=\"background-color:rgba(0, 0, 0, 0.65);\">\n\t\t\t\t\t<div class=\"box-text-inner blog-post-inner\">\n\n\t\t\t\t\t\n\t\t\t\t\t\t\t\t\t\t<h5 class=\"post-title is-large \">Tr\u1ed3ng v\u00e0 thi c\u00f4ng c\u1ea3nh quan Bi\u1ec7t th\u1ef1 t\u01b0 gia t\u1ea1i Vi\u1ec7t Tr\u00ec Ph\u00fa Th\u1ecd<\/h5>\n\t\t\t\t\t\t\t\t\t\t<div class=\"is-divider\"><\/div>\n\t\t\t\t\t                    \n\t\t\t\t\t\n\t\t\t\t\t\n\t\t\t\t\t<\/div>\n\t\t\t\t\t<\/div>\n\t\t\t\t\t\t\t\t\t<\/div>\n\t\t\t\t<\/a>\n\t\t\t<\/div>\n\t\t<\/div>\n\t\t<div class=\"col post-item\" >\n\t\t\t<div class=\"col-inner\">\n\t\t\t<a href=\"https:\/\/webmaibinh.com\/w\/cayxanh\/da-san-vuon-trang-tri-tho-moc-tu-nhien\/\" class=\"plain\">\n\t\t\t\t<div class=\"box box-overlay dark box-text-bottom box-blog-post has-hover\">\n            \t\t\t\t\t<div class=\"box-image\" >\n  \t\t\t\t\t\t<div class=\"image-overlay-add image-cover\" style=\"padding-top:65%;\">\n  \t\t\t\t\t\t\t<img width=\"250\" height=\"188\" src=\"https:\/\/webmaibinh.com\/w\/cayxanh\/wp-content\/uploads\/2018\/04\/23.jpg\" class=\"attachment-original size-original wp-post-image\" alt=\"\" loading=\"lazy\" \/>  \t\t\t\t\t\t\t<div class=\"overlay\" style=\"background-color: rgba(44, 106, 0, 0.41)\"><\/div>  \t\t\t\t\t\t\t  \t\t\t\t\t\t<\/div>\n  \t\t\t\t\t\t  \t\t\t\t\t<\/div>\n          \t\t\t\t\t<div class=\"box-text text-center is-small\" style=\"background-color:rgba(0, 0, 0, 0.65);\">\n\t\t\t\t\t<div class=\"box-text-inner blog-post-inner\">\n\n\t\t\t\t\t\n\t\t\t\t\t\t\t\t\t\t<h5 class=\"post-title is-large \">\u0110\u00e1 s\u00e2n v\u01b0\u1eddn trang tr\u00ed th\u00f4 m\u1ed9c t\u1ef1 nhi\u00ean<\/h5>\n\t\t\t\t\t\t\t\t\t\t<div class=\"is-divider\"><\/div>\n\t\t\t\t\t                    \n\t\t\t\t\t\n\t\t\t\t\t\n\t\t\t\t\t<\/div>\n\t\t\t\t\t<\/div>\n\t\t\t\t\t\t\t\t\t<\/div>\n\t\t\t\t<\/a>\n\t\t\t<\/div>\n\t\t<\/div>\n\t\t<div class=\"col post-item\" >\n\t\t\t<div class=\"col-inner\">\n\t\t\t<a href=\"https:\/\/webmaibinh.com\/w\/cayxanh\/ve-dep-kho-cuong-cua-nhung-san-vuon-trang-tri-bang-da\/\" class=\"plain\">\n\t\t\t\t<div class=\"box box-overlay dark box-text-bottom box-blog-post has-hover\">\n            \t\t\t\t\t<div class=\"box-image\" >\n  \t\t\t\t\t\t<div class=\"image-overlay-add image-cover\" style=\"padding-top:65%;\">\n  \t\t\t\t\t\t\t<img width=\"500\" height=\"376\" src=\"https:\/\/webmaibinh.com\/w\/cayxanh\/wp-content\/uploads\/2018\/04\/6.jpg\" class=\"attachment-original size-original wp-post-image\" alt=\"\" loading=\"lazy\" srcset=\"https:\/\/webmaibinh.com\/w\/cayxanh\/wp-content\/uploads\/2018\/04\/6.jpg 500w, https:\/\/webmaibinh.com\/w\/cayxanh\/wp-content\/uploads\/2018\/04\/6-300x226.jpg 300w\" sizes=\"(max-width: 500px) 100vw, 500px\" \/>  \t\t\t\t\t\t\t<div class=\"overlay\" style=\"background-color: rgba(44, 106, 0, 0.41)\"><\/div>  \t\t\t\t\t\t\t  \t\t\t\t\t\t<\/div>\n  \t\t\t\t\t\t  \t\t\t\t\t<\/div>\n          \t\t\t\t\t<div class=\"box-text text-center is-small\" style=\"background-color:rgba(0, 0, 0, 0.65);\">\n\t\t\t\t\t<div class=\"box-text-inner blog-post-inner\">\n\n\t\t\t\t\t\n\t\t\t\t\t\t\t\t\t\t<h5 class=\"post-title is-large \">V\u1ebb \u0111\u1eb9p kh\u00f3 c\u01b0\u1ee1ng c\u1ee7a nh\u1eefng s\u00e2n v\u01b0\u1eddn trang tr\u00ed b\u1eb1ng \u0111\u00e1<\/h5>\n\t\t\t\t\t\t\t\t\t\t<div class=\"is-divider\"><\/div>\n\t\t\t\t\t                    \n\t\t\t\t\t\n\t\t\t\t\t\n\t\t\t\t\t<\/div>\n\t\t\t\t\t<\/div>\n\t\t\t\t\t\t\t\t\t<\/div>\n\t\t\t\t<\/a>\n\t\t\t<\/div>\n\t\t<\/div>\n<\/div><\/div>\n","protected":false},"excerpt":{"rendered":"<p>T\u00eda t\u00f4 c\u1ea3nh T\u00eda t\u00f4 c\u1ea3nh\u00a0hay c\u00f2n g\u1ecdi l\u00e0 l\u00e1 g\u1ea5m T\u00ean khoa h\u1ecdc l\u00e0 Solenostemon scutellarioides [&#8230;]\n","protected":false},"featured_media":554,"comment_status":"open","ping_status":"closed","template":"","meta":[],"_links":{"self":[{"href":"https:\/\/webmaibinh.com\/w\/cayxanh\/wp-json\/wp\/v2\/product\/553"}],"collection":[{"href":"https:\/\/webmaibinh.com\/w\/cayxanh\/wp-json\/wp\/v2\/product"}],"about":[{"href":"https:\/\/webmaibinh.com\/w\/cayxanh\/wp-json\/wp\/v2\/types\/product"}],"replies":[{"embeddable":true,"href":"https:\/\/webmaibinh.com\/w\/cayxanh\/wp-json\/wp\/v2\/comments?post=553"}],"wp:featuredmedia":[{"embeddable":true,"href":"https:\/\/webmaibinh.com\/w\/cayxanh\/wp-json\/wp\/v2\/media\/554"}],"wp:attachment":[{"href":"https:\/\/webmaibinh.com\/w\/cayxanh\/wp-json\/wp\/v2\/media?parent=553"}],"curies":[{"name":"wp","href":"https:\/\/api.w.org\/{rel}","templated":true}]}}