{"id":543,"date":"2018-04-07T13:05:08","date_gmt":"2018-04-07T06:05:08","guid":{"rendered":"https:\/\/bizhostvn.com\/w\/cayxanh\/?post_type=product&#038;p=543"},"modified":"2018-04-07T15:35:05","modified_gmt":"2018-04-07T08:35:05","slug":"co-toc-tien","status":"publish","type":"product","link":"https:\/\/webmaibinh.com\/w\/cayxanh\/san-pham\/co-toc-tien\/","title":{"rendered":"C\u1ecf t\u00f3c ti\u00ean"},"content":{"rendered":"<p>C\u00e2y T\u00f3c ti\u00ean hay c\u00f2n g\u1ecdi l\u00e0 C\u1ecf d\u00e2y th\u00e9p, T\u00f3c v\u1ec7 n\u1eef.\u00a0T\u00ean khoa h\u1ecdc c\u1ee7a n\u00f3 l\u00e0: \u00a0<em>Adiantaceae.\u00a0<\/em>L\u00e1 c\u00e2y m\u1ecfng v\u00e0 c\u00f3 m\u00e0u xanh nh\u1ea1t, cu\u1ed1ng l\u00e1 m\u00e0u \u0111en b\u00f3ng. C\u00e0nh c\u1ee7a c\u00e2y d\u00e0i v\u00e0 c\u00f3 m\u00e0u nh\u01b0 s\u1ee3i d\u00e2y th\u00e9p. Lo\u00e0i c\u00e2y n\u00e0y c\u00f3 ngu\u1ed3n g\u1ed1c t\u1eeb nh\u1eefng khu v\u1ef1c \u1ea5m \u00e1p \u1edf Ch\u00e2u Phi, Ch\u00e2u \u0110\u1ea1i D\u01b0\u01a1ng v\u00e0 Ch\u00e2u \u00c1, \u0111\u01b0\u1ee3c tr\u1ed3ng r\u1ed9ng r\u00e3i v\u00e0 ph\u00e2n b\u1ed1 \u1edf c\u00e1c t\u1ec9nh c\u1ee7a Vi\u1ec7t Nam v\u00e0 Trung Qu\u1ed1c.<\/p>\n<p>T\u00f3c Ti\u00ean l\u00e0 c\u00e2y c\u00f3 t\u1ed1c \u0111\u1ed9 sinh tr\u01b0\u1edfng nhanh.\u00a0Ph\u00f9 h\u1ee3p v\u1edbi c\u00e2y c\u00f3 nhu c\u1ea7u dinh d\u01b0\u1ee1ng trung b\u00ecnh, \u0111\u1ea5t \u00a0t\u01a1i x\u1ed1p, \u00a0ho\u00e1t n\u01b0\u1edbc t\u1ed1t, \u01b0a s\u00e1ng. D\u1ec5 nh\u00e2n gi\u1ed1ng b\u1eb1ng h\u1ea1t ho\u1eb7c gi\u00e2m c\u00e0nh. Hoa T\u00f3c ti\u00ean ch\u1ec9 c\u00f3 3 m\u00e0u: tr\u1eafng, h\u1ed3ng v\u00e0 v\u00e0ng. M\u1ed7i hoa ch\u1ec9 c\u00f3 t\u1eeb 6-8 c\u00e1nh, c\u00f3 th\u1ec3 n\u1edf m\u1ed9t l\u1edbp, c\u0169ng c\u00f3 th\u1ec3 n\u1edf xen 2 l\u1edbp t\u00f9y c\u00e1nh hoa, t\u00f9y lo\u00e0i.<\/p>\n<p>\u1ee8ng d\u1ee5ng:<br \/>\nC\u00e2y t\u00f3c ti\u00ean c\u00f3 th\u1ec3 sinh tr\u01b0\u1edfng t\u1ed1t trong m\u00f4i tr\u01b0\u1eddng c\u00f3 n\u1ed3ng \u0111\u1ed9 kh\u00f3i thu\u1ed1c th\u1ea5p, h\u1ea5p thu c\u00e1c ch\u1ea5t kh\u00ed c\u00f3 h\u1ea1i trong m\u00f4i tr\u01b0\u1eddng nh\u01b0 Aldehyde formic, c\u00f3 t\u00e1c d\u1ee5ng to l\u1edbn trong vi\u1ec7c l\u00e0m s\u1ea1ch kh\u00f4ng kh\u00ed, r\u1ea5t th\u00edch h\u1ee3p \u0111\u1ec3 b\u00e0i tr\u00ed trong nh\u1eefng ph\u00f2ng ng\u1ee7 c\u00f3 di\u00ean t\u00edch kh\u00f4ng \u0111\u1ee7 l\u1edbn, b\u1edfi n\u00f3 c\u00f3 th\u1ec3 c\u1ea3i thi\u1ec7n m\u00f4i tr\u01b0\u1eddng c\u0169ng nh\u01b0 gi\u00fap ng\u1ee7 ngon gi\u1ea5c.<\/p>\n<p>\u1ee8ng d\u1ee5ng:<br \/>\nC\u00e2y t\u00f3c ti\u00ean c\u00f3 th\u1ec3 sinh tr\u01b0\u1edfng t\u1ed1t trong m\u00f4i tr\u01b0\u1eddng c\u00f3 n\u1ed3ng \u0111\u1ed9 kh\u00f3i thu\u1ed1c th\u1ea5p, h\u1ea5p thu c\u00e1c ch\u1ea5t kh\u00ed c\u00f3 h\u1ea1i trong m\u00f4i tr\u01b0\u1eddng nh\u01b0 Aldehyde formic, c\u00f3 t\u00e1c d\u1ee5ng to l\u1edbn trong vi\u1ec7c l\u00e0m s\u1ea1ch kh\u00f4ng kh\u00ed, r\u1ea5t th\u00edch h\u1ee3p \u0111\u1ec3 b\u00e0i tr\u00ed trong nh\u1eefng ph\u00f2ng ng\u1ee7 c\u00f3 di\u00ean t\u00edch kh\u00f4ng \u0111\u1ee7 l\u1edbn, b\u1edfi n\u00f3 c\u00f3 th\u1ec3 c\u1ea3i thi\u1ec7n m\u00f4i tr\u01b0\u1eddng c\u0169ng nh\u01b0 gi\u00fap ng\u1ee7 ngon gi\u1ea5c.<\/p>\n<p>C\u00e2y t\u00f3c ti\u00ean l\u00e0 lo\u00e0i c\u00e2y r\u1ea5t d\u1ec5 tr\u1ed3ng, nh\u01b0ng ph\u1ea3i \u0111\u1ea3m b\u1ea3o nhu c\u1ea7u n\u01b0\u1edbc t\u01b0\u1edbi su\u1ed1t th\u1eddi k\u1ef3 t\u0103ng tr\u01b0\u1edfng, n\u1ebfu \u0111\u1ec3 kh\u00f4 2-3 ng\u00e0y n\u00f3 s\u1ebd ra hoa s\u1edbm trong khi d\u00e2y c\u00f2n ng\u1eafn v\u00e0 ch\u01b0a ph\u1ee7 h\u1ebft khung s\u01b0\u1eddn. V\u00ec v\u1eady, t\u01b0\u1edbi n\u01b0\u1edbc \u0111\u1ec1u m\u1ed7i ng\u00e0y cho t\u1edbi khi n\u00f3 ph\u1ee7 h\u1ebft khung s\u01b0\u1eddn, ta ng\u1eebng t\u01b0\u1edbi n\u01b0\u1edbc 2-3 ng\u00e0y l\u00e0 n\u00f3 s\u1ebd n\u1edf hoa m\u1ed9t lo\u1ea1t r\u1ea5t \u0111\u1eb9p.<\/p>\n","protected":false},"excerpt":{"rendered":"<p>T\u00f3c Ti\u00ean l\u00e0 c\u00e2y c\u00f3 t\u1ed1c \u0111\u1ed9 sinh tr\u01b0\u1edfng nhanh. Ph\u00f9 h\u1ee3p v\u1edbi c\u00e2y c\u00f3 nhu c\u1ea7u dinh d\u01b0\u1ee1ng trung b\u00ecnh, \u0111\u1ea5t  t\u01a1i x\u1ed1p,  ho\u00e1t n\u01b0\u1edbc t\u1ed1t, \u01b0a s\u00e1ng. D\u1ec5 nh\u00e2n gi\u1ed1ng b\u1eb1ng h\u1ea1t ho\u1eb7c gi\u00e2m c\u00e0nh.<\/p>\n","protected":false},"featured_media":544,"comment_status":"open","ping_status":"closed","template":"","meta":[],"_links":{"self":[{"href":"https:\/\/webmaibinh.com\/w\/cayxanh\/wp-json\/wp\/v2\/product\/543"}],"collection":[{"href":"https:\/\/webmaibinh.com\/w\/cayxanh\/wp-json\/wp\/v2\/product"}],"about":[{"href":"https:\/\/webmaibinh.com\/w\/cayxanh\/wp-json\/wp\/v2\/types\/product"}],"replies":[{"embeddable":true,"href":"https:\/\/webmaibinh.com\/w\/cayxanh\/wp-json\/wp\/v2\/comments?post=543"}],"wp:featuredmedia":[{"embeddable":true,"href":"https:\/\/webmaibinh.com\/w\/cayxanh\/wp-json\/wp\/v2\/media\/544"}],"wp:attachment":[{"href":"https:\/\/webmaibinh.com\/w\/cayxanh\/wp-json\/wp\/v2\/media?parent=543"}],"curies":[{"name":"wp","href":"https:\/\/api.w.org\/{rel}","templated":true}]}}