{"id":540,"date":"2018-04-07T13:03:42","date_gmt":"2018-04-07T06:03:42","guid":{"rendered":"https:\/\/bizhostvn.com\/w\/cayxanh\/?post_type=product&#038;p=540"},"modified":"2018-04-07T13:03:42","modified_gmt":"2018-04-07T06:03:42","slug":"hoa-muoi-gio","status":"publish","type":"product","link":"https:\/\/webmaibinh.com\/w\/cayxanh\/san-pham\/hoa-muoi-gio\/","title":{"rendered":"Hoa m\u01b0\u1eddi gi\u1edd"},"content":{"rendered":"<p>T\u00ean th\u01b0\u1eddng g\u1ecdi: <strong>C\u00e2y hoa m\u01b0\u1eddi gi\u1edd, hoa t\u00ed ng\u1ecd\u2026<\/strong><\/p>\n<p>T\u00ean khoa h\u1ecdc: <em>Portulaca grandiflora<\/em><\/p>\n<p>H\u1ecd th\u1ef1c v\u1eadt: <em>Portulacaceae<\/em><\/p>\n<p>Chi\u1ec1u cao: 10 \u2013 15 cm<\/p>\n<p>C\u00f4ng d\u1ee5ng: C\u00e2y hoa m\u01b0\u1eddi gi\u1edd th\u01b0\u1eddng \u0111\u01b0\u1ee3c tr\u1ed3ng s\u00e2n v\u01b0\u1eddn, tr\u1ed3ng b\u1ed3n, t\u1ea1o th\u1ea3m hoa hay tr\u1ed3ng xen v\u1edbi c\u00e1c c\u00e2y l\u1edbn kh\u00e1c. Hoa m\u01b0\u1eddi gi\u1edd c\u00f2n \u0111\u01b0\u1ee3c tr\u1ed3ng ch\u1eadu nh\u1ef1a, ch\u1eadu s\u1ee9\u00a0 hay ch\u1eadu treo trang tr\u00ed ban c\u00f4ng, hi\u00ean nh\u00e0. C\u00e2y c\u00f2n l\u00e0 lo\u00e0i thu\u1ed1c qu\u00fd tr\u1ecb vi\u00eam h\u1ecdng, eczema, gh\u1ebb, m\u1ee5n nh\u1ecdt\u2026<\/p>\n<p>C\u00f4ng d\u1ee5ng: C\u00e2y hoa m\u01b0\u1eddi gi\u1edd th\u01b0\u1eddng \u0111\u01b0\u1ee3c tr\u1ed3ng s\u00e2n v\u01b0\u1eddn, tr\u1ed3ng b\u1ed3n, t\u1ea1o th\u1ea3m hoa hay tr\u1ed3ng xen v\u1edbi c\u00e1c c\u00e2y l\u1edbn kh\u00e1c. Hoa m\u01b0\u1eddi gi\u1edd c\u00f2n \u0111\u01b0\u1ee3c tr\u1ed3ng ch\u1eadu nh\u1ef1a, ch\u1eadu s\u1ee9\u00a0 hay ch\u1eadu treo trang tr\u00ed ban c\u00f4ng, hi\u00ean nh\u00e0. C\u00e2y c\u00f2n l\u00e0 lo\u00e0i thu\u1ed1c qu\u00fd tr\u1ecb vi\u00eam h\u1ecdng, eczema, gh\u1ebb, m\u1ee5n nh\u1ecdt\u2026<\/p>\n<p><img loading=\"lazy\" class=\"wp-image-3664 aligncenter\" src=\"http:\/\/trongcaycongtrinh.com\/wp-content\/uploads\/2017\/04\/hoa-m%C6%B0%E1%BB%9Di-gi%E1%BB%9D-1.jpg\" sizes=\"(max-width: 474px) 100vw, 474px\" srcset=\"http:\/\/trongcaycongtrinh.com\/wp-content\/uploads\/2017\/04\/hoa-m\u01b0\u1eddi-gi\u1edd-1-300x199.jpg 300w, http:\/\/trongcaycongtrinh.com\/wp-content\/uploads\/2017\/04\/hoa-m\u01b0\u1eddi-gi\u1edd-1-768x510.jpg 768w, http:\/\/trongcaycongtrinh.com\/wp-content\/uploads\/2017\/04\/hoa-m\u01b0\u1eddi-gi\u1edd-1.jpg 1024w\" alt=\"hoa m\u01b0\u1eddi gi\u1edd 1\" width=\"474\" height=\"315\" \/><\/p>\n<p>C\u00e2y hoa m\u01b0\u1eddi gi\u1edd c\u00f3 ngu\u1ed3n g\u1ed1c t\u1eeb Nam M\u1ef9, nh\u01b0ng \u0111\u01b0\u1ee3c tr\u1ed3ng r\u1ed9ng r\u00e3i trong c\u00e1c v\u00f9ng \u00f4n \u0111\u1edbi c\u0169ng nh\u01b0 c\u00e2y tr\u1ed3ng n\u1ec1n, tr\u1ed3ng b\u1ed3n trong c\u00f4ng vi\u00ean, s\u00e2n nh\u00e0.<\/p>\n<p>C\u00e2y hoa m\u01b0\u1eddi gi\u1edd l\u00e0 lo\u00e0i c\u00e2y th\u00e2n th\u1ea3o c\u00f3 th\u00e2n nh\u1ecf, m\u1ecdng n\u01b0\u1edbc, c\u00f3 m\u00e0u h\u1ed3ng nh\u1ea1t, nhi\u1ec1u nh\u00e1nh v\u00e0 l\u1edbn nhanh trong h\u1ecd rau sam. L\u00e1 h\u00ecnh d\u1ea3i h\u01a1i d\u1eb9t, d\u00e0i 1.5 \u2013 2 cm, m\u00e9p nguy\u00ean, l\u00e1 c\u00f3 m\u00e0u xanh nh\u1ea1t.<\/p>\n<p>C\u00e2y hoa m\u01b0\u1eddi gi\u1edd ch\u1ec9\u00a0 n\u1edf hoa v\u00e0o kho\u1ea3ng 8, 9 gi\u1edd cho \u0111\u1ebfn 10 gi\u1edd s\u00e1ng trong ng\u00e0y n\u00ean g\u1ecdi l\u00e0 hoa m\u01b0\u1eddi gi\u1edd. C\u00e2y c\u00f3 hoa nhi\u1ec1u m\u00e0u s\u1eb7c s\u1ee1 nh\u01b0 \u0111\u1ecf, cam, tr\u1eafng, h\u1ed3ng hay v\u00e0ng.<\/p>\n<p><img loading=\"lazy\" class=\"wp-image-3665 aligncenter\" src=\"http:\/\/trongcaycongtrinh.com\/wp-content\/uploads\/2017\/04\/hoa-m%C6%B0%E1%BB%9Di-gi%E1%BB%9D-2.jpg\" sizes=\"(max-width: 429px) 100vw, 429px\" srcset=\"http:\/\/trongcaycongtrinh.com\/wp-content\/uploads\/2017\/04\/hoa-m\u01b0\u1eddi-gi\u1edd-2-768x516.jpg 768w, http:\/\/trongcaycongtrinh.com\/wp-content\/uploads\/2017\/04\/hoa-m\u01b0\u1eddi-gi\u1edd-2.jpg 1024w, http:\/\/trongcaycongtrinh.com\/wp-content\/uploads\/2017\/04\/hoa-m\u01b0\u1eddi-gi\u1edd-2-298x200.jpg 298w\" alt=\"hoa m\u01b0\u1eddi gi\u1edd 2\" width=\"429\" height=\"288\" \/><\/p>\n<p>C\u00f3 nhi\u1ec1u lo\u1ea1i c\u00e2y hoa m\u01b0\u1eddi gi\u1edd nh\u01b0 c\u00e2y hoa m\u01b0\u1eddi gi\u1edd nhi\u1ec1u c\u00e1nh, c\u00e2y hoa m\u01b0\u1eddi gi\u1edd \u0110\u00e0 L\u1ea1t, c\u00e2y m\u01b0\u1eddi gi\u1edd m\u1ef9.<\/p>\n<p>C\u00e2y hoa m\u01b0\u1eddi gi\u1edd c\u00f3 s\u1ee9c s\u1ed1ng kh\u1ecfe, th\u00edch n\u01a1i r\u00e1o n\u01b0\u1edbc v\u00e0 nhi\u1ec1u n\u1eafng n\u00ean r\u1ea5t \u0111\u01b0\u1ee3c \u01b0a chu\u1ed9ng tr\u1ed3ng n\u1ec1n nh\u1eefng n\u01a1i n\u1eafng g\u1eaft, m\u01b0\u1eddi gi\u1edd c\u00f2n l\u00e0 c\u00e2y tr\u1ed3ng ch\u1eadu treo l\u00fd t\u01b0\u1edfng cho c\u00e1c ban c\u00f4ng, s\u00e2n th\u01b0\u1ee3ng, hi\u00ean nh\u00e0\u2026<\/p>\n","protected":false},"excerpt":{"rendered":"<p>T\u00ean th\u01b0\u1eddng g\u1ecdi: C\u00e2y hoa m\u01b0\u1eddi gi\u1edd, hoa t\u00ed ng\u1ecd\u2026 T\u00ean khoa h\u1ecdc: Portulaca grandiflora H\u1ecd th\u1ef1c [&#8230;]\n","protected":false},"featured_media":541,"comment_status":"open","ping_status":"closed","template":"","meta":[],"_links":{"self":[{"href":"https:\/\/webmaibinh.com\/w\/cayxanh\/wp-json\/wp\/v2\/product\/540"}],"collection":[{"href":"https:\/\/webmaibinh.com\/w\/cayxanh\/wp-json\/wp\/v2\/product"}],"about":[{"href":"https:\/\/webmaibinh.com\/w\/cayxanh\/wp-json\/wp\/v2\/types\/product"}],"replies":[{"embeddable":true,"href":"https:\/\/webmaibinh.com\/w\/cayxanh\/wp-json\/wp\/v2\/comments?post=540"}],"wp:featuredmedia":[{"embeddable":true,"href":"https:\/\/webmaibinh.com\/w\/cayxanh\/wp-json\/wp\/v2\/media\/541"}],"wp:attachment":[{"href":"https:\/\/webmaibinh.com\/w\/cayxanh\/wp-json\/wp\/v2\/media?parent=540"}],"curies":[{"name":"wp","href":"https:\/\/api.w.org\/{rel}","templated":true}]}}