{"id":525,"date":"2018-04-07T12:49:51","date_gmt":"2018-04-07T05:49:51","guid":{"rendered":"https:\/\/bizhostvn.com\/w\/cayxanh\/?post_type=product&#038;p=525"},"modified":"2018-04-07T16:56:02","modified_gmt":"2018-04-07T09:56:02","slug":"cay-giac-ngo","status":"publish","type":"product","link":"https:\/\/webmaibinh.com\/w\/cayxanh\/san-pham\/cay-giac-ngo\/","title":{"rendered":"C\u00e2y gi\u00e1c ng\u1ed9"},"content":{"rendered":"<p>C\u00e2y \u0111\u1ec1, nhi\u1ec1u ng\u01b0\u1eddi g\u1ecdi l\u00e0 c\u00e2y B\u1ed3-\u0111\u1ec1 (Ficus religiosa), l\u00e0 m\u1ed9t lo\u00e0i c\u00e2y thu\u1ed9c chi \u0111a \u0111\u1ec1 (Ficus) c\u00f3 ngu\u1ed3n g\u1ed1c \u1edf \u1ea4n \u0110\u1ed9, t\u00e2y nam Trung Qu\u1ed1c v\u00e0 \u0110\u00f4ng D\u01b0\u01a1ng v\u1ec1 ph\u00eda \u0111\u00f4ng t\u1edbi Vi\u1ec7t Nam. N\u00f3 l\u00e0 m\u1ed9t lo\u00e0i c\u00e2y r\u1ee5ng l\u00e1 v\u1ec1 m\u00f9a kh\u00f4 ho\u1eb7c th\u01b0\u1eddng xanh b\u00e1n m\u00f9a, cao t\u1edbi 30m v\u00e0 \u0111\u01b0\u1eddng k\u00ednh th\u00e2n t\u1edbi 3m. L\u00e1 c\u1ee7a ch\u00fang c\u00f3 h\u00ecnh tim v\u1edbi ph\u1ea7n ch\u00f3p k\u00e9o d\u00e0i \u0111\u1eb7c bi\u1ec7t; c\u00e1c l\u00e1 d\u00e0i 10\u201317 cm v\u00e0 r\u1ed9ng 8\u201312 cm, v\u1edbi cu\u1ed1ng l\u00e1 d\u00e0i 6\u201310 cm. Qu\u1ea3 c\u1ee7a c\u00e2y b\u1ed3 \u0111\u1ec1 l\u00e0 lo\u1ea1i qu\u1ea3 nh\u1ecf gi\u1ed1ng qu\u1ea3 v\u1ea3 \u0111\u01b0\u1eddng k\u00ednh 1-1,5 cm c\u00f3 m\u00e0u xanh l\u1ee5c \u0111i\u1ec3m t\u00eda.<\/p>\n<p>C\u00e2y B\u1ed3 \u0111\u1ec1 th\u01b0\u1eddng \u0111\u01b0\u1ee3c tr\u1ed3ng \u1edf ch\u00f9a, b\u1edfi lo\u00e0i c\u00e2y n\u00e0y \u0111\u01b0\u1ee3c cho l\u00e0 thi\u00eang li\u00eang \u0111\u1ed1i v\u1edbi nh\u1eefng ng\u01b0\u1eddi theo \u1ea4n \u0110\u1ed9 gi\u00e1o, K\u00ec-na gi\u00e1o v\u00e0 Ph\u1eadt gi\u00e1o. T\u01b0\u01a1ng truy\u1ec1n th\u00e1i t\u1eed T\u1ea5t-\u0111\u1ea1t-\u0111a C\u1ed3-\u0111\u00e0m ng\u1ed3i thi\u1ec1n \u0111\u1ecbnh d\u01b0\u1edbi m\u1ed9t g\u1ed1c c\u00e2y nh\u01b0 v\u1eady v\u00e0 \u0111\u1ea1t gi\u00e1c ng\u1ed9, tr\u1edf th\u00e0nh m\u1ed9t v\u1ecb Ph\u1eadt. Qua \u0111\u00f3 m\u00e0 c\u00e2y n\u00e0y c\u00f3 t\u00ean b\u1ed3 \u0111\u1ec1, v\u00ec B\u1ed3-\u0111\u1ec1 c\u00f3 ngh\u0129a l\u00e0 Gi\u00e1c ng\u1ed9.<\/p>\n<p>N\u1ebfu ai \u0111\u00e3 t\u1eebng \u0111i du l\u1ecbch sang Cam pu chia \u0111\u1ebfn \u0111\u1ec1n Angkor b\u1ea1n s\u1ebd th\u1ea5y c\u00e2y \u0111\u1ec1 bao tr\u00f9m r\u1ec5 tr\u00ean Prasat Ta Som th\u1eadt l\u1ef3 l\u1ea1 v\u00e0 t\u1ef1 h\u1ecfi t\u1ea1i sao c\u00e2y \u0111\u1ec1 l\u1ea1i v\u1eady \u0111\u00fang kh\u00f4ng sau \u0111\u00e2y l\u00e0 m\u1ed9t v\u00e0i h\u00ecnh.<\/p>\n<div class=\"bottom-page-bottom\">\n<h3>B\u00c0I VI\u1ebeT LI\u00caN QUAN<\/h3>\n\n  \n    <div class=\"row large-columns-3 medium-columns- small-columns-1 row-small\">\n  \t\t<div class=\"col post-item\" >\n\t\t\t<div class=\"col-inner\">\n\t\t\t<a href=\"https:\/\/webmaibinh.com\/w\/cayxanh\/thi-cong-canh-quan-biet-thu-le-van-thien-nha-mat-pho-1000m2\/\" class=\"plain\">\n\t\t\t\t<div class=\"box box-overlay dark box-text-bottom box-blog-post has-hover\">\n            \t\t\t\t\t<div class=\"box-image\" >\n  \t\t\t\t\t\t<div class=\"image-overlay-add image-cover\" style=\"padding-top:65%;\">\n  \t\t\t\t\t\t\t<img width=\"500\" height=\"316\" src=\"https:\/\/webmaibinh.com\/w\/cayxanh\/wp-content\/uploads\/2018\/04\/canh-quan-san-vuon-biet-thu.jpg\" class=\"attachment-original size-original wp-post-image\" alt=\"\" loading=\"lazy\" srcset=\"https:\/\/webmaibinh.com\/w\/cayxanh\/wp-content\/uploads\/2018\/04\/canh-quan-san-vuon-biet-thu.jpg 500w, https:\/\/webmaibinh.com\/w\/cayxanh\/wp-content\/uploads\/2018\/04\/canh-quan-san-vuon-biet-thu-300x190.jpg 300w\" sizes=\"(max-width: 500px) 100vw, 500px\" \/>  \t\t\t\t\t\t\t<div class=\"overlay\" style=\"background-color: rgba(44, 106, 0, 0.41)\"><\/div>  \t\t\t\t\t\t\t  \t\t\t\t\t\t<\/div>\n  \t\t\t\t\t\t  \t\t\t\t\t<\/div>\n          \t\t\t\t\t<div class=\"box-text text-center is-small\" style=\"background-color:rgba(0, 0, 0, 0.65);\">\n\t\t\t\t\t<div class=\"box-text-inner blog-post-inner\">\n\n\t\t\t\t\t\n\t\t\t\t\t\t\t\t\t\t<h5 class=\"post-title is-large \">Thi c\u00f4ng c\u1ea3nh quan bi\u1ec7t th\u1ef1 LeNam nh\u00e0 m\u1eb7t ph\u1ed1 1000m2<\/h5>\n\t\t\t\t\t\t\t\t\t\t<div class=\"is-divider\"><\/div>\n\t\t\t\t\t                    \n\t\t\t\t\t\n\t\t\t\t\t\n\t\t\t\t\t<\/div>\n\t\t\t\t\t<\/div>\n\t\t\t\t\t\t\t\t\t<\/div>\n\t\t\t\t<\/a>\n\t\t\t<\/div>\n\t\t<\/div>\n\t\t<div class=\"col post-item\" >\n\t\t\t<div class=\"col-inner\">\n\t\t\t<a href=\"https:\/\/webmaibinh.com\/w\/cayxanh\/thi-cong-non-bo-ho-ca-koi-tai-xa-quang-tien-soc-son\/\" class=\"plain\">\n\t\t\t\t<div class=\"box box-overlay dark box-text-bottom box-blog-post has-hover\">\n            \t\t\t\t\t<div class=\"box-image\" >\n  \t\t\t\t\t\t<div class=\"image-overlay-add image-cover\" style=\"padding-top:65%;\">\n  \t\t\t\t\t\t\t<img width=\"500\" height=\"376\" src=\"https:\/\/webmaibinh.com\/w\/cayxanh\/wp-content\/uploads\/2018\/04\/6.jpg\" class=\"attachment-original size-original wp-post-image\" alt=\"\" loading=\"lazy\" srcset=\"https:\/\/webmaibinh.com\/w\/cayxanh\/wp-content\/uploads\/2018\/04\/6.jpg 500w, https:\/\/webmaibinh.com\/w\/cayxanh\/wp-content\/uploads\/2018\/04\/6-300x226.jpg 300w\" sizes=\"(max-width: 500px) 100vw, 500px\" \/>  \t\t\t\t\t\t\t<div class=\"overlay\" style=\"background-color: rgba(44, 106, 0, 0.41)\"><\/div>  \t\t\t\t\t\t\t  \t\t\t\t\t\t<\/div>\n  \t\t\t\t\t\t  \t\t\t\t\t<\/div>\n          \t\t\t\t\t<div class=\"box-text text-center is-small\" style=\"background-color:rgba(0, 0, 0, 0.65);\">\n\t\t\t\t\t<div class=\"box-text-inner blog-post-inner\">\n\n\t\t\t\t\t\n\t\t\t\t\t\t\t\t\t\t<h5 class=\"post-title is-large \">Thi c\u00f4ng Non b\u1ed9 \u2013 H\u1ed3 c\u00e1 Koi t\u1ea1i X\u00e3 Quang Ti\u1ebfn \u2013 S\u00f3c s\u01a1n<\/h5>\n\t\t\t\t\t\t\t\t\t\t<div class=\"is-divider\"><\/div>\n\t\t\t\t\t                    \n\t\t\t\t\t\n\t\t\t\t\t\n\t\t\t\t\t<\/div>\n\t\t\t\t\t<\/div>\n\t\t\t\t\t\t\t\t\t<\/div>\n\t\t\t\t<\/a>\n\t\t\t<\/div>\n\t\t<\/div>\n\t\t<div class=\"col post-item\" >\n\t\t\t<div class=\"col-inner\">\n\t\t\t<a href=\"https:\/\/webmaibinh.com\/w\/cayxanh\/trong-cay-xanh-san-vuon-biet-thu-thi-cong-ho-ca-koi-tai-khu-do-thi-xuan-phuong\/\" class=\"plain\">\n\t\t\t\t<div class=\"box box-overlay dark box-text-bottom box-blog-post has-hover\">\n            \t\t\t\t\t<div class=\"box-image\" >\n  \t\t\t\t\t\t<div class=\"image-overlay-add image-cover\" style=\"padding-top:65%;\">\n  \t\t\t\t\t\t\t<img width=\"477\" height=\"358\" src=\"https:\/\/webmaibinh.com\/w\/cayxanh\/wp-content\/uploads\/2018\/04\/cay-cong-trinh.jpg\" class=\"attachment-original size-original wp-post-image\" alt=\"\" loading=\"lazy\" srcset=\"https:\/\/webmaibinh.com\/w\/cayxanh\/wp-content\/uploads\/2018\/04\/cay-cong-trinh.jpg 477w, https:\/\/webmaibinh.com\/w\/cayxanh\/wp-content\/uploads\/2018\/04\/cay-cong-trinh-300x225.jpg 300w\" sizes=\"(max-width: 477px) 100vw, 477px\" \/>  \t\t\t\t\t\t\t<div class=\"overlay\" style=\"background-color: rgba(44, 106, 0, 0.41)\"><\/div>  \t\t\t\t\t\t\t  \t\t\t\t\t\t<\/div>\n  \t\t\t\t\t\t  \t\t\t\t\t<\/div>\n          \t\t\t\t\t<div class=\"box-text text-center is-small\" style=\"background-color:rgba(0, 0, 0, 0.65);\">\n\t\t\t\t\t<div class=\"box-text-inner blog-post-inner\">\n\n\t\t\t\t\t\n\t\t\t\t\t\t\t\t\t\t<h5 class=\"post-title is-large \">Thi c\u00f4ng H\u1ed3 c\u00e1 Koi t\u1ea1i Khu \u0110\u00f4 th\u1ecb Xu\u00e2n Ph\u01b0\u01a1ng<\/h5>\n\t\t\t\t\t\t\t\t\t\t<div class=\"is-divider\"><\/div>\n\t\t\t\t\t                    \n\t\t\t\t\t\n\t\t\t\t\t\n\t\t\t\t\t<\/div>\n\t\t\t\t\t<\/div>\n\t\t\t\t\t\t\t\t\t<\/div>\n\t\t\t\t<\/a>\n\t\t\t<\/div>\n\t\t<\/div>\n\t\t<div class=\"col post-item\" >\n\t\t\t<div class=\"col-inner\">\n\t\t\t<a href=\"https:\/\/webmaibinh.com\/w\/cayxanh\/trong-cay-xanh-san-vuon-biet-thu-thi-cong-ho-ca-koi-tai-khu-do-thi-bac-an-khanh\/\" class=\"plain\">\n\t\t\t\t<div class=\"box box-overlay dark box-text-bottom box-blog-post has-hover\">\n            \t\t\t\t\t<div class=\"box-image\" >\n  \t\t\t\t\t\t<div class=\"image-overlay-add image-cover\" style=\"padding-top:65%;\">\n  \t\t\t\t\t\t\t<img width=\"1200\" height=\"381\" src=\"https:\/\/webmaibinh.com\/w\/cayxanh\/wp-content\/uploads\/2018\/04\/slide6.jpg\" class=\"attachment-original size-original wp-post-image\" alt=\"\" loading=\"lazy\" srcset=\"https:\/\/webmaibinh.com\/w\/cayxanh\/wp-content\/uploads\/2018\/04\/slide6.jpg 1200w, https:\/\/webmaibinh.com\/w\/cayxanh\/wp-content\/uploads\/2018\/04\/slide6-600x191.jpg 600w, https:\/\/webmaibinh.com\/w\/cayxanh\/wp-content\/uploads\/2018\/04\/slide6-300x95.jpg 300w, https:\/\/webmaibinh.com\/w\/cayxanh\/wp-content\/uploads\/2018\/04\/slide6-768x244.jpg 768w, https:\/\/webmaibinh.com\/w\/cayxanh\/wp-content\/uploads\/2018\/04\/slide6-1024x325.jpg 1024w\" sizes=\"(max-width: 1200px) 100vw, 1200px\" \/>  \t\t\t\t\t\t\t<div class=\"overlay\" style=\"background-color: rgba(44, 106, 0, 0.41)\"><\/div>  \t\t\t\t\t\t\t  \t\t\t\t\t\t<\/div>\n  \t\t\t\t\t\t  \t\t\t\t\t<\/div>\n          \t\t\t\t\t<div class=\"box-text text-center is-small\" style=\"background-color:rgba(0, 0, 0, 0.65);\">\n\t\t\t\t\t<div class=\"box-text-inner blog-post-inner\">\n\n\t\t\t\t\t\n\t\t\t\t\t\t\t\t\t\t<h5 class=\"post-title is-large \">Thi c\u00f4ng H\u1ed3 c\u00e1 Koi t\u1ea1i Khu \u0111\u00f4 th\u1ecb B\u1eafc An Kh\u00e1nh<\/h5>\n\t\t\t\t\t\t\t\t\t\t<div class=\"is-divider\"><\/div>\n\t\t\t\t\t                    \n\t\t\t\t\t\n\t\t\t\t\t\n\t\t\t\t\t<\/div>\n\t\t\t\t\t<\/div>\n\t\t\t\t\t\t\t\t\t<\/div>\n\t\t\t\t<\/a>\n\t\t\t<\/div>\n\t\t<\/div>\n\t\t<div class=\"col post-item\" >\n\t\t\t<div class=\"col-inner\">\n\t\t\t<a href=\"https:\/\/webmaibinh.com\/w\/cayxanh\/trong-cay-xanh-biet-thu-tu-gia-thi-cong-ho-ca-koi-tai-ba-vi-ha-noi\/\" class=\"plain\">\n\t\t\t\t<div class=\"box box-overlay dark box-text-bottom box-blog-post has-hover\">\n            \t\t\t\t\t<div class=\"box-image\" >\n  \t\t\t\t\t\t<div class=\"image-overlay-add image-cover\" style=\"padding-top:65%;\">\n  \t\t\t\t\t\t\t<img width=\"1200\" height=\"381\" src=\"https:\/\/webmaibinh.com\/w\/cayxanh\/wp-content\/uploads\/2018\/04\/slider67.jpg\" class=\"attachment-original size-original wp-post-image\" alt=\"\" loading=\"lazy\" srcset=\"https:\/\/webmaibinh.com\/w\/cayxanh\/wp-content\/uploads\/2018\/04\/slider67.jpg 1200w, https:\/\/webmaibinh.com\/w\/cayxanh\/wp-content\/uploads\/2018\/04\/slider67-600x191.jpg 600w, https:\/\/webmaibinh.com\/w\/cayxanh\/wp-content\/uploads\/2018\/04\/slider67-300x95.jpg 300w, https:\/\/webmaibinh.com\/w\/cayxanh\/wp-content\/uploads\/2018\/04\/slider67-768x244.jpg 768w, https:\/\/webmaibinh.com\/w\/cayxanh\/wp-content\/uploads\/2018\/04\/slider67-1024x325.jpg 1024w\" sizes=\"(max-width: 1200px) 100vw, 1200px\" \/>  \t\t\t\t\t\t\t<div class=\"overlay\" style=\"background-color: rgba(44, 106, 0, 0.41)\"><\/div>  \t\t\t\t\t\t\t  \t\t\t\t\t\t<\/div>\n  \t\t\t\t\t\t  \t\t\t\t\t<\/div>\n          \t\t\t\t\t<div class=\"box-text text-center is-small\" style=\"background-color:rgba(0, 0, 0, 0.65);\">\n\t\t\t\t\t<div class=\"box-text-inner blog-post-inner\">\n\n\t\t\t\t\t\n\t\t\t\t\t\t\t\t\t\t<h5 class=\"post-title is-large \">Tr\u1ed3ng c\u00e2y xanh bi\u1ec7t th\u1ef1 t\u01b0 gia \u2013 Thi c\u00f4ng H\u1ed3 c\u00e1 Koi t\u1ea1i Ba v\u00ec<\/h5>\n\t\t\t\t\t\t\t\t\t\t<div class=\"is-divider\"><\/div>\n\t\t\t\t\t                    \n\t\t\t\t\t\n\t\t\t\t\t\n\t\t\t\t\t<\/div>\n\t\t\t\t\t<\/div>\n\t\t\t\t\t\t\t\t\t<\/div>\n\t\t\t\t<\/a>\n\t\t\t<\/div>\n\t\t<\/div>\n\t\t<div class=\"col post-item\" >\n\t\t\t<div class=\"col-inner\">\n\t\t\t<a href=\"https:\/\/webmaibinh.com\/w\/cayxanh\/trong-cay-xanh-va-thi-cong-canh-quan-biet-thu-tu-gia-tai-viet-tri-phu-tho\/\" class=\"plain\">\n\t\t\t\t<div class=\"box box-overlay dark box-text-bottom box-blog-post has-hover\">\n            \t\t\t\t\t<div class=\"box-image\" >\n  \t\t\t\t\t\t<div class=\"image-overlay-add image-cover\" style=\"padding-top:65%;\">\n  \t\t\t\t\t\t\t<img width=\"500\" height=\"375\" src=\"https:\/\/webmaibinh.com\/w\/cayxanh\/wp-content\/uploads\/2018\/04\/thi-cong-canh-quan-biet-thu.jpg\" class=\"attachment-original size-original wp-post-image\" alt=\"\" loading=\"lazy\" srcset=\"https:\/\/webmaibinh.com\/w\/cayxanh\/wp-content\/uploads\/2018\/04\/thi-cong-canh-quan-biet-thu.jpg 500w, https:\/\/webmaibinh.com\/w\/cayxanh\/wp-content\/uploads\/2018\/04\/thi-cong-canh-quan-biet-thu-300x225.jpg 300w\" sizes=\"(max-width: 500px) 100vw, 500px\" \/>  \t\t\t\t\t\t\t<div class=\"overlay\" style=\"background-color: rgba(44, 106, 0, 0.41)\"><\/div>  \t\t\t\t\t\t\t  \t\t\t\t\t\t<\/div>\n  \t\t\t\t\t\t  \t\t\t\t\t<\/div>\n          \t\t\t\t\t<div class=\"box-text text-center is-small\" style=\"background-color:rgba(0, 0, 0, 0.65);\">\n\t\t\t\t\t<div class=\"box-text-inner blog-post-inner\">\n\n\t\t\t\t\t\n\t\t\t\t\t\t\t\t\t\t<h5 class=\"post-title is-large \">Tr\u1ed3ng v\u00e0 thi c\u00f4ng c\u1ea3nh quan Bi\u1ec7t th\u1ef1 t\u01b0 gia t\u1ea1i Vi\u1ec7t Tr\u00ec Ph\u00fa Th\u1ecd<\/h5>\n\t\t\t\t\t\t\t\t\t\t<div class=\"is-divider\"><\/div>\n\t\t\t\t\t                    \n\t\t\t\t\t\n\t\t\t\t\t\n\t\t\t\t\t<\/div>\n\t\t\t\t\t<\/div>\n\t\t\t\t\t\t\t\t\t<\/div>\n\t\t\t\t<\/a>\n\t\t\t<\/div>\n\t\t<\/div>\n\t\t<div class=\"col post-item\" >\n\t\t\t<div class=\"col-inner\">\n\t\t\t<a href=\"https:\/\/webmaibinh.com\/w\/cayxanh\/da-san-vuon-trang-tri-tho-moc-tu-nhien\/\" class=\"plain\">\n\t\t\t\t<div class=\"box box-overlay dark box-text-bottom box-blog-post has-hover\">\n            \t\t\t\t\t<div class=\"box-image\" >\n  \t\t\t\t\t\t<div class=\"image-overlay-add image-cover\" style=\"padding-top:65%;\">\n  \t\t\t\t\t\t\t<img width=\"250\" height=\"188\" src=\"https:\/\/webmaibinh.com\/w\/cayxanh\/wp-content\/uploads\/2018\/04\/23.jpg\" class=\"attachment-original size-original wp-post-image\" alt=\"\" loading=\"lazy\" \/>  \t\t\t\t\t\t\t<div class=\"overlay\" style=\"background-color: rgba(44, 106, 0, 0.41)\"><\/div>  \t\t\t\t\t\t\t  \t\t\t\t\t\t<\/div>\n  \t\t\t\t\t\t  \t\t\t\t\t<\/div>\n          \t\t\t\t\t<div class=\"box-text text-center is-small\" style=\"background-color:rgba(0, 0, 0, 0.65);\">\n\t\t\t\t\t<div class=\"box-text-inner blog-post-inner\">\n\n\t\t\t\t\t\n\t\t\t\t\t\t\t\t\t\t<h5 class=\"post-title is-large \">\u0110\u00e1 s\u00e2n v\u01b0\u1eddn trang tr\u00ed th\u00f4 m\u1ed9c t\u1ef1 nhi\u00ean<\/h5>\n\t\t\t\t\t\t\t\t\t\t<div class=\"is-divider\"><\/div>\n\t\t\t\t\t                    \n\t\t\t\t\t\n\t\t\t\t\t\n\t\t\t\t\t<\/div>\n\t\t\t\t\t<\/div>\n\t\t\t\t\t\t\t\t\t<\/div>\n\t\t\t\t<\/a>\n\t\t\t<\/div>\n\t\t<\/div>\n\t\t<div class=\"col post-item\" >\n\t\t\t<div class=\"col-inner\">\n\t\t\t<a href=\"https:\/\/webmaibinh.com\/w\/cayxanh\/ve-dep-kho-cuong-cua-nhung-san-vuon-trang-tri-bang-da\/\" class=\"plain\">\n\t\t\t\t<div class=\"box box-overlay dark box-text-bottom box-blog-post has-hover\">\n            \t\t\t\t\t<div class=\"box-image\" >\n  \t\t\t\t\t\t<div class=\"image-overlay-add image-cover\" style=\"padding-top:65%;\">\n  \t\t\t\t\t\t\t<img width=\"500\" height=\"376\" src=\"https:\/\/webmaibinh.com\/w\/cayxanh\/wp-content\/uploads\/2018\/04\/6.jpg\" class=\"attachment-original size-original wp-post-image\" alt=\"\" loading=\"lazy\" srcset=\"https:\/\/webmaibinh.com\/w\/cayxanh\/wp-content\/uploads\/2018\/04\/6.jpg 500w, https:\/\/webmaibinh.com\/w\/cayxanh\/wp-content\/uploads\/2018\/04\/6-300x226.jpg 300w\" sizes=\"(max-width: 500px) 100vw, 500px\" \/>  \t\t\t\t\t\t\t<div class=\"overlay\" style=\"background-color: rgba(44, 106, 0, 0.41)\"><\/div>  \t\t\t\t\t\t\t  \t\t\t\t\t\t<\/div>\n  \t\t\t\t\t\t  \t\t\t\t\t<\/div>\n          \t\t\t\t\t<div class=\"box-text text-center is-small\" style=\"background-color:rgba(0, 0, 0, 0.65);\">\n\t\t\t\t\t<div class=\"box-text-inner blog-post-inner\">\n\n\t\t\t\t\t\n\t\t\t\t\t\t\t\t\t\t<h5 class=\"post-title is-large \">V\u1ebb \u0111\u1eb9p kh\u00f3 c\u01b0\u1ee1ng c\u1ee7a nh\u1eefng s\u00e2n v\u01b0\u1eddn trang tr\u00ed b\u1eb1ng \u0111\u00e1<\/h5>\n\t\t\t\t\t\t\t\t\t\t<div class=\"is-divider\"><\/div>\n\t\t\t\t\t                    \n\t\t\t\t\t\n\t\t\t\t\t\n\t\t\t\t\t<\/div>\n\t\t\t\t\t<\/div>\n\t\t\t\t\t\t\t\t\t<\/div>\n\t\t\t\t<\/a>\n\t\t\t<\/div>\n\t\t<\/div>\n<\/div><\/div>\n","protected":false},"excerpt":{"rendered":"<p>N\u1ebfu ai \u0111\u00e3 t\u1eebng \u0111i du l\u1ecbch sang Cam pu chia \u0111\u1ebfn \u0111\u1ec1n Angkor b\u1ea1n s\u1ebd th\u1ea5y c\u00e2y \u0111\u1ec1 bao tr\u00f9m r\u1ec5 tr\u00ean Prasat Ta Som th\u1eadt l\u1ef3 l\u1ea1 v\u00e0 t\u1ef1 h\u1ecfi t\u1ea1i sao c\u00e2y \u0111\u1ec1 l\u1ea1i v\u1eady \u0111\u00fang kh\u00f4ng sau \u0111\u00e2y l\u00e0 m\u1ed9t v\u00e0i h\u00ecnh.<\/p>\n","protected":false},"featured_media":526,"comment_status":"open","ping_status":"closed","template":"","meta":[],"_links":{"self":[{"href":"https:\/\/webmaibinh.com\/w\/cayxanh\/wp-json\/wp\/v2\/product\/525"}],"collection":[{"href":"https:\/\/webmaibinh.com\/w\/cayxanh\/wp-json\/wp\/v2\/product"}],"about":[{"href":"https:\/\/webmaibinh.com\/w\/cayxanh\/wp-json\/wp\/v2\/types\/product"}],"replies":[{"embeddable":true,"href":"https:\/\/webmaibinh.com\/w\/cayxanh\/wp-json\/wp\/v2\/comments?post=525"}],"wp:featuredmedia":[{"embeddable":true,"href":"https:\/\/webmaibinh.com\/w\/cayxanh\/wp-json\/wp\/v2\/media\/526"}],"wp:attachment":[{"href":"https:\/\/webmaibinh.com\/w\/cayxanh\/wp-json\/wp\/v2\/media?parent=525"}],"curies":[{"name":"wp","href":"https:\/\/api.w.org\/{rel}","templated":true}]}}