{"id":523,"date":"2018-04-07T12:48:20","date_gmt":"2018-04-07T05:48:20","guid":{"rendered":"https:\/\/bizhostvn.com\/w\/cayxanh\/?post_type=product&#038;p=523"},"modified":"2018-04-07T16:56:37","modified_gmt":"2018-04-07T09:56:37","slug":"cay-bach-xanh","status":"publish","type":"product","link":"https:\/\/webmaibinh.com\/w\/cayxanh\/san-pham\/cay-bach-xanh\/","title":{"rendered":"C\u00e2y b\u00e1ch xanh"},"content":{"rendered":"<p>C\u00e2y B\u00e1ch xanh l\u00e0 c\u00e2y th\u00e2n g\u1ed7 to, th\u01b0\u1eddng xanh, cao \u0111\u1ebfn 20 \u2013 25m hay h\u01a1n, \u0111\u01b0\u1eddng k\u00ednh, th\u00e2n 0,6 \u2013 0,8m,\u00a0th\u00e2n\u00a0th\u1eb3ng, nh\u01b0ng khi cao tr\u00ean 10m th\u01b0\u1eddng b\u1ecb v\u1eb7n. V\u1ecf m\u00e0u n\u00e2u \u0111en, n\u1ee9t d\u1ecdc. C\u00e2y B\u00e1ch xanh ph\u00e2n c\u00e0nh s\u1edbm, c\u00e0nh to m\u1ecdc g\u1ea7n ngang, c\u00e0nh con mang c\u00e1c nh\u00e1nh nh\u1ecf n\u1eb1m trong c\u00f9ng m\u1ed9t m\u1eb7t ph\u1eb3ng. T\u00e1n c\u00e2y h\u00ecnh th\u00e1p r\u1ed9ng.<\/p>\n<p>L\u00e1 c\u00e2y B\u00e1ch xanh h\u00ecnh v\u1ea3y, x\u1ebfp \u00e1p s\u00e1t tr\u00ean c\u00e0nh th\u00e0nh t\u1eebng \u0111\u1ed1t m\u1ed7i \u0111\u1ed1t c\u00f3 2 l\u00e1 l\u01b0ng b\u1ee5ng to h\u01a1n v\u00e0 2 l\u00e1 b\u00ean nh\u1ecf h\u01a1n. L\u00e1 to d\u00e0i 5mm, l\u00e1 nh\u1ecf d\u00e0i 2mm g\u1ea7n gi\u1ed1ng l\u00e1 P\u01a1 mu\u00a0<i>(<\/i><b><i>Fokienia hodginsii<\/i><\/b><i>)\u00a0<\/i>v\u1ec1 h\u00ecnh d\u1ea1ng v\u00e0 m\u00e0u s\u1eafc, m\u1eb7t tr\u00ean m\u00e0u l\u1ee5c th\u1eabm, m\u1eb7t d\u01b0\u1edbi b\u1ea1c h\u01a1n. N\u00f3n \u0111\u01a1n t\u00ednh c\u00f9ng g\u1ed1c; n\u00f3n c\u00e1i h\u00ecnh b\u1ea7u d\u1ee5c, d\u00e0i 12 \u2013 18mm, r\u1ed9ng 6mm, h\u00f3a g\u1ed7 v\u00e0 n\u1ee9t th\u00e0nh 2 m\u1ea3nh b\u00ean v\u1edbi m\u1ed9t m\u1ea3nh gi\u1eefa mang 2 h\u1ea1t to, m\u1ed7i h\u1ea1t c\u00f3 2 c\u00e1nh kh\u00f4ng b\u1eb1ng nhau.<\/p>\n<p>V\u1ec1 h\u00ecnh th\u00e1i, B\u00e1ch xanh gi\u1ed1ng P\u01a1 mu, nh\u01b0ng kh\u00e1c \u1edf ch\u1ed7 P\u01a1 mu cao to h\u01a1n v\u00e0 n\u00f3n c\u00e1i h\u00ecnh c\u1ea7u mang nhi\u1ec1u h\u1ea1t v\u1edbi v\u1ea3y h\u00ecnh khi\u00ean c\u00f3 m\u0169i nh\u1ecdn \u1edf gi\u1eefa.<\/p>\n<p><b>\u0110\u1eb7c \u0111i\u1ec3m sinh h\u1ecdc c\u00e2y b\u00e1ch xanh:<\/b><\/p>\n<p>C\u00e2y b\u00e1ch xanh cho h\u1ea1t th\u00e1ng 10 \u2013 12 (\u0110\u00e0 L\u1ea1t). T\u00e1i sinh b\u1eb1ng h\u1ea1t t\u1ed1t, \u0111\u1eb7c bi\u1ec7t \u1edf n\u01a1i c\u00f3 nhi\u1ec1u \u00e1nh s\u00e1ng. C\u00e2y con m\u1ecdc nhi\u1ec1u nh\u01b0 m\u1ea1 nh\u01b0ng ch\u1ec9 m\u1ed9t s\u1ed1 r\u1ea5t \u00edt ph\u00e1t tri\u1ec3n th\u00e0nh c\u00e2y tr\u01b0\u1edfng th\u00e0nh.<\/p>\n<p><b>N\u01a1i s\u1ed1ng v\u00e0 sinh th\u00e1i c\u00e2y b\u00e1ch xanh:<\/b><\/p>\n<p>C\u00e2y b\u00e1ch xanh m\u1ecdc trong\u00a0r\u1eebng m\u01b0a nhi\u1ec7t \u0111\u1edbi\u00a0th\u01b0\u1eddng xanh \u1edf n\u00fai th\u1ea5p, \u0111\u00f4i khi \u1edf n\u00fai trung b\u00ecnh (\u0111\u1ed9 cao 900 \u2013 1000m \u0111\u1ebfn 1800m. Th\u01b0\u1eddng m\u1ecdc th\u00e0nh t\u1eebng \u0111\u00e1m nh\u1ecf hay r\u1ea3i r\u00e1c \u1edf ven su\u1ed1i c\u00f9ng v\u1edbi Th\u00f4ng n\u00e0ng\u00a0<i>(<\/i><b><i>Podocarpus imbricatus<\/i><\/b><i>),<\/i>\u00a0Ho\u00e0ng \u0111\u00e0n gi\u1ea3\u00a0<i>(<\/i><b><i>Dacrydium pierrei<\/i><\/b><i>)<\/i>.. tham gia v\u00e0o t\u1ea7ng v\u01b0\u1ee3t t\u00e1n.<\/p>\n<p>C\u00e2y b\u00e1ch xanh \u01b0a kh\u00ed h\u1eadu m\u00e1t m\u1ebb (nhi\u1ec7t \u0111\u1ed9 d\u01b0\u1edbi 16<sup>0<\/sup>C) v\u00e0 \u1ea9m \u01b0\u1edbt l\u01b0\u1ee3ng m\u01b0a tr\u00ean 2000mm\/n\u0103m, \u0111\u1ed9 \u1ea9m kh\u00f4ng kh\u00ed cao. Th\u00edch h\u1ee3p v\u1edbi lo\u1ea1i\u00a0\u0111\u1ea5t v\u00e0ng al\u00edt, \u0111\u1ea5t al\u00edt m\u00f9n ph\u00e1t tri\u1ec3n tr\u00ean \u0111\u00e1 phi\u1ebfn c\u00e1t k\u1ebft hay gran\u00edt, t\u1ea7ng m\u1ecfng \u0111\u1ebfn trung b\u00ecnh, th\u1ea3m m\u1ee5c d\u00e0y.<\/p>\n<p><b>\u0110\u1eb7c \u0111i\u1ec3m ph\u00e2n b\u1ed1 c\u00e2y b\u00e1ch xanh:<\/b><\/p>\n<p>Vi\u1ec7t Nam: L\u00e0o Cai (Sapa), H\u00f2a B\u00ecnh, H\u00e0 T\u00e2y (Ba V\u00ec), \u1edf \u0111\u1ed9 cao 1100 \u2013 1200m), \u0110\u1eafc L\u1eafc, L\u00e2m \u0110\u1ed3ng (\u0110\u00e0 L\u1ea1t), Kh\u00e1nh H\u00f2a (Nha Trang: n\u00fai Tou Ha), Ninh Thu\u1eadn.<\/p>\n<p>Th\u1ebf gi\u1edbi: Trung Qu\u1ed1c (V\u00e2n Nam), \u0110\u00e0i Loan, \u1ea4n \u0110\u1ed9, Th\u00e1i Lan.<\/p>\n<p><b>Gi\u00e1 tr\u1ecb s\u1eed d\u1ee5ng c\u00e2y b\u00e1ch xanh:<\/b><\/p>\n<p>G\u1ed7 c\u00e2y b\u00e1ch xanh c\u00f3 th\u1edb th\u1eb3ng, kh\u00e1 min, khi kh\u00f4 \u00edt n\u1ee9t n\u1ebb v\u00e0 kh\u00f4ng b\u1ecb bi\u1ebfn d\u1ea1ng, kh\u00f4ng b\u1ecb m\u1ed1i m\u1ecdt v\u00e0 m\u1ee5c, d\u1ec5 gia c\u00f4ng. D\u00f9ng \u0111\u1ec3 x\u00e2y d\u1ef1ng nh\u00e0 c\u1eeda, \u0111\u00f3ng \u0111\u1ed3 g\u1ed7 cao c\u1ea5p, ti\u1ec7n \u0111\u1ed3 m\u1ef9 ngh\u1ec7 v\u00e0 l\u00e0m \u0111\u1ed3 d\u00f9ng v\u0103n ph\u00f2ng. Do g\u1ed7 c\u00f3 m\u00f9i th\u01a1m d\u1ecbu n\u00ean c\u00f2n \u0111\u01b0\u1ee3c d\u00f9ng l\u00e0m b\u1ed9t h\u01b0\u01a1ng. Ngo\u00e0i ra c\u00e2y c\u00f3 d\u00e1ng \u0111\u1eb9p, c\u00f3 th\u1ec3 tr\u1ed3ng l\u00e0m c\u1ea3nh.<\/p>\n<p><b>T\u00ecnh tr\u1ea1ng khai th\u00e1c c\u00e2y b\u00e1ch xanh:<\/b><\/p>\n<p>\u0110ang nguy c\u1ea5p, b\u1ecb l\u00f9ng ki\u1ebfm r\u00e1o ri\u1ebft \u0111\u1ec3 l\u1ea5y g\u1ed7 l\u00e0m b\u1ed9t h\u01b0\u01a1ng, v\u00ec ngu\u1ed3n Ho\u00e0ng \u0111\u00e0n\u00a0<i>(<\/i><b><i>Cupressus torulosa<\/i><\/b><i>)\u00a0<\/i>\u0111\u00e3 b\u1ecb c\u1ea1n ki\u1ec7t. V\u00f9ng su\u1ed1i \u0110atala (\u0110\u00e0 L\u1ea1t) ch\u1ec9 c\u00f2n nh\u1eefng c\u00e2y b\u00e1ch xanh nh\u1ecf, \u0111\u01b0\u1eddng k\u00ednh d\u01b0\u1edbi 10cm, ven th\u00e1c \u0110ar\u01a1cao (\u0110\u00e0 L\u1ea1t) ch\u1ec9 c\u00f2n h\u01a1n 50 c\u00e2y c\u00f3 \u0111\u01b0\u1eddng k\u00ednh tr\u00ean 5cm. \u01b0\u1edbc t\u00ednh c\u1ea3 n\u01b0\u1edbc ta hi\u1ec7n t\u1ea1i kh\u00f4ng c\u00f2n qu\u00e1 500 c\u00e2y b\u00e1ch xanh c\u00f3 \u0111\u01b0\u1eddng k\u00ednh tr\u00ean 10cm. M\u00f4i tr\u01b0\u1eddng s\u1ed1ng c\u1ee7a b\u00e1ch xanh c\u0169ng \u0111ang b\u1ecb thu h\u1eb9p d\u1ea7n do n\u1ea1n ph\u00e1 r\u1eebng v\u00e0 n\u1ea1n n\u01b0\u01a1ng r\u1eaby. M\u1ee9c \u0111\u1ed9 \u0111e do\u1ea1:\u00a0<b>B\u1eadc V<\/b><\/p>\n<p><b>\u0110\u1ec1 ngh\u1ecb bi\u1ec7n ph\u00e1p b\u1ea3o v\u1ec7 c\u00e2y b\u00e1ch xanh:<\/b><\/p>\n<p>Khoanh nu\u00f4i khu b\u1ea3o v\u1ec7 \u1edf ven su\u1ed1i Dar\u01a1cao v\u1edbi di\u1ec7n t\u00edch kho\u1ea3ng 100ha, \u1edf \u0111\u1ed9 cao 1300 \u2013 1500m v\u00e0 l\u00e0 \u0111\u1ed1i t\u01b0\u1ee3ng b\u1ea3o v\u1ec7 c\u1ee7a\u00a0v\u01b0\u1eddn qu\u1ed1c gia\u00a0Ba V\u00ec (H\u00e0 T\u00e2y). G\u1ea5p r\u00fat \u0111\u01b0a v\u00e0o gieo tr\u1ed3ng \u1edf m\u1ed9t s\u1ed1 n\u01a1i quanh \u0110\u00e0 L\u1ea1t v\u00e0 tr\u00ean \u0111\u1ec9nh n\u00fai Ba V\u00ec.<\/p>\n<p>B\u00e1ch xanh (T\u00f9ng h\u01b0\u01a1ng) Calocedrus macrolepis Kurz \u2013 h\u1ecd Cupressaceae : \u0110\u00e2y l\u00e0 lo\u00e0i c\u00e2y g\u1ed7 l\u1edbn th\u01b0\u1eddng xanh c\u00f3 th\u1ec3 cao tr\u00ean 30m, \u0111\u01b0\u1eddng k\u00ednh h\u01a1n 1 m, nh\u1eefng c\u00e1 th\u1ec3 hi\u1ec7n nay n\u1ebfu c\u00f2n trong t\u1ef1 nhi\u00ean v\u1edbi \u0111\u1ed9 tu\u1ed5i r\u1ea5t c\u1ed5, h\u01a1n 400 n\u0103m tu\u1ed5i. B\u00e1ch Xanh\u00a0 \u0111ang c\u00f3 nguy c\u01a1 tuy\u1ec7t ch\u1ee7ng tr\u00ean ph\u1ea1m vi to\u00e0n c\u1ea7u.V\u1ecf n\u00e2u s\u1eabm, n\u1ee9t d\u1ecdc sau bong m\u1ea3ng, v\u1ebft v\u1ecf \u0111eo m\u1ea7u h\u1ed3ng d\u1ea7y 4-10mm nhi\u1ec1u s\u1ee3i d\u00e0i.C\u00e0nh l\u1edbn xo\u00e8 r\u1ed9ng: c\u00e0nh non d\u1eb9t, m\u1ecdc canh, x\u1ebfp th\u00e0nh m\u1eb7t ph\u1eb3ng. L\u00e1 h\u00ecnh v\u1ea3y m\u1ecdc \u0111\u00f4i, t\u1eebng \u0111\u00f4i x\u1ebfp l\u1ee3p l\u00ean nhau, \u0111\u00f4i \u1edf gi\u1eefa l\u1edbn h\u01a1n, d\u00e0i 5mm, \u0111\u00f4i \u1edf m\u00e9p g\u1ea5p n\u1ebfp, d\u00e0i 2mm. M\u1eb7t tr\u00ean c\u00e0nh l\u00e1 xanh th\u1eabm m\u1eb7t d\u01b0\u1edbi c\u00f3 nhi\u1ec1u ph\u1ea5n tr\u1eafng. N\u00f3n \u0111\u01a1n t\u00ednh c\u00f9ng g\u1ed1c, m\u1ecdc l\u1ebb \u0111\u1ea7u c\u00e0nh. N\u00f3n \u0111\u00fac h\u00ecnh tr\u1ee9ng d\u00e0i mang 6-8 \u0111\u00f4i nh\u1ecb. N\u00f3n c\u00e1i h\u00ecnh tr\u1ee9ng tr\u00e1i xoan d\u00e0i 12-15m r\u1ed9ng 4mm mang 3 \u0111\u00f4i v\u1ea3y n\u00f3n. Th\u01b0\u1eddng ch\u1ec9 \u0111\u00f4i v\u1ea3y \u1edf gi\u1eefa mang 2 no\u00e3n. Khi ch\u00edn v\u1ea3y n\u00f3n ho\u00e1 g\u1ed7, h\u1ea1t c\u00f3 2 c\u00e1nh 2 \u0111\u1ec9nh c\u00e1nh l\u1edbn h\u00ecnh tr\u1ee9ng, c\u00e1nh nh\u1ecf h\u00ecnh d\u1ea3i.<\/p>\n<p>B\u00e1ch xanh t\u00e1i sinh h\u1ea1t t\u1ed1t. H\u1ea1t r\u1ee5ng th\u00e1ng 10-12. \u1ede Vi\u1ec7t Nam, B\u00e1ch Xanh m\u1ecdc th\u00e0nh \u0111\u00e1m nh\u1ecf ho\u1eb7c r\u1ea3i r\u00e1c tr\u00ean \u0111\u1ed9 cao 900 \u2013 1100m v\u00f9ng Ba V\u00ec (H\u00e0 T\u00e2y) v\u00e0 \u0110\u00e0 L\u1ea1t (L\u00e2m \u0110\u1ed3ng).<\/p>\n<div class=\"bottom-page-post\">\n<h3>B\u00c0I VI\u1ebeT LI\u00caN QUAN<\/h3>\n\n  \n    <div class=\"row large-columns-3 medium-columns- small-columns-1 row-small\">\n  \t\t<div class=\"col post-item\" >\n\t\t\t<div class=\"col-inner\">\n\t\t\t<a href=\"https:\/\/webmaibinh.com\/w\/cayxanh\/thi-cong-canh-quan-biet-thu-le-van-thien-nha-mat-pho-1000m2\/\" class=\"plain\">\n\t\t\t\t<div class=\"box box-overlay dark box-text-bottom box-blog-post has-hover\">\n            \t\t\t\t\t<div class=\"box-image\" >\n  \t\t\t\t\t\t<div class=\"image-overlay-add image-cover\" style=\"padding-top:65%;\">\n  \t\t\t\t\t\t\t<img width=\"500\" height=\"316\" src=\"https:\/\/webmaibinh.com\/w\/cayxanh\/wp-content\/uploads\/2018\/04\/canh-quan-san-vuon-biet-thu.jpg\" class=\"attachment-original size-original wp-post-image\" alt=\"\" loading=\"lazy\" srcset=\"https:\/\/webmaibinh.com\/w\/cayxanh\/wp-content\/uploads\/2018\/04\/canh-quan-san-vuon-biet-thu.jpg 500w, https:\/\/webmaibinh.com\/w\/cayxanh\/wp-content\/uploads\/2018\/04\/canh-quan-san-vuon-biet-thu-300x190.jpg 300w\" sizes=\"(max-width: 500px) 100vw, 500px\" \/>  \t\t\t\t\t\t\t<div class=\"overlay\" style=\"background-color: rgba(44, 106, 0, 0.41)\"><\/div>  \t\t\t\t\t\t\t  \t\t\t\t\t\t<\/div>\n  \t\t\t\t\t\t  \t\t\t\t\t<\/div>\n          \t\t\t\t\t<div class=\"box-text text-center is-small\" style=\"background-color:rgba(0, 0, 0, 0.65);\">\n\t\t\t\t\t<div class=\"box-text-inner blog-post-inner\">\n\n\t\t\t\t\t\n\t\t\t\t\t\t\t\t\t\t<h5 class=\"post-title is-large \">Thi c\u00f4ng c\u1ea3nh quan bi\u1ec7t th\u1ef1 LeNam nh\u00e0 m\u1eb7t ph\u1ed1 1000m2<\/h5>\n\t\t\t\t\t\t\t\t\t\t<div class=\"is-divider\"><\/div>\n\t\t\t\t\t                    \n\t\t\t\t\t\n\t\t\t\t\t\n\t\t\t\t\t<\/div>\n\t\t\t\t\t<\/div>\n\t\t\t\t\t\t\t\t\t<\/div>\n\t\t\t\t<\/a>\n\t\t\t<\/div>\n\t\t<\/div>\n\t\t<div class=\"col post-item\" >\n\t\t\t<div class=\"col-inner\">\n\t\t\t<a href=\"https:\/\/webmaibinh.com\/w\/cayxanh\/thi-cong-non-bo-ho-ca-koi-tai-xa-quang-tien-soc-son\/\" class=\"plain\">\n\t\t\t\t<div class=\"box box-overlay dark box-text-bottom box-blog-post has-hover\">\n            \t\t\t\t\t<div class=\"box-image\" >\n  \t\t\t\t\t\t<div class=\"image-overlay-add image-cover\" style=\"padding-top:65%;\">\n  \t\t\t\t\t\t\t<img width=\"500\" height=\"376\" src=\"https:\/\/webmaibinh.com\/w\/cayxanh\/wp-content\/uploads\/2018\/04\/6.jpg\" class=\"attachment-original size-original wp-post-image\" alt=\"\" loading=\"lazy\" srcset=\"https:\/\/webmaibinh.com\/w\/cayxanh\/wp-content\/uploads\/2018\/04\/6.jpg 500w, https:\/\/webmaibinh.com\/w\/cayxanh\/wp-content\/uploads\/2018\/04\/6-300x226.jpg 300w\" sizes=\"(max-width: 500px) 100vw, 500px\" \/>  \t\t\t\t\t\t\t<div class=\"overlay\" style=\"background-color: rgba(44, 106, 0, 0.41)\"><\/div>  \t\t\t\t\t\t\t  \t\t\t\t\t\t<\/div>\n  \t\t\t\t\t\t  \t\t\t\t\t<\/div>\n          \t\t\t\t\t<div class=\"box-text text-center is-small\" style=\"background-color:rgba(0, 0, 0, 0.65);\">\n\t\t\t\t\t<div class=\"box-text-inner blog-post-inner\">\n\n\t\t\t\t\t\n\t\t\t\t\t\t\t\t\t\t<h5 class=\"post-title is-large \">Thi c\u00f4ng Non b\u1ed9 \u2013 H\u1ed3 c\u00e1 Koi t\u1ea1i X\u00e3 Quang Ti\u1ebfn \u2013 S\u00f3c s\u01a1n<\/h5>\n\t\t\t\t\t\t\t\t\t\t<div class=\"is-divider\"><\/div>\n\t\t\t\t\t                    \n\t\t\t\t\t\n\t\t\t\t\t\n\t\t\t\t\t<\/div>\n\t\t\t\t\t<\/div>\n\t\t\t\t\t\t\t\t\t<\/div>\n\t\t\t\t<\/a>\n\t\t\t<\/div>\n\t\t<\/div>\n\t\t<div class=\"col post-item\" >\n\t\t\t<div class=\"col-inner\">\n\t\t\t<a href=\"https:\/\/webmaibinh.com\/w\/cayxanh\/trong-cay-xanh-san-vuon-biet-thu-thi-cong-ho-ca-koi-tai-khu-do-thi-xuan-phuong\/\" class=\"plain\">\n\t\t\t\t<div class=\"box box-overlay dark box-text-bottom box-blog-post has-hover\">\n            \t\t\t\t\t<div class=\"box-image\" >\n  \t\t\t\t\t\t<div class=\"image-overlay-add image-cover\" style=\"padding-top:65%;\">\n  \t\t\t\t\t\t\t<img width=\"477\" height=\"358\" src=\"https:\/\/webmaibinh.com\/w\/cayxanh\/wp-content\/uploads\/2018\/04\/cay-cong-trinh.jpg\" class=\"attachment-original size-original wp-post-image\" alt=\"\" loading=\"lazy\" srcset=\"https:\/\/webmaibinh.com\/w\/cayxanh\/wp-content\/uploads\/2018\/04\/cay-cong-trinh.jpg 477w, https:\/\/webmaibinh.com\/w\/cayxanh\/wp-content\/uploads\/2018\/04\/cay-cong-trinh-300x225.jpg 300w\" sizes=\"(max-width: 477px) 100vw, 477px\" \/>  \t\t\t\t\t\t\t<div class=\"overlay\" style=\"background-color: rgba(44, 106, 0, 0.41)\"><\/div>  \t\t\t\t\t\t\t  \t\t\t\t\t\t<\/div>\n  \t\t\t\t\t\t  \t\t\t\t\t<\/div>\n          \t\t\t\t\t<div class=\"box-text text-center is-small\" style=\"background-color:rgba(0, 0, 0, 0.65);\">\n\t\t\t\t\t<div class=\"box-text-inner blog-post-inner\">\n\n\t\t\t\t\t\n\t\t\t\t\t\t\t\t\t\t<h5 class=\"post-title is-large \">Thi c\u00f4ng H\u1ed3 c\u00e1 Koi t\u1ea1i Khu \u0110\u00f4 th\u1ecb Xu\u00e2n Ph\u01b0\u01a1ng<\/h5>\n\t\t\t\t\t\t\t\t\t\t<div class=\"is-divider\"><\/div>\n\t\t\t\t\t                    \n\t\t\t\t\t\n\t\t\t\t\t\n\t\t\t\t\t<\/div>\n\t\t\t\t\t<\/div>\n\t\t\t\t\t\t\t\t\t<\/div>\n\t\t\t\t<\/a>\n\t\t\t<\/div>\n\t\t<\/div>\n\t\t<div class=\"col post-item\" >\n\t\t\t<div class=\"col-inner\">\n\t\t\t<a href=\"https:\/\/webmaibinh.com\/w\/cayxanh\/trong-cay-xanh-san-vuon-biet-thu-thi-cong-ho-ca-koi-tai-khu-do-thi-bac-an-khanh\/\" class=\"plain\">\n\t\t\t\t<div class=\"box box-overlay dark box-text-bottom box-blog-post has-hover\">\n            \t\t\t\t\t<div class=\"box-image\" >\n  \t\t\t\t\t\t<div class=\"image-overlay-add image-cover\" style=\"padding-top:65%;\">\n  \t\t\t\t\t\t\t<img width=\"1200\" height=\"381\" src=\"https:\/\/webmaibinh.com\/w\/cayxanh\/wp-content\/uploads\/2018\/04\/slide6.jpg\" class=\"attachment-original size-original wp-post-image\" alt=\"\" loading=\"lazy\" srcset=\"https:\/\/webmaibinh.com\/w\/cayxanh\/wp-content\/uploads\/2018\/04\/slide6.jpg 1200w, https:\/\/webmaibinh.com\/w\/cayxanh\/wp-content\/uploads\/2018\/04\/slide6-600x191.jpg 600w, https:\/\/webmaibinh.com\/w\/cayxanh\/wp-content\/uploads\/2018\/04\/slide6-300x95.jpg 300w, https:\/\/webmaibinh.com\/w\/cayxanh\/wp-content\/uploads\/2018\/04\/slide6-768x244.jpg 768w, https:\/\/webmaibinh.com\/w\/cayxanh\/wp-content\/uploads\/2018\/04\/slide6-1024x325.jpg 1024w\" sizes=\"(max-width: 1200px) 100vw, 1200px\" \/>  \t\t\t\t\t\t\t<div class=\"overlay\" style=\"background-color: rgba(44, 106, 0, 0.41)\"><\/div>  \t\t\t\t\t\t\t  \t\t\t\t\t\t<\/div>\n  \t\t\t\t\t\t  \t\t\t\t\t<\/div>\n          \t\t\t\t\t<div class=\"box-text text-center is-small\" style=\"background-color:rgba(0, 0, 0, 0.65);\">\n\t\t\t\t\t<div class=\"box-text-inner blog-post-inner\">\n\n\t\t\t\t\t\n\t\t\t\t\t\t\t\t\t\t<h5 class=\"post-title is-large \">Thi c\u00f4ng H\u1ed3 c\u00e1 Koi t\u1ea1i Khu \u0111\u00f4 th\u1ecb B\u1eafc An Kh\u00e1nh<\/h5>\n\t\t\t\t\t\t\t\t\t\t<div class=\"is-divider\"><\/div>\n\t\t\t\t\t                    \n\t\t\t\t\t\n\t\t\t\t\t\n\t\t\t\t\t<\/div>\n\t\t\t\t\t<\/div>\n\t\t\t\t\t\t\t\t\t<\/div>\n\t\t\t\t<\/a>\n\t\t\t<\/div>\n\t\t<\/div>\n\t\t<div class=\"col post-item\" >\n\t\t\t<div class=\"col-inner\">\n\t\t\t<a href=\"https:\/\/webmaibinh.com\/w\/cayxanh\/trong-cay-xanh-biet-thu-tu-gia-thi-cong-ho-ca-koi-tai-ba-vi-ha-noi\/\" class=\"plain\">\n\t\t\t\t<div class=\"box box-overlay dark box-text-bottom box-blog-post has-hover\">\n            \t\t\t\t\t<div class=\"box-image\" >\n  \t\t\t\t\t\t<div class=\"image-overlay-add image-cover\" style=\"padding-top:65%;\">\n  \t\t\t\t\t\t\t<img width=\"1200\" height=\"381\" src=\"https:\/\/webmaibinh.com\/w\/cayxanh\/wp-content\/uploads\/2018\/04\/slider67.jpg\" class=\"attachment-original size-original wp-post-image\" alt=\"\" loading=\"lazy\" srcset=\"https:\/\/webmaibinh.com\/w\/cayxanh\/wp-content\/uploads\/2018\/04\/slider67.jpg 1200w, https:\/\/webmaibinh.com\/w\/cayxanh\/wp-content\/uploads\/2018\/04\/slider67-600x191.jpg 600w, https:\/\/webmaibinh.com\/w\/cayxanh\/wp-content\/uploads\/2018\/04\/slider67-300x95.jpg 300w, https:\/\/webmaibinh.com\/w\/cayxanh\/wp-content\/uploads\/2018\/04\/slider67-768x244.jpg 768w, https:\/\/webmaibinh.com\/w\/cayxanh\/wp-content\/uploads\/2018\/04\/slider67-1024x325.jpg 1024w\" sizes=\"(max-width: 1200px) 100vw, 1200px\" \/>  \t\t\t\t\t\t\t<div class=\"overlay\" style=\"background-color: rgba(44, 106, 0, 0.41)\"><\/div>  \t\t\t\t\t\t\t  \t\t\t\t\t\t<\/div>\n  \t\t\t\t\t\t  \t\t\t\t\t<\/div>\n          \t\t\t\t\t<div class=\"box-text text-center is-small\" style=\"background-color:rgba(0, 0, 0, 0.65);\">\n\t\t\t\t\t<div class=\"box-text-inner blog-post-inner\">\n\n\t\t\t\t\t\n\t\t\t\t\t\t\t\t\t\t<h5 class=\"post-title is-large \">Tr\u1ed3ng c\u00e2y xanh bi\u1ec7t th\u1ef1 t\u01b0 gia \u2013 Thi c\u00f4ng H\u1ed3 c\u00e1 Koi t\u1ea1i Ba v\u00ec<\/h5>\n\t\t\t\t\t\t\t\t\t\t<div class=\"is-divider\"><\/div>\n\t\t\t\t\t                    \n\t\t\t\t\t\n\t\t\t\t\t\n\t\t\t\t\t<\/div>\n\t\t\t\t\t<\/div>\n\t\t\t\t\t\t\t\t\t<\/div>\n\t\t\t\t<\/a>\n\t\t\t<\/div>\n\t\t<\/div>\n\t\t<div class=\"col post-item\" >\n\t\t\t<div class=\"col-inner\">\n\t\t\t<a href=\"https:\/\/webmaibinh.com\/w\/cayxanh\/trong-cay-xanh-va-thi-cong-canh-quan-biet-thu-tu-gia-tai-viet-tri-phu-tho\/\" class=\"plain\">\n\t\t\t\t<div class=\"box box-overlay dark box-text-bottom box-blog-post has-hover\">\n            \t\t\t\t\t<div class=\"box-image\" >\n  \t\t\t\t\t\t<div class=\"image-overlay-add image-cover\" style=\"padding-top:65%;\">\n  \t\t\t\t\t\t\t<img width=\"500\" height=\"375\" src=\"https:\/\/webmaibinh.com\/w\/cayxanh\/wp-content\/uploads\/2018\/04\/thi-cong-canh-quan-biet-thu.jpg\" class=\"attachment-original size-original wp-post-image\" alt=\"\" loading=\"lazy\" srcset=\"https:\/\/webmaibinh.com\/w\/cayxanh\/wp-content\/uploads\/2018\/04\/thi-cong-canh-quan-biet-thu.jpg 500w, https:\/\/webmaibinh.com\/w\/cayxanh\/wp-content\/uploads\/2018\/04\/thi-cong-canh-quan-biet-thu-300x225.jpg 300w\" sizes=\"(max-width: 500px) 100vw, 500px\" \/>  \t\t\t\t\t\t\t<div class=\"overlay\" style=\"background-color: rgba(44, 106, 0, 0.41)\"><\/div>  \t\t\t\t\t\t\t  \t\t\t\t\t\t<\/div>\n  \t\t\t\t\t\t  \t\t\t\t\t<\/div>\n          \t\t\t\t\t<div class=\"box-text text-center is-small\" style=\"background-color:rgba(0, 0, 0, 0.65);\">\n\t\t\t\t\t<div class=\"box-text-inner blog-post-inner\">\n\n\t\t\t\t\t\n\t\t\t\t\t\t\t\t\t\t<h5 class=\"post-title is-large \">Tr\u1ed3ng v\u00e0 thi c\u00f4ng c\u1ea3nh quan Bi\u1ec7t th\u1ef1 t\u01b0 gia t\u1ea1i Vi\u1ec7t Tr\u00ec Ph\u00fa Th\u1ecd<\/h5>\n\t\t\t\t\t\t\t\t\t\t<div class=\"is-divider\"><\/div>\n\t\t\t\t\t                    \n\t\t\t\t\t\n\t\t\t\t\t\n\t\t\t\t\t<\/div>\n\t\t\t\t\t<\/div>\n\t\t\t\t\t\t\t\t\t<\/div>\n\t\t\t\t<\/a>\n\t\t\t<\/div>\n\t\t<\/div>\n\t\t<div class=\"col post-item\" >\n\t\t\t<div class=\"col-inner\">\n\t\t\t<a href=\"https:\/\/webmaibinh.com\/w\/cayxanh\/da-san-vuon-trang-tri-tho-moc-tu-nhien\/\" class=\"plain\">\n\t\t\t\t<div class=\"box box-overlay dark box-text-bottom box-blog-post has-hover\">\n            \t\t\t\t\t<div class=\"box-image\" >\n  \t\t\t\t\t\t<div class=\"image-overlay-add image-cover\" style=\"padding-top:65%;\">\n  \t\t\t\t\t\t\t<img width=\"250\" height=\"188\" src=\"https:\/\/webmaibinh.com\/w\/cayxanh\/wp-content\/uploads\/2018\/04\/23.jpg\" class=\"attachment-original size-original wp-post-image\" alt=\"\" loading=\"lazy\" \/>  \t\t\t\t\t\t\t<div class=\"overlay\" style=\"background-color: rgba(44, 106, 0, 0.41)\"><\/div>  \t\t\t\t\t\t\t  \t\t\t\t\t\t<\/div>\n  \t\t\t\t\t\t  \t\t\t\t\t<\/div>\n          \t\t\t\t\t<div class=\"box-text text-center is-small\" style=\"background-color:rgba(0, 0, 0, 0.65);\">\n\t\t\t\t\t<div class=\"box-text-inner blog-post-inner\">\n\n\t\t\t\t\t\n\t\t\t\t\t\t\t\t\t\t<h5 class=\"post-title is-large \">\u0110\u00e1 s\u00e2n v\u01b0\u1eddn trang tr\u00ed th\u00f4 m\u1ed9c t\u1ef1 nhi\u00ean<\/h5>\n\t\t\t\t\t\t\t\t\t\t<div class=\"is-divider\"><\/div>\n\t\t\t\t\t                    \n\t\t\t\t\t\n\t\t\t\t\t\n\t\t\t\t\t<\/div>\n\t\t\t\t\t<\/div>\n\t\t\t\t\t\t\t\t\t<\/div>\n\t\t\t\t<\/a>\n\t\t\t<\/div>\n\t\t<\/div>\n\t\t<div class=\"col post-item\" >\n\t\t\t<div class=\"col-inner\">\n\t\t\t<a href=\"https:\/\/webmaibinh.com\/w\/cayxanh\/ve-dep-kho-cuong-cua-nhung-san-vuon-trang-tri-bang-da\/\" class=\"plain\">\n\t\t\t\t<div class=\"box box-overlay dark box-text-bottom box-blog-post has-hover\">\n            \t\t\t\t\t<div class=\"box-image\" >\n  \t\t\t\t\t\t<div class=\"image-overlay-add image-cover\" style=\"padding-top:65%;\">\n  \t\t\t\t\t\t\t<img width=\"500\" height=\"376\" src=\"https:\/\/webmaibinh.com\/w\/cayxanh\/wp-content\/uploads\/2018\/04\/6.jpg\" class=\"attachment-original size-original wp-post-image\" alt=\"\" loading=\"lazy\" srcset=\"https:\/\/webmaibinh.com\/w\/cayxanh\/wp-content\/uploads\/2018\/04\/6.jpg 500w, https:\/\/webmaibinh.com\/w\/cayxanh\/wp-content\/uploads\/2018\/04\/6-300x226.jpg 300w\" sizes=\"(max-width: 500px) 100vw, 500px\" \/>  \t\t\t\t\t\t\t<div class=\"overlay\" style=\"background-color: rgba(44, 106, 0, 0.41)\"><\/div>  \t\t\t\t\t\t\t  \t\t\t\t\t\t<\/div>\n  \t\t\t\t\t\t  \t\t\t\t\t<\/div>\n          \t\t\t\t\t<div class=\"box-text text-center is-small\" style=\"background-color:rgba(0, 0, 0, 0.65);\">\n\t\t\t\t\t<div class=\"box-text-inner blog-post-inner\">\n\n\t\t\t\t\t\n\t\t\t\t\t\t\t\t\t\t<h5 class=\"post-title is-large \">V\u1ebb \u0111\u1eb9p kh\u00f3 c\u01b0\u1ee1ng c\u1ee7a nh\u1eefng s\u00e2n v\u01b0\u1eddn trang tr\u00ed b\u1eb1ng \u0111\u00e1<\/h5>\n\t\t\t\t\t\t\t\t\t\t<div class=\"is-divider\"><\/div>\n\t\t\t\t\t                    \n\t\t\t\t\t\n\t\t\t\t\t\n\t\t\t\t\t<\/div>\n\t\t\t\t\t<\/div>\n\t\t\t\t\t\t\t\t\t<\/div>\n\t\t\t\t<\/a>\n\t\t\t<\/div>\n\t\t<\/div>\n<\/div><\/div>\n","protected":false},"excerpt":{"rendered":"<p>B\u00e1ch xanh t\u00e1i sinh h\u1ea1t t\u1ed1t. H\u1ea1t r\u1ee5ng th\u00e1ng 10-12. \u1ede Vi\u1ec7t Nam, B\u00e1ch Xanh m\u1ecdc th\u00e0nh \u0111\u00e1m nh\u1ecf ho\u1eb7c r\u1ea3i r\u00e1c tr\u00ean \u0111\u1ed9 cao 900 \u2013 1100m v\u00f9ng Ba V\u00ec (H\u00e0 T\u00e2y) v\u00e0 \u0110\u00e0 L\u1ea1t (L\u00e2m \u0110\u1ed3ng).<\/p>\n","protected":false},"featured_media":524,"comment_status":"open","ping_status":"closed","template":"","meta":[],"_links":{"self":[{"href":"https:\/\/webmaibinh.com\/w\/cayxanh\/wp-json\/wp\/v2\/product\/523"}],"collection":[{"href":"https:\/\/webmaibinh.com\/w\/cayxanh\/wp-json\/wp\/v2\/product"}],"about":[{"href":"https:\/\/webmaibinh.com\/w\/cayxanh\/wp-json\/wp\/v2\/types\/product"}],"replies":[{"embeddable":true,"href":"https:\/\/webmaibinh.com\/w\/cayxanh\/wp-json\/wp\/v2\/comments?post=523"}],"wp:featuredmedia":[{"embeddable":true,"href":"https:\/\/webmaibinh.com\/w\/cayxanh\/wp-json\/wp\/v2\/media\/524"}],"wp:attachment":[{"href":"https:\/\/webmaibinh.com\/w\/cayxanh\/wp-json\/wp\/v2\/media?parent=523"}],"curies":[{"name":"wp","href":"https:\/\/api.w.org\/{rel}","templated":true}]}}