{"id":521,"date":"2018-04-07T12:46:27","date_gmt":"2018-04-07T05:46:27","guid":{"rendered":"https:\/\/bizhostvn.com\/w\/cayxanh\/?post_type=product&#038;p=521"},"modified":"2018-04-07T16:57:41","modified_gmt":"2018-04-07T09:57:41","slug":"cay-mit","status":"publish","type":"product","link":"https:\/\/webmaibinh.com\/w\/cayxanh\/san-pham\/cay-mit\/","title":{"rendered":"C\u00e2y m\u00edt"},"content":{"rendered":"<p><b>M\u00edt<\/b>\u00a0(danh ph\u00e1p khoa h\u1ecdc:\u00a0<i>Artocarpus heterophyllus<\/i>) l\u00e0 lo\u00e0i\u00a0th\u1ef1c v\u1eadt\u00a0\u0103n\u00a0qu\u1ea3, m\u1ecdc ph\u1ed5 bi\u1ebfn \u1edf\u00a0\u0110\u00f4ng Nam \u00c1\u00a0v\u00e0\u00a0Brasil. N\u00f3 l\u00e0 c\u00e2y thu\u1ed9c\u00a0h\u1ecd D\u00e2u t\u1eb1m\u00a0(Moraceae), v\u00e0 \u0111\u01b0\u1ee3c cho l\u00e0 c\u00f3 ngu\u1ed3n g\u1ed1c \u1edf\u00a0\u1ea4n \u0110\u1ed9\u00a0v\u00e0\u00a0Bangladesh. Qu\u1ea3 m\u00edt l\u00e0 lo\u1ea1i qu\u1ea3 qu\u1ed1c gia c\u1ee7a Bangladesh.<\/p>\n<p>C\u00e2y m\u00edt thu\u1ed9c lo\u1ea1i c\u00e2y g\u1ed7 nh\u1ee1 cao t\u1eeb 8 \u0111\u1ebfn 15 m. C\u00e2y m\u00edt ra qu\u1ea3 sau ba n\u0103m tu\u1ed5i v\u00e0 qu\u1ea3 c\u1ee7a n\u00f3 l\u00e0 lo\u1ea1i qu\u1ea3 ph\u1ee9c, \u0103n \u0111\u01b0\u1ee3c l\u1edbn nh\u1ea5t c\u00f3 gi\u00e1 tr\u1ecb th\u01b0\u01a1ng m\u1ea1i, h\u00ecnh b\u1ea7u d\u1ee5c k\u00edch th\u01b0\u1edbc (30-60) cm x (20-30) cm. M\u00edt ra qu\u1ea3 v\u00e0o kho\u1ea3ng gi\u1eefa m\u00f9a xu\u00e2n v\u00e0 ch\u00edn v\u00e0o cu\u1ed1i m\u00f9a h\u00e8 (th\u00e1ng 7-8). N\u00f3 l\u00e0 m\u1ed9t lo\u1ea1i qu\u1ea3 ng\u1ecdt, c\u00f3 th\u1ec3 mua \u0111\u01b0\u1ee3c \u1edf M\u1ef9 v\u00e0 ch\u00e2u \u00c2u trong c\u00e1c c\u1eeda h\u00e0ng b\u00e1n c\u00e1c s\u1ea3n ph\u1ea9m ngo\u1ea1i qu\u1ed1c. S\u1ea3n ph\u1ea9m \u0111\u01b0\u1ee3c b\u00e1n trong d\u1ea1ng \u0111\u00f3ng h\u1ed9p v\u1edbi xi r\u00f4 \u0111\u01b0\u1eddng hay c\u00f3 th\u1ec3 mua \u1edf d\u1ea1ng qu\u1ea3 t\u01b0\u01a1i \u1edf c\u00e1c ch\u1ee3 ch\u00e2u \u00c1. C\u00e1c l\u00e1t m\u1ecfng v\u00e0 ng\u1ecdt c\u0169ng \u0111\u01b0\u1ee3c s\u1ea3n xu\u1ea5t t\u1eeb n\u00f3. M\u00edt c\u0169ng \u0111\u01b0\u1ee3c s\u1eed d\u1ee5ng trong \u1ea9m th\u1ef1c c\u1ee7a khu v\u1ef1c \u0110\u00f4ng Nam \u00c1, trong c\u00e1c m\u00f3n \u0103n c\u1ee7a ng\u01b0\u1eddi Vi\u1ec7t Nam v\u00e0 Indonesia.<\/p>\n<p>G\u1ed7 c\u1ee7a c\u00e2y m\u00edt thu\u1ed9c g\u1ed7 nh\u00f3m IV, \u0111\u00f4i khi \u0111\u01b0\u1ee3c s\u1eed d\u1ee5ng \u0111\u1ec3 s\u1ea3n xu\u1ea5t c\u00e1c d\u1ee5ng c\u1ee5 \u00e2m nh\u1ea1c nh\u01b0 c\u00e1c lo\u1ea1i m\u1ed9c c\u1ea7m, l\u00e0 m\u1ed9t ph\u1ea7n c\u1ee7agamelan \u1edf Indonesia (m\u1ed9t th\u1ec3 lo\u1ea1i d\u00e0n nh\u1ea1c bao g\u1ed3m chi\u00eang, c\u1ed3ng, tr\u1ed1ng, c\u00e1c lo\u1ea1i nh\u1ea1c c\u1ee5 b\u1eb1ng c\u00e1c thanh kim lo\u1ea1i hay g\u1ed7)<\/p>\n<h2><span id=\"C.C3.A1c_m.C3.B3n_.C4.83n_c.C3.B3_s.E1.BB.AD_d.E1.BB.A5ng_m.C3.ADt\" class=\"mw-headline\">C\u00e1c m\u00f3n \u0103n c\u00f3 s\u1eed d\u1ee5ng m\u00edt<\/span><\/h2>\n<ul>\n<li>C\u00e1c m\u00fai m\u00edt ch\u00edn c\u00f3 th\u1ec3 \u0103n t\u01b0\u01a1i, c\u00f3 v\u1ecb r\u1ea5t ng\u1ecdt do c\u00f3 h\u00e0m l\u01b0\u1ee3ng \u0111\u01b0\u1eddng nh\u01b0 glucoza, fructoza cao (10-15%).<\/li>\n<\/ul>\n<p>\u1ede Vi\u1ec7t Nam,\u00a0C\u00e2y m\u00edt \u0111\u01b0\u1ee3c tr\u1ed3ng ph\u1ed5 bi\u1ebfn \u1edf c\u00e1c v\u00f9ng n\u00f4ng th\u00f4n. M\u00edt c\u00f3 nhi\u1ec1u lo\u1ea1i nh\u01b0 m\u00edt m\u1eadt, m\u00edt \u01b0\u1edbt, m\u00edt dai, m\u00edt t\u1ed1 n\u1eef (\u0111\u1eb7c s\u1ea3n c\u1ee7ami\u1ec1n Nam) v.v, ngo\u00e0i gi\u00e1 tr\u1ecb dinh d\u01b0\u1ee1ng trong \u1ea9m th\u1ef1c nh\u01b0 n\u00f3i tr\u00ean, nhi\u1ec1u b\u1ed9 ph\u1eadn c\u1ee7a c\u00e2y m\u00edt c\u00f2n l\u00e0 v\u1ecb thu\u1ed1c.<\/p>\n<p>L\u00e1 m\u00edt c\u00f3 \u0111\u1ecba v\u1ecb \u0111\u1eb7c bi\u1ec7t d\u00f9ng \u0111\u1ec3 l\u00f3t o\u1ea3n c\u00fang Ph\u1eadt. L\u00e1 m\u00edt c\u0169ng \u0111\u01b0\u1ee3c d\u00f9ng \u0111\u1ec3 g\u00f3i thu\u1ed1c l\u00e0o truy\u1ec1n th\u1ed1ng. G\u1ed7 m\u00edt c\u0169ng l\u00e0 lo\u1ea1i g\u1ed7 \u0111\u01b0\u1ee3c chu\u1ed9ng \u0111\u1ec3 t\u1ea1c t\u01b0\u1ee3ng th\u1edd trong c\u00e1c \u0111\u1ec1n ch\u00f9a v\u00ec th\u1edb g\u1ed7 m\u1ecbn, d\u1ec5 kh\u1eafc nh\u01b0ng n\u1eb7ng v\u00e0 ch\u1eafc.<\/p>\n<div class=\"bottom-page-post\">\n<h3>B\u00c0I VI\u1ebeT LI\u00caN QUAN<\/h3>\n\n  \n    <div class=\"row large-columns-3 medium-columns- small-columns-1 row-small\">\n  \t\t<div class=\"col post-item\" >\n\t\t\t<div class=\"col-inner\">\n\t\t\t<a href=\"https:\/\/webmaibinh.com\/w\/cayxanh\/thi-cong-canh-quan-biet-thu-le-van-thien-nha-mat-pho-1000m2\/\" class=\"plain\">\n\t\t\t\t<div class=\"box box-overlay dark box-text-bottom box-blog-post has-hover\">\n            \t\t\t\t\t<div class=\"box-image\" >\n  \t\t\t\t\t\t<div class=\"image-overlay-add image-cover\" style=\"padding-top:65%;\">\n  \t\t\t\t\t\t\t<img width=\"500\" height=\"316\" src=\"https:\/\/webmaibinh.com\/w\/cayxanh\/wp-content\/uploads\/2018\/04\/canh-quan-san-vuon-biet-thu.jpg\" class=\"attachment-original size-original wp-post-image\" alt=\"\" loading=\"lazy\" srcset=\"https:\/\/webmaibinh.com\/w\/cayxanh\/wp-content\/uploads\/2018\/04\/canh-quan-san-vuon-biet-thu.jpg 500w, https:\/\/webmaibinh.com\/w\/cayxanh\/wp-content\/uploads\/2018\/04\/canh-quan-san-vuon-biet-thu-300x190.jpg 300w\" sizes=\"(max-width: 500px) 100vw, 500px\" \/>  \t\t\t\t\t\t\t<div class=\"overlay\" style=\"background-color: rgba(44, 106, 0, 0.41)\"><\/div>  \t\t\t\t\t\t\t  \t\t\t\t\t\t<\/div>\n  \t\t\t\t\t\t  \t\t\t\t\t<\/div>\n          \t\t\t\t\t<div class=\"box-text text-center is-small\" style=\"background-color:rgba(0, 0, 0, 0.65);\">\n\t\t\t\t\t<div class=\"box-text-inner blog-post-inner\">\n\n\t\t\t\t\t\n\t\t\t\t\t\t\t\t\t\t<h5 class=\"post-title is-large \">Thi c\u00f4ng c\u1ea3nh quan bi\u1ec7t th\u1ef1 LeNam nh\u00e0 m\u1eb7t ph\u1ed1 1000m2<\/h5>\n\t\t\t\t\t\t\t\t\t\t<div class=\"is-divider\"><\/div>\n\t\t\t\t\t                    \n\t\t\t\t\t\n\t\t\t\t\t\n\t\t\t\t\t<\/div>\n\t\t\t\t\t<\/div>\n\t\t\t\t\t\t\t\t\t<\/div>\n\t\t\t\t<\/a>\n\t\t\t<\/div>\n\t\t<\/div>\n\t\t<div class=\"col post-item\" >\n\t\t\t<div class=\"col-inner\">\n\t\t\t<a href=\"https:\/\/webmaibinh.com\/w\/cayxanh\/thi-cong-non-bo-ho-ca-koi-tai-xa-quang-tien-soc-son\/\" class=\"plain\">\n\t\t\t\t<div class=\"box box-overlay dark box-text-bottom box-blog-post has-hover\">\n            \t\t\t\t\t<div class=\"box-image\" >\n  \t\t\t\t\t\t<div class=\"image-overlay-add image-cover\" style=\"padding-top:65%;\">\n  \t\t\t\t\t\t\t<img width=\"500\" height=\"376\" src=\"https:\/\/webmaibinh.com\/w\/cayxanh\/wp-content\/uploads\/2018\/04\/6.jpg\" class=\"attachment-original size-original wp-post-image\" alt=\"\" loading=\"lazy\" srcset=\"https:\/\/webmaibinh.com\/w\/cayxanh\/wp-content\/uploads\/2018\/04\/6.jpg 500w, https:\/\/webmaibinh.com\/w\/cayxanh\/wp-content\/uploads\/2018\/04\/6-300x226.jpg 300w\" sizes=\"(max-width: 500px) 100vw, 500px\" \/>  \t\t\t\t\t\t\t<div class=\"overlay\" style=\"background-color: rgba(44, 106, 0, 0.41)\"><\/div>  \t\t\t\t\t\t\t  \t\t\t\t\t\t<\/div>\n  \t\t\t\t\t\t  \t\t\t\t\t<\/div>\n          \t\t\t\t\t<div class=\"box-text text-center is-small\" style=\"background-color:rgba(0, 0, 0, 0.65);\">\n\t\t\t\t\t<div class=\"box-text-inner blog-post-inner\">\n\n\t\t\t\t\t\n\t\t\t\t\t\t\t\t\t\t<h5 class=\"post-title is-large \">Thi c\u00f4ng Non b\u1ed9 \u2013 H\u1ed3 c\u00e1 Koi t\u1ea1i X\u00e3 Quang Ti\u1ebfn \u2013 S\u00f3c s\u01a1n<\/h5>\n\t\t\t\t\t\t\t\t\t\t<div class=\"is-divider\"><\/div>\n\t\t\t\t\t                    \n\t\t\t\t\t\n\t\t\t\t\t\n\t\t\t\t\t<\/div>\n\t\t\t\t\t<\/div>\n\t\t\t\t\t\t\t\t\t<\/div>\n\t\t\t\t<\/a>\n\t\t\t<\/div>\n\t\t<\/div>\n\t\t<div class=\"col post-item\" >\n\t\t\t<div class=\"col-inner\">\n\t\t\t<a href=\"https:\/\/webmaibinh.com\/w\/cayxanh\/trong-cay-xanh-san-vuon-biet-thu-thi-cong-ho-ca-koi-tai-khu-do-thi-xuan-phuong\/\" class=\"plain\">\n\t\t\t\t<div class=\"box box-overlay dark box-text-bottom box-blog-post has-hover\">\n            \t\t\t\t\t<div class=\"box-image\" >\n  \t\t\t\t\t\t<div class=\"image-overlay-add image-cover\" style=\"padding-top:65%;\">\n  \t\t\t\t\t\t\t<img width=\"477\" height=\"358\" src=\"https:\/\/webmaibinh.com\/w\/cayxanh\/wp-content\/uploads\/2018\/04\/cay-cong-trinh.jpg\" class=\"attachment-original size-original wp-post-image\" alt=\"\" loading=\"lazy\" srcset=\"https:\/\/webmaibinh.com\/w\/cayxanh\/wp-content\/uploads\/2018\/04\/cay-cong-trinh.jpg 477w, https:\/\/webmaibinh.com\/w\/cayxanh\/wp-content\/uploads\/2018\/04\/cay-cong-trinh-300x225.jpg 300w\" sizes=\"(max-width: 477px) 100vw, 477px\" \/>  \t\t\t\t\t\t\t<div class=\"overlay\" style=\"background-color: rgba(44, 106, 0, 0.41)\"><\/div>  \t\t\t\t\t\t\t  \t\t\t\t\t\t<\/div>\n  \t\t\t\t\t\t  \t\t\t\t\t<\/div>\n          \t\t\t\t\t<div class=\"box-text text-center is-small\" style=\"background-color:rgba(0, 0, 0, 0.65);\">\n\t\t\t\t\t<div class=\"box-text-inner blog-post-inner\">\n\n\t\t\t\t\t\n\t\t\t\t\t\t\t\t\t\t<h5 class=\"post-title is-large \">Thi c\u00f4ng H\u1ed3 c\u00e1 Koi t\u1ea1i Khu \u0110\u00f4 th\u1ecb Xu\u00e2n Ph\u01b0\u01a1ng<\/h5>\n\t\t\t\t\t\t\t\t\t\t<div class=\"is-divider\"><\/div>\n\t\t\t\t\t                    \n\t\t\t\t\t\n\t\t\t\t\t\n\t\t\t\t\t<\/div>\n\t\t\t\t\t<\/div>\n\t\t\t\t\t\t\t\t\t<\/div>\n\t\t\t\t<\/a>\n\t\t\t<\/div>\n\t\t<\/div>\n\t\t<div class=\"col post-item\" >\n\t\t\t<div class=\"col-inner\">\n\t\t\t<a href=\"https:\/\/webmaibinh.com\/w\/cayxanh\/trong-cay-xanh-san-vuon-biet-thu-thi-cong-ho-ca-koi-tai-khu-do-thi-bac-an-khanh\/\" class=\"plain\">\n\t\t\t\t<div class=\"box box-overlay dark box-text-bottom box-blog-post has-hover\">\n            \t\t\t\t\t<div class=\"box-image\" >\n  \t\t\t\t\t\t<div class=\"image-overlay-add image-cover\" style=\"padding-top:65%;\">\n  \t\t\t\t\t\t\t<img width=\"1200\" height=\"381\" src=\"https:\/\/webmaibinh.com\/w\/cayxanh\/wp-content\/uploads\/2018\/04\/slide6.jpg\" class=\"attachment-original size-original wp-post-image\" alt=\"\" loading=\"lazy\" srcset=\"https:\/\/webmaibinh.com\/w\/cayxanh\/wp-content\/uploads\/2018\/04\/slide6.jpg 1200w, https:\/\/webmaibinh.com\/w\/cayxanh\/wp-content\/uploads\/2018\/04\/slide6-600x191.jpg 600w, https:\/\/webmaibinh.com\/w\/cayxanh\/wp-content\/uploads\/2018\/04\/slide6-300x95.jpg 300w, https:\/\/webmaibinh.com\/w\/cayxanh\/wp-content\/uploads\/2018\/04\/slide6-768x244.jpg 768w, https:\/\/webmaibinh.com\/w\/cayxanh\/wp-content\/uploads\/2018\/04\/slide6-1024x325.jpg 1024w\" sizes=\"(max-width: 1200px) 100vw, 1200px\" \/>  \t\t\t\t\t\t\t<div class=\"overlay\" style=\"background-color: rgba(44, 106, 0, 0.41)\"><\/div>  \t\t\t\t\t\t\t  \t\t\t\t\t\t<\/div>\n  \t\t\t\t\t\t  \t\t\t\t\t<\/div>\n          \t\t\t\t\t<div class=\"box-text text-center is-small\" style=\"background-color:rgba(0, 0, 0, 0.65);\">\n\t\t\t\t\t<div class=\"box-text-inner blog-post-inner\">\n\n\t\t\t\t\t\n\t\t\t\t\t\t\t\t\t\t<h5 class=\"post-title is-large \">Thi c\u00f4ng H\u1ed3 c\u00e1 Koi t\u1ea1i Khu \u0111\u00f4 th\u1ecb B\u1eafc An Kh\u00e1nh<\/h5>\n\t\t\t\t\t\t\t\t\t\t<div class=\"is-divider\"><\/div>\n\t\t\t\t\t                    \n\t\t\t\t\t\n\t\t\t\t\t\n\t\t\t\t\t<\/div>\n\t\t\t\t\t<\/div>\n\t\t\t\t\t\t\t\t\t<\/div>\n\t\t\t\t<\/a>\n\t\t\t<\/div>\n\t\t<\/div>\n\t\t<div class=\"col post-item\" >\n\t\t\t<div class=\"col-inner\">\n\t\t\t<a href=\"https:\/\/webmaibinh.com\/w\/cayxanh\/trong-cay-xanh-biet-thu-tu-gia-thi-cong-ho-ca-koi-tai-ba-vi-ha-noi\/\" class=\"plain\">\n\t\t\t\t<div class=\"box box-overlay dark box-text-bottom box-blog-post has-hover\">\n            \t\t\t\t\t<div class=\"box-image\" >\n  \t\t\t\t\t\t<div class=\"image-overlay-add image-cover\" style=\"padding-top:65%;\">\n  \t\t\t\t\t\t\t<img width=\"1200\" height=\"381\" src=\"https:\/\/webmaibinh.com\/w\/cayxanh\/wp-content\/uploads\/2018\/04\/slider67.jpg\" class=\"attachment-original size-original wp-post-image\" alt=\"\" loading=\"lazy\" srcset=\"https:\/\/webmaibinh.com\/w\/cayxanh\/wp-content\/uploads\/2018\/04\/slider67.jpg 1200w, https:\/\/webmaibinh.com\/w\/cayxanh\/wp-content\/uploads\/2018\/04\/slider67-600x191.jpg 600w, https:\/\/webmaibinh.com\/w\/cayxanh\/wp-content\/uploads\/2018\/04\/slider67-300x95.jpg 300w, https:\/\/webmaibinh.com\/w\/cayxanh\/wp-content\/uploads\/2018\/04\/slider67-768x244.jpg 768w, https:\/\/webmaibinh.com\/w\/cayxanh\/wp-content\/uploads\/2018\/04\/slider67-1024x325.jpg 1024w\" sizes=\"(max-width: 1200px) 100vw, 1200px\" \/>  \t\t\t\t\t\t\t<div class=\"overlay\" style=\"background-color: rgba(44, 106, 0, 0.41)\"><\/div>  \t\t\t\t\t\t\t  \t\t\t\t\t\t<\/div>\n  \t\t\t\t\t\t  \t\t\t\t\t<\/div>\n          \t\t\t\t\t<div class=\"box-text text-center is-small\" style=\"background-color:rgba(0, 0, 0, 0.65);\">\n\t\t\t\t\t<div class=\"box-text-inner blog-post-inner\">\n\n\t\t\t\t\t\n\t\t\t\t\t\t\t\t\t\t<h5 class=\"post-title is-large \">Tr\u1ed3ng c\u00e2y xanh bi\u1ec7t th\u1ef1 t\u01b0 gia \u2013 Thi c\u00f4ng H\u1ed3 c\u00e1 Koi t\u1ea1i Ba v\u00ec<\/h5>\n\t\t\t\t\t\t\t\t\t\t<div class=\"is-divider\"><\/div>\n\t\t\t\t\t                    \n\t\t\t\t\t\n\t\t\t\t\t\n\t\t\t\t\t<\/div>\n\t\t\t\t\t<\/div>\n\t\t\t\t\t\t\t\t\t<\/div>\n\t\t\t\t<\/a>\n\t\t\t<\/div>\n\t\t<\/div>\n\t\t<div class=\"col post-item\" >\n\t\t\t<div class=\"col-inner\">\n\t\t\t<a href=\"https:\/\/webmaibinh.com\/w\/cayxanh\/trong-cay-xanh-va-thi-cong-canh-quan-biet-thu-tu-gia-tai-viet-tri-phu-tho\/\" class=\"plain\">\n\t\t\t\t<div class=\"box box-overlay dark box-text-bottom box-blog-post has-hover\">\n            \t\t\t\t\t<div class=\"box-image\" >\n  \t\t\t\t\t\t<div class=\"image-overlay-add image-cover\" style=\"padding-top:65%;\">\n  \t\t\t\t\t\t\t<img width=\"500\" height=\"375\" src=\"https:\/\/webmaibinh.com\/w\/cayxanh\/wp-content\/uploads\/2018\/04\/thi-cong-canh-quan-biet-thu.jpg\" class=\"attachment-original size-original wp-post-image\" alt=\"\" loading=\"lazy\" srcset=\"https:\/\/webmaibinh.com\/w\/cayxanh\/wp-content\/uploads\/2018\/04\/thi-cong-canh-quan-biet-thu.jpg 500w, https:\/\/webmaibinh.com\/w\/cayxanh\/wp-content\/uploads\/2018\/04\/thi-cong-canh-quan-biet-thu-300x225.jpg 300w\" sizes=\"(max-width: 500px) 100vw, 500px\" \/>  \t\t\t\t\t\t\t<div class=\"overlay\" style=\"background-color: rgba(44, 106, 0, 0.41)\"><\/div>  \t\t\t\t\t\t\t  \t\t\t\t\t\t<\/div>\n  \t\t\t\t\t\t  \t\t\t\t\t<\/div>\n          \t\t\t\t\t<div class=\"box-text text-center is-small\" style=\"background-color:rgba(0, 0, 0, 0.65);\">\n\t\t\t\t\t<div class=\"box-text-inner blog-post-inner\">\n\n\t\t\t\t\t\n\t\t\t\t\t\t\t\t\t\t<h5 class=\"post-title is-large \">Tr\u1ed3ng v\u00e0 thi c\u00f4ng c\u1ea3nh quan Bi\u1ec7t th\u1ef1 t\u01b0 gia t\u1ea1i Vi\u1ec7t Tr\u00ec Ph\u00fa Th\u1ecd<\/h5>\n\t\t\t\t\t\t\t\t\t\t<div class=\"is-divider\"><\/div>\n\t\t\t\t\t                    \n\t\t\t\t\t\n\t\t\t\t\t\n\t\t\t\t\t<\/div>\n\t\t\t\t\t<\/div>\n\t\t\t\t\t\t\t\t\t<\/div>\n\t\t\t\t<\/a>\n\t\t\t<\/div>\n\t\t<\/div>\n\t\t<div class=\"col post-item\" >\n\t\t\t<div class=\"col-inner\">\n\t\t\t<a href=\"https:\/\/webmaibinh.com\/w\/cayxanh\/da-san-vuon-trang-tri-tho-moc-tu-nhien\/\" class=\"plain\">\n\t\t\t\t<div class=\"box box-overlay dark box-text-bottom box-blog-post has-hover\">\n            \t\t\t\t\t<div class=\"box-image\" >\n  \t\t\t\t\t\t<div class=\"image-overlay-add image-cover\" style=\"padding-top:65%;\">\n  \t\t\t\t\t\t\t<img width=\"250\" height=\"188\" src=\"https:\/\/webmaibinh.com\/w\/cayxanh\/wp-content\/uploads\/2018\/04\/23.jpg\" class=\"attachment-original size-original wp-post-image\" alt=\"\" loading=\"lazy\" \/>  \t\t\t\t\t\t\t<div class=\"overlay\" style=\"background-color: rgba(44, 106, 0, 0.41)\"><\/div>  \t\t\t\t\t\t\t  \t\t\t\t\t\t<\/div>\n  \t\t\t\t\t\t  \t\t\t\t\t<\/div>\n          \t\t\t\t\t<div class=\"box-text text-center is-small\" style=\"background-color:rgba(0, 0, 0, 0.65);\">\n\t\t\t\t\t<div class=\"box-text-inner blog-post-inner\">\n\n\t\t\t\t\t\n\t\t\t\t\t\t\t\t\t\t<h5 class=\"post-title is-large \">\u0110\u00e1 s\u00e2n v\u01b0\u1eddn trang tr\u00ed th\u00f4 m\u1ed9c t\u1ef1 nhi\u00ean<\/h5>\n\t\t\t\t\t\t\t\t\t\t<div class=\"is-divider\"><\/div>\n\t\t\t\t\t                    \n\t\t\t\t\t\n\t\t\t\t\t\n\t\t\t\t\t<\/div>\n\t\t\t\t\t<\/div>\n\t\t\t\t\t\t\t\t\t<\/div>\n\t\t\t\t<\/a>\n\t\t\t<\/div>\n\t\t<\/div>\n\t\t<div class=\"col post-item\" >\n\t\t\t<div class=\"col-inner\">\n\t\t\t<a href=\"https:\/\/webmaibinh.com\/w\/cayxanh\/ve-dep-kho-cuong-cua-nhung-san-vuon-trang-tri-bang-da\/\" class=\"plain\">\n\t\t\t\t<div class=\"box box-overlay dark box-text-bottom box-blog-post has-hover\">\n            \t\t\t\t\t<div class=\"box-image\" >\n  \t\t\t\t\t\t<div class=\"image-overlay-add image-cover\" style=\"padding-top:65%;\">\n  \t\t\t\t\t\t\t<img width=\"500\" height=\"376\" src=\"https:\/\/webmaibinh.com\/w\/cayxanh\/wp-content\/uploads\/2018\/04\/6.jpg\" class=\"attachment-original size-original wp-post-image\" alt=\"\" loading=\"lazy\" srcset=\"https:\/\/webmaibinh.com\/w\/cayxanh\/wp-content\/uploads\/2018\/04\/6.jpg 500w, https:\/\/webmaibinh.com\/w\/cayxanh\/wp-content\/uploads\/2018\/04\/6-300x226.jpg 300w\" sizes=\"(max-width: 500px) 100vw, 500px\" \/>  \t\t\t\t\t\t\t<div class=\"overlay\" style=\"background-color: rgba(44, 106, 0, 0.41)\"><\/div>  \t\t\t\t\t\t\t  \t\t\t\t\t\t<\/div>\n  \t\t\t\t\t\t  \t\t\t\t\t<\/div>\n          \t\t\t\t\t<div class=\"box-text text-center is-small\" style=\"background-color:rgba(0, 0, 0, 0.65);\">\n\t\t\t\t\t<div class=\"box-text-inner blog-post-inner\">\n\n\t\t\t\t\t\n\t\t\t\t\t\t\t\t\t\t<h5 class=\"post-title is-large \">V\u1ebb \u0111\u1eb9p kh\u00f3 c\u01b0\u1ee1ng c\u1ee7a nh\u1eefng s\u00e2n v\u01b0\u1eddn trang tr\u00ed b\u1eb1ng \u0111\u00e1<\/h5>\n\t\t\t\t\t\t\t\t\t\t<div class=\"is-divider\"><\/div>\n\t\t\t\t\t                    \n\t\t\t\t\t\n\t\t\t\t\t\n\t\t\t\t\t<\/div>\n\t\t\t\t\t<\/div>\n\t\t\t\t\t\t\t\t\t<\/div>\n\t\t\t\t<\/a>\n\t\t\t<\/div>\n\t\t<\/div>\n<\/div><\/div>\n","protected":false},"excerpt":{"rendered":"<p>L\u00e1 m\u00edt c\u00f3 \u0111\u1ecba v\u1ecb \u0111\u1eb7c bi\u1ec7t d\u00f9ng \u0111\u1ec3 l\u00f3t o\u1ea3n c\u00fang Ph\u1eadt. L\u00e1 m\u00edt c\u0169ng \u0111\u01b0\u1ee3c d\u00f9ng \u0111\u1ec3 g\u00f3i thu\u1ed1c l\u00e0o truy\u1ec1n th\u1ed1ng. G\u1ed7 m\u00edt c\u0169ng l\u00e0 lo\u1ea1i g\u1ed7 \u0111\u01b0\u1ee3c chu\u1ed9ng \u0111\u1ec3 t\u1ea1c t\u01b0\u1ee3ng th\u1edd trong c\u00e1c \u0111\u1ec1n ch\u00f9a v\u00ec th\u1edb g\u1ed7 m\u1ecbn, d\u1ec5 kh\u1eafc nh\u01b0ng n\u1eb7ng v\u00e0 ch\u1eafc.<\/p>\n","protected":false},"featured_media":522,"comment_status":"open","ping_status":"closed","template":"","meta":[],"_links":{"self":[{"href":"https:\/\/webmaibinh.com\/w\/cayxanh\/wp-json\/wp\/v2\/product\/521"}],"collection":[{"href":"https:\/\/webmaibinh.com\/w\/cayxanh\/wp-json\/wp\/v2\/product"}],"about":[{"href":"https:\/\/webmaibinh.com\/w\/cayxanh\/wp-json\/wp\/v2\/types\/product"}],"replies":[{"embeddable":true,"href":"https:\/\/webmaibinh.com\/w\/cayxanh\/wp-json\/wp\/v2\/comments?post=521"}],"wp:featuredmedia":[{"embeddable":true,"href":"https:\/\/webmaibinh.com\/w\/cayxanh\/wp-json\/wp\/v2\/media\/522"}],"wp:attachment":[{"href":"https:\/\/webmaibinh.com\/w\/cayxanh\/wp-json\/wp\/v2\/media?parent=521"}],"curies":[{"name":"wp","href":"https:\/\/api.w.org\/{rel}","templated":true}]}}