{"id":519,"date":"2018-04-07T12:44:29","date_gmt":"2018-04-07T05:44:29","guid":{"rendered":"https:\/\/bizhostvn.com\/w\/cayxanh\/?post_type=product&#038;p=519"},"modified":"2018-04-07T16:57:57","modified_gmt":"2018-04-07T09:57:57","slug":"cay-bo-quan","status":"publish","type":"product","link":"https:\/\/webmaibinh.com\/w\/cayxanh\/san-pham\/cay-bo-quan\/","title":{"rendered":"C\u00e2y b\u1ed3 qu\u00e2n"},"content":{"rendered":"<p>C\u00e2y b\u1ed3 qu\u00e2n l\u00e0 m\u1ed9t lo\u1ea1i trung m\u1ed9c nh\u01b0ng \u1edf nh\u1eefng c\u00e2y s\u1ed1ng l\u00e2u n\u0103m li\u1ec7t v\u00e0o h\u00e0ng trung m\u1ed9c l\u1edbn, \u0111\u1ea1t t\u1edbi chi\u1ec1u cao h\u01a1n 10 \u0111\u1ebfn 15 m, hoa m\u00e0u tr\u1eafng xanh, th\u01a1m, cho ra qu\u1ea3 \u0103n \u0111\u01b0\u1ee3c, ng\u1ecdt, c\u00f3 th\u1ec3 \u0103n s\u1ed1ng ho\u1eb7c n\u1ea5u ch\u00edn nh\u01b0 m\u1ee9t, v\u00e0 v\u1ecf c\u00e2y \u0111\u00f4i khi \u0111\u01b0\u1ee3c s\u1eed d\u1ee5ng trong y h\u1ecdc. Ngo\u00e0i ra ng\u01b0\u1eddi ta c\u00f2n khai th\u00e1c \u0111\u1ec3 l\u1ea5y g\u1ed5, g\u1ed5 b\u1ed3 qu\u00e2n kh\u00f4ng c\u1ee9ng n\u00ean ch\u1ec9 \u0111\u01b0\u1ee3c d\u00f9ng l\u00e0m k\u00e8o c\u1ed9t t\u1ea1m cho nh\u1eefng nh\u00e0 mi\u1ec1n n\u00fai th\u01b0\u1ee3ng du.<\/p>\n<div>Th\u00e2n c\u00e2y b\u1ed3 qu\u00e2n c\u00f3 gai n\u00ean kh\u00f3 tr\u00e8o \u0111\u1ec3h\u00e1i tr\u00e1i.<\/div>\n<div>M\u00f4i tr\u01b0\u1eddng t\u00ecm th\u1ea5y c\u00e2y m\u00f9ng qu\u00e2n Flacourtia jangomas th\u01b0\u1eddng \u1edf \u00c1 Ch\u00e2u nhi\u1ec7t \u0111\u1edbi nh\u01b0 Th\u00e1i Lan, Malaisia, Laos, Vi\u1ec7t Nam, mi\u1ec1n nam Trung Qu\u1ed1c, \u1edf nh\u1eefng khu r\u1eebng cao \u0111\u1ed9 700 v\u00e0 800 m.<\/div>\n<div>Hoa tr\u1ed5 v\u00e0o kho\u1ea3ng th\u00e1ng 4 v\u00e0 th\u00e1ng 5.<\/div>\n<div>C\u00e2y trung m\u1ed9c l\u1edbn, bi\u1ec7t chu 5 \u0111\u1ebfn 15 m cao, c\u00e2y c\u00f3 l\u00e1 r\u1ee5ng theo m\u00f9a, th\u00e2n v\u00e0 nh\u00e1nh gi\u00e0 th\u00f4ng th\u01b0\u1eddng th\u00ec kh\u00f4ng \u201c\u00a0<i>trang\u00a0b\u1ecb<\/i>\u00a0\u201d gai nh\u1ecdn, nh\u1eefng nh\u00e1nh non v\u1edbi nh\u1eefng gai nh\u1ecdn c\u1ee9ng, \u0111\u01a1n gi\u1ea3n hay chia nh\u00e1nh, v\u1ecf m\u00e0u v\u00e0ng n\u00e2u, n\u00e2u \u0111\u1ecf hay n\u00e2u nh\u1ea1t, d\u1ec3 bong ra t\u1eebng m\u1ea3ng, nh\u00e1nh non l\u00e1ng, kh\u00f4ng l\u00f4ng hay l\u00f4ng \u00edt th\u01b0a, c\u00f3 nh\u1eefng v\u1ebft nh\u1ecf tr\u00ean v\u1ecf.<\/div>\n<div>L\u00e1, cu\u1ed1ng l\u00e1 4 \u0111\u1ebfn 8 cm c\u00f3 l\u00f4ng m\u1ecbn, phi\u1ebfn l\u00e1 m\u00e0u xanh \u0111\u1eadm \u1edf m\u1eb7t l\u01b0ng, b\u00f3ng l\u00e1ng g\u1ea7n tr\u1ee5c, trong tr\u1ea1ng th\u00e1i t\u01b0\u01a1i c\u00f3 m\u00e0u n\u00e2u \u0111\u1ecf hay m\u00e0u n\u00e2u cam khi c\u00f2n non, h\u00ecnh b\u1ea7u d\u1ee5c, h\u00ecnh tr\u1ee9ng ellip, hay h\u00ecnh tr\u1ee9ng thu\u00f4n d\u00e0i, hi\u1ebfm khi th\u1ea5y h\u00ecnh ch\u1eef nh\u1eadt hay h\u00ecnh m\u0169i m\u00e1c ho\u1eb7c h\u01a1i b\u1ea7u, k\u00edch th\u01b0\u1edbc 7 \u2013 14 x 2 \u2013 5 cm, m\u1ecfng, c\u1ea3 hai m\u1eb7t tr\u00ean th\u1ef1c t\u1ebf l\u00e1ng kh\u00f4ng l\u00f4ng, n\u1ebfu c\u00f3 th\u00ec r\u1ea5t ng\u1eafn. G\u00e2n l\u00e1 h\u01a1i n\u1ed5i l\u00ean \u1edf 2 m\u1eb7t, m\u1ed7i b\u00ean 3 \u0111\u1ebfn 6 c\u1eb7p, ph\u00eda g\u1ea7n tr\u1ee5c r\u1ecf h\u01a1n, b\u00eca l\u00e1 nguy\u00ean hay c\u00f3 r\u0103ng c\u01b0a th\u00f4, \u0111\u1ec9nh l\u00e1 t\u00f9 hay thu\u00f4n nh\u1ecdn \u00edt khi th\u1ea5y \u0111\u1ed9t nhi\u00ean nh\u1ecdn.<\/div>\n<div>Hoa, ph\u00e1t hoa \u1edf n\u00e1ch l\u00e1, h\u1ee3p th\u00e0nh t\u1ea3n ph\u00f2ng, xu\u1ea5t hi\u1ec7n c\u00f9ng hay tr\u01b0\u1edbc l\u00e1 non, m\u00e0u hoa tr\u1eafng tr\u1eafng th\u01a1m, cu\u1ed1ng hoa 5 \u2013 10 mm, r\u1ea5t thanh m\u1ea3nh, nh\u1ecf nhuy\u1ec3n v\u00e0 c\u00f3 l\u00f4ng m\u1ecbn hay l\u00e1ng, l\u00e1 \u0111\u00e0i 4 \u2013 5 h\u00ecnh b\u1ea7u d\u1ee5c, hay h\u00ecnh tam gi\u00e1c, \u0111\u1ec9nh t\u00f9, 0,5 \u2013 2 mm, m\u1eb7t ngo\u00e0i l\u00e1ng, m\u1eb7t trong c\u00f3 l\u00f4ng m\u1ecbn, b\u00eca nguy\u00ean c\u00f3 l\u00f4ng t\u01a1, ti\u1ec3u nh\u1ee5y v\u00e0o kho\u1ea3ng 40.<\/div>\n<div><\/div>\n<div>Th\u01b0\u1eddng hi\u1ebfm khi th\u1ea5y hoa c\u00e1i, b\u1ea7u no\u1ea3n h\u00ecnh chai d\u1ea1ng h\u00ecnh c\u1ea7u 2-3 mm, v\u00f2i nh\u1ee5y 4-6 d\u00ednh v\u00e0o nhau th\u00e0nh m\u1ed9t c\u1ed9t cao 1 mm, kh\u00f4ng ho\u1eb7c h\u01a1i t\u00e1ch r\u1eddi \u1edf \u0111\u1ec9nh, n\u01b0\u1ed1m h\u01a1i c\u00f3 d\u1ea1ng h\u00ecnh th\u1eadn, \u0111\u00e0n h\u1ed3i, u\u1ed1n cong.<\/div>\n<div>Qu\u1ea3\u00a0nh\u00e2n c\u1ee9ng tr\u00f2n to 1,5 \u0111\u1ebfn 2,5 cm, \u0111\u1ecf hay \u0111\u1ecf \u0111\u1eadm, cu\u1ed1i c\u00f9ng m\u00e0u \u0111en nh\u1ea1t, \u1edf tr\u1ea1ng th\u00e1i kh\u00f4 \u0111\u00f4i khi xi\u1ebft l\u1ea1i \u1edf \u0111\u01b0\u1eddng gi\u1eefa tr\u00e1i. Tr\u00e1i ch\u00edn, khi \u0103n ng\u01b0\u1eddi ta th\u01b0\u1eddng nh\u00e0o n\u1eb7n gi\u1eefa 2 ng\u00f3n tay \u0111\u1ec3 gi\u1ea3m ho\u1eb7c lo\u1ea1i b\u1ecf ch\u1ea5t ch\u00e1t t\u1ef1 nhi\u00ean c\u1ee7a tr\u00e1i, c\u00f3 h\u01b0\u01a1ng ng\u1ecdt h\u01a1i chua, ngon, \u0111\u01b0\u1ee3c s\u1eed d\u1ee5ng l\u00e0m b\u00e1nh m\u1ee9t, tarte\u2026.<\/div>\n<div class=\"bottom-page-post\">\n<h3>B\u00c0I VI\u1ebeT LI\u00caN QUAN<\/h3>\n\n  \n    <div class=\"row large-columns-3 medium-columns- small-columns-1 row-small\">\n  \t\t<div class=\"col post-item\" >\n\t\t\t<div class=\"col-inner\">\n\t\t\t<a href=\"https:\/\/webmaibinh.com\/w\/cayxanh\/thi-cong-canh-quan-biet-thu-le-van-thien-nha-mat-pho-1000m2\/\" class=\"plain\">\n\t\t\t\t<div class=\"box box-overlay dark box-text-bottom box-blog-post has-hover\">\n            \t\t\t\t\t<div class=\"box-image\" >\n  \t\t\t\t\t\t<div class=\"image-overlay-add image-cover\" style=\"padding-top:65%;\">\n  \t\t\t\t\t\t\t<img width=\"500\" height=\"316\" src=\"https:\/\/webmaibinh.com\/w\/cayxanh\/wp-content\/uploads\/2018\/04\/canh-quan-san-vuon-biet-thu.jpg\" class=\"attachment-original size-original wp-post-image\" alt=\"\" loading=\"lazy\" srcset=\"https:\/\/webmaibinh.com\/w\/cayxanh\/wp-content\/uploads\/2018\/04\/canh-quan-san-vuon-biet-thu.jpg 500w, https:\/\/webmaibinh.com\/w\/cayxanh\/wp-content\/uploads\/2018\/04\/canh-quan-san-vuon-biet-thu-300x190.jpg 300w\" sizes=\"(max-width: 500px) 100vw, 500px\" \/>  \t\t\t\t\t\t\t<div class=\"overlay\" style=\"background-color: rgba(44, 106, 0, 0.41)\"><\/div>  \t\t\t\t\t\t\t  \t\t\t\t\t\t<\/div>\n  \t\t\t\t\t\t  \t\t\t\t\t<\/div>\n          \t\t\t\t\t<div class=\"box-text text-center is-small\" style=\"background-color:rgba(0, 0, 0, 0.65);\">\n\t\t\t\t\t<div class=\"box-text-inner blog-post-inner\">\n\n\t\t\t\t\t\n\t\t\t\t\t\t\t\t\t\t<h5 class=\"post-title is-large \">Thi c\u00f4ng c\u1ea3nh quan bi\u1ec7t th\u1ef1 LeNam nh\u00e0 m\u1eb7t ph\u1ed1 1000m2<\/h5>\n\t\t\t\t\t\t\t\t\t\t<div class=\"is-divider\"><\/div>\n\t\t\t\t\t                    \n\t\t\t\t\t\n\t\t\t\t\t\n\t\t\t\t\t<\/div>\n\t\t\t\t\t<\/div>\n\t\t\t\t\t\t\t\t\t<\/div>\n\t\t\t\t<\/a>\n\t\t\t<\/div>\n\t\t<\/div>\n\t\t<div class=\"col post-item\" >\n\t\t\t<div class=\"col-inner\">\n\t\t\t<a href=\"https:\/\/webmaibinh.com\/w\/cayxanh\/thi-cong-non-bo-ho-ca-koi-tai-xa-quang-tien-soc-son\/\" class=\"plain\">\n\t\t\t\t<div class=\"box box-overlay dark box-text-bottom box-blog-post has-hover\">\n            \t\t\t\t\t<div class=\"box-image\" >\n  \t\t\t\t\t\t<div class=\"image-overlay-add image-cover\" style=\"padding-top:65%;\">\n  \t\t\t\t\t\t\t<img width=\"500\" height=\"376\" src=\"https:\/\/webmaibinh.com\/w\/cayxanh\/wp-content\/uploads\/2018\/04\/6.jpg\" class=\"attachment-original size-original wp-post-image\" alt=\"\" loading=\"lazy\" srcset=\"https:\/\/webmaibinh.com\/w\/cayxanh\/wp-content\/uploads\/2018\/04\/6.jpg 500w, https:\/\/webmaibinh.com\/w\/cayxanh\/wp-content\/uploads\/2018\/04\/6-300x226.jpg 300w\" sizes=\"(max-width: 500px) 100vw, 500px\" \/>  \t\t\t\t\t\t\t<div class=\"overlay\" style=\"background-color: rgba(44, 106, 0, 0.41)\"><\/div>  \t\t\t\t\t\t\t  \t\t\t\t\t\t<\/div>\n  \t\t\t\t\t\t  \t\t\t\t\t<\/div>\n          \t\t\t\t\t<div class=\"box-text text-center is-small\" style=\"background-color:rgba(0, 0, 0, 0.65);\">\n\t\t\t\t\t<div class=\"box-text-inner blog-post-inner\">\n\n\t\t\t\t\t\n\t\t\t\t\t\t\t\t\t\t<h5 class=\"post-title is-large \">Thi c\u00f4ng Non b\u1ed9 \u2013 H\u1ed3 c\u00e1 Koi t\u1ea1i X\u00e3 Quang Ti\u1ebfn \u2013 S\u00f3c s\u01a1n<\/h5>\n\t\t\t\t\t\t\t\t\t\t<div class=\"is-divider\"><\/div>\n\t\t\t\t\t                    \n\t\t\t\t\t\n\t\t\t\t\t\n\t\t\t\t\t<\/div>\n\t\t\t\t\t<\/div>\n\t\t\t\t\t\t\t\t\t<\/div>\n\t\t\t\t<\/a>\n\t\t\t<\/div>\n\t\t<\/div>\n\t\t<div class=\"col post-item\" >\n\t\t\t<div class=\"col-inner\">\n\t\t\t<a href=\"https:\/\/webmaibinh.com\/w\/cayxanh\/trong-cay-xanh-san-vuon-biet-thu-thi-cong-ho-ca-koi-tai-khu-do-thi-xuan-phuong\/\" class=\"plain\">\n\t\t\t\t<div class=\"box box-overlay dark box-text-bottom box-blog-post has-hover\">\n            \t\t\t\t\t<div class=\"box-image\" >\n  \t\t\t\t\t\t<div class=\"image-overlay-add image-cover\" style=\"padding-top:65%;\">\n  \t\t\t\t\t\t\t<img width=\"477\" height=\"358\" src=\"https:\/\/webmaibinh.com\/w\/cayxanh\/wp-content\/uploads\/2018\/04\/cay-cong-trinh.jpg\" class=\"attachment-original size-original wp-post-image\" alt=\"\" loading=\"lazy\" srcset=\"https:\/\/webmaibinh.com\/w\/cayxanh\/wp-content\/uploads\/2018\/04\/cay-cong-trinh.jpg 477w, https:\/\/webmaibinh.com\/w\/cayxanh\/wp-content\/uploads\/2018\/04\/cay-cong-trinh-300x225.jpg 300w\" sizes=\"(max-width: 477px) 100vw, 477px\" \/>  \t\t\t\t\t\t\t<div class=\"overlay\" style=\"background-color: rgba(44, 106, 0, 0.41)\"><\/div>  \t\t\t\t\t\t\t  \t\t\t\t\t\t<\/div>\n  \t\t\t\t\t\t  \t\t\t\t\t<\/div>\n          \t\t\t\t\t<div class=\"box-text text-center is-small\" style=\"background-color:rgba(0, 0, 0, 0.65);\">\n\t\t\t\t\t<div class=\"box-text-inner blog-post-inner\">\n\n\t\t\t\t\t\n\t\t\t\t\t\t\t\t\t\t<h5 class=\"post-title is-large \">Thi c\u00f4ng H\u1ed3 c\u00e1 Koi t\u1ea1i Khu \u0110\u00f4 th\u1ecb Xu\u00e2n Ph\u01b0\u01a1ng<\/h5>\n\t\t\t\t\t\t\t\t\t\t<div class=\"is-divider\"><\/div>\n\t\t\t\t\t                    \n\t\t\t\t\t\n\t\t\t\t\t\n\t\t\t\t\t<\/div>\n\t\t\t\t\t<\/div>\n\t\t\t\t\t\t\t\t\t<\/div>\n\t\t\t\t<\/a>\n\t\t\t<\/div>\n\t\t<\/div>\n\t\t<div class=\"col post-item\" >\n\t\t\t<div class=\"col-inner\">\n\t\t\t<a href=\"https:\/\/webmaibinh.com\/w\/cayxanh\/trong-cay-xanh-san-vuon-biet-thu-thi-cong-ho-ca-koi-tai-khu-do-thi-bac-an-khanh\/\" class=\"plain\">\n\t\t\t\t<div class=\"box box-overlay dark box-text-bottom box-blog-post has-hover\">\n            \t\t\t\t\t<div class=\"box-image\" >\n  \t\t\t\t\t\t<div class=\"image-overlay-add image-cover\" style=\"padding-top:65%;\">\n  \t\t\t\t\t\t\t<img width=\"1200\" height=\"381\" src=\"https:\/\/webmaibinh.com\/w\/cayxanh\/wp-content\/uploads\/2018\/04\/slide6.jpg\" class=\"attachment-original size-original wp-post-image\" alt=\"\" loading=\"lazy\" srcset=\"https:\/\/webmaibinh.com\/w\/cayxanh\/wp-content\/uploads\/2018\/04\/slide6.jpg 1200w, https:\/\/webmaibinh.com\/w\/cayxanh\/wp-content\/uploads\/2018\/04\/slide6-600x191.jpg 600w, https:\/\/webmaibinh.com\/w\/cayxanh\/wp-content\/uploads\/2018\/04\/slide6-300x95.jpg 300w, https:\/\/webmaibinh.com\/w\/cayxanh\/wp-content\/uploads\/2018\/04\/slide6-768x244.jpg 768w, https:\/\/webmaibinh.com\/w\/cayxanh\/wp-content\/uploads\/2018\/04\/slide6-1024x325.jpg 1024w\" sizes=\"(max-width: 1200px) 100vw, 1200px\" \/>  \t\t\t\t\t\t\t<div class=\"overlay\" style=\"background-color: rgba(44, 106, 0, 0.41)\"><\/div>  \t\t\t\t\t\t\t  \t\t\t\t\t\t<\/div>\n  \t\t\t\t\t\t  \t\t\t\t\t<\/div>\n          \t\t\t\t\t<div class=\"box-text text-center is-small\" style=\"background-color:rgba(0, 0, 0, 0.65);\">\n\t\t\t\t\t<div class=\"box-text-inner blog-post-inner\">\n\n\t\t\t\t\t\n\t\t\t\t\t\t\t\t\t\t<h5 class=\"post-title is-large \">Thi c\u00f4ng H\u1ed3 c\u00e1 Koi t\u1ea1i Khu \u0111\u00f4 th\u1ecb B\u1eafc An Kh\u00e1nh<\/h5>\n\t\t\t\t\t\t\t\t\t\t<div class=\"is-divider\"><\/div>\n\t\t\t\t\t                    \n\t\t\t\t\t\n\t\t\t\t\t\n\t\t\t\t\t<\/div>\n\t\t\t\t\t<\/div>\n\t\t\t\t\t\t\t\t\t<\/div>\n\t\t\t\t<\/a>\n\t\t\t<\/div>\n\t\t<\/div>\n\t\t<div class=\"col post-item\" >\n\t\t\t<div class=\"col-inner\">\n\t\t\t<a href=\"https:\/\/webmaibinh.com\/w\/cayxanh\/trong-cay-xanh-biet-thu-tu-gia-thi-cong-ho-ca-koi-tai-ba-vi-ha-noi\/\" class=\"plain\">\n\t\t\t\t<div class=\"box box-overlay dark box-text-bottom box-blog-post has-hover\">\n            \t\t\t\t\t<div class=\"box-image\" >\n  \t\t\t\t\t\t<div class=\"image-overlay-add image-cover\" style=\"padding-top:65%;\">\n  \t\t\t\t\t\t\t<img width=\"1200\" height=\"381\" src=\"https:\/\/webmaibinh.com\/w\/cayxanh\/wp-content\/uploads\/2018\/04\/slider67.jpg\" class=\"attachment-original size-original wp-post-image\" alt=\"\" loading=\"lazy\" srcset=\"https:\/\/webmaibinh.com\/w\/cayxanh\/wp-content\/uploads\/2018\/04\/slider67.jpg 1200w, https:\/\/webmaibinh.com\/w\/cayxanh\/wp-content\/uploads\/2018\/04\/slider67-600x191.jpg 600w, https:\/\/webmaibinh.com\/w\/cayxanh\/wp-content\/uploads\/2018\/04\/slider67-300x95.jpg 300w, https:\/\/webmaibinh.com\/w\/cayxanh\/wp-content\/uploads\/2018\/04\/slider67-768x244.jpg 768w, https:\/\/webmaibinh.com\/w\/cayxanh\/wp-content\/uploads\/2018\/04\/slider67-1024x325.jpg 1024w\" sizes=\"(max-width: 1200px) 100vw, 1200px\" \/>  \t\t\t\t\t\t\t<div class=\"overlay\" style=\"background-color: rgba(44, 106, 0, 0.41)\"><\/div>  \t\t\t\t\t\t\t  \t\t\t\t\t\t<\/div>\n  \t\t\t\t\t\t  \t\t\t\t\t<\/div>\n          \t\t\t\t\t<div class=\"box-text text-center is-small\" style=\"background-color:rgba(0, 0, 0, 0.65);\">\n\t\t\t\t\t<div class=\"box-text-inner blog-post-inner\">\n\n\t\t\t\t\t\n\t\t\t\t\t\t\t\t\t\t<h5 class=\"post-title is-large \">Tr\u1ed3ng c\u00e2y xanh bi\u1ec7t th\u1ef1 t\u01b0 gia \u2013 Thi c\u00f4ng H\u1ed3 c\u00e1 Koi t\u1ea1i Ba v\u00ec<\/h5>\n\t\t\t\t\t\t\t\t\t\t<div class=\"is-divider\"><\/div>\n\t\t\t\t\t                    \n\t\t\t\t\t\n\t\t\t\t\t\n\t\t\t\t\t<\/div>\n\t\t\t\t\t<\/div>\n\t\t\t\t\t\t\t\t\t<\/div>\n\t\t\t\t<\/a>\n\t\t\t<\/div>\n\t\t<\/div>\n\t\t<div class=\"col post-item\" >\n\t\t\t<div class=\"col-inner\">\n\t\t\t<a href=\"https:\/\/webmaibinh.com\/w\/cayxanh\/trong-cay-xanh-va-thi-cong-canh-quan-biet-thu-tu-gia-tai-viet-tri-phu-tho\/\" class=\"plain\">\n\t\t\t\t<div class=\"box box-overlay dark box-text-bottom box-blog-post has-hover\">\n            \t\t\t\t\t<div class=\"box-image\" >\n  \t\t\t\t\t\t<div class=\"image-overlay-add image-cover\" style=\"padding-top:65%;\">\n  \t\t\t\t\t\t\t<img width=\"500\" height=\"375\" src=\"https:\/\/webmaibinh.com\/w\/cayxanh\/wp-content\/uploads\/2018\/04\/thi-cong-canh-quan-biet-thu.jpg\" class=\"attachment-original size-original wp-post-image\" alt=\"\" loading=\"lazy\" srcset=\"https:\/\/webmaibinh.com\/w\/cayxanh\/wp-content\/uploads\/2018\/04\/thi-cong-canh-quan-biet-thu.jpg 500w, https:\/\/webmaibinh.com\/w\/cayxanh\/wp-content\/uploads\/2018\/04\/thi-cong-canh-quan-biet-thu-300x225.jpg 300w\" sizes=\"(max-width: 500px) 100vw, 500px\" \/>  \t\t\t\t\t\t\t<div class=\"overlay\" style=\"background-color: rgba(44, 106, 0, 0.41)\"><\/div>  \t\t\t\t\t\t\t  \t\t\t\t\t\t<\/div>\n  \t\t\t\t\t\t  \t\t\t\t\t<\/div>\n          \t\t\t\t\t<div class=\"box-text text-center is-small\" style=\"background-color:rgba(0, 0, 0, 0.65);\">\n\t\t\t\t\t<div class=\"box-text-inner blog-post-inner\">\n\n\t\t\t\t\t\n\t\t\t\t\t\t\t\t\t\t<h5 class=\"post-title is-large \">Tr\u1ed3ng v\u00e0 thi c\u00f4ng c\u1ea3nh quan Bi\u1ec7t th\u1ef1 t\u01b0 gia t\u1ea1i Vi\u1ec7t Tr\u00ec Ph\u00fa Th\u1ecd<\/h5>\n\t\t\t\t\t\t\t\t\t\t<div class=\"is-divider\"><\/div>\n\t\t\t\t\t                    \n\t\t\t\t\t\n\t\t\t\t\t\n\t\t\t\t\t<\/div>\n\t\t\t\t\t<\/div>\n\t\t\t\t\t\t\t\t\t<\/div>\n\t\t\t\t<\/a>\n\t\t\t<\/div>\n\t\t<\/div>\n\t\t<div class=\"col post-item\" >\n\t\t\t<div class=\"col-inner\">\n\t\t\t<a href=\"https:\/\/webmaibinh.com\/w\/cayxanh\/da-san-vuon-trang-tri-tho-moc-tu-nhien\/\" class=\"plain\">\n\t\t\t\t<div class=\"box box-overlay dark box-text-bottom box-blog-post has-hover\">\n            \t\t\t\t\t<div class=\"box-image\" >\n  \t\t\t\t\t\t<div class=\"image-overlay-add image-cover\" style=\"padding-top:65%;\">\n  \t\t\t\t\t\t\t<img width=\"250\" height=\"188\" src=\"https:\/\/webmaibinh.com\/w\/cayxanh\/wp-content\/uploads\/2018\/04\/23.jpg\" class=\"attachment-original size-original wp-post-image\" alt=\"\" loading=\"lazy\" \/>  \t\t\t\t\t\t\t<div class=\"overlay\" style=\"background-color: rgba(44, 106, 0, 0.41)\"><\/div>  \t\t\t\t\t\t\t  \t\t\t\t\t\t<\/div>\n  \t\t\t\t\t\t  \t\t\t\t\t<\/div>\n          \t\t\t\t\t<div class=\"box-text text-center is-small\" style=\"background-color:rgba(0, 0, 0, 0.65);\">\n\t\t\t\t\t<div class=\"box-text-inner blog-post-inner\">\n\n\t\t\t\t\t\n\t\t\t\t\t\t\t\t\t\t<h5 class=\"post-title is-large \">\u0110\u00e1 s\u00e2n v\u01b0\u1eddn trang tr\u00ed th\u00f4 m\u1ed9c t\u1ef1 nhi\u00ean<\/h5>\n\t\t\t\t\t\t\t\t\t\t<div class=\"is-divider\"><\/div>\n\t\t\t\t\t                    \n\t\t\t\t\t\n\t\t\t\t\t\n\t\t\t\t\t<\/div>\n\t\t\t\t\t<\/div>\n\t\t\t\t\t\t\t\t\t<\/div>\n\t\t\t\t<\/a>\n\t\t\t<\/div>\n\t\t<\/div>\n\t\t<div class=\"col post-item\" >\n\t\t\t<div class=\"col-inner\">\n\t\t\t<a href=\"https:\/\/webmaibinh.com\/w\/cayxanh\/ve-dep-kho-cuong-cua-nhung-san-vuon-trang-tri-bang-da\/\" class=\"plain\">\n\t\t\t\t<div class=\"box box-overlay dark box-text-bottom box-blog-post has-hover\">\n            \t\t\t\t\t<div class=\"box-image\" >\n  \t\t\t\t\t\t<div class=\"image-overlay-add image-cover\" style=\"padding-top:65%;\">\n  \t\t\t\t\t\t\t<img width=\"500\" height=\"376\" src=\"https:\/\/webmaibinh.com\/w\/cayxanh\/wp-content\/uploads\/2018\/04\/6.jpg\" class=\"attachment-original size-original wp-post-image\" alt=\"\" loading=\"lazy\" srcset=\"https:\/\/webmaibinh.com\/w\/cayxanh\/wp-content\/uploads\/2018\/04\/6.jpg 500w, https:\/\/webmaibinh.com\/w\/cayxanh\/wp-content\/uploads\/2018\/04\/6-300x226.jpg 300w\" sizes=\"(max-width: 500px) 100vw, 500px\" \/>  \t\t\t\t\t\t\t<div class=\"overlay\" style=\"background-color: rgba(44, 106, 0, 0.41)\"><\/div>  \t\t\t\t\t\t\t  \t\t\t\t\t\t<\/div>\n  \t\t\t\t\t\t  \t\t\t\t\t<\/div>\n          \t\t\t\t\t<div class=\"box-text text-center is-small\" style=\"background-color:rgba(0, 0, 0, 0.65);\">\n\t\t\t\t\t<div class=\"box-text-inner blog-post-inner\">\n\n\t\t\t\t\t\n\t\t\t\t\t\t\t\t\t\t<h5 class=\"post-title is-large \">V\u1ebb \u0111\u1eb9p kh\u00f3 c\u01b0\u1ee1ng c\u1ee7a nh\u1eefng s\u00e2n v\u01b0\u1eddn trang tr\u00ed b\u1eb1ng \u0111\u00e1<\/h5>\n\t\t\t\t\t\t\t\t\t\t<div class=\"is-divider\"><\/div>\n\t\t\t\t\t                    \n\t\t\t\t\t\n\t\t\t\t\t\n\t\t\t\t\t<\/div>\n\t\t\t\t\t<\/div>\n\t\t\t\t\t\t\t\t\t<\/div>\n\t\t\t\t<\/a>\n\t\t\t<\/div>\n\t\t<\/div>\n<\/div><\/div>\n","protected":false},"excerpt":{"rendered":"<p>C\u00e2y b\u1ed3 qu\u00e2n l\u00e0 m\u1ed9t lo\u1ea1i trung m\u1ed9c nh\u01b0ng \u1edf nh\u1eefng c\u00e2y s\u1ed1ng l\u00e2u n\u0103m li\u1ec7t v\u00e0o [&#8230;]\n","protected":false},"featured_media":520,"comment_status":"open","ping_status":"closed","template":"","meta":[],"_links":{"self":[{"href":"https:\/\/webmaibinh.com\/w\/cayxanh\/wp-json\/wp\/v2\/product\/519"}],"collection":[{"href":"https:\/\/webmaibinh.com\/w\/cayxanh\/wp-json\/wp\/v2\/product"}],"about":[{"href":"https:\/\/webmaibinh.com\/w\/cayxanh\/wp-json\/wp\/v2\/types\/product"}],"replies":[{"embeddable":true,"href":"https:\/\/webmaibinh.com\/w\/cayxanh\/wp-json\/wp\/v2\/comments?post=519"}],"wp:featuredmedia":[{"embeddable":true,"href":"https:\/\/webmaibinh.com\/w\/cayxanh\/wp-json\/wp\/v2\/media\/520"}],"wp:attachment":[{"href":"https:\/\/webmaibinh.com\/w\/cayxanh\/wp-json\/wp\/v2\/media?parent=519"}],"curies":[{"name":"wp","href":"https:\/\/api.w.org\/{rel}","templated":true}]}}