{"id":517,"date":"2018-04-07T12:42:54","date_gmt":"2018-04-07T05:42:54","guid":{"rendered":"https:\/\/bizhostvn.com\/w\/cayxanh\/?post_type=product&#038;p=517"},"modified":"2018-04-07T16:58:11","modified_gmt":"2018-04-07T09:58:11","slug":"cay-nhan","status":"publish","type":"product","link":"https:\/\/webmaibinh.com\/w\/cayxanh\/san-pham\/cay-nhan\/","title":{"rendered":"C\u00e2y nh\u00e3n"},"content":{"rendered":"<p>C\u00e2y nh\u00e3n t\u00ean ti\u1ebfng Anh l\u00e0 Longan, t\u00ean ti\u1ebfng Ph\u00e1p l\u00e0 Longanier.<\/p>\n<p>Ngu\u1ed3n g\u1ed1c c\u1ee7a c\u00e2y nh\u00e3n cho \u0111\u1ebfn nay v\u1eabn c\u00f2n c\u00f3 nh\u1eefng \u00fd ki\u1ec3n kh\u00e1c nhau, c\u00f3 t\u00e1c gi\u1ea3 cho r\u1eb1ng ngu\u1ed3n g\u1ed1c c\u1ee7a c\u00e2y nh\u00e3n \u1edf v\u00f9ng Qu\u1ea3ng \u0110\u00f4ng, Qu\u1ea3ng T\u00e2y (Trung Qu\u1ed1c), c\u00f3 t\u00e1c gi\u1ea3 cho r\u1eb1ng g\u1ed1c t\u1eeb \u00c2n \u0110\u1ed9 sau \u0111\u00f3 m\u1edbi \u0111\u01b0\u1ee3c \u0111em \u0111i tr\u1ed3ng \u1edf Malaysia v\u00e0 Trung Qu\u1ed1c, c\u00f3 t\u00e1c gi\u00e1 l\u1ea1i cho r\u1eb1ng Kalimantan (Indonesia) c\u0169ng l\u00e0 c\u00e1i n\u00f4i c\u1ee7a nh\u00e3n.<\/p>\n<p>Nh\u00e3n l\u00e0 c\u00e2y nhi\u1ec7t \u0111\u1edbi v\u00e0 \u00e1 nhi\u1ec7t \u0111\u1edbi, c\u00f3 th\u1ec3 tr\u1ed3ng \u0111\u01b0\u1ee3c t\u1eeb \u0111\u01b0\u1eddng x\u00edch \u0111\u1ea1o \u0111\u1ebfn V\u0128 tuy\u1ec3n 28-36, nh\u01b0ng chi c\u00f3 m\u1ed9t s\u1ed1 n\u01b0\u1edbc tr\u1ed3ng v\u1edbi di\u1ec7n t\u00edch l\u1edbn nh\u01b0 Trung Qu\u1ed1c, Th\u00e1i Lan, Vi\u1ec7t Nam, Myanma, Indonesia, Malaysia, \u1ea4n \u0110\u1ed9, M\u1ef9\u2026<\/p>\n<p>\u1ede n\u01b0\u1edbc ta nh\u00e3n \u0111\u01b0\u1ee3c tr\u1ed3ng kh\u00e1 ph\u1ed5 bi\u1ec3n d\u1ecdc theo su\u1ed1t chi\u1ec1u d\u00e0i c\u1ee7a \u0111\u1ea5t n\u01b0\u1edbc t\u1eeb B\u1eafc ch\u00ed Nam. Do thu \u0111\u01b0\u1ee3c hi\u1ec7u qu\u1ea3 kinh t\u1ebf cao, nh\u1eefng n\u0103m g\u1ea7n \u0111\u00e2y di\u1ec7n t\u00edch tr\u1ed3ng nh\u00e2n ph\u00e1t tri\u1ec3n kh\u00e1 nhanh.<\/p>\n<p>Tuy ch\u01b0a c\u00f3 s\u1ed1 li\u1ec7u th\u1ed1ng k\u00ea c\u1ee5 th\u1ec3, nh\u01b0ng \u01b0\u1edbc \u0111o\u00e1n hi\u1ec7n nay di\u1ec7n t\u00edch tr\u1ed3ng nh\u00e2n \u1edf n\u01b0\u1edbc ta v\u00e0o kho\u1ea3ng 70-80 ng\u00e0n ha, trong \u0111\u00f3 c\u00e1c t\u1ec9nh ph\u00eda Nam chi\u1ebfm kho\u1ea3ng 2\/3 trong t\u1ed5ng di\u1ec7n t\u00edch n\u00e0y.<\/p>\n<p>Nh\u00e3n l\u00e0 c\u00e2y \u0103n qu\u1ea3 l\u00e2u n\u0103m c\u00f3 t\u00ednh th\u00edch \u1ee9ng r\u1ed9ng, ch\u1ecbu n\u00f3ng v\u00e0 ch\u1ecbu r\u00e9t t\u1ed1t h\u01a1n v\u1ea3i, tr\u1ed3ng \u0111\u01b0\u1ee3c tr\u00ean \u0111\u1ea5t ph\u00f9 sa, \u0111\u1ea5t th\u1ecbt nh\u1eb9, \u0111\u1ea5t \u0111\u1ed3i; \u0110\u1ea5t c\u00f3 t\u1ea7ng d\u1ea7y tr\u00ean 70 cm, t\u1ef7 l\u1ec7 m\u00f9n 2%, \u0111\u1ed9 chua nh\u1eb9 (PH t\u1eeb 5,5-6,5). Kh\u1ea3 n\u0103ng ch\u1ecbu r\u00e9t c\u1ee7a nh\u00e3n t\u1ed1t: B\u1ecb ng\u1eadp 5-7 ng\u00e0y kh\u00f4ng ch\u1ebft. Nh\u00e3n c\u1ea7n nhi\u1ec1u \u00e1nh s\u00e1ng nh\u01b0ng kh\u1ea3 n\u0103ng ch\u1ecbu b\u00f3ng d\u00e2m t\u1ed1t h\u01a1n v\u1ea3i.<\/p>\n<p>C\u00e2y cao 5\u201310 m. V\u1ecf c\u00e2y x\u00f9 x\u00ec, c\u00f3 m\u00e0u x\u00e1m. Th\u00e2n nhi\u1ec1u c\u00e0nh, l\u00e1 um t\u00f9m xanh t\u01b0\u01a1i quanh n\u0103m. L\u00e1 k\u00e9p h\u00ecnh l\u00f4ng chim, m\u1ecdc so le, g\u1ed3m 5 \u0111\u1ebfn 9 l\u00e1 ch\u00e9t h\u1eb9p, d\u00e0i 7\u201320\u00a0cm, r\u1ed9ng 2,5\u20135\u00a0cm. M\u00f9a xu\u00e2n v\u00e0o c\u00e1c th\u00e1ng 2, 3, 4 ra hoa m\u00e0u v\u00e0ng nh\u1ea1t, m\u1ecdc th\u00e0nh ch\u00f9m \u1edf \u0111\u1ea7u c\u00e0nh hay k\u1ebd l\u00e1, \u0111\u00e0i 5-6 r\u0103ng, tr\u00e0ng 5-6, nh\u1ecb 6-10, b\u1ea7u 2-3 \u00f4. Qu\u1ea3 tr\u00f2n c\u00f3 v\u1ecf ngo\u00e0i m\u00e0u v\u00e0ng x\u00e1m, h\u1ea7u nh\u01b0 nh\u1eb5n. H\u1ea1t \u0111en nh\u00e1nh, c\u00f3 \u00e1o h\u1ea1t m\u00e0u tr\u1eafng bao b\u1ecdc. M\u00f9a qu\u1ea3 l\u00e0 v\u00e0o kho\u1ea3ng th\u00e1ng 7-8. C\u00e2y nh\u00e3n t\u01b0\u01a1ng \u0111\u1ed1i ch\u1ecbu r\u00e9t h\u01a1n so v\u1edbi c\u00e1c c\u00e2y c\u00f9ng h\u1ecd nh\u01b0\u00a0v\u1ea3i, \u0111\u1ed3ng th\u1eddi c\u0169ng \u00edt k\u00e9n \u0111\u1ea5t h\u01a1n.<\/p>\n<p>C\u00f9i nh\u00e3n kh\u00f4 hay long nh\u00e3n nh\u1ee5c (<i>Arillus longanae<\/i>) d\u1ebbo, c\u00f3 m\u00e0u n\u00e2u ho\u1eb7c n\u00e2u \u0111en, \u0111\u01b0\u1ee3c d\u00f9ng l\u00e0m th\u1ef1c ph\u1ea9m \u0111\u1ed3ng th\u1eddi l\u00e0 m\u1ed9t v\u1ecb thu\u1ed1c th\u01b0\u1eddng \u0111\u01b0\u1ee3c d\u00f9ng trong\u00a0\u0110\u00f4ng y\u00a0ch\u1eefa c\u00e1c ch\u1ee9ng b\u1ec7nh hay qu\u00ean, th\u1ea7n kinh k\u00e9m, suy nh\u01b0\u1ee3c, hay ho\u1ea3ng h\u1ed1t, kh\u00f3 ng\u1ee7.\u00a0H\u1ea1t nh\u00e3n \u0111\u01b0\u1ee3c d\u00f9ng \u0111\u1ec3 ch\u1eefa c\u00e1c ch\u1ee9ng ch\u1ed1c l\u1edf, g\u1ed9i \u0111\u1ea7u, \u0111\u1ee9t tay, ch\u00e2n.<\/p>\n<div class=\"bottom-page-post\">\n<h3>B\u00c0I VI\u1ebeT LI\u00caN QUAN<\/h3>\n\n  \n    <div class=\"row large-columns-3 medium-columns- small-columns-1 row-small\">\n  \t\t<div class=\"col post-item\" >\n\t\t\t<div class=\"col-inner\">\n\t\t\t<a href=\"https:\/\/webmaibinh.com\/w\/cayxanh\/thi-cong-canh-quan-biet-thu-le-van-thien-nha-mat-pho-1000m2\/\" class=\"plain\">\n\t\t\t\t<div class=\"box box-overlay dark box-text-bottom box-blog-post has-hover\">\n            \t\t\t\t\t<div class=\"box-image\" >\n  \t\t\t\t\t\t<div class=\"image-overlay-add image-cover\" style=\"padding-top:65%;\">\n  \t\t\t\t\t\t\t<img width=\"500\" height=\"316\" src=\"https:\/\/webmaibinh.com\/w\/cayxanh\/wp-content\/uploads\/2018\/04\/canh-quan-san-vuon-biet-thu.jpg\" class=\"attachment-original size-original wp-post-image\" alt=\"\" loading=\"lazy\" srcset=\"https:\/\/webmaibinh.com\/w\/cayxanh\/wp-content\/uploads\/2018\/04\/canh-quan-san-vuon-biet-thu.jpg 500w, https:\/\/webmaibinh.com\/w\/cayxanh\/wp-content\/uploads\/2018\/04\/canh-quan-san-vuon-biet-thu-300x190.jpg 300w\" sizes=\"(max-width: 500px) 100vw, 500px\" \/>  \t\t\t\t\t\t\t<div class=\"overlay\" style=\"background-color: rgba(44, 106, 0, 0.41)\"><\/div>  \t\t\t\t\t\t\t  \t\t\t\t\t\t<\/div>\n  \t\t\t\t\t\t  \t\t\t\t\t<\/div>\n          \t\t\t\t\t<div class=\"box-text text-center is-small\" style=\"background-color:rgba(0, 0, 0, 0.65);\">\n\t\t\t\t\t<div class=\"box-text-inner blog-post-inner\">\n\n\t\t\t\t\t\n\t\t\t\t\t\t\t\t\t\t<h5 class=\"post-title is-large \">Thi c\u00f4ng c\u1ea3nh quan bi\u1ec7t th\u1ef1 LeNam nh\u00e0 m\u1eb7t ph\u1ed1 1000m2<\/h5>\n\t\t\t\t\t\t\t\t\t\t<div class=\"is-divider\"><\/div>\n\t\t\t\t\t                    \n\t\t\t\t\t\n\t\t\t\t\t\n\t\t\t\t\t<\/div>\n\t\t\t\t\t<\/div>\n\t\t\t\t\t\t\t\t\t<\/div>\n\t\t\t\t<\/a>\n\t\t\t<\/div>\n\t\t<\/div>\n\t\t<div class=\"col post-item\" >\n\t\t\t<div class=\"col-inner\">\n\t\t\t<a href=\"https:\/\/webmaibinh.com\/w\/cayxanh\/thi-cong-non-bo-ho-ca-koi-tai-xa-quang-tien-soc-son\/\" class=\"plain\">\n\t\t\t\t<div class=\"box box-overlay dark box-text-bottom box-blog-post has-hover\">\n            \t\t\t\t\t<div class=\"box-image\" >\n  \t\t\t\t\t\t<div class=\"image-overlay-add image-cover\" style=\"padding-top:65%;\">\n  \t\t\t\t\t\t\t<img width=\"500\" height=\"376\" src=\"https:\/\/webmaibinh.com\/w\/cayxanh\/wp-content\/uploads\/2018\/04\/6.jpg\" class=\"attachment-original size-original wp-post-image\" alt=\"\" loading=\"lazy\" srcset=\"https:\/\/webmaibinh.com\/w\/cayxanh\/wp-content\/uploads\/2018\/04\/6.jpg 500w, https:\/\/webmaibinh.com\/w\/cayxanh\/wp-content\/uploads\/2018\/04\/6-300x226.jpg 300w\" sizes=\"(max-width: 500px) 100vw, 500px\" \/>  \t\t\t\t\t\t\t<div class=\"overlay\" style=\"background-color: rgba(44, 106, 0, 0.41)\"><\/div>  \t\t\t\t\t\t\t  \t\t\t\t\t\t<\/div>\n  \t\t\t\t\t\t  \t\t\t\t\t<\/div>\n          \t\t\t\t\t<div class=\"box-text text-center is-small\" style=\"background-color:rgba(0, 0, 0, 0.65);\">\n\t\t\t\t\t<div class=\"box-text-inner blog-post-inner\">\n\n\t\t\t\t\t\n\t\t\t\t\t\t\t\t\t\t<h5 class=\"post-title is-large \">Thi c\u00f4ng Non b\u1ed9 \u2013 H\u1ed3 c\u00e1 Koi t\u1ea1i X\u00e3 Quang Ti\u1ebfn \u2013 S\u00f3c s\u01a1n<\/h5>\n\t\t\t\t\t\t\t\t\t\t<div class=\"is-divider\"><\/div>\n\t\t\t\t\t                    \n\t\t\t\t\t\n\t\t\t\t\t\n\t\t\t\t\t<\/div>\n\t\t\t\t\t<\/div>\n\t\t\t\t\t\t\t\t\t<\/div>\n\t\t\t\t<\/a>\n\t\t\t<\/div>\n\t\t<\/div>\n\t\t<div class=\"col post-item\" >\n\t\t\t<div class=\"col-inner\">\n\t\t\t<a href=\"https:\/\/webmaibinh.com\/w\/cayxanh\/trong-cay-xanh-san-vuon-biet-thu-thi-cong-ho-ca-koi-tai-khu-do-thi-xuan-phuong\/\" class=\"plain\">\n\t\t\t\t<div class=\"box box-overlay dark box-text-bottom box-blog-post has-hover\">\n            \t\t\t\t\t<div class=\"box-image\" >\n  \t\t\t\t\t\t<div class=\"image-overlay-add image-cover\" style=\"padding-top:65%;\">\n  \t\t\t\t\t\t\t<img width=\"477\" height=\"358\" src=\"https:\/\/webmaibinh.com\/w\/cayxanh\/wp-content\/uploads\/2018\/04\/cay-cong-trinh.jpg\" class=\"attachment-original size-original wp-post-image\" alt=\"\" loading=\"lazy\" srcset=\"https:\/\/webmaibinh.com\/w\/cayxanh\/wp-content\/uploads\/2018\/04\/cay-cong-trinh.jpg 477w, https:\/\/webmaibinh.com\/w\/cayxanh\/wp-content\/uploads\/2018\/04\/cay-cong-trinh-300x225.jpg 300w\" sizes=\"(max-width: 477px) 100vw, 477px\" \/>  \t\t\t\t\t\t\t<div class=\"overlay\" style=\"background-color: rgba(44, 106, 0, 0.41)\"><\/div>  \t\t\t\t\t\t\t  \t\t\t\t\t\t<\/div>\n  \t\t\t\t\t\t  \t\t\t\t\t<\/div>\n          \t\t\t\t\t<div class=\"box-text text-center is-small\" style=\"background-color:rgba(0, 0, 0, 0.65);\">\n\t\t\t\t\t<div class=\"box-text-inner blog-post-inner\">\n\n\t\t\t\t\t\n\t\t\t\t\t\t\t\t\t\t<h5 class=\"post-title is-large \">Thi c\u00f4ng H\u1ed3 c\u00e1 Koi t\u1ea1i Khu \u0110\u00f4 th\u1ecb Xu\u00e2n Ph\u01b0\u01a1ng<\/h5>\n\t\t\t\t\t\t\t\t\t\t<div class=\"is-divider\"><\/div>\n\t\t\t\t\t                    \n\t\t\t\t\t\n\t\t\t\t\t\n\t\t\t\t\t<\/div>\n\t\t\t\t\t<\/div>\n\t\t\t\t\t\t\t\t\t<\/div>\n\t\t\t\t<\/a>\n\t\t\t<\/div>\n\t\t<\/div>\n\t\t<div class=\"col post-item\" >\n\t\t\t<div class=\"col-inner\">\n\t\t\t<a href=\"https:\/\/webmaibinh.com\/w\/cayxanh\/trong-cay-xanh-san-vuon-biet-thu-thi-cong-ho-ca-koi-tai-khu-do-thi-bac-an-khanh\/\" class=\"plain\">\n\t\t\t\t<div class=\"box box-overlay dark box-text-bottom box-blog-post has-hover\">\n            \t\t\t\t\t<div class=\"box-image\" >\n  \t\t\t\t\t\t<div class=\"image-overlay-add image-cover\" style=\"padding-top:65%;\">\n  \t\t\t\t\t\t\t<img width=\"1200\" height=\"381\" src=\"https:\/\/webmaibinh.com\/w\/cayxanh\/wp-content\/uploads\/2018\/04\/slide6.jpg\" class=\"attachment-original size-original wp-post-image\" alt=\"\" loading=\"lazy\" srcset=\"https:\/\/webmaibinh.com\/w\/cayxanh\/wp-content\/uploads\/2018\/04\/slide6.jpg 1200w, https:\/\/webmaibinh.com\/w\/cayxanh\/wp-content\/uploads\/2018\/04\/slide6-600x191.jpg 600w, https:\/\/webmaibinh.com\/w\/cayxanh\/wp-content\/uploads\/2018\/04\/slide6-300x95.jpg 300w, https:\/\/webmaibinh.com\/w\/cayxanh\/wp-content\/uploads\/2018\/04\/slide6-768x244.jpg 768w, https:\/\/webmaibinh.com\/w\/cayxanh\/wp-content\/uploads\/2018\/04\/slide6-1024x325.jpg 1024w\" sizes=\"(max-width: 1200px) 100vw, 1200px\" \/>  \t\t\t\t\t\t\t<div class=\"overlay\" style=\"background-color: rgba(44, 106, 0, 0.41)\"><\/div>  \t\t\t\t\t\t\t  \t\t\t\t\t\t<\/div>\n  \t\t\t\t\t\t  \t\t\t\t\t<\/div>\n          \t\t\t\t\t<div class=\"box-text text-center is-small\" style=\"background-color:rgba(0, 0, 0, 0.65);\">\n\t\t\t\t\t<div class=\"box-text-inner blog-post-inner\">\n\n\t\t\t\t\t\n\t\t\t\t\t\t\t\t\t\t<h5 class=\"post-title is-large \">Thi c\u00f4ng H\u1ed3 c\u00e1 Koi t\u1ea1i Khu \u0111\u00f4 th\u1ecb B\u1eafc An Kh\u00e1nh<\/h5>\n\t\t\t\t\t\t\t\t\t\t<div class=\"is-divider\"><\/div>\n\t\t\t\t\t                    \n\t\t\t\t\t\n\t\t\t\t\t\n\t\t\t\t\t<\/div>\n\t\t\t\t\t<\/div>\n\t\t\t\t\t\t\t\t\t<\/div>\n\t\t\t\t<\/a>\n\t\t\t<\/div>\n\t\t<\/div>\n\t\t<div class=\"col post-item\" >\n\t\t\t<div class=\"col-inner\">\n\t\t\t<a href=\"https:\/\/webmaibinh.com\/w\/cayxanh\/trong-cay-xanh-biet-thu-tu-gia-thi-cong-ho-ca-koi-tai-ba-vi-ha-noi\/\" class=\"plain\">\n\t\t\t\t<div class=\"box box-overlay dark box-text-bottom box-blog-post has-hover\">\n            \t\t\t\t\t<div class=\"box-image\" >\n  \t\t\t\t\t\t<div class=\"image-overlay-add image-cover\" style=\"padding-top:65%;\">\n  \t\t\t\t\t\t\t<img width=\"1200\" height=\"381\" src=\"https:\/\/webmaibinh.com\/w\/cayxanh\/wp-content\/uploads\/2018\/04\/slider67.jpg\" class=\"attachment-original size-original wp-post-image\" alt=\"\" loading=\"lazy\" srcset=\"https:\/\/webmaibinh.com\/w\/cayxanh\/wp-content\/uploads\/2018\/04\/slider67.jpg 1200w, https:\/\/webmaibinh.com\/w\/cayxanh\/wp-content\/uploads\/2018\/04\/slider67-600x191.jpg 600w, https:\/\/webmaibinh.com\/w\/cayxanh\/wp-content\/uploads\/2018\/04\/slider67-300x95.jpg 300w, https:\/\/webmaibinh.com\/w\/cayxanh\/wp-content\/uploads\/2018\/04\/slider67-768x244.jpg 768w, https:\/\/webmaibinh.com\/w\/cayxanh\/wp-content\/uploads\/2018\/04\/slider67-1024x325.jpg 1024w\" sizes=\"(max-width: 1200px) 100vw, 1200px\" \/>  \t\t\t\t\t\t\t<div class=\"overlay\" style=\"background-color: rgba(44, 106, 0, 0.41)\"><\/div>  \t\t\t\t\t\t\t  \t\t\t\t\t\t<\/div>\n  \t\t\t\t\t\t  \t\t\t\t\t<\/div>\n          \t\t\t\t\t<div class=\"box-text text-center is-small\" style=\"background-color:rgba(0, 0, 0, 0.65);\">\n\t\t\t\t\t<div class=\"box-text-inner blog-post-inner\">\n\n\t\t\t\t\t\n\t\t\t\t\t\t\t\t\t\t<h5 class=\"post-title is-large \">Tr\u1ed3ng c\u00e2y xanh bi\u1ec7t th\u1ef1 t\u01b0 gia \u2013 Thi c\u00f4ng H\u1ed3 c\u00e1 Koi t\u1ea1i Ba v\u00ec<\/h5>\n\t\t\t\t\t\t\t\t\t\t<div class=\"is-divider\"><\/div>\n\t\t\t\t\t                    \n\t\t\t\t\t\n\t\t\t\t\t\n\t\t\t\t\t<\/div>\n\t\t\t\t\t<\/div>\n\t\t\t\t\t\t\t\t\t<\/div>\n\t\t\t\t<\/a>\n\t\t\t<\/div>\n\t\t<\/div>\n\t\t<div class=\"col post-item\" >\n\t\t\t<div class=\"col-inner\">\n\t\t\t<a href=\"https:\/\/webmaibinh.com\/w\/cayxanh\/trong-cay-xanh-va-thi-cong-canh-quan-biet-thu-tu-gia-tai-viet-tri-phu-tho\/\" class=\"plain\">\n\t\t\t\t<div class=\"box box-overlay dark box-text-bottom box-blog-post has-hover\">\n            \t\t\t\t\t<div class=\"box-image\" >\n  \t\t\t\t\t\t<div class=\"image-overlay-add image-cover\" style=\"padding-top:65%;\">\n  \t\t\t\t\t\t\t<img width=\"500\" height=\"375\" src=\"https:\/\/webmaibinh.com\/w\/cayxanh\/wp-content\/uploads\/2018\/04\/thi-cong-canh-quan-biet-thu.jpg\" class=\"attachment-original size-original wp-post-image\" alt=\"\" loading=\"lazy\" srcset=\"https:\/\/webmaibinh.com\/w\/cayxanh\/wp-content\/uploads\/2018\/04\/thi-cong-canh-quan-biet-thu.jpg 500w, https:\/\/webmaibinh.com\/w\/cayxanh\/wp-content\/uploads\/2018\/04\/thi-cong-canh-quan-biet-thu-300x225.jpg 300w\" sizes=\"(max-width: 500px) 100vw, 500px\" \/>  \t\t\t\t\t\t\t<div class=\"overlay\" style=\"background-color: rgba(44, 106, 0, 0.41)\"><\/div>  \t\t\t\t\t\t\t  \t\t\t\t\t\t<\/div>\n  \t\t\t\t\t\t  \t\t\t\t\t<\/div>\n          \t\t\t\t\t<div class=\"box-text text-center is-small\" style=\"background-color:rgba(0, 0, 0, 0.65);\">\n\t\t\t\t\t<div class=\"box-text-inner blog-post-inner\">\n\n\t\t\t\t\t\n\t\t\t\t\t\t\t\t\t\t<h5 class=\"post-title is-large \">Tr\u1ed3ng v\u00e0 thi c\u00f4ng c\u1ea3nh quan Bi\u1ec7t th\u1ef1 t\u01b0 gia t\u1ea1i Vi\u1ec7t Tr\u00ec Ph\u00fa Th\u1ecd<\/h5>\n\t\t\t\t\t\t\t\t\t\t<div class=\"is-divider\"><\/div>\n\t\t\t\t\t                    \n\t\t\t\t\t\n\t\t\t\t\t\n\t\t\t\t\t<\/div>\n\t\t\t\t\t<\/div>\n\t\t\t\t\t\t\t\t\t<\/div>\n\t\t\t\t<\/a>\n\t\t\t<\/div>\n\t\t<\/div>\n\t\t<div class=\"col post-item\" >\n\t\t\t<div class=\"col-inner\">\n\t\t\t<a href=\"https:\/\/webmaibinh.com\/w\/cayxanh\/da-san-vuon-trang-tri-tho-moc-tu-nhien\/\" class=\"plain\">\n\t\t\t\t<div class=\"box box-overlay dark box-text-bottom box-blog-post has-hover\">\n            \t\t\t\t\t<div class=\"box-image\" >\n  \t\t\t\t\t\t<div class=\"image-overlay-add image-cover\" style=\"padding-top:65%;\">\n  \t\t\t\t\t\t\t<img width=\"250\" height=\"188\" src=\"https:\/\/webmaibinh.com\/w\/cayxanh\/wp-content\/uploads\/2018\/04\/23.jpg\" class=\"attachment-original size-original wp-post-image\" alt=\"\" loading=\"lazy\" \/>  \t\t\t\t\t\t\t<div class=\"overlay\" style=\"background-color: rgba(44, 106, 0, 0.41)\"><\/div>  \t\t\t\t\t\t\t  \t\t\t\t\t\t<\/div>\n  \t\t\t\t\t\t  \t\t\t\t\t<\/div>\n          \t\t\t\t\t<div class=\"box-text text-center is-small\" style=\"background-color:rgba(0, 0, 0, 0.65);\">\n\t\t\t\t\t<div class=\"box-text-inner blog-post-inner\">\n\n\t\t\t\t\t\n\t\t\t\t\t\t\t\t\t\t<h5 class=\"post-title is-large \">\u0110\u00e1 s\u00e2n v\u01b0\u1eddn trang tr\u00ed th\u00f4 m\u1ed9c t\u1ef1 nhi\u00ean<\/h5>\n\t\t\t\t\t\t\t\t\t\t<div class=\"is-divider\"><\/div>\n\t\t\t\t\t                    \n\t\t\t\t\t\n\t\t\t\t\t\n\t\t\t\t\t<\/div>\n\t\t\t\t\t<\/div>\n\t\t\t\t\t\t\t\t\t<\/div>\n\t\t\t\t<\/a>\n\t\t\t<\/div>\n\t\t<\/div>\n\t\t<div class=\"col post-item\" >\n\t\t\t<div class=\"col-inner\">\n\t\t\t<a href=\"https:\/\/webmaibinh.com\/w\/cayxanh\/ve-dep-kho-cuong-cua-nhung-san-vuon-trang-tri-bang-da\/\" class=\"plain\">\n\t\t\t\t<div class=\"box box-overlay dark box-text-bottom box-blog-post has-hover\">\n            \t\t\t\t\t<div class=\"box-image\" >\n  \t\t\t\t\t\t<div class=\"image-overlay-add image-cover\" style=\"padding-top:65%;\">\n  \t\t\t\t\t\t\t<img width=\"500\" height=\"376\" src=\"https:\/\/webmaibinh.com\/w\/cayxanh\/wp-content\/uploads\/2018\/04\/6.jpg\" class=\"attachment-original size-original wp-post-image\" alt=\"\" loading=\"lazy\" srcset=\"https:\/\/webmaibinh.com\/w\/cayxanh\/wp-content\/uploads\/2018\/04\/6.jpg 500w, https:\/\/webmaibinh.com\/w\/cayxanh\/wp-content\/uploads\/2018\/04\/6-300x226.jpg 300w\" sizes=\"(max-width: 500px) 100vw, 500px\" \/>  \t\t\t\t\t\t\t<div class=\"overlay\" style=\"background-color: rgba(44, 106, 0, 0.41)\"><\/div>  \t\t\t\t\t\t\t  \t\t\t\t\t\t<\/div>\n  \t\t\t\t\t\t  \t\t\t\t\t<\/div>\n          \t\t\t\t\t<div class=\"box-text text-center is-small\" style=\"background-color:rgba(0, 0, 0, 0.65);\">\n\t\t\t\t\t<div class=\"box-text-inner blog-post-inner\">\n\n\t\t\t\t\t\n\t\t\t\t\t\t\t\t\t\t<h5 class=\"post-title is-large \">V\u1ebb \u0111\u1eb9p kh\u00f3 c\u01b0\u1ee1ng c\u1ee7a nh\u1eefng s\u00e2n v\u01b0\u1eddn trang tr\u00ed b\u1eb1ng \u0111\u00e1<\/h5>\n\t\t\t\t\t\t\t\t\t\t<div class=\"is-divider\"><\/div>\n\t\t\t\t\t                    \n\t\t\t\t\t\n\t\t\t\t\t\n\t\t\t\t\t<\/div>\n\t\t\t\t\t<\/div>\n\t\t\t\t\t\t\t\t\t<\/div>\n\t\t\t\t<\/a>\n\t\t\t<\/div>\n\t\t<\/div>\n<\/div><\/div>\n","protected":false},"excerpt":{"rendered":"<p>C\u00f9i nh\u00e3n kh\u00f4 hay long nh\u00e3n nh\u1ee5c (Arillus longanae) d\u1ebbo, c\u00f3 m\u00e0u n\u00e2u ho\u1eb7c n\u00e2u \u0111en, \u0111\u01b0\u1ee3c d\u00f9ng l\u00e0m th\u1ef1c ph\u1ea9m \u0111\u1ed3ng th\u1eddi l\u00e0 m\u1ed9t v\u1ecb thu\u1ed1c th\u01b0\u1eddng \u0111\u01b0\u1ee3c d\u00f9ng trong\u00a0\u0110\u00f4ng y\u00a0ch\u1eefa c\u00e1c ch\u1ee9ng b\u1ec7nh hay qu\u00ean, th\u1ea7n kinh k\u00e9m, suy nh\u01b0\u1ee3c, hay ho\u1ea3ng h\u1ed1t, kh\u00f3 ng\u1ee7.\u00a0H\u1ea1t nh\u00e3n \u0111\u01b0\u1ee3c d\u00f9ng \u0111\u1ec3 ch\u1eefa c\u00e1c ch\u1ee9ng ch\u1ed1c l\u1edf, g\u1ed9i \u0111\u1ea7u, \u0111\u1ee9t tay, ch\u00e2n.<\/p>\n","protected":false},"featured_media":518,"comment_status":"open","ping_status":"closed","template":"","meta":[],"_links":{"self":[{"href":"https:\/\/webmaibinh.com\/w\/cayxanh\/wp-json\/wp\/v2\/product\/517"}],"collection":[{"href":"https:\/\/webmaibinh.com\/w\/cayxanh\/wp-json\/wp\/v2\/product"}],"about":[{"href":"https:\/\/webmaibinh.com\/w\/cayxanh\/wp-json\/wp\/v2\/types\/product"}],"replies":[{"embeddable":true,"href":"https:\/\/webmaibinh.com\/w\/cayxanh\/wp-json\/wp\/v2\/comments?post=517"}],"wp:featuredmedia":[{"embeddable":true,"href":"https:\/\/webmaibinh.com\/w\/cayxanh\/wp-json\/wp\/v2\/media\/518"}],"wp:attachment":[{"href":"https:\/\/webmaibinh.com\/w\/cayxanh\/wp-json\/wp\/v2\/media?parent=517"}],"curies":[{"name":"wp","href":"https:\/\/api.w.org\/{rel}","templated":true}]}}