{"id":514,"date":"2018-04-07T12:41:37","date_gmt":"2018-04-07T05:41:37","guid":{"rendered":"https:\/\/bizhostvn.com\/w\/cayxanh\/?post_type=product&#038;p=514"},"modified":"2018-04-07T16:58:49","modified_gmt":"2018-04-07T09:58:49","slug":"cay-cha-la","status":"publish","type":"product","link":"https:\/\/webmaibinh.com\/w\/cayxanh\/san-pham\/cay-cha-la\/","title":{"rendered":"C\u00e2y ch\u00e0 l\u00e0"},"content":{"rendered":"<p>C\u00e2y Ch\u00e0 L\u00e0 c\u00f3 ngu\u1ed3n g\u1ed1c xu\u1ea5t x\u1ee9 t\u1eeb Trung t\u00e2m B\u1eafc phi ch\u00e2u v\u00e0 \u0111\u01b0\u1ee3c gieo tr\u1ed3ng \u0111\u1ec3 cung c\u1ea5p th\u1ef1c ph\u1ea9m cho Hy L\u1ea1p c\u00e1ch \u0111\u00e2y &gt;1000 n\u0103m. T\u1ea1i c\u00e1c n\u01b0\u1edbc Trung \u0111\u00f4ng C\u00e2y ch\u00e0 l\u00e0 c\u0169ng \u0111\u01b0\u1ee3c tr\u1ed3ng \u1edf c\u00e1c \u1ed1c \u0111\u1ea3o, sa m\u1ea1c \u0111\u1ec3 l\u1ea5y qu\u1ea3 \u0103n.<\/p>\n<p><em><strong>M\u00f4 t\u1ea3:<\/strong><\/em><\/p>\n<p>Th\u00e2n: Thu\u1ed9c c\u00e2y th\u00e2n g\u1ed7 c\u1ed9t th\u1ea5p, th\u00e2n c\u00f3 m\u00e0u x\u00e1m b\u1ea1c, m\u1eadp, x\u00f9 x\u00ec, c\u00f3 h\u00ecnh gi\u1ed1ng c\u00e2y d\u1eeba, v\u00ec c\u00f3 nhi\u1ec1u cu\u1ed1ng l\u00e1 r\u1ee5ng n\u00ean \u0111\u1ec3 l\u1ea1i nh\u1eefng v\u1ebft s\u1eb9o tr\u00ean th\u00e2n. Th\u00e2n c\u00e2y cao kho\u1ea3ng t\u1eeb 4 \u0111\u1ebfn 6 m v\u00e0 m\u1ecdc th\u1eb3ng.<\/p>\n<p>L\u00e1 \u0111\u01b0\u1ee3c m\u1ecdc t\u1eadp trung \u1edf ph\u1ea7n \u0111\u1ec9nh, h\u00ecnh cong, ph\u1ea7n cu\u1ed1ng l\u00e1\u00a0c\u00f3 gai d\u00e0i m\u00e0u v\u00e0ng \u1edf g\u1ed1c. L\u00e1 d\u00e0i kho\u1ea3ng 3 \u0111\u1ebfn 6 m, L\u00e1 c\u00f3 d\u1ea1ng k\u00e9p l\u00f4ng chim, C\u00e2y c\u00f3 l\u00e1 ph\u1ee5 d\u1ea1ng d\u1ea3i m\u1ea3nh, \u0111\u1ea7u \u00a0l\u00e1 nh\u1ecdn c\u1ee9ng, cho m\u00e0u xanh. L\u00e1 c\u00f3 nhi\u1ec1u c\u1ecdng t\u1ecfa ra c\u00e1c c\u1ecdng n\u00e0y d\u00e0i kho\u1ea3ng 30 cm, r\u1ed9ng 2 cm.<\/p>\n<p>Hoa: C\u00e2y cho hoa \u0111\u01a1n t\u00ednh, Kh\u00f4ng t\u1ef1 th\u1ee5 ph\u1ea5n m\u00e0 th\u01b0\u1eddng th\u1ee5 ph\u1ea5n nh\u1edd ong b\u01b0\u1edbm v\u00e0 gi\u00f3.\u00a0Hoa nh\u1ecf, m\u00e0u s\u1eafc r\u1ea5t \u0111\u1eb7c tr\u01b0ng b\u1edfi s\u1ef1 pha tr\u1ed9ng gi\u1eefa m\u00e0u kem v\u00e0 n\u00e2u, hoa g\u1ed3m 4 c\u00e1nh nh\u1ecdn; m\u1ecdc th\u00e0nh c\u1ee5m d\u00e0i kho\u1ea3ng &gt; 15cm. Ch\u00fang ta hi\u1ebfm nh\u00ecn th\u1ea5y hoa.<\/p>\n<p><img loading=\"lazy\" class=\"alignnone wp-image-3546 aligncenter\" src=\"http:\/\/trongcaycongtrinh.com\/wp-content\/uploads\/2017\/03\/cay-cha-la-1.jpg\" sizes=\"(max-width: 462px) 100vw, 462px\" srcset=\"http:\/\/trongcaycongtrinh.com\/wp-content\/uploads\/2017\/03\/cay-cha-la-1-300x225.jpg 300w, http:\/\/trongcaycongtrinh.com\/wp-content\/uploads\/2017\/03\/cay-cha-la-1-768x575.jpg 768w, http:\/\/trongcaycongtrinh.com\/wp-content\/uploads\/2017\/03\/cay-cha-la-1-1024x767.jpg 1024w, http:\/\/trongcaycongtrinh.com\/wp-content\/uploads\/2017\/03\/cay-cha-la-1-267x200.jpg 267w, http:\/\/trongcaycongtrinh.com\/wp-content\/uploads\/2017\/03\/cay-cha-la-1.jpg 1803w\" alt=\"cay cha la 1\" width=\"462\" height=\"346\" \/><\/p>\n<p>Qu\u1ea3:\u00a0C\u00f3 d\u1ea1ng h\u1ea1ch c\u1ee9ng, k\u00edch th\u01b0\u1edbc nh\u1ecf, qu\u1ea3 c\u00f3 m\u00e0u n\u00e2u \u0111\u1ecf.<\/p>\n<p>H\u1ea1t: \u0110\u01b0\u1ee3c s\u1eed d\u1ee5ng \u0111\u1ec3 l\u00e0m m\u1ee9t \u0103n r\u1ea5t ngon.<\/p>\n<p><em><strong>\u0110\u1eb7c \u0111i\u1ec3m sinh tr\u01b0\u1edfng<\/strong><\/em><\/p>\n<p>C\u00e2y ch\u00e0 l\u00e0 c\u00f3 t\u00f4\u0301c \u0111\u00f4\u0323 sinh tr\u01b0\u01a1\u0309ng: Ch\u00e2\u0323m.<\/p>\n<p>Thu\u1ed9c c\u00e2y \u01b0a \u00e1nh s\u00e1ng, r\u1ea5t d\u1ec5 \u01b0\u01a1m tr\u1ed3ng v\u00e0 d\u1ec5 ch\u0103m s\u00f3c.<\/p>\n<p>C\u00e2y sinh tr\u01b0\u1edfng t\u1ed1t \u1edf nh\u1eefng n\u01a1i c\u00f3 b\u00f3ng b\u00e1n ph\u1ea7n, nhu c\u1ea7u c\u1ea7n n\u01b0\u1edbc trung b\u00ecnh.<\/p>\n<p><em><strong>T\u00e1c d\u1ee5ng:<\/strong><\/em><\/p>\n<p>C\u00e2y \u0111\u01b0\u1ee3c tr\u1ed3ng \u0111\u1ec3 l\u1ea5y qu\u1ea3 \u0111\u1ec3 \u0103n, mang l\u1ea1i gi\u00e1 tr\u1ecb kinh t\u1ebf cao cho ng\u01b0\u1eddi d\u00e2n.<\/p>\n<p>\u2013 C\u00e2y\u00a0ch\u00e0 s\u1eed d\u1ee5ng tr\u1ed3ng l\u00e0m c\u00e2y n\u1ed9i th\u1ea5t, c\u00e2y xanh cho v\u0103n ph\u00f2ng hay c\u00e2y c\u1ea3nh trong s\u00e2n v\u01b0\u1eddn,\u00a0c\u00e2y th\u01b0\u1eddng \u0111\u01b0\u1ee3c tr\u1ed3ng trong ch\u1eadu \u0111\u1ec3 trang tr\u00ed n\u1ed9i th\u1ea5t ho\u1eb7c tr\u1ed3ng th\u00e0nh t\u1eebng b\u1ee5i c\u00e2y trong s\u00e2n v\u01b0\u1eddn trang tr\u00ed v\u01b0\u1eddn, s\u00e2n\u2026\u0110\u1ed1i v\u1edbi ki\u1ebfn tr\u00fac nh\u00e0 bi\u1ec7t th\u1ef1, c\u00f3 th\u1ec3 tr\u1ed3ng c\u00e2y ch\u00e0 l\u00e0 tr\u00ean hai l\u1ed1i \u0111i d\u1eabn v\u00e0o nh\u00e0, t\u1ea1o n\u00ean v\u1ebb \u0111\u1eb9p t\u1ef1 nhi\u00ean v\u00e0 l\u00e3ng m\u1ea1n cho l\u1ed1i \u0111i.<\/p>\n<p>\u2013 Theo \u00fd ngh\u0129a c\u00e2y \u0111\u01b0\u1ee3c t\u01b0\u1ee3ng tr\u01b0ng cho t\u00ecnh b\u1ea1n n\u00ean th\u01b0\u1eddng \u0111\u01b0\u1ee3c mua \u0111\u1ec3 t\u1eb7ng l\u00e0m v\u1eadt trang tr\u00ed.<\/p>\n<p>\u2013 Theo phong th\u1ee7y: C\u00e2y ch\u00e0 l\u00e0 c\u00f3 th\u1ec3 lo\u1ea1i b\u1ecf \u0111\u01b0\u1ee3c t\u1ea5t c\u1ea3 c\u00e1c \u0111\u1ed9c t\u1ed1 c\u00f3 trong kh\u00f4ng kh\u00ed trong nh\u00e0.<\/p>\n<p>\u2013 L\u00e1\u00a0c\u1ee7a c\u00e2y c\u00f3 th\u1ec3 r\u1ee7 xu\u1ed1ng nh\u1eb9 nh\u00e0ng n\u00ean s\u1ebd l\u00e0m d\u1ecbu v\u00e0 ph\u1ee5c h\u1ed3i b\u1ea5t c\u1ee9 m\u00f4i tr\u01b0\u1eddng n\u00e0o cho d\u00f9 l\u00e0 nh\u00e0 \u1edf hay v\u0103n ph\u00f2ng.<\/p>\n<p><img loading=\"lazy\" class=\"alignnone wp-image-3547 aligncenter\" src=\"http:\/\/trongcaycongtrinh.com\/wp-content\/uploads\/2017\/03\/cha-la-2.jpg\" sizes=\"(max-width: 459px) 100vw, 459px\" srcset=\"http:\/\/trongcaycongtrinh.com\/wp-content\/uploads\/2017\/03\/cha-la-2-300x240.jpg 300w, http:\/\/trongcaycongtrinh.com\/wp-content\/uploads\/2017\/03\/cha-la-2-768x614.jpg 768w, http:\/\/trongcaycongtrinh.com\/wp-content\/uploads\/2017\/03\/cha-la-2-1024x819.jpg 1024w, http:\/\/trongcaycongtrinh.com\/wp-content\/uploads\/2017\/03\/cha-la-2-250x200.jpg 250w, http:\/\/trongcaycongtrinh.com\/wp-content\/uploads\/2017\/03\/cha-la-2.jpg 1641w\" alt=\"cha la 2\" width=\"459\" height=\"367\" \/><\/p>\n<p><em><strong>Ph\u01b0\u01a1ng ph\u00e1p tr\u1ed3ng:<\/strong><\/em><\/p>\n<p>\u2013 C\u00e2y th\u00edch h\u1ee3p tr\u1ed3ng tr\u00ean nhi\u1ec1u lo\u1ea1i \u0111\u1ea5t kh\u00e1c nhau. C\u00e2y c\u00f3 th\u1ec3 ch\u1ecbu\u00a0 \u0111\u1ef1ng \u0111\u01b0\u1ee3c n\u01a1i c\u00f3 \u0111\u1ed9 m\u1eb7n cao.<\/p>\n<p>\u2013 \u0110\u01b0\u1ee3c tr\u1ed3ng b\u1eb1ng c\u00e2y con t\u1eeb 5 \u0111\u1ebfn 6 th\u00e1ng tu\u1ed5i.<\/p>\n<p>\u2013 Th\u1eddi v\u1ee5 tr\u1ed3ng c\u00e2y th\u00edch h\u1ee3p nh\u1ea5t v\u00e0o \u0111\u1ea7u v\u1ee5 m\u01b0a, gi\u1ea3m thi\u1ec3u c\u00f4ng t\u01b0\u1edbi v\u00e0 t\u0103ng t\u1ec9 l\u1ec7 s\u1ed1ng cho c\u00e2y.<\/p>\n<p>\u2013 Kho\u1ea3ng c\u00e1ch tr\u1ed3ng: T\u00f9y thu\u1ed9c v\u00e0o \u0111\u1ecba h\u00ecnh c\u1ee7a t\u1eebng v\u00f9ng, t\u1eebng lo\u1ea1i \u0111\u1ea5t. C\u00e2y c\u00f3 th\u1ec3 tr\u1ed3ng t\u1eadp trung ho\u1eb7c tr\u1ed3ng theo h\u00e0ng t\u00f9y thu\u1ed9c v\u00e0o \u0111i\u1ec1u ki\u1ec7n th\u1eddi ti\u1ebft kh\u00ed h\u1eadu c\u1ee7a t\u1eebng v\u00f9ng, mi\u1ec1n kh\u00e1ch nhau \u0111\u1ec3 ta tr\u1ed3ng c\u00e2y sao cho cho ph\u00f9 h\u1ee3p khi \u0111\u1ebfn tu\u1ed5i d\u1ec5 th\u1ee5 ph\u1ea5n\u00a0t\u1ef1 nhi\u00ean.<\/p>\n<p>\u2013 \u00d0\u00e0o h\u1ed1 qui c\u00e1ch 40 x 30 x 30 cm \u0111\u1ec3 tr\u1ed3ng c\u00e2y con. M\u1eadt \u0111\u1ed9 c\u00e2y tr\u1ed3ng l\u00e0: 500 c\u00e2y\/ha ; kho\u1ea3ng c\u00e1ch h\u00e0ng x h\u00e0ng, c\u00e2y c\u00e1ch c\u00e2y l\u00e0 t\u1eeb 4 \u0111\u1ebfn 6 m.<\/p>\n<p>\u2013 Tr\u01b0\u1edbc khi tr\u1ed3ng ti\u1ebfn h\u00e0nh b\u00f3n l\u00f3t ph\u00e2n vi sinh \u0111\u1ec3 c\u00e2y tr\u1ed3ng deex b\u00e9n r\u1ebd, tr\u1ed3ng xong c\u1ea7n t\u01b0\u1edbi n\u01b0\u1edbc cho c\u00e2y \u0111\u1ec3 c\u00e2y nhanh ph\u1ee5 h\u1ed3i.<\/p>\n<p>\u2013 Tr\u1ed3ng trong th\u1eddi gian t\u1eeb 5 \u2013 7 n\u0103m c\u00e2y s\u1ebd cho qu\u1ea3. C\u00e2y cho qu\u1ea3 nhanh hay kh\u00f4ng c\u00f2n t\u00f9y thu\u1ed9c v\u00e0o c\u00e1ch ch\u0103m s\u00f3c, v\u00e0 t\u1eebng lo\u1ea1i \u0111\u1ea5t tr\u1ed3ng.<\/p>\n<p><em><strong>C\u00e1ch ch\u0103m s\u00f3c<\/strong><\/em><\/p>\n<p>\u2013 T\u01b0\u1edbi n\u01b0\u1edbc th\u01b0\u1eddng xuy\u00ean v\u00e0o 6 th\u00e1ng m\u00f9a kh\u00f4 ng\u00e0y 2 l\u1ea7n v\u00e0 th\u00e1ng \u0111\u1ea7u v\u00e0 ng\u00e0y 1 l\u1ea7n v\u00e0o nh\u1eefng th\u00e1ng sau.<\/p>\n<p>\u2013 M\u1ed7i th\u00e1ng c\u1ea7n b\u00f3n ph\u00e2n m\u1ed9t l\u1ea7n v\u1edbi kh\u1ed1i l\u01b0\u1ee3ng l\u00e0 0.01 kg cho m\u1ed7i h\u1ed1.<\/p>\n<p>+ C\u1ea7n ki\u1ec3m tra th\u01b0\u1eddng xuy\u00ean khi m\u1edbi tr\u1ed3ng c\u00e2y \u0111\u1ec3 \u0111\u1ec1 ph\u00f2ng s\u00f9ng c\u1eafn r\u1ec5 l\u00fac m\u1edbi tr\u1ed3ng, chu\u1ed9t ph\u00e1 h\u1ea1i r\u1ec5,\u00a0th\u1ecf\u00a0r\u00ecnh \u0103n l\u00e1 non.<\/p>\n<p>+ Khi c\u00e2y m\u1edbi tr\u1ed3ng c\u00f2n nh\u1ecf, c\u1ea7n d\u1ecdn s\u1ea1ch c\u1ecf xung quanh g\u1ed1c \u0111\u1ec3 c\u1ecf kh\u1ecfi m\u1ecdc l\u1ea5n \u00e1t ch\u00e0 l\u00e0 m\u1edbi tr\u1ed3ng l\u00e0m gi\u1ea3m s\u1ee9c sinh tr\u01b0\u1edfng c\u1ee7a c\u00e2y.<\/p>\n<p>\u2013 \u00a0C\u1ea7n c\u00e1t t\u1ec9a l\u00e1 m\u1ed7i n\u0103m 1 l\u1ea7n v\u00e0o th\u00e1ng 12 \u0111\u1ebfm th\u00e1ng 1, c\u1eaft t\u1ec9a l\u00e1 gi\u00e0, kh\u00f4 \u0111\u1ec3 l\u00e1 non m\u1ecdc t\u1ed1t, c\u00e1t \u0111\u1ebfn 5 \u2013 10 l\u00e1 gi\u00e0 1 l\u1ea7n. C\u1ea7n c\u1eaft s\u1edbm \u0111\u1ec3 ph\u1ea7n l\u00e1 non \u0111\u1ee1 b\u1ecb ch\u1ea5n th\u01b0\u01a1ng sau n\u00e0y.<\/p>\n<p>L\u01b0u \u00fd: C\u1ea7n ph\u1ee7 g\u1ed1c b\u1eb1ng r\u01a1m r\u1ea1, ho\u1eb7c c\u1ecf kh\u00f4 v\u00e0o m\u00f9a kh\u00f4 \u0111\u1ec3 ch\u1ed1ng l\u1ea1i s\u1ef1 tho\u00e1t h\u01a1i n\u01b0\u1edbc c\u1ee7a \u0111\u1ea5t.<\/p>\n<div class=\"bottom-page-post\">\n<h3>B\u00c0I VI\u1ebeT LI\u00caN QUAN<\/h3>\n\n  \n    <div class=\"row large-columns-3 medium-columns- small-columns-1 row-small\">\n  \t\t<div class=\"col post-item\" >\n\t\t\t<div class=\"col-inner\">\n\t\t\t<a href=\"https:\/\/webmaibinh.com\/w\/cayxanh\/thi-cong-canh-quan-biet-thu-le-van-thien-nha-mat-pho-1000m2\/\" class=\"plain\">\n\t\t\t\t<div class=\"box box-overlay dark box-text-bottom box-blog-post has-hover\">\n            \t\t\t\t\t<div class=\"box-image\" >\n  \t\t\t\t\t\t<div class=\"image-overlay-add image-cover\" style=\"padding-top:65%;\">\n  \t\t\t\t\t\t\t<img width=\"500\" height=\"316\" src=\"https:\/\/webmaibinh.com\/w\/cayxanh\/wp-content\/uploads\/2018\/04\/canh-quan-san-vuon-biet-thu.jpg\" class=\"attachment-original size-original wp-post-image\" alt=\"\" loading=\"lazy\" srcset=\"https:\/\/webmaibinh.com\/w\/cayxanh\/wp-content\/uploads\/2018\/04\/canh-quan-san-vuon-biet-thu.jpg 500w, https:\/\/webmaibinh.com\/w\/cayxanh\/wp-content\/uploads\/2018\/04\/canh-quan-san-vuon-biet-thu-300x190.jpg 300w\" sizes=\"(max-width: 500px) 100vw, 500px\" \/>  \t\t\t\t\t\t\t<div class=\"overlay\" style=\"background-color: rgba(44, 106, 0, 0.41)\"><\/div>  \t\t\t\t\t\t\t  \t\t\t\t\t\t<\/div>\n  \t\t\t\t\t\t  \t\t\t\t\t<\/div>\n          \t\t\t\t\t<div class=\"box-text text-center is-small\" style=\"background-color:rgba(0, 0, 0, 0.65);\">\n\t\t\t\t\t<div class=\"box-text-inner blog-post-inner\">\n\n\t\t\t\t\t\n\t\t\t\t\t\t\t\t\t\t<h5 class=\"post-title is-large \">Thi c\u00f4ng c\u1ea3nh quan bi\u1ec7t th\u1ef1 LeNam nh\u00e0 m\u1eb7t ph\u1ed1 1000m2<\/h5>\n\t\t\t\t\t\t\t\t\t\t<div class=\"is-divider\"><\/div>\n\t\t\t\t\t                    \n\t\t\t\t\t\n\t\t\t\t\t\n\t\t\t\t\t<\/div>\n\t\t\t\t\t<\/div>\n\t\t\t\t\t\t\t\t\t<\/div>\n\t\t\t\t<\/a>\n\t\t\t<\/div>\n\t\t<\/div>\n\t\t<div class=\"col post-item\" >\n\t\t\t<div class=\"col-inner\">\n\t\t\t<a href=\"https:\/\/webmaibinh.com\/w\/cayxanh\/thi-cong-non-bo-ho-ca-koi-tai-xa-quang-tien-soc-son\/\" class=\"plain\">\n\t\t\t\t<div class=\"box box-overlay dark box-text-bottom box-blog-post has-hover\">\n            \t\t\t\t\t<div class=\"box-image\" >\n  \t\t\t\t\t\t<div class=\"image-overlay-add image-cover\" style=\"padding-top:65%;\">\n  \t\t\t\t\t\t\t<img width=\"500\" height=\"376\" src=\"https:\/\/webmaibinh.com\/w\/cayxanh\/wp-content\/uploads\/2018\/04\/6.jpg\" class=\"attachment-original size-original wp-post-image\" alt=\"\" loading=\"lazy\" srcset=\"https:\/\/webmaibinh.com\/w\/cayxanh\/wp-content\/uploads\/2018\/04\/6.jpg 500w, https:\/\/webmaibinh.com\/w\/cayxanh\/wp-content\/uploads\/2018\/04\/6-300x226.jpg 300w\" sizes=\"(max-width: 500px) 100vw, 500px\" \/>  \t\t\t\t\t\t\t<div class=\"overlay\" style=\"background-color: rgba(44, 106, 0, 0.41)\"><\/div>  \t\t\t\t\t\t\t  \t\t\t\t\t\t<\/div>\n  \t\t\t\t\t\t  \t\t\t\t\t<\/div>\n          \t\t\t\t\t<div class=\"box-text text-center is-small\" style=\"background-color:rgba(0, 0, 0, 0.65);\">\n\t\t\t\t\t<div class=\"box-text-inner blog-post-inner\">\n\n\t\t\t\t\t\n\t\t\t\t\t\t\t\t\t\t<h5 class=\"post-title is-large \">Thi c\u00f4ng Non b\u1ed9 \u2013 H\u1ed3 c\u00e1 Koi t\u1ea1i X\u00e3 Quang Ti\u1ebfn \u2013 S\u00f3c s\u01a1n<\/h5>\n\t\t\t\t\t\t\t\t\t\t<div class=\"is-divider\"><\/div>\n\t\t\t\t\t                    \n\t\t\t\t\t\n\t\t\t\t\t\n\t\t\t\t\t<\/div>\n\t\t\t\t\t<\/div>\n\t\t\t\t\t\t\t\t\t<\/div>\n\t\t\t\t<\/a>\n\t\t\t<\/div>\n\t\t<\/div>\n\t\t<div class=\"col post-item\" >\n\t\t\t<div class=\"col-inner\">\n\t\t\t<a href=\"https:\/\/webmaibinh.com\/w\/cayxanh\/trong-cay-xanh-san-vuon-biet-thu-thi-cong-ho-ca-koi-tai-khu-do-thi-xuan-phuong\/\" class=\"plain\">\n\t\t\t\t<div class=\"box box-overlay dark box-text-bottom box-blog-post has-hover\">\n            \t\t\t\t\t<div class=\"box-image\" >\n  \t\t\t\t\t\t<div class=\"image-overlay-add image-cover\" style=\"padding-top:65%;\">\n  \t\t\t\t\t\t\t<img width=\"477\" height=\"358\" src=\"https:\/\/webmaibinh.com\/w\/cayxanh\/wp-content\/uploads\/2018\/04\/cay-cong-trinh.jpg\" class=\"attachment-original size-original wp-post-image\" alt=\"\" loading=\"lazy\" srcset=\"https:\/\/webmaibinh.com\/w\/cayxanh\/wp-content\/uploads\/2018\/04\/cay-cong-trinh.jpg 477w, https:\/\/webmaibinh.com\/w\/cayxanh\/wp-content\/uploads\/2018\/04\/cay-cong-trinh-300x225.jpg 300w\" sizes=\"(max-width: 477px) 100vw, 477px\" \/>  \t\t\t\t\t\t\t<div class=\"overlay\" style=\"background-color: rgba(44, 106, 0, 0.41)\"><\/div>  \t\t\t\t\t\t\t  \t\t\t\t\t\t<\/div>\n  \t\t\t\t\t\t  \t\t\t\t\t<\/div>\n          \t\t\t\t\t<div class=\"box-text text-center is-small\" style=\"background-color:rgba(0, 0, 0, 0.65);\">\n\t\t\t\t\t<div class=\"box-text-inner blog-post-inner\">\n\n\t\t\t\t\t\n\t\t\t\t\t\t\t\t\t\t<h5 class=\"post-title is-large \">Thi c\u00f4ng H\u1ed3 c\u00e1 Koi t\u1ea1i Khu \u0110\u00f4 th\u1ecb Xu\u00e2n Ph\u01b0\u01a1ng<\/h5>\n\t\t\t\t\t\t\t\t\t\t<div class=\"is-divider\"><\/div>\n\t\t\t\t\t                    \n\t\t\t\t\t\n\t\t\t\t\t\n\t\t\t\t\t<\/div>\n\t\t\t\t\t<\/div>\n\t\t\t\t\t\t\t\t\t<\/div>\n\t\t\t\t<\/a>\n\t\t\t<\/div>\n\t\t<\/div>\n\t\t<div class=\"col post-item\" >\n\t\t\t<div class=\"col-inner\">\n\t\t\t<a href=\"https:\/\/webmaibinh.com\/w\/cayxanh\/trong-cay-xanh-san-vuon-biet-thu-thi-cong-ho-ca-koi-tai-khu-do-thi-bac-an-khanh\/\" class=\"plain\">\n\t\t\t\t<div class=\"box box-overlay dark box-text-bottom box-blog-post has-hover\">\n            \t\t\t\t\t<div class=\"box-image\" >\n  \t\t\t\t\t\t<div class=\"image-overlay-add image-cover\" style=\"padding-top:65%;\">\n  \t\t\t\t\t\t\t<img width=\"1200\" height=\"381\" src=\"https:\/\/webmaibinh.com\/w\/cayxanh\/wp-content\/uploads\/2018\/04\/slide6.jpg\" class=\"attachment-original size-original wp-post-image\" alt=\"\" loading=\"lazy\" srcset=\"https:\/\/webmaibinh.com\/w\/cayxanh\/wp-content\/uploads\/2018\/04\/slide6.jpg 1200w, https:\/\/webmaibinh.com\/w\/cayxanh\/wp-content\/uploads\/2018\/04\/slide6-600x191.jpg 600w, https:\/\/webmaibinh.com\/w\/cayxanh\/wp-content\/uploads\/2018\/04\/slide6-300x95.jpg 300w, https:\/\/webmaibinh.com\/w\/cayxanh\/wp-content\/uploads\/2018\/04\/slide6-768x244.jpg 768w, https:\/\/webmaibinh.com\/w\/cayxanh\/wp-content\/uploads\/2018\/04\/slide6-1024x325.jpg 1024w\" sizes=\"(max-width: 1200px) 100vw, 1200px\" \/>  \t\t\t\t\t\t\t<div class=\"overlay\" style=\"background-color: rgba(44, 106, 0, 0.41)\"><\/div>  \t\t\t\t\t\t\t  \t\t\t\t\t\t<\/div>\n  \t\t\t\t\t\t  \t\t\t\t\t<\/div>\n          \t\t\t\t\t<div class=\"box-text text-center is-small\" style=\"background-color:rgba(0, 0, 0, 0.65);\">\n\t\t\t\t\t<div class=\"box-text-inner blog-post-inner\">\n\n\t\t\t\t\t\n\t\t\t\t\t\t\t\t\t\t<h5 class=\"post-title is-large \">Thi c\u00f4ng H\u1ed3 c\u00e1 Koi t\u1ea1i Khu \u0111\u00f4 th\u1ecb B\u1eafc An Kh\u00e1nh<\/h5>\n\t\t\t\t\t\t\t\t\t\t<div class=\"is-divider\"><\/div>\n\t\t\t\t\t                    \n\t\t\t\t\t\n\t\t\t\t\t\n\t\t\t\t\t<\/div>\n\t\t\t\t\t<\/div>\n\t\t\t\t\t\t\t\t\t<\/div>\n\t\t\t\t<\/a>\n\t\t\t<\/div>\n\t\t<\/div>\n\t\t<div class=\"col post-item\" >\n\t\t\t<div class=\"col-inner\">\n\t\t\t<a href=\"https:\/\/webmaibinh.com\/w\/cayxanh\/trong-cay-xanh-biet-thu-tu-gia-thi-cong-ho-ca-koi-tai-ba-vi-ha-noi\/\" class=\"plain\">\n\t\t\t\t<div class=\"box box-overlay dark box-text-bottom box-blog-post has-hover\">\n            \t\t\t\t\t<div class=\"box-image\" >\n  \t\t\t\t\t\t<div class=\"image-overlay-add image-cover\" style=\"padding-top:65%;\">\n  \t\t\t\t\t\t\t<img width=\"1200\" height=\"381\" src=\"https:\/\/webmaibinh.com\/w\/cayxanh\/wp-content\/uploads\/2018\/04\/slider67.jpg\" class=\"attachment-original size-original wp-post-image\" alt=\"\" loading=\"lazy\" srcset=\"https:\/\/webmaibinh.com\/w\/cayxanh\/wp-content\/uploads\/2018\/04\/slider67.jpg 1200w, https:\/\/webmaibinh.com\/w\/cayxanh\/wp-content\/uploads\/2018\/04\/slider67-600x191.jpg 600w, https:\/\/webmaibinh.com\/w\/cayxanh\/wp-content\/uploads\/2018\/04\/slider67-300x95.jpg 300w, https:\/\/webmaibinh.com\/w\/cayxanh\/wp-content\/uploads\/2018\/04\/slider67-768x244.jpg 768w, https:\/\/webmaibinh.com\/w\/cayxanh\/wp-content\/uploads\/2018\/04\/slider67-1024x325.jpg 1024w\" sizes=\"(max-width: 1200px) 100vw, 1200px\" \/>  \t\t\t\t\t\t\t<div class=\"overlay\" style=\"background-color: rgba(44, 106, 0, 0.41)\"><\/div>  \t\t\t\t\t\t\t  \t\t\t\t\t\t<\/div>\n  \t\t\t\t\t\t  \t\t\t\t\t<\/div>\n          \t\t\t\t\t<div class=\"box-text text-center is-small\" style=\"background-color:rgba(0, 0, 0, 0.65);\">\n\t\t\t\t\t<div class=\"box-text-inner blog-post-inner\">\n\n\t\t\t\t\t\n\t\t\t\t\t\t\t\t\t\t<h5 class=\"post-title is-large \">Tr\u1ed3ng c\u00e2y xanh bi\u1ec7t th\u1ef1 t\u01b0 gia \u2013 Thi c\u00f4ng H\u1ed3 c\u00e1 Koi t\u1ea1i Ba v\u00ec<\/h5>\n\t\t\t\t\t\t\t\t\t\t<div class=\"is-divider\"><\/div>\n\t\t\t\t\t                    \n\t\t\t\t\t\n\t\t\t\t\t\n\t\t\t\t\t<\/div>\n\t\t\t\t\t<\/div>\n\t\t\t\t\t\t\t\t\t<\/div>\n\t\t\t\t<\/a>\n\t\t\t<\/div>\n\t\t<\/div>\n\t\t<div class=\"col post-item\" >\n\t\t\t<div class=\"col-inner\">\n\t\t\t<a href=\"https:\/\/webmaibinh.com\/w\/cayxanh\/trong-cay-xanh-va-thi-cong-canh-quan-biet-thu-tu-gia-tai-viet-tri-phu-tho\/\" class=\"plain\">\n\t\t\t\t<div class=\"box box-overlay dark box-text-bottom box-blog-post has-hover\">\n            \t\t\t\t\t<div class=\"box-image\" >\n  \t\t\t\t\t\t<div class=\"image-overlay-add image-cover\" style=\"padding-top:65%;\">\n  \t\t\t\t\t\t\t<img width=\"500\" height=\"375\" src=\"https:\/\/webmaibinh.com\/w\/cayxanh\/wp-content\/uploads\/2018\/04\/thi-cong-canh-quan-biet-thu.jpg\" class=\"attachment-original size-original wp-post-image\" alt=\"\" loading=\"lazy\" srcset=\"https:\/\/webmaibinh.com\/w\/cayxanh\/wp-content\/uploads\/2018\/04\/thi-cong-canh-quan-biet-thu.jpg 500w, https:\/\/webmaibinh.com\/w\/cayxanh\/wp-content\/uploads\/2018\/04\/thi-cong-canh-quan-biet-thu-300x225.jpg 300w\" sizes=\"(max-width: 500px) 100vw, 500px\" \/>  \t\t\t\t\t\t\t<div class=\"overlay\" style=\"background-color: rgba(44, 106, 0, 0.41)\"><\/div>  \t\t\t\t\t\t\t  \t\t\t\t\t\t<\/div>\n  \t\t\t\t\t\t  \t\t\t\t\t<\/div>\n          \t\t\t\t\t<div class=\"box-text text-center is-small\" style=\"background-color:rgba(0, 0, 0, 0.65);\">\n\t\t\t\t\t<div class=\"box-text-inner blog-post-inner\">\n\n\t\t\t\t\t\n\t\t\t\t\t\t\t\t\t\t<h5 class=\"post-title is-large \">Tr\u1ed3ng v\u00e0 thi c\u00f4ng c\u1ea3nh quan Bi\u1ec7t th\u1ef1 t\u01b0 gia t\u1ea1i Vi\u1ec7t Tr\u00ec Ph\u00fa Th\u1ecd<\/h5>\n\t\t\t\t\t\t\t\t\t\t<div class=\"is-divider\"><\/div>\n\t\t\t\t\t                    \n\t\t\t\t\t\n\t\t\t\t\t\n\t\t\t\t\t<\/div>\n\t\t\t\t\t<\/div>\n\t\t\t\t\t\t\t\t\t<\/div>\n\t\t\t\t<\/a>\n\t\t\t<\/div>\n\t\t<\/div>\n\t\t<div class=\"col post-item\" >\n\t\t\t<div class=\"col-inner\">\n\t\t\t<a href=\"https:\/\/webmaibinh.com\/w\/cayxanh\/da-san-vuon-trang-tri-tho-moc-tu-nhien\/\" class=\"plain\">\n\t\t\t\t<div class=\"box box-overlay dark box-text-bottom box-blog-post has-hover\">\n            \t\t\t\t\t<div class=\"box-image\" >\n  \t\t\t\t\t\t<div class=\"image-overlay-add image-cover\" style=\"padding-top:65%;\">\n  \t\t\t\t\t\t\t<img width=\"250\" height=\"188\" src=\"https:\/\/webmaibinh.com\/w\/cayxanh\/wp-content\/uploads\/2018\/04\/23.jpg\" class=\"attachment-original size-original wp-post-image\" alt=\"\" loading=\"lazy\" \/>  \t\t\t\t\t\t\t<div class=\"overlay\" style=\"background-color: rgba(44, 106, 0, 0.41)\"><\/div>  \t\t\t\t\t\t\t  \t\t\t\t\t\t<\/div>\n  \t\t\t\t\t\t  \t\t\t\t\t<\/div>\n          \t\t\t\t\t<div class=\"box-text text-center is-small\" style=\"background-color:rgba(0, 0, 0, 0.65);\">\n\t\t\t\t\t<div class=\"box-text-inner blog-post-inner\">\n\n\t\t\t\t\t\n\t\t\t\t\t\t\t\t\t\t<h5 class=\"post-title is-large \">\u0110\u00e1 s\u00e2n v\u01b0\u1eddn trang tr\u00ed th\u00f4 m\u1ed9c t\u1ef1 nhi\u00ean<\/h5>\n\t\t\t\t\t\t\t\t\t\t<div class=\"is-divider\"><\/div>\n\t\t\t\t\t                    \n\t\t\t\t\t\n\t\t\t\t\t\n\t\t\t\t\t<\/div>\n\t\t\t\t\t<\/div>\n\t\t\t\t\t\t\t\t\t<\/div>\n\t\t\t\t<\/a>\n\t\t\t<\/div>\n\t\t<\/div>\n\t\t<div class=\"col post-item\" >\n\t\t\t<div class=\"col-inner\">\n\t\t\t<a href=\"https:\/\/webmaibinh.com\/w\/cayxanh\/ve-dep-kho-cuong-cua-nhung-san-vuon-trang-tri-bang-da\/\" class=\"plain\">\n\t\t\t\t<div class=\"box box-overlay dark box-text-bottom box-blog-post has-hover\">\n            \t\t\t\t\t<div class=\"box-image\" >\n  \t\t\t\t\t\t<div class=\"image-overlay-add image-cover\" style=\"padding-top:65%;\">\n  \t\t\t\t\t\t\t<img width=\"500\" height=\"376\" src=\"https:\/\/webmaibinh.com\/w\/cayxanh\/wp-content\/uploads\/2018\/04\/6.jpg\" class=\"attachment-original size-original wp-post-image\" alt=\"\" loading=\"lazy\" srcset=\"https:\/\/webmaibinh.com\/w\/cayxanh\/wp-content\/uploads\/2018\/04\/6.jpg 500w, https:\/\/webmaibinh.com\/w\/cayxanh\/wp-content\/uploads\/2018\/04\/6-300x226.jpg 300w\" sizes=\"(max-width: 500px) 100vw, 500px\" \/>  \t\t\t\t\t\t\t<div class=\"overlay\" style=\"background-color: rgba(44, 106, 0, 0.41)\"><\/div>  \t\t\t\t\t\t\t  \t\t\t\t\t\t<\/div>\n  \t\t\t\t\t\t  \t\t\t\t\t<\/div>\n          \t\t\t\t\t<div class=\"box-text text-center is-small\" style=\"background-color:rgba(0, 0, 0, 0.65);\">\n\t\t\t\t\t<div class=\"box-text-inner blog-post-inner\">\n\n\t\t\t\t\t\n\t\t\t\t\t\t\t\t\t\t<h5 class=\"post-title is-large \">V\u1ebb \u0111\u1eb9p kh\u00f3 c\u01b0\u1ee1ng c\u1ee7a nh\u1eefng s\u00e2n v\u01b0\u1eddn trang tr\u00ed b\u1eb1ng \u0111\u00e1<\/h5>\n\t\t\t\t\t\t\t\t\t\t<div class=\"is-divider\"><\/div>\n\t\t\t\t\t                    \n\t\t\t\t\t\n\t\t\t\t\t\n\t\t\t\t\t<\/div>\n\t\t\t\t\t<\/div>\n\t\t\t\t\t\t\t\t\t<\/div>\n\t\t\t\t<\/a>\n\t\t\t<\/div>\n\t\t<\/div>\n<\/div><\/div>\n","protected":false},"excerpt":{"rendered":"<p>C\u00e2y Ch\u00e0 L\u00e0 c\u00f3 ngu\u1ed3n g\u1ed1c xu\u1ea5t x\u1ee9 t\u1eeb Trung t\u00e2m B\u1eafc phi ch\u00e2u v\u00e0 \u0111\u01b0\u1ee3c gieo tr\u1ed3ng \u0111\u1ec3 cung c\u1ea5p th\u1ef1c ph\u1ea9m cho Hy L\u1ea1p c\u00e1ch \u0111\u00e2y &gt;1000 n\u0103m. T\u1ea1i c\u00e1c n\u01b0\u1edbc Trung \u0111\u00f4ng C\u00e2y ch\u00e0 l\u00e0 c\u0169ng \u0111\u01b0\u1ee3c tr\u1ed3ng \u1edf c\u00e1c \u1ed1c \u0111\u1ea3o, sa m\u1ea1c \u0111\u1ec3 l\u1ea5y qu\u1ea3 \u0103n.<\/p>\n","protected":false},"featured_media":516,"comment_status":"open","ping_status":"closed","template":"","meta":[],"_links":{"self":[{"href":"https:\/\/webmaibinh.com\/w\/cayxanh\/wp-json\/wp\/v2\/product\/514"}],"collection":[{"href":"https:\/\/webmaibinh.com\/w\/cayxanh\/wp-json\/wp\/v2\/product"}],"about":[{"href":"https:\/\/webmaibinh.com\/w\/cayxanh\/wp-json\/wp\/v2\/types\/product"}],"replies":[{"embeddable":true,"href":"https:\/\/webmaibinh.com\/w\/cayxanh\/wp-json\/wp\/v2\/comments?post=514"}],"wp:featuredmedia":[{"embeddable":true,"href":"https:\/\/webmaibinh.com\/w\/cayxanh\/wp-json\/wp\/v2\/media\/516"}],"wp:attachment":[{"href":"https:\/\/webmaibinh.com\/w\/cayxanh\/wp-json\/wp\/v2\/media?parent=514"}],"curies":[{"name":"wp","href":"https:\/\/api.w.org\/{rel}","templated":true}]}}